{"id":180491,"date":"2025-04-22T19:57:22","date_gmt":"2025-04-22T19:57:22","guid":{"rendered":"https:\/\/ruumistruumi.ee\/pood\/kompaktne-mehaaniline-manguriklaviatuur-magegee-mk-box-sinised-lulitid-led-taustvalgustus-usb-c\/"},"modified":"2025-08-21T08:17:37","modified_gmt":"2025-08-21T08:17:37","slug":"kompaktne-mehaaniline-manguriklaviatuur-magegee-mk-box-sinised-lulitid-led-taustvalgustus-usb-c","status":"publish","type":"product","link":"https:\/\/blankpage.ee\/_ruumist-ruumi\/pood\/kompaktne-mehaaniline-manguriklaviatuur-magegee-mk-box-sinised-lulitid-led-taustvalgustus-usb-c\/","title":{"rendered":"Kompaktne mehaaniline m\u00e4nguriklaviatuur MageGee MK-BOX, sinised l\u00fclitid, LED-taustvalgustus, USB-C"},"content":{"rendered":"<h3>Mehaaniline m\u00e4nguriklaviatuur MageGee MK-BOX (must-hall)<\/h3>\n<p><strong>Mehaaniline m\u00e4nguriklaviatuur<\/strong> MageGee MK-BOX on kompaktne ja usaldusv\u00e4\u00e4rne valik m\u00e4nguritele ja igap\u00e4evaseks t\u00f6\u00f6ks, pakkudes suurep\u00e4rast t\u00e4psust ja mugavat kasutamist. Sinised l\u00fclitid tagavad selge kuulda oleva kliki ning pakuvad meeldivat tippimiskogemust. Klaviatuuri vastupidav korpus ja ergonoomiline disain v\u00f5imaldavad pikka kasutusiga ning mugavust.<\/p>\n<p>\n<img decoding=\"async\" src=\"https:\/\/blankpage.ee\/_ruumist-ruumi\/wp-content\/uploads\/2025\/04\/2-897.webp\" alt=\"MageGee MK-BOX must-hall mehaaniline m\u00e4nguriklaviatuur kompaktse disainiga\" \/>\n<\/p>\n<h3>Maksimaalne funktsionaalsus v\u00e4iksel t\u00f6\u00f6laual<\/h3>\n<p>MageGee MK-BOX-i 68-klahviline ANSI-paigutus sisaldab k\u00f5ik vajaliku: nooleklahvid, funktsiooniklahvid ja muud olulised funktsioonid. V\u00e4ike m\u00f5\u00f5t s\u00e4\u00e4stab laual ruumi, tehes sellest klaviatuurist sobiva valiku nii m\u00e4ngimiseks kui ka t\u00f6\u00f6 tegemiseks.<\/p>\n<p>\n<img decoding=\"async\" src=\"https:\/\/blankpage.ee\/_ruumist-ruumi\/wp-content\/uploads\/2025\/04\/3-859.webp\" alt=\"Kompaktne must-hall mehaaniline klaviatuur v\u00e4ikesele t\u00f6\u00f6lauale\" \/>\n<\/p>\n<h3>Sinised l\u00fclitid \u2013 t\u00e4pne ja selge klikk<\/h3>\n<p>MageGee MK-BOX mehaaniline m\u00e4nguriklaviatuur kasutab siniseid l\u00fcliteid, mis loovad selge k\u00f5lavusega kliki ja hea tagasiside. Ideaalne valik neile, kes vajavad kiiret reageerimist ja t\u00e4psust nii m\u00e4ngudel kui ka kirjutamisel.<\/p>\n<p>\n<img decoding=\"async\" src=\"https:\/\/blankpage.ee\/_ruumist-ruumi\/wp-content\/uploads\/2025\/04\/1-969.webp\" alt=\"Sinised l\u00fclitid m\u00e4nguriklaviatuuril t\u00e4psuse ja reageerimiskiiruse jaoks\" \/>\n<\/p>\n<h3>LED-taustvalgustus \u2013 15 erinevat re\u017eiimi<\/h3>\n<p>Mehaaniline m\u00e4nguriklaviatuur MK-BOX pakub 15 erinevat LED-taustvalgustuse efekti. Valgustugevust ja valgusefekte saab kohandada vastavalt enda soovile, loomaks meelep\u00e4rase t\u00f6\u00f6keskkonna.<\/p>\n<p>\n<img decoding=\"async\" src=\"https:\/\/blankpage.ee\/_ruumist-ruumi\/wp-content\/uploads\/2025\/04\/8-336.webp\" alt=\"Must-hall klaviatuur LED-taustvalgustuse erinevate efektidega\" \/>\n<\/p>\n<h3>Usaldusv\u00e4\u00e4rne N-Key Rollover ja anti-ghosting<\/h3>\n<p>Iga klahvivajutus registreeritakse korrektselt t\u00e4nu N-Key Rollover ja anti-ghosting funktsioonidele, mis muudavad selle klaviatuuri eriti sobivaks kiiretempolistele m\u00e4ngudele, kus loeb iga hetk ja t\u00e4psus.<\/p>\n<p>\n<img decoding=\"async\" src=\"https:\/\/blankpage.ee\/_ruumist-ruumi\/wp-content\/uploads\/2025\/04\/4-784.webp\" alt=\"Klaviatuuri N-Key Rollover ja anti-ghosting funktsioon m\u00e4ngimiseks\" \/>\n<\/p>\n<h3>Kiire ja stabiilne USB-C \u00fchendus<\/h3>\n<p>MageGee MK-BOX mehaaniline m\u00e4nguriklaviatuur on varustatud eemaldatava USB-C kaabliga, mille pikkus on 1,5 m. See tagab kiire, stabiilse \u00fchenduse ning v\u00f5imaldab mugavat kaasaskandmist ja lihtsat \u00fchendamist vajadusel.<\/p>\n<p>\n<img decoding=\"async\" src=\"https:\/\/blankpage.ee\/_ruumist-ruumi\/wp-content\/uploads\/2025\/04\/7-538.webp\" alt=\"Kompaktse MageGee klaviatuuri USB-C \u00fchendus mugavaks kasutamiseks\" \/>\n<\/p>\n<h3>Laialdane \u00fchilduvus<\/h3>\n<p>Klaviatuur t\u00f6\u00f6tab t\u00f5rgeteta nii Windowsi, Linuxi kui ka Maci operatsioonis\u00fcsteemidega \u2013 \u00fchenda lihtsalt arvutiga ja alusta kasutamist, lisatarkvara pole vaja.<\/p>\n<p>\n<img decoding=\"async\" src=\"https:\/\/blankpage.ee\/_ruumist-ruumi\/wp-content\/uploads\/2025\/04\/5-702.webp\" alt=\"MageGee MK-BOX klaviatuuri laialdane \u00fchilduvus erinevate s\u00fcsteemidega\" \/>\n<\/p>\n<div class=\"table-wrapper\">\n<h3>Tehnilised andmed:<\/h3>\n<table>\n<tbody>\n<tr>\n<th>Tootja<\/th>\n<td>MageGee<\/td>\n<\/tr>\n<tr>\n<th>Mudel<\/th>\n<td>MK-BOX<\/td>\n<\/tr>\n<tr>\n<th>V\u00e4rvus<\/th>\n<td>Must-hall<\/td>\n<\/tr>\n<tr>\n<th>Klahvipaigutus<\/th>\n<td>ANSI, 68 klahvi<\/td>\n<\/tr>\n<tr>\n<th>Klahvil\u00fclitid<\/th>\n<td>Sinised<\/td>\n<\/tr>\n<tr>\n<th>\u00dchendus<\/th>\n<td>Juhtmega (USB-C), eemaldatav kaabel<\/td>\n<\/tr>\n<tr>\n<th>Taustvalgustus<\/th>\n<td>Jah, 15 efekti<\/td>\n<\/tr>\n<tr>\n<th>Numbriklaviatuur<\/th>\n<td>Pole<\/td>\n<\/tr>\n<tr>\n<th>\u00dchilduvus<\/th>\n<td>Windows, Linux, Mac<\/td>\n<\/tr>\n<tr>\n<th>M\u00f5\u00f5dud<\/th>\n<td>308 x 100 x 40 mm<\/td>\n<\/tr>\n<tr>\n<th>Kaal<\/th>\n<td>ca 507 g<\/td>\n<\/tr>\n<\/tbody>\n<\/table>\n<\/div>\n","protected":false},"excerpt":{"rendered":"<p>Mehaaniline m\u00e4nguriklaviatuur MageGee MK-BOX (must-hall) Mehaaniline m\u00e4nguriklaviatuur MageGee MK-BOX on kompaktne ja usaldusv\u00e4\u00e4rne valik m\u00e4nguritele ja igap\u00e4evaseks t\u00f6\u00f6ks, pakkudes suurep\u00e4rast t\u00e4psust ja mugavat kasutamist. Sinised l\u00fclitid tagavad selge kuulda oleva kliki ning pakuvad meeldivat tippimiskogemust. Klaviatuuri vastupidav korpus ja ergonoomiline disain v\u00f5imaldavad pikka kasutusiga ning mugavust. Maksimaalne funktsionaalsus v\u00e4iksel t\u00f6\u00f6laual MageGee MK-BOX-i 68-klahviline ANSI-paigutus sisaldab [&hellip;]<\/p>\n","protected":false},"featured_media":180499,"comment_status":"open","ping_status":"open","template":"","meta":[],"product_brand":[3191],"product_cat":[3126],"product_tag":[],"class_list":{"0":"post-180491","1":"product","2":"type-product","3":"status-publish","4":"has-post-thumbnail","6":"product_brand-magegee","7":"product_cat-juhtmega-klaviatuurid","8":"product_shipping_class-innpro","10":"first","11":"instock","12":"sale","13":"taxable","14":"shipping-taxable","15":"purchasable","16":"product-type-simple"},"_links":{"self":[{"href":"https:\/\/blankpage.ee\/_ruumist-ruumi\/wp-json\/wp\/v2\/product\/180491","targetHints":{"allow":["GET"]}}],"collection":[{"href":"https:\/\/blankpage.ee\/_ruumist-ruumi\/wp-json\/wp\/v2\/product"}],"about":[{"href":"https:\/\/blankpage.ee\/_ruumist-ruumi\/wp-json\/wp\/v2\/types\/product"}],"replies":[{"embeddable":true,"href":"https:\/\/blankpage.ee\/_ruumist-ruumi\/wp-json\/wp\/v2\/comments?post=180491"}],"wp:featuredmedia":[{"embeddable":true,"href":"https:\/\/blankpage.ee\/_ruumist-ruumi\/wp-json\/wp\/v2\/media\/180499"}],"wp:attachment":[{"href":"https:\/\/blankpage.ee\/_ruumist-ruumi\/wp-json\/wp\/v2\/media?parent=180491"}],"wp:term":[{"taxonomy":"product_brand","embeddable":true,"href":"https:\/\/blankpage.ee\/_ruumist-ruumi\/wp-json\/wp\/v2\/product_brand?post=180491"},{"taxonomy":"product_cat","embeddable":true,"href":"https:\/\/blankpage.ee\/_ruumist-ruumi\/wp-json\/wp\/v2\/product_cat?post=180491"},{"taxonomy":"product_tag","embeddable":true,"href":"https:\/\/blankpage.ee\/_ruumist-ruumi\/wp-json\/wp\/v2\/product_tag?post=180491"}],"curies":[{"name":"wp","href":"https:\/\/api.w.org\/{rel}","templated":true}]}}