{"id":180658,"date":"2025-04-22T21:51:28","date_gmt":"2025-04-22T21:51:28","guid":{"rendered":"https:\/\/ruumistruumi.ee\/pood\/ar-nutikad-prillid-xreal-air-2-punased-sony-micro-oled-usb-c\/"},"modified":"2025-08-21T08:17:36","modified_gmt":"2025-08-21T08:17:36","slug":"ar-nutikad-prillid-xreal-air-2-punased-sony-micro-oled-usb-c","status":"publish","type":"product","link":"https:\/\/blankpage.ee\/_ruumist-ruumi\/pood\/ar-nutikad-prillid-xreal-air-2-punased-sony-micro-oled-usb-c\/","title":{"rendered":"AR-nutikad prillid XREAL Air 2 (punased, SONY micro-OLED, USB-C)"},"content":{"rendered":"<h3>AR-nutikad prillid XREAL Air 2 (punased, SONY micro-OLED, USB-C)<\/h3>\n<p>Avasta t\u00e4iesti uus m\u00e4ngu- ja meelelahutuskogemus AR nutikate prillidega XREAL Air 2. T\u00e4nu uuenduslikule SONY micro-OLED ekraanile pakuvad ar nutikad prillid erakordselt teravat pilti ja laia \u2013 kuni 46\u00b0 \u2013 vaatenurka. Need sobivad suurep\u00e4raselt nii m\u00e4ngimiseks, filmide vaatamiseks kui ka t\u00f6\u00f6alaseks kasutamiseks. Kerge ja ergonoomiline disain (kaal vaid 72 g) tagab mugavuse ka pikemal kandmisel ning balanseeritud raamide t\u00f5ttu ei avalda prillid ninale liigset survet.<\/p>\n<p><img decoding=\"async\" src=\"https:\/\/blankpage.ee\/_ruumist-ruumi\/wp-content\/uploads\/2025\/04\/13-11.webp\" alt=\"Punased AR nutikad prillid tumedate klaaside ja laia raamiga\"\/><\/p>\n<h3>Tipptasemel pildikvaliteet<\/h3>\n<p>XREAL Air 2 nutiprillide keskmes on SONY micro-OLED ekraan, mille maksimaalne heledus ulatub kuni 500 nittini ning v\u00e4rskendussagedus kuni 120 Hz. Patenteeritud optiline lahendus tagab selge pildi ja loomulikud v\u00e4rvid, TUV Rheinland sertifikaat hoolitseb silmas\u00f5bralikkuse eest. Virtuaalne ekraan v\u00f5imaldab kuvada erineva suurusega pilte kuni 330 tollini s\u00f5ltuvalt re\u017eiimist \u2013 see sobib ideaalselt nii m\u00e4nguelamuseks kui ka filmide nautimiseks.<\/p>\n<p><img decoding=\"async\" src=\"https:\/\/blankpage.ee\/_ruumist-ruumi\/wp-content\/uploads\/2025\/04\/16-5.webp\" alt=\"XREAL Air 2 micro-OLED ekraaniga AR-prillid virtuaalekraaniga\"\/><\/p>\n<h3>Tipptasemel helielamus<\/h3>\n<p>Lisaks suurep\u00e4rasele pildile pakuvad XREAL Air 2 AR nutikad prillid ka kvaliteetset heli: sisseehitatud k\u00f5rgklassi audios\u00fcsteem \u00fcmbritseb sind detailse ja ruumilise heliga. Directional Audio tehnoloogia aitab v\u00e4ltida helileket ning kaks kvaliteetset mikrofoni v\u00f5imaldavad mugavalt helistada ja suhelda.<\/p>\n<p><img decoding=\"async\" src=\"https:\/\/blankpage.ee\/_ruumist-ruumi\/wp-content\/uploads\/2025\/04\/15-4.webp\" alt=\"K\u00f5laritega AR-prillid suurep\u00e4rase helikvaliteedi jaoks\"\/><\/p>\n<h3>Mugavus ja silmade kaitse<\/h3>\n<p>Ekraan minimeerib virvendust ja v\u00e4hendab sinise valguse kiirgust, aidates kaitsta silmi v\u00e4simuse ja kahjulike m\u00f5jude eest. Komplektis on erineva suurusega ninasillad (S\/M\/L), valguskaitse ning raamid, millele saab paigaldada korrigeerivad klaasid.<\/p>\n<p><img decoding=\"async\" src=\"https:\/\/blankpage.ee\/_ruumist-ruumi\/wp-content\/uploads\/2025\/04\/14-7.webp\" alt=\"XREAL Air 2 raamid koos reguleeritavate ninasildadega\"\/><\/p>\n<h3>Lai kasutusvaldkond ja \u00fchilduvus erinevate seadmetega<\/h3>\n<p>XREAL Air 2 \u00fchendub h\u00f5lpsalt USB-C kaudu nutitelefonide, tahvelarvutite, s\u00fclearvutite ja m\u00e4ngukonsoolidega (nt Nintendo Switch, PlayStation 5, Xbox Series S\/X). BEAM adapteri (m\u00fc\u00fcgil eraldi) abil on v\u00f5imalik kasutada prille ka iPhone&#8217;i v\u00f5i iPadiga (Lightning port). S\u00fcnon\u00fc\u00fcmina v\u00f5ib AR-prille nimetada ka nutiprillideks v\u00f5i arvutiprillideks.<\/p>\n<p><img decoding=\"async\" src=\"https:\/\/blankpage.ee\/_ruumist-ruumi\/wp-content\/uploads\/2025\/04\/21-1.webp\" alt=\"Erinevate seadmetega \u00fchilduvad AR nutikad prillid XREAL Air 2\"\/><\/p>\n<h3>Komplekti kuulub<\/h3>\n<ul>\n<li>XREAL Air 2 AR-prillid<\/li>\n<li>Raamid korrigeerivate klaaside jaoks<\/li>\n<li>USB-C kaabel<\/li>\n<li>Valguskaitse<\/li>\n<li>Kolm erinevat ninasilda (S \/ M \/ L)<\/li>\n<li>Kandekarp<\/li>\n<li>Puhastuslapp<\/li>\n<\/ul>\n<table>\n<tr>\n<th>Tootja<\/th>\n<td>XREAL<\/td>\n<\/tr>\n<tr>\n<th>Mudel<\/th>\n<td>Air 2 (X1004-1)<\/td>\n<\/tr>\n<tr>\n<th>Ekraan<\/th>\n<td>Micro-OLED SONY 0.55&#8243;<\/td>\n<\/tr>\n<tr>\n<th>Heledus<\/th>\n<td>Kuni 500 nitti<\/td>\n<\/tr>\n<tr>\n<th>Vaatenurk<\/th>\n<td>46\u00b0<\/td>\n<\/tr>\n<tr>\n<th>Virtuaalekraan<\/th>\n<td>20 \/ 130 \/ 330 tolli (s\u00f5ltuvalt re\u017eiimist)<\/td>\n<\/tr>\n<tr>\n<th>PPD<\/th>\n<td>49<\/td>\n<\/tr>\n<tr>\n<th>V\u00e4rskendussagedus<\/th>\n<td>Kuni 120 Hz<\/td>\n<\/tr>\n<tr>\n<th>Mikrofonide arv<\/th>\n<td>2<\/td>\n<\/tr>\n<tr>\n<th>Liides<\/th>\n<td>USB-C<\/td>\n<\/tr>\n<tr>\n<th>M\u00f5\u00f5dud<\/th>\n<td>148 x 51,4 x 161 mm (avatult); 56,4 x 51,4 x 56,4 mm (kokkupandult)<\/td>\n<\/tr>\n<tr>\n<th>Kaal<\/th>\n<td>72 g<\/td>\n<\/tr>\n<tr>\n<th>\u00dchilduvus<\/th>\n<td>Android- ja iOS-seadmed (USB-C v\u00f5i BEAM adapteriga), s\u00fclearvutid, MacBook, Steam Deck, m\u00e4ngukonsoolid<\/td>\n<\/tr>\n<\/table>\n","protected":false},"excerpt":{"rendered":"<p>AR-nutikad prillid XREAL Air 2 (punased, SONY micro-OLED, USB-C) Avasta t\u00e4iesti uus m\u00e4ngu- ja meelelahutuskogemus AR nutikate prillidega XREAL Air 2. T\u00e4nu uuenduslikule SONY micro-OLED ekraanile pakuvad ar nutikad prillid erakordselt teravat pilti ja laia \u2013 kuni 46\u00b0 \u2013 vaatenurka. Need sobivad suurep\u00e4raselt nii m\u00e4ngimiseks, filmide vaatamiseks kui ka t\u00f6\u00f6alaseks kasutamiseks. Kerge ja ergonoomiline disain [&hellip;]<\/p>\n","protected":false},"featured_media":180664,"comment_status":"open","ping_status":"open","template":"","meta":[],"product_brand":[3184],"product_cat":[3185],"product_tag":[],"class_list":{"0":"post-180658","1":"product","2":"type-product","3":"status-publish","4":"has-post-thumbnail","6":"product_brand-xreal","7":"product_cat-ar-prillid","8":"product_shipping_class-innpro","10":"first","11":"instock","12":"sale","13":"taxable","14":"shipping-taxable","15":"purchasable","16":"product-type-simple"},"_links":{"self":[{"href":"https:\/\/blankpage.ee\/_ruumist-ruumi\/wp-json\/wp\/v2\/product\/180658","targetHints":{"allow":["GET"]}}],"collection":[{"href":"https:\/\/blankpage.ee\/_ruumist-ruumi\/wp-json\/wp\/v2\/product"}],"about":[{"href":"https:\/\/blankpage.ee\/_ruumist-ruumi\/wp-json\/wp\/v2\/types\/product"}],"replies":[{"embeddable":true,"href":"https:\/\/blankpage.ee\/_ruumist-ruumi\/wp-json\/wp\/v2\/comments?post=180658"}],"wp:featuredmedia":[{"embeddable":true,"href":"https:\/\/blankpage.ee\/_ruumist-ruumi\/wp-json\/wp\/v2\/media\/180664"}],"wp:attachment":[{"href":"https:\/\/blankpage.ee\/_ruumist-ruumi\/wp-json\/wp\/v2\/media?parent=180658"}],"wp:term":[{"taxonomy":"product_brand","embeddable":true,"href":"https:\/\/blankpage.ee\/_ruumist-ruumi\/wp-json\/wp\/v2\/product_brand?post=180658"},{"taxonomy":"product_cat","embeddable":true,"href":"https:\/\/blankpage.ee\/_ruumist-ruumi\/wp-json\/wp\/v2\/product_cat?post=180658"},{"taxonomy":"product_tag","embeddable":true,"href":"https:\/\/blankpage.ee\/_ruumist-ruumi\/wp-json\/wp\/v2\/product_tag?post=180658"}],"curies":[{"name":"wp","href":"https:\/\/api.w.org\/{rel}","templated":true}]}}