{"id":180742,"date":"2025-04-22T22:04:35","date_gmt":"2025-04-22T22:04:35","guid":{"rendered":"https:\/\/ruumistruumi.ee\/pood\/valge-argb-arvutikorpus-darkflash-c218m-6-ventilaatorit-mini-tower-klaaspaneelidega\/"},"modified":"2025-08-21T08:17:36","modified_gmt":"2025-08-21T08:17:36","slug":"valge-argb-arvutikorpus-darkflash-c218m-6-ventilaatorit-mini-tower-klaaspaneelidega","status":"publish","type":"product","link":"https:\/\/blankpage.ee\/_ruumist-ruumi\/pood\/valge-argb-arvutikorpus-darkflash-c218m-6-ventilaatorit-mini-tower-klaaspaneelidega\/","title":{"rendered":"Valge ARGB arvutikorpus Darkflash C218M, 6 ventilaatorit, Mini Tower, klaaspaneelidega"},"content":{"rendered":"<h3>Valge ARGB arvutikorpus Darkflash C218M 6 ventilaatoriga<\/h3>\n<p>Darkflash C218M on kompaktne Mini Tower t\u00fc\u00fcpi <strong>valge ARGB arvutikorpus<\/strong> m\u00f5\u00f5tmetega 434 x 218 x 414 mm. See sobib suurep\u00e4raselt m\u00e4nguritele, kes hindavad kaasaegset disaini ja suurep\u00e4rast \u00f5huvoolu. T\u00e4nu karastatud klaasist esi- ja k\u00fclgpaneelile saad soovi korral oma arvuti komponente ja valgusefekte stiilselt esile tuua.<\/p>\n<p><img decoding=\"async\" alt=\"Valge ARGB arvutikorpus karastatud klaaspaneelidega\" src=\"https:\/\/blankpage.ee\/_ruumist-ruumi\/wp-content\/uploads\/2025\/04\/9-248.webp\" \/><\/p>\n<h3>K\u00f5rgetasemeline jahutus \u2013 kuni 9 ventilaatorit<\/h3>\n<p>C218M v\u00f5imaldab paigaldada kuni \u00fcheksa ventilaatorit ning toetab kuni 360 mm veejahutust. Komplektis on juba kuus CL6 ARGB ventilaatorit, mis tagavad laitmatu \u00f5hu liikumise. Ka n\u00f5udlikematel m\u00e4nguhetkedel p\u00fcsivad komponendid optimaalselt jahutatud.<\/p>\n<p><img decoding=\"async\" alt=\"Darkflash C218M kuue ARGB ventilaatoriga jahutuss\u00fcsteem\" src=\"https:\/\/blankpage.ee\/_ruumist-ruumi\/wp-content\/uploads\/2025\/04\/6-626.webp\" \/><\/p>\n<h3>Avardatud v\u00f5imalused Sinu s\u00fcsteemile<\/h3>\n<p>Korpusesse mahub kuni 425 mm pikkune graafikakaart, kuni 250 mm toiteplokk ning 170 mm k\u00f5rgune protsessorijahuti. Viis laienduspesad v\u00f5imaldavad kasutada mitmesuguseid lisakaarte, nii sobib C218M h\u00e4sti nii m\u00e4ngijatele kui t\u00f6\u00f6jaama ehitajatele.<\/p>\n<p><img decoding=\"async\" alt=\"Avatud Mini Tower arvutikorpuse v\u00f5imalused ja laienduspesad\" src=\"https:\/\/blankpage.ee\/_ruumist-ruumi\/wp-content\/uploads\/2025\/04\/7-549.webp\" \/><\/p>\n<h3>Mugavad \u00fchendused igap\u00e4evaseks kasutuseks<\/h3>\n<p>Esipaneelil asuvad USB 3.0 ja kaks USB 2.0 porti ning eraldi k\u00f5rvaklapi ja mikrofoni pesa \u2013 k\u00f5ik vajalik lihtsaks \u00fchendamiseks ning kiireks andmevahetuseks.<\/p>\n<p><img decoding=\"async\" alt=\"Darkflash C218M korpuse esipaneelil USB ja audioliidesed\" src=\"https:\/\/blankpage.ee\/_ruumist-ruumi\/wp-content\/uploads\/2025\/04\/4-801.webp\" \/><\/p>\n<h3>Mitmek\u00fclgsed salvestusv\u00f5imalused<\/h3>\n<p><strong>Valge ARGB arvutikorpus<\/strong> v\u00f5imaldab kasutada kuni kahte 3,5&#8243; k\u00f5vaketast v\u00f5i \u00fcht 2,5&#8243; SSD-d, pakkudes ruumi suurematele m\u00e4ngudele ning t\u00f6\u00f6failidele.<\/p>\n<p><img decoding=\"async\" alt=\"Darkflash C218M salvestuspesad ja sisemine paigutus\" src=\"https:\/\/blankpage.ee\/_ruumist-ruumi\/wp-content\/uploads\/2025\/04\/3-874.webp\" \/><\/p>\n<h3>Minimalistlik ning avar klaaskorpuse disain<\/h3>\n<p>Panoraamse esik\u00fclje ja k\u00fcljeklaasiga disain j\u00e4tab korpuse kohal avara ning puhta mulje. Ilma vertikaalsete toestusteta on sisemuse RGB-efektid ja kogu s\u00fcsteemi sisu eriti silmapaistvad, sulandudes ideaalselt igasse moodsasse m\u00e4nguruumi.<\/p>\n<p><img decoding=\"async\" alt=\"Minimalistlik valge ARGB arvutikorpuse klaaspaneelidega disain\" src=\"https:\/\/blankpage.ee\/_ruumist-ruumi\/wp-content\/uploads\/2025\/04\/2-914.webp\" \/><\/p>\n<h3>Tehnilised andmed:<\/h3>\n<table>\n<tr>\n<th>Tootja<\/th>\n<td>Darkflash<\/td>\n<\/tr>\n<tr>\n<th>Mudel<\/th>\n<td>C218M<\/td>\n<\/tr>\n<tr>\n<th>T\u00fc\u00fcp<\/th>\n<td>Mini Tower<\/td>\n<\/tr>\n<tr>\n<th>K\u00fclgsein<\/th>\n<td>Karastatud klaas<\/td>\n<\/tr>\n<tr>\n<th>Emaplaadid<\/th>\n<td>Micro-ATX, ITX<\/td>\n<\/tr>\n<tr>\n<th>Toiteploki standard<\/th>\n<td>ATX (all)<\/td>\n<\/tr>\n<tr>\n<th>K\u00f5vakettapesad<\/th>\n<td>3.5&#8243; HDD x2, 2.5&#8243; SSD x1<\/td>\n<\/tr>\n<tr>\n<th>Laienduspesa<\/th>\n<td>5<\/td>\n<\/tr>\n<tr>\n<th>Maksimaalne GPU pikkus<\/th>\n<td>425 mm<\/td>\n<\/tr>\n<tr>\n<th>Maksimaalne PSU pikkus<\/th>\n<td>250 mm<\/td>\n<\/tr>\n<tr>\n<th>Maksimaalne CPU jahuti k\u00f5rgus<\/th>\n<td>170 mm<\/td>\n<\/tr>\n<tr>\n<th>Ventilaatori kohtade arv<\/th>\n<td>9<\/td>\n<\/tr>\n<tr>\n<th>Paigaldatud ventilaatorid<\/th>\n<td>6 x CL6 ARGB<\/td>\n<\/tr>\n<tr>\n<th>\u00dchendused<\/th>\n<td>USB 3.0 x1, USB 2.0 x2, HD Audio<\/td>\n<\/tr>\n<tr>\n<th>Korpuse materjal<\/th>\n<td>0,5 mm SPCC teras<\/td>\n<\/tr>\n<tr>\n<th>V\u00e4rvus<\/th>\n<td>Valge<\/td>\n<\/tr>\n<tr>\n<th>M\u00f5\u00f5dud (K x L x S)<\/th>\n<td>414 x 218 x 434 mm<\/td>\n<\/tr>\n<tr>\n<th>Kaal<\/th>\n<td>5,1 kg<\/td>\n<\/tr>\n<\/table>\n<ul>\n<li>Komplektis: Darkflash C218M korpus, 6 x CL6 ARGB ventilaatorit<\/li>\n<\/ul>\n","protected":false},"excerpt":{"rendered":"<p>Valge ARGB arvutikorpus Darkflash C218M 6 ventilaatoriga Darkflash C218M on kompaktne Mini Tower t\u00fc\u00fcpi valge ARGB arvutikorpus m\u00f5\u00f5tmetega 434 x 218 x 414 mm. See sobib suurep\u00e4raselt m\u00e4nguritele, kes hindavad kaasaegset disaini ja suurep\u00e4rast \u00f5huvoolu. T\u00e4nu karastatud klaasist esi- ja k\u00fclgpaneelile saad soovi korral oma arvuti komponente ja valgusefekte stiilselt esile tuua. K\u00f5rgetasemeline jahutus \u2013 [&hellip;]<\/p>\n","protected":false},"featured_media":180749,"comment_status":"open","ping_status":"open","template":"","meta":[],"product_brand":[2966],"product_cat":[3137],"product_tag":[],"class_list":{"0":"post-180742","1":"product","2":"type-product","3":"status-publish","4":"has-post-thumbnail","6":"product_brand-darkflash","7":"product_cat-ventilaatoritega-arvutikorpused","8":"product_shipping_class-innpro","10":"first","11":"instock","12":"sale","13":"taxable","14":"shipping-taxable","15":"purchasable","16":"product-type-simple"},"_links":{"self":[{"href":"https:\/\/blankpage.ee\/_ruumist-ruumi\/wp-json\/wp\/v2\/product\/180742","targetHints":{"allow":["GET"]}}],"collection":[{"href":"https:\/\/blankpage.ee\/_ruumist-ruumi\/wp-json\/wp\/v2\/product"}],"about":[{"href":"https:\/\/blankpage.ee\/_ruumist-ruumi\/wp-json\/wp\/v2\/types\/product"}],"replies":[{"embeddable":true,"href":"https:\/\/blankpage.ee\/_ruumist-ruumi\/wp-json\/wp\/v2\/comments?post=180742"}],"wp:featuredmedia":[{"embeddable":true,"href":"https:\/\/blankpage.ee\/_ruumist-ruumi\/wp-json\/wp\/v2\/media\/180749"}],"wp:attachment":[{"href":"https:\/\/blankpage.ee\/_ruumist-ruumi\/wp-json\/wp\/v2\/media?parent=180742"}],"wp:term":[{"taxonomy":"product_brand","embeddable":true,"href":"https:\/\/blankpage.ee\/_ruumist-ruumi\/wp-json\/wp\/v2\/product_brand?post=180742"},{"taxonomy":"product_cat","embeddable":true,"href":"https:\/\/blankpage.ee\/_ruumist-ruumi\/wp-json\/wp\/v2\/product_cat?post=180742"},{"taxonomy":"product_tag","embeddable":true,"href":"https:\/\/blankpage.ee\/_ruumist-ruumi\/wp-json\/wp\/v2\/product_tag?post=180742"}],"curies":[{"name":"wp","href":"https:\/\/api.w.org\/{rel}","templated":true}]}}