{"id":180931,"date":"2025-04-22T23:00:48","date_gmt":"2025-04-22T23:00:48","guid":{"rendered":"https:\/\/ruumistruumi.ee\/pood\/valge-arvutikorpus-darkflash-c285mp-karastatud-klaasiga-matx-itx\/"},"modified":"2025-07-01T20:08:14","modified_gmt":"2025-07-01T20:08:14","slug":"valge-arvutikorpus-darkflash-c285mp-karastatud-klaasiga-matx-itx","status":"publish","type":"product","link":"https:\/\/blankpage.ee\/_ruumist-ruumi\/pood\/valge-arvutikorpus-darkflash-c285mp-karastatud-klaasiga-matx-itx\/","title":{"rendered":"Valge arvutikorpus Darkflash C285MP karastatud klaasiga (mATX\/ITX)"},"content":{"rendered":"<h3>Valge arvutikorpus Darkflash C285MP karastatud klaasiga<\/h3>\n<p>Valge arvutikorpus Darkflash C285MP \u00fchendab moodsat disaini ja praktilisust. Kahepoolsed 0,7 mm karastatud klaasist k\u00fcljepaneelid annavad elegantse v\u00e4ljan\u00e4gemise ning v\u00f5imaldavad n\u00e4ha k\u00f5iki arvutikomponente. Korpus sobib mATX ja ITX emaplaatidele ning toetab kuni 9 120 mm v\u00f5i mitmes kombinatsioonis 140 mm ventilaatorit, tagades t\u00f5husa jahutuse. Samuti v\u00f5imaldab see paigaldada kuni 360 mm veejahutuse radiaatoreid ning sobib kuni 410 mm pikkuste graafikakaartide ja kuni 160 mm k\u00f5rguste protsessorijahutite jaoks. See teeb korpusest hea valiku nii m\u00e4nguritele kui ka t\u00f6\u00f6ks n\u00f5udlikumale kasutajale.<\/p>\n<p>\n<img decoding=\"async\" src=\"https:\/\/blankpage.ee\/_ruumist-ruumi\/wp-content\/uploads\/2025\/04\/2-924.webp\" alt=\"Valge arvutikorpus Darkflash C285MP karastatud klaasiga k\u00fcljepaneelidega\"\/>\n<\/p>\n<h3>Karastatud klaasist k\u00fcljepaneelid<\/h3>\n<p>Darkflash C285MP tugevdavad m\u00f5lemal k\u00fcljel olevad karastatud klaaspaneelid, mis kaitsevad komponente ja r\u00f5hutavad esteetikat. L\u00e4bipaistvad k\u00fcljed avavad vaate emaplaadile, graafikakaardile ning soovikorral ka RGB-valgustusega jahutitele. Pane t\u00e4hele, et korpusesse pole tehase poolt ventilaatoreid ega RGB-valgustust paigaldatud.<\/p>\n<p>\n<img decoding=\"async\" src=\"https:\/\/blankpage.ee\/_ruumist-ruumi\/wp-content\/uploads\/2025\/04\/6-640.webp\" alt=\"Karastatud klaasiga valge arvutikorpuse sisemus\"\/>\n<\/p>\n<h3>Jahutusv\u00f5imalused ja paindlikkus<\/h3>\n<p>Valge arvutikorpus toetab kuni 9 120 mm ventilaatori v\u00f5i erinevate 140 mm ventilaatorite paigaldust, mis viib liigse soojuse t\u00f5husalt v\u00e4lja. \u00dclemine ja alumine paneel sobivad kuni 360 mm radiaatoritele, v\u00f5imaldades paigaldada erinevaid veejahutuse lahendusi vastavalt vajadusele.<\/p>\n<p>\n<img decoding=\"async\" src=\"https:\/\/blankpage.ee\/_ruumist-ruumi\/wp-content\/uploads\/2025\/04\/3-885.webp\" alt=\"Valge midi tower arvutikorpus ventilaatorite ja radiaatorite paigaldusv\u00f5imalustega\"\/>\n<\/p>\n<h3>L\u00e4bim\u00f5eldud siseruum ja ehitus<\/h3>\n<p>Korpuse ruumikas konstruktsioon v\u00f5imaldab kasutada kuni 410 mm pikkuseid graafikakaarte ning 160 mm k\u00f5rguseid protsessorijahuteid. Korpus pakub avarat ligip\u00e4\u00e4su sisemistele komponentidele ja nutikaid kinnituspunkte, et juhtmete haldus oleks lihtne ja sisemus korras, parandades seel\u00e4bi ka \u00f5huvoolu.<\/p>\n<p>\n<img decoding=\"async\" src=\"https:\/\/blankpage.ee\/_ruumist-ruumi\/wp-content\/uploads\/2025\/04\/4-813.webp\" alt=\"Valge korpuse sisemus ja komponentide asetus\"\/>\n<\/p>\n<h3>Salvestusruumi paigutus<\/h3>\n<p>Valge arvutikorpus mahutab kuni kaks 3,5&#8221; HDD-d ja kuni kolm 2,5&#8221; SSD-d, pakkudes lahedalt ruumi nii m\u00e4ngurite kui ka suurte andmemahtudega t\u00f6\u00f6tajate vajadusteks.<\/p>\n<p>\n<img decoding=\"async\" src=\"https:\/\/blankpage.ee\/_ruumist-ruumi\/wp-content\/uploads\/2025\/04\/5-730.webp\" alt=\"Arvutikorpuse HDD ja SSD salvestipesad valges Darkflash C285MP korpuses\"\/>\n<\/p>\n<h3>Kasutajas\u00f5bralik ja mugav liidestus<\/h3>\n<p>Korpuse \u00fclapaneelil on kaks USB 2.0 ja \u00fcks USB 3.0 porti kiireks seadmetega \u00fchendamiseks. Esipaneelil asuvad HD-audio liidesed ning toite-, reset- ja LED-taustavalguse nupud v\u00f5imaldavad korpust juhtida ilma seda avamata.<\/p>\n<p>\n<img decoding=\"async\" src=\"https:\/\/blankpage.ee\/_ruumist-ruumi\/wp-content\/uploads\/2025\/04\/7-558.webp\" alt=\"Valge midi tower korpuse esipaneel, liidesed ja juhtnupud\"\/>\n<\/p>\n<div class=\"table-wrapper\">\n<p>\u00a0<\/p>\n<table>\n<tbody>\n<tr>\n<th>Tootja<\/th>\n<td>Darkflash<\/td>\n<\/tr>\n<tr>\n<th>Mudel<\/th>\n<td>C285MP<\/td>\n<\/tr>\n<tr>\n<th>Korpuse t\u00fc\u00fcp<\/th>\n<td>Midi Tower<\/td>\n<\/tr>\n<tr>\n<th>K\u00fcljepaneel<\/th>\n<td>Karastatud klaas<\/td>\n<\/tr>\n<tr>\n<th>Emaplaadi standard<\/th>\n<td>M-ATX, ITX<\/td>\n<\/tr>\n<tr>\n<th>Toiteploki standard<\/th>\n<td>ATX (all paigutus)<\/td>\n<\/tr>\n<tr>\n<th>Sisemised andmekandjate pesad<\/th>\n<td>3.5&#8221; HDD x2; 2.5&#8221; SSD x3<\/td>\n<\/tr>\n<tr>\n<th>Laienduspesad<\/th>\n<td>5<\/td>\n<\/tr>\n<tr>\n<th>Maksimaalne PSU pikkus<\/th>\n<td>240 mm<\/td>\n<\/tr>\n<tr>\n<th>Maksimaalne graafikakaardi pikkus<\/th>\n<td>410 mm<\/td>\n<\/tr>\n<tr>\n<th>Maksimaalne protsessori jahuti k\u00f5rgus<\/th>\n<td>160 mm<\/td>\n<\/tr>\n<tr>\n<th>Maksimaalne ventilaatorite arv<\/th>\n<td>9<\/td>\n<\/tr>\n<tr>\n<th>Ventilaatorite paigaldusv\u00f5imalused<\/th>\n<td>\u00dclemine: 120 mm x3 \/ 140 mm x2; K\u00fclg: 120 mm x2 \/ 140 mm x2; Alumine: 120 mm x3; Taga: 120 mm x1<\/td>\n<\/tr>\n<tr>\n<th>Veejahutuse paigaldusv\u00f5imalused<\/th>\n<td>K\u00fclg: 120 mm \/ 240 mm \/ 280 mm; \u00dclemine: 120 mm \/ 240 mm \/ 280 mm \/ 360 mm; Alumine: 120 mm \/ 240 mm \/ 280 mm \/ 360 mm<\/td>\n<\/tr>\n<tr>\n<th>Paigaldatud ventilaatorid<\/th>\n<td>Pole eelpaigaldatud<\/td>\n<\/tr>\n<tr>\n<th>Ventilaatorite t\u00fc\u00fcp<\/th>\n<td>Pole eelpaigaldatud<\/td>\n<\/tr>\n<tr>\n<th>Nupud ja juhtnupud<\/th>\n<td>LED, Power, Reset<\/td>\n<\/tr>\n<tr>\n<th>Pistikud<\/th>\n<td>USB 2.0 x2, USB 3.0 x1, HD Audio<\/td>\n<\/tr>\n<tr>\n<th>Materjal<\/th>\n<td>0.7 mm SPCC<\/td>\n<\/tr>\n<tr>\n<th>V\u00e4rv<\/th>\n<td>Valge<\/td>\n<\/tr>\n<tr>\n<th>K\u00f5rgus<\/th>\n<td>370 mm<\/td>\n<\/tr>\n<tr>\n<th>Laius<\/th>\n<td>285 mm<\/td>\n<\/tr>\n<tr>\n<th>S\u00fcgavus<\/th>\n<td>440 mm<\/td>\n<\/tr>\n<tr>\n<th>Kaal<\/th>\n<td>8.42 kg<\/td>\n<\/tr>\n<\/tbody>\n<\/table>\n<\/div>\n","protected":false},"excerpt":{"rendered":"<p>Valge arvutikorpus Darkflash C285MP karastatud klaasiga Valge arvutikorpus Darkflash C285MP \u00fchendab moodsat disaini ja praktilisust. Kahepoolsed 0,7 mm karastatud klaasist k\u00fcljepaneelid annavad elegantse v\u00e4ljan\u00e4gemise ning v\u00f5imaldavad n\u00e4ha k\u00f5iki arvutikomponente. Korpus sobib mATX ja ITX emaplaatidele ning toetab kuni 9 120 mm v\u00f5i mitmes kombinatsioonis 140 mm ventilaatorit, tagades t\u00f5husa jahutuse. Samuti v\u00f5imaldab see paigaldada kuni [&hellip;]<\/p>\n","protected":false},"featured_media":180938,"comment_status":"open","ping_status":"open","template":"","meta":[],"product_brand":[2966],"product_cat":[3136],"product_tag":[],"class_list":{"0":"post-180931","1":"product","2":"type-product","3":"status-publish","4":"has-post-thumbnail","6":"product_brand-darkflash","7":"product_cat-ilma-ventilaatoriteta-arvutikorpused","8":"product_shipping_class-innpro","10":"first","11":"instock","12":"sale","13":"taxable","14":"shipping-taxable","15":"purchasable","16":"product-type-simple"},"_links":{"self":[{"href":"https:\/\/blankpage.ee\/_ruumist-ruumi\/wp-json\/wp\/v2\/product\/180931","targetHints":{"allow":["GET"]}}],"collection":[{"href":"https:\/\/blankpage.ee\/_ruumist-ruumi\/wp-json\/wp\/v2\/product"}],"about":[{"href":"https:\/\/blankpage.ee\/_ruumist-ruumi\/wp-json\/wp\/v2\/types\/product"}],"replies":[{"embeddable":true,"href":"https:\/\/blankpage.ee\/_ruumist-ruumi\/wp-json\/wp\/v2\/comments?post=180931"}],"wp:featuredmedia":[{"embeddable":true,"href":"https:\/\/blankpage.ee\/_ruumist-ruumi\/wp-json\/wp\/v2\/media\/180938"}],"wp:attachment":[{"href":"https:\/\/blankpage.ee\/_ruumist-ruumi\/wp-json\/wp\/v2\/media?parent=180931"}],"wp:term":[{"taxonomy":"product_brand","embeddable":true,"href":"https:\/\/blankpage.ee\/_ruumist-ruumi\/wp-json\/wp\/v2\/product_brand?post=180931"},{"taxonomy":"product_cat","embeddable":true,"href":"https:\/\/blankpage.ee\/_ruumist-ruumi\/wp-json\/wp\/v2\/product_cat?post=180931"},{"taxonomy":"product_tag","embeddable":true,"href":"https:\/\/blankpage.ee\/_ruumist-ruumi\/wp-json\/wp\/v2\/product_tag?post=180931"}],"curies":[{"name":"wp","href":"https:\/\/api.w.org\/{rel}","templated":true}]}}