{"id":181190,"date":"2025-04-23T00:09:46","date_gmt":"2025-04-23T00:09:46","guid":{"rendered":"https:\/\/ruumistruumi.ee\/pood\/valge-arvutikorpus-darkflash-dy451l-big-tower-klaaspaneel-atx-ilma-ventilaatoriteta\/"},"modified":"2025-08-21T08:17:33","modified_gmt":"2025-08-21T08:17:33","slug":"valge-arvutikorpus-darkflash-dy451l-big-tower-klaaspaneel-atx-ilma-ventilaatoriteta","status":"publish","type":"product","link":"https:\/\/blankpage.ee\/_ruumist-ruumi\/pood\/valge-arvutikorpus-darkflash-dy451l-big-tower-klaaspaneel-atx-ilma-ventilaatoriteta\/","title":{"rendered":"Valge arvutikorpus Darkflash DY451L Big Tower, klaaspaneel, ATX, ilma ventilaatoriteta"},"content":{"rendered":"<h3>Valge arvutikorpus Darkflash DY451L Big Tower, klaaspaneel, ATX, ilma ventilaatoriteta<\/h3>\n<p>Valge arvutikorpus Darkflash DY451L on ruumikas ja kaasaegne ATX tornkorpus, mis sobib n\u00f5udliku kasutaja vajadustele \u2013 olgu tegemist siis m\u00e4nguri v\u00f5i arvutiehitajaga. Minimalistlik disain ja valge v\u00e4rvitoon loovad silmapaistva v\u00e4limuse, samal ajal kui avar sisemus v\u00f5imaldab sisse paigutada ka k\u00f5ige v\u00f5imsama riistvara. Klaaspaneel annab v\u00f5imaluse tuua esile oma s\u00fcsteemi komponentide visuaali. Digitaalekraani t\u00e4ielikuks toimimiseks tuleb <a href=\"https:\/\/www.darkflash.com\/driver\">tootja kodulehelt alla laadida vajalik tarkvara<\/a>.<\/p>\n<p><img decoding=\"async\" src=\"https:\/\/blankpage.ee\/_ruumist-ruumi\/wp-content\/uploads\/2025\/04\/7-570.webp\" alt=\"Valge arvutikorpus Darkflash DY451L k\u00fclgvaade\"\/><\/p>\n<h3>Mahukas ja mugavalt laiendatav valge arvutikorpus<\/h3>\n<p>L\u00e4bipaistev karastatud klaaspaneel v\u00f5imaldab imetleda k\u00f5iki sisse paigaldatud komponente. Korpus on sobilik ATX, microATX ja ITX emaplaatide jaoks. Kuni \u00fcheksa laienduspesaga saad lisada vajadusel mitu graafikakaarti (kuni 420 mm pikk) ning paigaldada rikkalikult erinevaid seadmeid.<\/p>\n<p><img decoding=\"async\" src=\"https:\/\/blankpage.ee\/_ruumist-ruumi\/wp-content\/uploads\/2025\/04\/1-1008.webp\" alt=\"Avatud sisemusega PC korpus karastatud klaaspaneeliga\"\/><\/p>\n<h3>T\u00f5hus tolmukaitse ja lihtne hooldus<\/h3>\n<p>Kogu korpust katavad tolmufiltrid, mis kaitsevad sinu arvutikomponente mustuse ja tolmu eest. Alumine tolmufilter on h\u00f5lpsasti eemaldatav, muutes hoolduse kiireks ning lihtsaks.<\/p>\n<p><img decoding=\"async\" src=\"https:\/\/blankpage.ee\/_ruumist-ruumi\/wp-content\/uploads\/2025\/04\/2-939.webp\" alt=\"Tolmufilter valge arvutikorpuse p\u00f5hjaosas\"\/><\/p>\n<h3>Paindlikud jahutuslahendused ja maksimaalne \u00f5huvool<\/h3>\n<p>Darkflash DY451L toetab kuni 11 ventilaatori lisamist ning ruumikat vesijahutust: \u00fclaosale kuni 360 mm radiaator, k\u00fcljele kuni 480 mm radiaatorid. See v\u00f5imaldab optimeerida \u00f5huvoolu vastavalt s\u00fcsteemi vajadustele ning tagab stabiilsed t\u00f6\u00f6temperatuurid ka suure koormuse korral.<\/p>\n<p><img decoding=\"async\" src=\"https:\/\/blankpage.ee\/_ruumist-ruumi\/wp-content\/uploads\/2025\/04\/3-902.webp\" alt=\"Ventilaatorite ja radiaatorite paigutusv\u00f5imalused Darkflash DY451L arvutikorpuses\"\/><\/p>\n<h3>Vastupidav ja esinduslik suur korpus<\/h3>\n<p>Korpuse tugev konstruktsioon p\u00f5hineb 0,8 mm SPCC terasel, mille stabiilsus ja vastupidavus peavad vastu ka intensiivsemale kasutusele. Karastatud klaasist k\u00fclgpaneel loob efektse v\u00e4limuse ning v\u00f5imaldab eksponeerida n\u00e4iteks RGB valgustuse lahendusi.<\/p>\n<p><img decoding=\"async\" src=\"https:\/\/blankpage.ee\/_ruumist-ruumi\/wp-content\/uploads\/2025\/04\/4-832.webp\" alt=\"Valge suur arvutikorpus karastatud klaasist k\u00fclgpaneeliga\"\/><\/p>\n<div class=\"table-wrapper\">\n<h3>Tehnilised andmed<\/h3>\n<table>\n<tbody>\n<tr>\n<th>Tootja<\/th>\n<td>Darkflash<\/td>\n<\/tr>\n<tr>\n<th>Mudel<\/th>\n<td>DY451L<\/td>\n<\/tr>\n<tr>\n<th>Korpuse t\u00fc\u00fcp<\/th>\n<td>Big Tower<\/td>\n<\/tr>\n<tr>\n<th>K\u00fclgpaneel<\/th>\n<td>Karastatud klaas<\/td>\n<\/tr>\n<tr>\n<th>Toetatud emaplaadid<\/th>\n<td>ATX, microATX, ITX<\/td>\n<\/tr>\n<tr>\n<th>Toiteplokk<\/th>\n<td>ATX, alumises sektsioonis<\/td>\n<\/tr>\n<tr>\n<th>Salvestusruumi pesad<\/th>\n<td>HDD 3,5&#8243; 4x \/ SSD 2,5&#8243; 4x<\/td>\n<\/tr>\n<tr>\n<th>Laienduspesad<\/th>\n<td>9<\/td>\n<\/tr>\n<tr>\n<th>Maksimaalne toiteploki pikkus<\/th>\n<td>250 mm<\/td>\n<\/tr>\n<tr>\n<th>Maksimaalne graafikakaardi pikkus<\/th>\n<td>420 mm<\/td>\n<\/tr>\n<tr>\n<th>Maksimaalne protsessorijahuti k\u00f5rgus<\/th>\n<td>180 mm<\/td>\n<\/tr>\n<tr>\n<th>Ventilaatorite paigalduskohtade arv<\/th>\n<td>11<\/td>\n<\/tr>\n<tr>\n<th>Ventilaatorite paigutus<\/th>\n<td>\u00dclal: 3x 120 mm \/ 3x 140 mm; Taga: 1x 120 mm \/ 1x 140 mm; K\u00fclg: 4x 120 mm \/ 3x 140 mm; Toiteploki sektsioon: 3x 120 mm<\/td>\n<\/tr>\n<tr>\n<th>Vesijahutus<\/th>\n<td>\u00dclal: 240 \/ 280 \/ 360 mm<\/td>\n<\/tr>\n<tr>\n<th>Komplektis ventilaatorid<\/th>\n<td>Puuduvad<\/td>\n<\/tr>\n<tr>\n<th>Nupud<\/th>\n<td>Power<\/td>\n<\/tr>\n<tr>\n<th>\u00dchendused<\/th>\n<td>2x USB 3.0, 1x USB-C, HD Audio<\/td>\n<\/tr>\n<tr>\n<th>Materjal<\/th>\n<td>0,8 mm SPCC teras<\/td>\n<\/tr>\n<tr>\n<th>V\u00e4rvus<\/th>\n<td>Valge<\/td>\n<\/tr>\n<tr>\n<th>K\u00f5rgus<\/th>\n<td>568 mm<\/td>\n<\/tr>\n<tr>\n<th>Laius<\/th>\n<td>258 mm<\/td>\n<\/tr>\n<tr>\n<th>S\u00fcgavus<\/th>\n<td>451 mm<\/td>\n<\/tr>\n<tr>\n<th>Kaal<\/th>\n<td>14 kg<\/td>\n<\/tr>\n<\/tbody>\n<\/table>\n<\/div>\n<p>Kui otsid premium-klassi lahendust, on Darkflash DY451L valge arvutikorpus ideaalne valik nii arvutim\u00e4nguritele kui ka entusiastidele, kes hindavad kvaliteeti, paindlikkust ja modernset disaini.<\/p>\n","protected":false},"excerpt":{"rendered":"<p>Valge arvutikorpus Darkflash DY451L Big Tower, klaaspaneel, ATX, ilma ventilaatoriteta Valge arvutikorpus Darkflash DY451L on ruumikas ja kaasaegne ATX tornkorpus, mis sobib n\u00f5udliku kasutaja vajadustele \u2013 olgu tegemist siis m\u00e4nguri v\u00f5i arvutiehitajaga. Minimalistlik disain ja valge v\u00e4rvitoon loovad silmapaistva v\u00e4limuse, samal ajal kui avar sisemus v\u00f5imaldab sisse paigutada ka k\u00f5ige v\u00f5imsama riistvara. Klaaspaneel annab v\u00f5imaluse [&hellip;]<\/p>\n","protected":false},"featured_media":181196,"comment_status":"open","ping_status":"open","template":"","meta":[],"product_brand":[2966],"product_cat":[3136],"product_tag":[],"class_list":{"0":"post-181190","1":"product","2":"type-product","3":"status-publish","4":"has-post-thumbnail","6":"product_brand-darkflash","7":"product_cat-ilma-ventilaatoriteta-arvutikorpused","8":"product_shipping_class-innpro","10":"first","11":"instock","12":"sale","13":"taxable","14":"shipping-taxable","15":"purchasable","16":"product-type-simple"},"_links":{"self":[{"href":"https:\/\/blankpage.ee\/_ruumist-ruumi\/wp-json\/wp\/v2\/product\/181190","targetHints":{"allow":["GET"]}}],"collection":[{"href":"https:\/\/blankpage.ee\/_ruumist-ruumi\/wp-json\/wp\/v2\/product"}],"about":[{"href":"https:\/\/blankpage.ee\/_ruumist-ruumi\/wp-json\/wp\/v2\/types\/product"}],"replies":[{"embeddable":true,"href":"https:\/\/blankpage.ee\/_ruumist-ruumi\/wp-json\/wp\/v2\/comments?post=181190"}],"wp:featuredmedia":[{"embeddable":true,"href":"https:\/\/blankpage.ee\/_ruumist-ruumi\/wp-json\/wp\/v2\/media\/181196"}],"wp:attachment":[{"href":"https:\/\/blankpage.ee\/_ruumist-ruumi\/wp-json\/wp\/v2\/media?parent=181190"}],"wp:term":[{"taxonomy":"product_brand","embeddable":true,"href":"https:\/\/blankpage.ee\/_ruumist-ruumi\/wp-json\/wp\/v2\/product_brand?post=181190"},{"taxonomy":"product_cat","embeddable":true,"href":"https:\/\/blankpage.ee\/_ruumist-ruumi\/wp-json\/wp\/v2\/product_cat?post=181190"},{"taxonomy":"product_tag","embeddable":true,"href":"https:\/\/blankpage.ee\/_ruumist-ruumi\/wp-json\/wp\/v2\/product_tag?post=181190"}],"curies":[{"name":"wp","href":"https:\/\/api.w.org\/{rel}","templated":true}]}}