{"id":181280,"date":"2025-04-23T00:28:24","date_gmt":"2025-04-23T00:28:24","guid":{"rendered":"https:\/\/ruumistruumi.ee\/pood\/usb-c-xr-adapter-viture-one-pro-45w-usb-3-2-must-laadija-xr-prillidele\/"},"modified":"2025-08-21T08:17:32","modified_gmt":"2025-08-21T08:17:32","slug":"usb-c-xr-adapter-viture-one-pro-45w-usb-3-2-must-laadija-xr-prillidele","status":"publish","type":"product","link":"https:\/\/blankpage.ee\/_ruumist-ruumi\/pood\/usb-c-xr-adapter-viture-one-pro-45w-usb-3-2-must-laadija-xr-prillidele\/","title":{"rendered":"USB-C XR adapter VITURE One Pro (45W, USB 3.2, must) \u2013 laadija XR-prillidele"},"content":{"rendered":"<h3>USB-C XR adapter VITURE One Pro \u2013 ideaalne valik m\u00e4nguritele ja XR-prillide kasutajatele<\/h3>\n<p>VITURE One Pro USB-C XR adapter on loodud neile, kes soovivad XR-prille kasutades samaaegselt laadida ka oma seadet. See mitmek\u00fclgne USB-C XR adapter v\u00f5imaldab korraga kasutada nii voolu- kui ka videov\u00e4ljundit, sobides ideaalselt iPhone\u2019i, Nintendo Switchi, Steam Decki ja k\u00f5ikidele teistele seadmetele, mis toetavad USB-C DisplayPort liidest. Nii saad nautida katkestuseta m\u00e4ngimist v\u00f5i voogedastust isegi pikemate seansside ajal v\u00f5i liikvel olles.<\/p>\n<p><img decoding=\"async\" src=\"https:\/\/blankpage.ee\/_ruumist-ruumi\/wp-content\/uploads\/2025\/04\/1-1014.webp\" alt=\"VITURE One Pro USB-C XR adapter \u2013 must laadimisadapter esi- ja k\u00fcljelt vaadatuna\"\/><\/p>\n<h3>Kiire t\u00f6\u00f6, lai \u00fchilduvus ja turvaline laadimine<\/h3>\n<p>Adapter \u00fchildub k\u00f5igi USB-C DisplayPort toega seadmetega, pakkudes kuni 10 Gbit\/s andmeedastuskiirust ja tuge resolutsioonile kuni 3840 \u00d7 1080 @ 60Hz. 45 W v\u00f5imsus tagab kiire ja stabiilse laadimise. T\u00e4nu sellele tagab USB-C XR adapter laitmatu XR-prillide kasutuskogemuse ning sobib suurep\u00e4raselt ka n\u00f5udlike rakenduste ja m\u00e4ngudega. Sarnaselt s\u00fcnon\u00fc\u00fcmile &#8220;USB-C adapter&#8221;, on see adapter suurep\u00e4rane lahendus k\u00f5ikidele, kes hindavad mobiilsust ja t\u00f5rgeteta \u00fchendust.<\/p>\n<p><img decoding=\"async\" src=\"https:\/\/blankpage.ee\/_ruumist-ruumi\/wp-content\/uploads\/2025\/04\/2-941.webp\" alt=\"USB-C adapter kasutuses iPhone\u2019i, Switchi ja Steam Deckiga, pilt n\u00e4itab laadil \u00fchendatud seadmeid\"\/><\/p>\n<h3>Tehnilised andmed<\/h3>\n<div class=\"table-wrapper\">\n<table>\n<tbody>\n<tr>\n<th>Tootja<\/th>\n<td>VITURE<\/td>\n<\/tr>\n<tr>\n<th>Tootekood<\/th>\n<td>One-CtoG-Adp-Blk<\/td>\n<\/tr>\n<tr>\n<th>V\u00e4rv<\/th>\n<td>must<\/td>\n<\/tr>\n<tr>\n<th>M\u00f5\u00f5tmed<\/th>\n<td>160 \u00d7 35 \u00d7 10 mm<\/td>\n<\/tr>\n<tr>\n<th>Kaal<\/th>\n<td>21,5 g<\/td>\n<\/tr>\n<tr>\n<th>V\u00f5imsus<\/th>\n<td>45 W<\/td>\n<\/tr>\n<tr>\n<th>Liides<\/th>\n<td>USB-C (isane \u2013 emane)<\/td>\n<\/tr>\n<tr>\n<th>Edastuskiirus<\/th>\n<td>10 Gbit\/s; 1920 \u00d7 1080 @ 60Hz, 3840 \u00d7 1080 @ 60Hz<\/td>\n<\/tr>\n<tr>\n<th>Standard<\/th>\n<td>USB 3.2 Gen1<\/td>\n<\/tr>\n<\/tbody>\n<\/table>\n<\/div>\n","protected":false},"excerpt":{"rendered":"<p>USB-C XR adapter VITURE One Pro \u2013 ideaalne valik m\u00e4nguritele ja XR-prillide kasutajatele VITURE One Pro USB-C XR adapter on loodud neile, kes soovivad XR-prille kasutades samaaegselt laadida ka oma seadet. See mitmek\u00fclgne USB-C XR adapter v\u00f5imaldab korraga kasutada nii voolu- kui ka videov\u00e4ljundit, sobides ideaalselt iPhone\u2019i, Nintendo Switchi, Steam Decki ja k\u00f5ikidele teistele seadmetele, [&hellip;]<\/p>\n","protected":false},"featured_media":181283,"comment_status":"open","ping_status":"open","template":"","meta":[],"product_brand":[3029],"product_cat":[3185],"product_tag":[],"class_list":{"0":"post-181280","1":"product","2":"type-product","3":"status-publish","4":"has-post-thumbnail","6":"product_brand-viture","7":"product_cat-ar-prillid","8":"product_shipping_class-innpro","10":"first","11":"instock","12":"sale","13":"taxable","14":"shipping-taxable","15":"purchasable","16":"product-type-simple"},"_links":{"self":[{"href":"https:\/\/blankpage.ee\/_ruumist-ruumi\/wp-json\/wp\/v2\/product\/181280","targetHints":{"allow":["GET"]}}],"collection":[{"href":"https:\/\/blankpage.ee\/_ruumist-ruumi\/wp-json\/wp\/v2\/product"}],"about":[{"href":"https:\/\/blankpage.ee\/_ruumist-ruumi\/wp-json\/wp\/v2\/types\/product"}],"replies":[{"embeddable":true,"href":"https:\/\/blankpage.ee\/_ruumist-ruumi\/wp-json\/wp\/v2\/comments?post=181280"}],"wp:featuredmedia":[{"embeddable":true,"href":"https:\/\/blankpage.ee\/_ruumist-ruumi\/wp-json\/wp\/v2\/media\/181283"}],"wp:attachment":[{"href":"https:\/\/blankpage.ee\/_ruumist-ruumi\/wp-json\/wp\/v2\/media?parent=181280"}],"wp:term":[{"taxonomy":"product_brand","embeddable":true,"href":"https:\/\/blankpage.ee\/_ruumist-ruumi\/wp-json\/wp\/v2\/product_brand?post=181280"},{"taxonomy":"product_cat","embeddable":true,"href":"https:\/\/blankpage.ee\/_ruumist-ruumi\/wp-json\/wp\/v2\/product_cat?post=181280"},{"taxonomy":"product_tag","embeddable":true,"href":"https:\/\/blankpage.ee\/_ruumist-ruumi\/wp-json\/wp\/v2\/product_tag?post=181280"}],"curies":[{"name":"wp","href":"https:\/\/api.w.org\/{rel}","templated":true}]}}