{"id":181296,"date":"2025-04-23T00:33:53","date_gmt":"2025-04-23T00:33:53","guid":{"rendered":"https:\/\/ruumistruumi.ee\/pood\/ar-nutikad-prillid-xreal-air-2-ultra-titaanraam-1080p-oled-120hz\/"},"modified":"2025-08-21T08:17:32","modified_gmt":"2025-08-21T08:17:32","slug":"ar-nutikad-prillid-xreal-air-2-ultra-titaanraam-1080p-oled-120hz","status":"publish","type":"product","link":"https:\/\/blankpage.ee\/_ruumist-ruumi\/pood\/ar-nutikad-prillid-xreal-air-2-ultra-titaanraam-1080p-oled-120hz\/","title":{"rendered":"AR nutikad prillid XREAL Air 2 Ultra (titaanraam, 1080p OLED, 120Hz)"},"content":{"rendered":"<h3>AR nutikad prillid XREAL Air 2 Ultra \u2013 sukeldumiseks uude reaalsusesse<\/h3>\n<p>AR nutikad prillid XREAL Air 2 Ultra avardavad sinu m\u00e4ngu- ja meelelahutuselamusi uuel tasemel. T\u00e4nu SONY micro OLED-ekraanile ja 1080p lahutusv\u00f5imele saad nautida erakordselt teravat pilti ning v\u00e4rvirikkaid detaile, olgu su ees ulmefilmid, virtuaalmaailmad v\u00f5i lemmikseriaalid. Sisseehitatud stereo k\u00f5larid ja kvaliteetne mikrofon v\u00f5imaldavad suhelda m\u00e4ngukaaslastega v\u00f5i osaleda otse\u00fclekannetes ilma segajateta \u2013 just nii, nagu t\u00f5elised m\u00e4ngurid ootavad.<\/p>\n<p><img decoding=\"async\" src=\"https:\/\/blankpage.ee\/_ruumist-ruumi\/wp-content\/uploads\/2025\/04\/6-658.webp\" alt=\"XREAL Air 2 Ultra AR nutikad prillid musta titaanraamiga\" \/><\/p>\n<h3>T\u00e4psed 3D-andurid kiiremaks reageerimiseks<\/h3>\n<p>Kahe 3D-anduriga prillid tunnetavad \u00fcmbritsevat keskkonda \u00fclikiirelt ja t\u00e4pselt. T\u00e4nu sellele j\u00e4rgivad liikumist reaalajas ka kiirete m\u00e4ngude v\u00f5i virtuaalsete olukordade puhul, mis tagab \u00fclima sujuvuse ja reaktsiooni.<\/p>\n<p><img decoding=\"async\" src=\"https:\/\/blankpage.ee\/_ruumist-ruumi\/wp-content\/uploads\/2025\/04\/1-1017.webp\" alt=\"Virtuaalprillid XREAL Air 2 Ultra 3D-anduritega\" \/><\/p>\n<h3>Maksimaalne ekraanikogemus ning reguleeritav pildikvaliteet<\/h3>\n<p>XREAL Air 2 Ultra kuvab virtuaalse ekraani kuni 154-tollise diagonaaliga! 52\u00b0 vaatenurk, eraldusv\u00f5ime 1920&#215;1080 pikslit silma kohta ning 120 Hz v\u00e4rskendussagedus (2D) v\u00f5i 90 Hz (3D) tagavad sujuva, selge ja reaalsustruu pildi. Kolmeastmeline tumeduse seadistus v\u00f5imaldab mugavalt vaadata nii p\u00e4evavalguses kui ka h\u00e4maras. Gamma 2.2 tehnoloogia toob detailid esile ka pimedates stseenides.<\/p>\n<p><img decoding=\"async\" src=\"https:\/\/blankpage.ee\/_ruumist-ruumi\/wp-content\/uploads\/2025\/04\/3-907.webp\" alt=\"Suur virtuaalekraan AR nutikate prillide jaoks\" \/><\/p>\n<h3>Optimeeritud heli ja privaatsus<\/h3>\n<p>Kaks mikrofoni ja suunatud heli tehnoloogia v\u00e4hendavad taustam\u00fcra ning pakuvad selget, privaatset helikogemust. Enhanced Directional Audio keskendab heli t\u00e4pselt sinuni.<\/p>\n<p><img decoding=\"async\" src=\"https:\/\/blankpage.ee\/_ruumist-ruumi\/wp-content\/uploads\/2025\/04\/7-574.webp\" alt=\"AR nutikate prillide XREAL Air 2 Ultra helilahendus\" \/><\/p>\n<h3>Kerge ja vastupidav titaanraam \u2013 tipptasemel mugavus<\/h3>\n<p>Kvaliteetsest titaanist valmistatud prillid kaaluvad vaid 83 grammi ning nende T\u00dcV-sertifikaadiga klaasid s\u00e4\u00e4stavad sinu silmi ka pikemate kasutussessioonide ajal. Sangade kolmeastmeline reguleerimine ning vahetatavad ninapadjad (S\/M\/L) tagavad mugava kandmise iga\u00fchele. Prillid sobivad ka korrektsiooniklaaside kandmiseks.<\/p>\n<p><img decoding=\"async\" src=\"https:\/\/blankpage.ee\/_ruumist-ruumi\/wp-content\/uploads\/2025\/04\/8-357.webp\" alt=\"Titaanraamiga AR nutikad prillid XREAL Air 2 Ultra\" \/><\/p>\n<h3>Veelgi kaasahaaravam kogemus 6DoF toe ja Beam Pro adapteriga<\/h3>\n<p>Liida juurde <a href=\"https:\/\/blankpage.ee\/_ruumist-ruumi\/pood\/ar-prillide-adapter-xreal-beam-pro-8gb-256gb-valge\/\" target=\"_blank\" rel=\"noopener\">XREAL Beam Pro adapter<\/a> (m\u00fc\u00fcgil eraldi), et kasutada 6DoF ehk t\u00e4ismahus ruumitaju v\u00f5imalusi: ekraan liigub kaasa sinu liikumisega, v\u00f5imaldades vabalt p\u00f6\u00f6rata ja ringi liikuda virtuaalmaailmas. Toetab seadmeid nagu Samsung Galaxy S22\/S23, MacBook, SteamDeck, Windows ja k\u00f5iki USB-C v\u00f5i HDMI v\u00e4ljundiga seadmeid.<\/p>\n<p><img decoding=\"async\" src=\"https:\/\/blankpage.ee\/_ruumist-ruumi\/wp-content\/uploads\/2025\/04\/2-944.webp\" alt=\"XREAL Beam Pro adapteriga AR nutikad prillid\" \/><\/p>\n<h3>Tehnilised andmed<\/h3>\n<table>\n<tbody>\n<tr>\n<th>Tootja<\/th>\n<td>XREAL<\/td>\n<\/tr>\n<tr>\n<th>Mudel<\/th>\n<td>Air 2 Ultra<\/td>\n<\/tr>\n<tr>\n<th>Ekraan<\/th>\n<td>SONY micro OLED (0,68&#8243;)<\/td>\n<\/tr>\n<tr>\n<th>Eraldusv\u00f5ime<\/th>\n<td>1920x1080p (igal silmal)<\/td>\n<\/tr>\n<tr>\n<th>V\u00e4rskendussagedus<\/th>\n<td>2D: 120Hz, 3D: 90Hz<\/td>\n<\/tr>\n<tr>\n<th>Vaatenurk<\/th>\n<td>52\u00b0<\/td>\n<\/tr>\n<tr>\n<th>Kaal<\/th>\n<td>83 g<\/td>\n<\/tr>\n<tr>\n<th>Materjal<\/th>\n<td>Titaan<\/td>\n<\/tr>\n<tr>\n<th>Tumenduse tase<\/th>\n<td>0% \/ 35% \/ 100%<\/td>\n<\/tr>\n<tr>\n<th>Komplektis<\/th>\n<td>Prillid, USB-C kaabel, puhastuslapp, kaitse\u00fcmbris, kasutusjuhend, ninapadjad S\/M\/L<\/td>\n<\/tr>\n<\/tbody>\n<\/table>\n","protected":false},"excerpt":{"rendered":"<p>AR nutikad prillid XREAL Air 2 Ultra \u2013 sukeldumiseks uude reaalsusesse AR nutikad prillid XREAL Air 2 Ultra avardavad sinu m\u00e4ngu- ja meelelahutuselamusi uuel tasemel. T\u00e4nu SONY micro OLED-ekraanile ja 1080p lahutusv\u00f5imele saad nautida erakordselt teravat pilti ning v\u00e4rvirikkaid detaile, olgu su ees ulmefilmid, virtuaalmaailmad v\u00f5i lemmikseriaalid. Sisseehitatud stereo k\u00f5larid ja kvaliteetne mikrofon v\u00f5imaldavad suhelda [&hellip;]<\/p>\n","protected":false},"featured_media":181303,"comment_status":"open","ping_status":"closed","template":"","meta":[],"product_brand":[3184],"product_cat":[3185],"product_tag":[],"class_list":{"0":"post-181296","1":"product","2":"type-product","3":"status-publish","4":"has-post-thumbnail","6":"product_brand-xreal","7":"product_cat-ar-prillid","8":"product_shipping_class-innpro","10":"first","11":"instock","12":"sale","13":"taxable","14":"shipping-taxable","15":"purchasable","16":"product-type-simple"},"_links":{"self":[{"href":"https:\/\/blankpage.ee\/_ruumist-ruumi\/wp-json\/wp\/v2\/product\/181296","targetHints":{"allow":["GET"]}}],"collection":[{"href":"https:\/\/blankpage.ee\/_ruumist-ruumi\/wp-json\/wp\/v2\/product"}],"about":[{"href":"https:\/\/blankpage.ee\/_ruumist-ruumi\/wp-json\/wp\/v2\/types\/product"}],"replies":[{"embeddable":true,"href":"https:\/\/blankpage.ee\/_ruumist-ruumi\/wp-json\/wp\/v2\/comments?post=181296"}],"wp:featuredmedia":[{"embeddable":true,"href":"https:\/\/blankpage.ee\/_ruumist-ruumi\/wp-json\/wp\/v2\/media\/181303"}],"wp:attachment":[{"href":"https:\/\/blankpage.ee\/_ruumist-ruumi\/wp-json\/wp\/v2\/media?parent=181296"}],"wp:term":[{"taxonomy":"product_brand","embeddable":true,"href":"https:\/\/blankpage.ee\/_ruumist-ruumi\/wp-json\/wp\/v2\/product_brand?post=181296"},{"taxonomy":"product_cat","embeddable":true,"href":"https:\/\/blankpage.ee\/_ruumist-ruumi\/wp-json\/wp\/v2\/product_cat?post=181296"},{"taxonomy":"product_tag","embeddable":true,"href":"https:\/\/blankpage.ee\/_ruumist-ruumi\/wp-json\/wp\/v2\/product_tag?post=181296"}],"curies":[{"name":"wp","href":"https:\/\/api.w.org\/{rel}","templated":true}]}}