{"id":181338,"date":"2025-04-23T00:56:02","date_gmt":"2025-04-23T00:56:02","guid":{"rendered":"https:\/\/ruumistruumi.ee\/pood\/keychron-mehaaniline-klaviatuur-v1-max-banana-switch-must-juhtmevaba-rgb\/"},"modified":"2025-08-21T08:17:31","modified_gmt":"2025-08-21T08:17:31","slug":"keychron-mehaaniline-klaviatuur-v1-max-banana-switch-must-juhtmevaba-rgb","status":"publish","type":"product","link":"https:\/\/blankpage.ee\/_ruumist-ruumi\/pood\/keychron-mehaaniline-klaviatuur-v1-max-banana-switch-must-juhtmevaba-rgb\/","title":{"rendered":"Keychron mehaaniline klaviatuur V1 Max Banana Switch (must, juhtmevaba RGB)"},"content":{"rendered":"<h3>Keychron mehaaniline klaviatuur V1 Max \u2013 juhtmevaba RGB ja Banana l\u00fclitid (must)<\/h3>\n<p>Keychron V1 Max on kompaktne, 75% paigutusega mehaaniline klaviatuur, mis sobib suurep\u00e4raselt nii m\u00e4ngimiseks kui ka igap\u00e4evat\u00f6\u00f6ks. Gateron Jupiter Banana l\u00fclititega saavutad erakordselt sujuva ja kiire reageerimise \u2013 sobiv intensiivseks m\u00e4ngimiseks ning mugavaks kirjutamiseks. T\u00e4nu hot-swap tehnoloogiale saad vajadusel l\u00fcliteid kiiresti ja lihtsalt vahetada, ilma jootmist\u00f6\u00f6deta. Keychron mehaaniline klaviatuur pakub t\u00f6\u00f6kindlust ja kvaliteeti k\u00f5ikides olukordades.<\/p>\n<p><img decoding=\"async\" alt=\"Keychron mehaaniline klaviatuur V1 Max musta korpusega, vaade \u00fclevalt\" src=\"https:\/\/blankpage.ee\/_ruumist-ruumi\/wp-content\/uploads\/2025\/04\/1-1022.webp\" \/><\/p>\n<h3>Mitmek\u00fclgsed \u00fchendusv\u00f5imalused ja stabiilne \u00fchendus<\/h3>\n<p>See Keychron mehaaniline klaviatuur pakub kolme \u00fchendusviisi: kiire 2.4 GHz juhtmevaba \u00fchendus (1000 Hz polling rate, ideaalne madala latentsusega m\u00e4ngimiseks), Bluetooth 5.1 (\u00fchendatav kuni kolme seadmega ning v\u00f5imaldab nende vahel kiiret vahetust) ja klassikaline juhtmega USB-C \u00fchendus. Seega sobib klaviatuur igale kasutajale, kes ootab parimat \u00fchenduspaindlikkust.<\/p>\n<p><img decoding=\"async\" alt=\"Juhtmevaba ja Bluetooth-\u00fchendusega Keychron mehaanilise klaviatuuri \u00fchendusv\u00f5imalused\" src=\"https:\/\/blankpage.ee\/_ruumist-ruumi\/wp-content\/uploads\/2025\/04\/2-949.webp\" \/><\/p>\n<h3>Personaalne seadistamine ja programmeeritavad funktsioonid<\/h3>\n<p>Iga Keychron V1 Max klaviatuuri osa on lihtsasti kohandatav. PCB sobib nii MX 3-pin kui ka 5-pin l\u00fclititele, v\u00f5imaldades luua endale sobivaima konfiguratsiooni. QMK ja Keychron Launcher annavad vabaduse programmeerida klahve, luua makrosid ning seada RGB valgustust \u2013 k\u00f5ik ilma lisatarkvara vajaduseta.<\/p>\n<p><img decoding=\"async\" alt=\"Keychron V1 Max \u2013 v\u00f5imalus vahetada klahve ja l\u00fcliteid vastavalt eelistustele\" src=\"https:\/\/blankpage.ee\/_ruumist-ruumi\/wp-content\/uploads\/2025\/04\/3-912.webp\" \/><\/p>\n<h3>Mugav &#8220;gasket mount&#8221; ehitus vaikseks ja pehmeks kasutuseks<\/h3>\n<p>Klaviatuuril on pol\u00fckarbonaadist plaat ja &#8220;gasket mount&#8221; konstruktsioon, mis summutab klahvivajutuse heli ning muudab kasutuskogemuse meeldivalt vaikseks ja pehmeks. See sobib suurep\u00e4raselt nii hilis\u00f5htuseks m\u00e4nguks kui vaikseks t\u00f6\u00f6ks kontoris v\u00f5i kodus.<\/p>\n<p><img decoding=\"async\" alt=\"L\u00e4bil\u00f5ige Keychron mehaanilise klaviatuuri gasket mount konstruktsioonist\" src=\"https:\/\/blankpage.ee\/_ruumist-ruumi\/wp-content\/uploads\/2025\/04\/4-840.webp\" \/><\/p>\n<h3>Kulumikindlad PBT OSA profiiliga klahvikatted<\/h3>\n<p>Klaviatuuril on vastupidavad topeltvalu PBT-klahvikatted OSA profiiliga (OEM k\u00f5rgus, SA kuju), mis ei kulu kiiresti ega muutu pindmiselt l\u00e4ikivaks. See tagab mugava kasutuse ka pikkadel t\u00f6\u00f6- v\u00f5i m\u00e4ngusessioonidel.<\/p>\n<p><img decoding=\"async\" alt=\"PBT OSA profiiliga klahvikatted Keychron V1 Max klaviatuuril\" src=\"https:\/\/blankpage.ee\/_ruumist-ruumi\/wp-content\/uploads\/2025\/04\/6-662.webp\" \/><\/p>\n<h3>Tehnilised andmed<\/h3>\n<table>\n<tr>\n<th>T\u00fc\u00fcp<\/th>\n<td>Mehaaniline<\/td>\n<\/tr>\n<tr>\n<th>L\u00fclitid<\/th>\n<td>Gateron Jupiter Banana (hot-swap)<\/td>\n<\/tr>\n<tr>\n<th>Klahvikatted<\/th>\n<td>PBT, OSA profiil<\/td>\n<\/tr>\n<tr>\n<th>\u00dchendused<\/th>\n<td>2.4 GHz, Bluetooth 5.1, USB-C<\/td>\n<\/tr>\n<tr>\n<th>Taastekiirus<\/th>\n<td>1000 Hz (2.4 GHz \/ juhtmega), 90 Hz (Bluetooth)<\/td>\n<\/tr>\n<tr>\n<th>Aku<\/th>\n<td>Li-po, 4000 mAh (kuni 225 tundi ilma valgustuseta)<\/td>\n<\/tr>\n<tr>\n<th>Operatsioonis\u00fcsteemid<\/th>\n<td>Windows \/ macOS \/ Linux<\/td>\n<\/tr>\n<tr>\n<th>Valgustus<\/th>\n<td>RGB-taustavalgus<\/td>\n<\/tr>\n<tr>\n<th>Kaal<\/th>\n<td>Ca 770 g (komplekteeritud)<\/td>\n<\/tr>\n<tr>\n<th>M\u00f5\u00f5dud<\/th>\n<td>328,5 x 148,7 x 21,5\u201329,4 mm<\/td>\n<\/tr>\n<\/table>\n<p>Komplektis: klaviatuur, USB-C\u2013USB-C kaabel, USB-A\u2013USB-C adapter, 2.4 GHz USB-A ja USB-C vastuv\u00f5tjad, keycap- ja switch-t\u00f5mmits, kruvikeeraja ning kuuskantv\u00f5ti. Keychron mehaaniline klaviatuur on kindel valik igale mugavuse ning vastupidavuse hindajale.<\/p>\n","protected":false},"excerpt":{"rendered":"<p>Keychron mehaaniline klaviatuur V1 Max \u2013 juhtmevaba RGB ja Banana l\u00fclitid (must) Keychron V1 Max on kompaktne, 75% paigutusega mehaaniline klaviatuur, mis sobib suurep\u00e4raselt nii m\u00e4ngimiseks kui ka igap\u00e4evat\u00f6\u00f6ks. Gateron Jupiter Banana l\u00fclititega saavutad erakordselt sujuva ja kiire reageerimise \u2013 sobiv intensiivseks m\u00e4ngimiseks ning mugavaks kirjutamiseks. T\u00e4nu hot-swap tehnoloogiale saad vajadusel l\u00fcliteid kiiresti ja lihtsalt [&hellip;]<\/p>\n","protected":false},"featured_media":181344,"comment_status":"open","ping_status":"open","template":"","meta":[],"product_brand":[3192],"product_cat":[3139],"product_tag":[],"class_list":{"0":"post-181338","1":"product","2":"type-product","3":"status-publish","4":"has-post-thumbnail","6":"product_brand-keychron","7":"product_cat-juhtmevabad-klaviatuurid","8":"product_shipping_class-innpro","10":"first","11":"instock","12":"sale","13":"taxable","14":"shipping-taxable","15":"purchasable","16":"product-type-simple"},"_links":{"self":[{"href":"https:\/\/blankpage.ee\/_ruumist-ruumi\/wp-json\/wp\/v2\/product\/181338","targetHints":{"allow":["GET"]}}],"collection":[{"href":"https:\/\/blankpage.ee\/_ruumist-ruumi\/wp-json\/wp\/v2\/product"}],"about":[{"href":"https:\/\/blankpage.ee\/_ruumist-ruumi\/wp-json\/wp\/v2\/types\/product"}],"replies":[{"embeddable":true,"href":"https:\/\/blankpage.ee\/_ruumist-ruumi\/wp-json\/wp\/v2\/comments?post=181338"}],"wp:featuredmedia":[{"embeddable":true,"href":"https:\/\/blankpage.ee\/_ruumist-ruumi\/wp-json\/wp\/v2\/media\/181344"}],"wp:attachment":[{"href":"https:\/\/blankpage.ee\/_ruumist-ruumi\/wp-json\/wp\/v2\/media?parent=181338"}],"wp:term":[{"taxonomy":"product_brand","embeddable":true,"href":"https:\/\/blankpage.ee\/_ruumist-ruumi\/wp-json\/wp\/v2\/product_brand?post=181338"},{"taxonomy":"product_cat","embeddable":true,"href":"https:\/\/blankpage.ee\/_ruumist-ruumi\/wp-json\/wp\/v2\/product_cat?post=181338"},{"taxonomy":"product_tag","embeddable":true,"href":"https:\/\/blankpage.ee\/_ruumist-ruumi\/wp-json\/wp\/v2\/product_tag?post=181338"}],"curies":[{"name":"wp","href":"https:\/\/api.w.org\/{rel}","templated":true}]}}