{"id":181348,"date":"2025-04-23T01:05:55","date_gmt":"2025-04-23T01:05:55","guid":{"rendered":"https:\/\/ruumistruumi.ee\/pood\/juhtmevaba-ultraohuke-klaviatuur-keychron-b6-pro-2-4g-bluetooth-hall\/"},"modified":"2025-08-07T18:23:32","modified_gmt":"2025-08-07T18:23:32","slug":"juhtmevaba-ultraohuke-klaviatuur-keychron-b6-pro-2-4g-bluetooth-hall","status":"publish","type":"product","link":"https:\/\/blankpage.ee\/_ruumist-ruumi\/pood\/juhtmevaba-ultraohuke-klaviatuur-keychron-b6-pro-2-4g-bluetooth-hall\/","title":{"rendered":"Juhtmevaba ultra\u00f5huke klaviatuur Keychron B6 Pro (2.4G, Bluetooth, hall)"},"content":{"rendered":"<h3>Juhtmevaba klaviatuur Keychron B6 Pro \u2013 ultra\u00f5huke lahendus m\u00e4nguritele<\/h3>\n<p>Keychron B6 Pro 2.4G on t\u00e4issuuruses ja eriti \u00f5hukese profiiliga juhtmevaba klaviatuur, mis sobib suurep\u00e4raselt m\u00e4ngimiseks ning igap\u00e4evaseks t\u00f6\u00f6ks. Kaaludes k\u00f5igest 623 grammi ning halli viimistlusega, pakub see klaviatuur laialdast \u00fchilduvust erinevate operatsioonis\u00fcsteemidega ning mugavat kasutuskogemust.<\/p>\n<p><img decoding=\"async\" alt=\"Ultra\u00f5huke juhtmevaba klaviatuur Keychron B6 Pro hallina laual\" src=\"https:\/\/blankpage.ee\/_ruumist-ruumi\/wp-content\/uploads\/2025\/04\/1-1024.webp\"\/><\/p>\n<h3>V\u00f5imas aku pikkadeks t\u00f6\u00f6- ja m\u00e4ngusessioonideks<\/h3>\n<p>800 mAh liitium-pol\u00fcmeer aku tagab kuni 1200 tundi kasutusaega \u00fche laadimisega \u2013 see t\u00e4hendab ligikaudu 8 kuud igap\u00e4evast kasutamist (5 tundi p\u00e4evas). Klaviatuuri saab kasutada laadimise ajal, mist\u00f5ttu ei tule katkestada tegevusi ka k\u00f5ige pingelisematel hetkedel.<\/p>\n<p><img decoding=\"async\" alt=\"Juhtmevaba klaviatuur pikkade t\u00f6\u00f6aegadega aku r\u00f5hutusega\" src=\"https:\/\/blankpage.ee\/_ruumist-ruumi\/wp-content\/uploads\/2025\/04\/2-950.webp\"\/><\/p>\n<h3>Kiire ja stabiilne \u00fchendus \u2013 ideaalne m\u00e4nguritele ja igap\u00e4evat\u00f6\u00f6ks<\/h3>\n<p>Saab valida kahe juhtmevaba \u00fchendusre\u017eiimi vahel: 2.4 GHz (polling rate 1000 Hz \u2013 suurep\u00e4rane m\u00e4ngusessioonideks) ning Bluetooth 5.2. Toetatud on mitme seadme \u00fchendus ja kerge \u00fchenduste vahetamine. Klaviatuuri saad kasutada ka juhtmega l\u00e4bi USB-C \u00fchenduse.<\/p>\n<p><img decoding=\"async\" alt=\"Keychron B6 Pro mitme \u00fchenduse valikuga juhtmevaba klaviatuur\" src=\"https:\/\/blankpage.ee\/_ruumist-ruumi\/wp-content\/uploads\/2025\/04\/3-913.webp\"\/><\/p>\n<h3>Paindlikud seadistusv\u00f5imalused ja isikup\u00e4rastamine<\/h3>\n<p>Keychron Launcher veebirakenduse abil saab seadistada klahve, luua makrosid ja kiirklahve \u2013 v\u00f5imalus kohandada juhtmevaba klaviatuur vastavalt just sinu vajadustele ja harjumustele.<\/p>\n<p><img decoding=\"async\" alt=\"Juhtmevaba klaviatuuri seadistamise v\u00f5imalustega Keychron B6 Pro\" src=\"https:\/\/blankpage.ee\/_ruumist-ruumi\/wp-content\/uploads\/2025\/04\/4-841.webp\"\/><\/p>\n<h3>Lai \u00fchilduvus erinevate s\u00fcsteemidega<\/h3>\n<p>B6 Pro sobib nii macOS, Windowsi kui ka Linuxi kasutajatele. Klaviatuuril on macOSile optimeeritud paigutus, kuid seda saab h\u00f5lpsasti kohandada ka teistele platvormidele. Klahvikorgid ei vaja vahetamist s\u00fcsteemide vahel.<\/p>\n<p><img decoding=\"async\" alt=\"Keychron B6 Pro juhtmevaba klaviatuur \u00fchilduv erinevate seadmetega\" src=\"https:\/\/blankpage.ee\/_ruumist-ruumi\/wp-content\/uploads\/2025\/04\/5-744.webp\"\/><\/p>\n<h3>Ergonoomika ja praktilisus igap\u00e4evasel kasutamisel<\/h3>\n<p>Ultra\u00f5huke profiil (ees 5,2 mm, taga 14,5 mm, kaldenurk 3,2\u00b0) ja kergelt n\u00f5gusad klahvikorgid tagavad mugava tippimise ka pikkade t\u00f6\u00f6- v\u00f5i m\u00e4nguperioodide jooksul. Komplekti kuulub ka silikoonkate, mis aitab kaitsta klaviatuuri tolmu ja juhuslike vedelikupritsmete eest.<\/p>\n<p><img decoding=\"async\" alt=\"\u00d5huke ergonoomiline juhtmevaba klaviatuur koos tolmu- ja kaitsekilega\" src=\"https:\/\/blankpage.ee\/_ruumist-ruumi\/wp-content\/uploads\/2025\/04\/6-663.webp\"\/><\/p>\n<h3>Komplektis<\/h3>\n<ul>\n<li>Juhtmevaba klaviatuur Keychron B6 Pro<\/li>\n<li>USB-C kaabel<\/li>\n<li>USB-A \u2013 USB-C adapter<\/li>\n<li>2.4GHz USB-A vastuv\u00f5tja<\/li>\n<li>Silikoonkate<\/li>\n<\/ul>\n<h3>Tehnilised andmed \u2013 Keychron B6 Pro juhtmevaba klaviatuur<\/h3>\n<table>\n<tr>\n<th>Tootja<\/th>\n<td>Keychron<\/td>\n<\/tr>\n<tr>\n<th>Mudel<\/th>\n<td>B6 Pro<\/td>\n<\/tr>\n<tr>\n<th>Klahvide arv<\/th>\n<td>109<\/td>\n<\/tr>\n<tr>\n<th>Paigutus<\/th>\n<td>ANSI, 100%<\/td>\n<\/tr>\n<tr>\n<th>Multimeediaklahve<\/th>\n<td>17<\/td>\n<\/tr>\n<tr>\n<th>Korpus<\/th>\n<td>ABS-plastik<\/td>\n<\/tr>\n<tr>\n<th>Klahvikorgid<\/th>\n<td>ABS-plastik<\/td>\n<\/tr>\n<tr>\n<th>Polling rate<\/th>\n<td>1000 Hz (2,4 GHz ja juhtmega), 90 Hz (Bluetooth)<\/td>\n<\/tr>\n<tr>\n<th>Taustvalgustus<\/th>\n<td>Puudub<\/td>\n<\/tr>\n<tr>\n<th>Aku<\/th>\n<td>800 mAh liitium-pol\u00fcmeer<\/td>\n<\/tr>\n<tr>\n<th>T\u00f6\u00f6aeg<\/th>\n<td>Kuni 1200 tundi<\/td>\n<\/tr>\n<tr>\n<th>Laadimisaeg<\/th>\n<td>~2,5 tundi<\/td>\n<\/tr>\n<tr>\n<th>\u00dchendus<\/th>\n<td>2,4 GHz \/ Bluetooth 5.2 \/ USB-C juhtmega<\/td>\n<\/tr>\n<tr>\n<th>\u00dchilduvus<\/th>\n<td>macOS, Windows, Linux<\/td>\n<\/tr>\n<tr>\n<th>M\u00f5\u00f5dud<\/th>\n<td>429 x 130 mm<\/td>\n<\/tr>\n<tr>\n<th>Kaal<\/th>\n<td>623 g<\/td>\n<\/tr>\n<tr>\n<th>Esi-\/tagak\u00f5rgus<\/th>\n<td>5,2 mm \/ 14,5 mm<\/td>\n<\/tr>\n<tr>\n<th>Kaldenurk<\/th>\n<td>3,2\u00b0<\/td>\n<\/tr>\n<\/table>\n","protected":false},"excerpt":{"rendered":"<p>Juhtmevaba klaviatuur Keychron B6 Pro \u2013 ultra\u00f5huke lahendus m\u00e4nguritele Keychron B6 Pro 2.4G on t\u00e4issuuruses ja eriti \u00f5hukese profiiliga juhtmevaba klaviatuur, mis sobib suurep\u00e4raselt m\u00e4ngimiseks ning igap\u00e4evaseks t\u00f6\u00f6ks. Kaaludes k\u00f5igest 623 grammi ning halli viimistlusega, pakub see klaviatuur laialdast \u00fchilduvust erinevate operatsioonis\u00fcsteemidega ning mugavat kasutuskogemust. V\u00f5imas aku pikkadeks t\u00f6\u00f6- ja m\u00e4ngusessioonideks 800 mAh liitium-pol\u00fcmeer aku [&hellip;]<\/p>\n","protected":false},"featured_media":181355,"comment_status":"open","ping_status":"open","template":"","meta":[],"product_brand":[3192],"product_cat":[3139],"product_tag":[],"class_list":{"0":"post-181348","1":"product","2":"type-product","3":"status-publish","4":"has-post-thumbnail","6":"product_brand-keychron","7":"product_cat-juhtmevabad-klaviatuurid","8":"product_shipping_class-innpro","10":"first","11":"outofstock","12":"sale","13":"taxable","14":"shipping-taxable","15":"purchasable","16":"product-type-simple"},"_links":{"self":[{"href":"https:\/\/blankpage.ee\/_ruumist-ruumi\/wp-json\/wp\/v2\/product\/181348","targetHints":{"allow":["GET"]}}],"collection":[{"href":"https:\/\/blankpage.ee\/_ruumist-ruumi\/wp-json\/wp\/v2\/product"}],"about":[{"href":"https:\/\/blankpage.ee\/_ruumist-ruumi\/wp-json\/wp\/v2\/types\/product"}],"replies":[{"embeddable":true,"href":"https:\/\/blankpage.ee\/_ruumist-ruumi\/wp-json\/wp\/v2\/comments?post=181348"}],"wp:featuredmedia":[{"embeddable":true,"href":"https:\/\/blankpage.ee\/_ruumist-ruumi\/wp-json\/wp\/v2\/media\/181355"}],"wp:attachment":[{"href":"https:\/\/blankpage.ee\/_ruumist-ruumi\/wp-json\/wp\/v2\/media?parent=181348"}],"wp:term":[{"taxonomy":"product_brand","embeddable":true,"href":"https:\/\/blankpage.ee\/_ruumist-ruumi\/wp-json\/wp\/v2\/product_brand?post=181348"},{"taxonomy":"product_cat","embeddable":true,"href":"https:\/\/blankpage.ee\/_ruumist-ruumi\/wp-json\/wp\/v2\/product_cat?post=181348"},{"taxonomy":"product_tag","embeddable":true,"href":"https:\/\/blankpage.ee\/_ruumist-ruumi\/wp-json\/wp\/v2\/product_tag?post=181348"}],"curies":[{"name":"wp","href":"https:\/\/api.w.org\/{rel}","templated":true}]}}