{"id":181871,"date":"2025-01-01T00:00:00","date_gmt":"2025-01-01T00:00:00","guid":{"rendered":"https:\/\/ruumistruumi.ee\/pood\/uksematt-ristkulikuline-beez-120x250-cm\/"},"modified":"2025-08-21T02:14:57","modified_gmt":"2025-08-21T02:14:57","slug":"uksematt-ristkulikuline-beez-120x250-cm","status":"publish","type":"product","link":"https:\/\/blankpage.ee\/_ruumist-ruumi\/pood\/uksematt-ristkulikuline-beez-120x250-cm\/","title":{"rendered":"Uksematt Ristk\u00fclikuline Bee\u017e 120&#215;250 cm"},"content":{"rendered":"<p>Bee polpropleenist uksematt on ideaalne nii siseruumides kui ka vljas, super mustuse ja niiskuse pdmiseks kingadelt. See matt on mitte ainult kena, vaid aitab ka su kodu puhtana hoida. Libisemisvastane omadus tagab ohutuse igas ukses, ja kulumiskindel ehitus thendab, et see talub suurt jalakijate voolu. Mdud 250 x 120 cm sobivad igasse kohta, tuues stiili ja praktilisust sinu koju. Uuenda oma sissepsu selle uuendusliku ja moodsa uksemattiga, ideaalne klaliste tervitamiseks ja ruumi kaunimaks muutmiseks.<\/p>\n<ul>\n<li>V\u00e4rv: Bee\u017e <\/li>\n<li>Kujund: Ristk\u00fclik<\/li>\n<li>Materjal: S\u00fcnteetiline pol\u00fcprop\u00fcleen<\/li>\n<li>Sise\/V\u00e4li: Sise \/ V\u00e4lja<\/li>\n<li>Ruumi: Magamistuba<\/li>\n<li>Patareid kaasas: Ei<\/li>\n<li>Vaip: Keskmine vaip<\/li>\n<li>M\u00f5\u00f5tmed: 250 x 120 x 0.9 cm (P x L x K)<\/li>\n<li>Kaalu: 8.7 kg<\/li>\n<li>Br\u00e4nd: vidaXL<\/li>\n<li>Tarne sisaldab: 1 x uksematt<\/li>\n<li>Koosolekut vajav: Ei<\/li>\n<li>SKU: 4100788<\/li>\n<li>EAN: 8721158638823<\/li>\n<\/ul>\n","protected":false},"excerpt":{"rendered":"<p>Bee polpropleenist uksematt on ideaalne nii siseruumides kui ka vljas, super mustuse ja niiskuse pdmiseks kingadelt. See matt on mitte ainult kena, vaid aitab ka su kodu puhtana hoida. Libisemisvastane omadus tagab ohutuse igas ukses, ja kulumiskindel ehitus thendab, et see talub suurt jalakijate voolu. Mdud 250 x 120 cm sobivad igasse kohta, tuues stiili [&hellip;]<\/p>\n","protected":false},"featured_media":181872,"comment_status":"open","ping_status":"open","template":"","meta":[],"product_brand":[],"product_cat":[864],"product_tag":[],"class_list":{"0":"post-181871","1":"product","2":"type-product","3":"status-publish","4":"has-post-thumbnail","6":"product_cat-uksematid-ja-esikuvaibad","7":"product_shipping_class-vidaxl","8":"pa_varv-beige","10":"first","11":"outofstock","12":"sale","13":"taxable","14":"shipping-taxable","15":"purchasable","16":"product-type-simple"},"_links":{"self":[{"href":"https:\/\/blankpage.ee\/_ruumist-ruumi\/wp-json\/wp\/v2\/product\/181871","targetHints":{"allow":["GET"]}}],"collection":[{"href":"https:\/\/blankpage.ee\/_ruumist-ruumi\/wp-json\/wp\/v2\/product"}],"about":[{"href":"https:\/\/blankpage.ee\/_ruumist-ruumi\/wp-json\/wp\/v2\/types\/product"}],"replies":[{"embeddable":true,"href":"https:\/\/blankpage.ee\/_ruumist-ruumi\/wp-json\/wp\/v2\/comments?post=181871"}],"wp:featuredmedia":[{"embeddable":true,"href":"https:\/\/blankpage.ee\/_ruumist-ruumi\/wp-json\/wp\/v2\/media\/181872"}],"wp:attachment":[{"href":"https:\/\/blankpage.ee\/_ruumist-ruumi\/wp-json\/wp\/v2\/media?parent=181871"}],"wp:term":[{"taxonomy":"product_brand","embeddable":true,"href":"https:\/\/blankpage.ee\/_ruumist-ruumi\/wp-json\/wp\/v2\/product_brand?post=181871"},{"taxonomy":"product_cat","embeddable":true,"href":"https:\/\/blankpage.ee\/_ruumist-ruumi\/wp-json\/wp\/v2\/product_cat?post=181871"},{"taxonomy":"product_tag","embeddable":true,"href":"https:\/\/blankpage.ee\/_ruumist-ruumi\/wp-json\/wp\/v2\/product_tag?post=181871"}],"curies":[{"name":"wp","href":"https:\/\/api.w.org\/{rel}","templated":true}]}}