{"id":183726,"date":"2025-04-23T10:34:14","date_gmt":"2025-04-23T10:34:14","guid":{"rendered":"https:\/\/ruumistruumi.ee\/pood\/mehaaniline-manguriklaviatuur-magegee-mk-storm-siniste-lulititega-led-taustvalgustus-magnetiline-randmetugi-must\/"},"modified":"2025-05-14T11:28:45","modified_gmt":"2025-05-14T11:28:45","slug":"mehaaniline-manguriklaviatuur-magegee-mk-storm-siniste-lulititega-led-taustvalgustus-magnetiline-randmetugi-must","status":"publish","type":"product","link":"https:\/\/blankpage.ee\/_ruumist-ruumi\/pood\/mehaaniline-manguriklaviatuur-magegee-mk-storm-siniste-lulititega-led-taustvalgustus-magnetiline-randmetugi-must\/","title":{"rendered":"Mehaaniline m\u00e4nguriklaviatuur MageGee MK-STORM siniste l\u00fclititega, LED-taustvalgustus, magnetiline randmetugi, must"},"content":{"rendered":"<h3>Mehaaniline m\u00e4nguriklaviatuur MageGee MK-STORM siniste l\u00fclititega, LED-taustvalgustus, magnetiline randmetugi, must<\/h3>\n<p>Mehaaniline m\u00e4nguriklaviatuur MageGee MK-STORM \u00fchendab retroh\u00f5ngulise disaini ja t\u00e4nap\u00e4evase funktsionaalsuse. Klaviatuuri \u00fcmmargused, kirjutusmasina stiilis klahvid muudavad selle efektseks ja lisavad Sinu lauale isikup\u00e4ra. Sinised mehaanilised l\u00fclitid tagavad kiire ja t\u00e4pse klahvivajutuse ning selge kuulda klikitooni \u2013 ideaalne n\u00f5udlikule m\u00e4ngurile ja igap\u00e4evaseks kasutamiseks.<\/p>\n<p><img decoding=\"async\" src=\"https:\/\/blankpage.ee\/_ruumist-ruumi\/wp-content\/uploads\/2025\/04\/2-954.webp\" alt=\"mehaaniline m\u00e4nguriklaviatuur retro stiilis \u00fcmmarguste klahvide ja LED-taustvalgustusega\" \/><\/p>\n<h3>Blue switch l\u00fclitid \u2013 t\u00e4pne tunnetus ja klikiheliga tagasiside<\/h3>\n<p>MageGee MK-STORM kasutab populaarseid blue switch mehaanilisi l\u00fcliteid, mille selge kl\u00f5psuga tagasiside v\u00f5imaldab mugavat ning t\u00e4pset sisestust m\u00e4ngudes ja igap\u00e4evasel t\u00f6\u00f6laadal.<\/p>\n<p><img decoding=\"async\" src=\"https:\/\/blankpage.ee\/_ruumist-ruumi\/wp-content\/uploads\/2025\/04\/4-845.webp\" alt=\"siniste l\u00fclititega m\u00e4nguriklaviatuur, detailvaade\" \/><\/p>\n<h3>T\u00e4issuuruses m\u00e4nguriklaviatuur anti-ghostinguga<\/h3>\n<p>Klaviatuuril on 104 klahvi t\u00e4issuuruses ANSI paigutuses koos numbriklahvistikuga ning F1\u2013F12 funktsiooniklahvidega. Anti-ghosting funktsioon tagab, et kiiresti sisestades registreeritakse t\u00e4pselt iga klahvivajutus \u2013 oluline pingeliste m\u00e4ngusessioonide k\u00e4igus.<\/p>\n<p><img decoding=\"async\" src=\"https:\/\/blankpage.ee\/_ruumist-ruumi\/wp-content\/uploads\/2025\/04\/6-666.webp\" alt=\"t\u00e4issuuruses m\u00e4nguriklaviatuur numbriklahvistikuga\" \/><\/p>\n<h3>Reguleeritav LED-taustvalgus \u2013 kohanda oma m\u00e4nguri lauavalgust<\/h3>\n<p>Mehaaniline m\u00e4nguriklaviatuur pakub mitmeid LED-taustvalgustuse re\u017eiime. Kohanda valguse heledust ja efekte vastavalt enda stiilile v\u00f5i meeleolule \u2013 nii on hilis\u00f5htused m\u00e4ngusessioonid silmadele mugavamad.<\/p>\n<p><img decoding=\"async\" src=\"https:\/\/blankpage.ee\/_ruumist-ruumi\/wp-content\/uploads\/2025\/04\/7-580.webp\" alt=\"LED-taustvalgustusega m\u00e4nguriklaviatuur v\u00e4rviliste efektidega\" \/><\/p>\n<h3>Magnetiline randmetugi pikemateks m\u00e4nguseanssideks<\/h3>\n<p>Komplektis olev eemaldatav magnetiline randmetugi toetab Sinu randmeid ning aitab v\u00e4hendada k\u00e4te v\u00e4simust isegi pikemate t\u00f6\u00f6- ja m\u00e4nguseansside ajal. Randmetugi kinnitub klaviatuuri k\u00fclge kiiresti ja kindlalt.<\/p>\n<p><img decoding=\"async\" src=\"https:\/\/blankpage.ee\/_ruumist-ruumi\/wp-content\/uploads\/2025\/04\/3-916.webp\" alt=\"klaviatuuri magnetiline randmetugi eraldi asetatud\" \/><\/p>\n<h3>Kvaliteetne ehitus ja vastupidavus<\/h3>\n<p>Kerge, ent tugev alumiiniumist kere mattviimistlusega tagab vastupidavuse ja kriimustuskindluse. Klaviatuuri k\u00f5rgust saab mugavalt reguleerida kahe jalatoe abil, et leida just Sulle sobiv t\u00f6\u00f6asend.<\/p>\n<p><img decoding=\"async\" src=\"https:\/\/blankpage.ee\/_ruumist-ruumi\/wp-content\/uploads\/2025\/04\/5-746.webp\" alt=\"mehaaniline m\u00e4nguriklaviatuur reguleeritavate jalgade ja alumiiniumkorpusega\" \/><\/p>\n<table>\n<tr>\n<th>Tootja<\/th>\n<td>MageGee<\/td>\n<\/tr>\n<tr>\n<th>Mudel<\/th>\n<td>MK-STORM<\/td>\n<\/tr>\n<tr>\n<th>V\u00e4rv<\/th>\n<td>Must<\/td>\n<\/tr>\n<tr>\n<th>Klahvistiku t\u00fc\u00fcp<\/th>\n<td>Mehaaniline<\/td>\n<\/tr>\n<tr>\n<th>M\u00f5eldud m\u00e4nguritele<\/th>\n<td>Jah<\/td>\n<\/tr>\n<tr>\n<th>\u00dchendus<\/th>\n<td>Juhtmega<\/td>\n<\/tr>\n<tr>\n<th>Paigutus<\/th>\n<td>ANSI<\/td>\n<\/tr>\n<tr>\n<th>Klahve kokku<\/th>\n<td>104<\/td>\n<\/tr>\n<tr>\n<th>L\u00fclitid<\/th>\n<td>Sinised (blue switch)<\/td>\n<\/tr>\n<tr>\n<th>Hotswap<\/th>\n<td>Ei<\/td>\n<\/tr>\n<tr>\n<th>Klahvide valgustus<\/th>\n<td>LED<\/td>\n<\/tr>\n<tr>\n<th>Numbriklaviatuur<\/th>\n<td>Jah<\/td>\n<\/tr>\n<tr>\n<th>\u00dchilduvus<\/th>\n<td>Windows, Linux, Mac<\/td>\n<\/tr>\n<tr>\n<th>Lisav\u00f5imalused<\/th>\n<td>Magnetiline randmetugi<\/td>\n<\/tr>\n<tr>\n<th>Kaabli pikkus<\/th>\n<td>U 1,8 m<\/td>\n<\/tr>\n<tr>\n<th>M\u00f5\u00f5dud<\/th>\n<td>434 x 200 x 37 mm<\/td>\n<\/tr>\n<tr>\n<th>Kaal<\/th>\n<td>Ca 1000 g<\/td>\n<\/tr>\n<\/table>\n","protected":false},"excerpt":{"rendered":"<p>Mehaaniline m\u00e4nguriklaviatuur MageGee MK-STORM siniste l\u00fclititega, LED-taustvalgustus, magnetiline randmetugi, must Mehaaniline m\u00e4nguriklaviatuur MageGee MK-STORM \u00fchendab retroh\u00f5ngulise disaini ja t\u00e4nap\u00e4evase funktsionaalsuse. Klaviatuuri \u00fcmmargused, kirjutusmasina stiilis klahvid muudavad selle efektseks ja lisavad Sinu lauale isikup\u00e4ra. Sinised mehaanilised l\u00fclitid tagavad kiire ja t\u00e4pse klahvivajutuse ning selge kuulda klikitooni \u2013 ideaalne n\u00f5udlikule m\u00e4ngurile ja igap\u00e4evaseks kasutamiseks. Blue switch l\u00fclitid [&hellip;]<\/p>\n","protected":false},"featured_media":183844,"comment_status":"open","ping_status":"open","template":"","meta":[],"product_brand":[3191],"product_cat":[3126],"product_tag":[],"class_list":{"0":"post-183726","1":"product","2":"type-product","3":"status-publish","4":"has-post-thumbnail","6":"product_brand-magegee","7":"product_cat-juhtmega-klaviatuurid","8":"product_shipping_class-innpro","10":"first","11":"outofstock","12":"taxable","13":"shipping-taxable","14":"purchasable","15":"product-type-simple"},"_links":{"self":[{"href":"https:\/\/blankpage.ee\/_ruumist-ruumi\/wp-json\/wp\/v2\/product\/183726","targetHints":{"allow":["GET"]}}],"collection":[{"href":"https:\/\/blankpage.ee\/_ruumist-ruumi\/wp-json\/wp\/v2\/product"}],"about":[{"href":"https:\/\/blankpage.ee\/_ruumist-ruumi\/wp-json\/wp\/v2\/types\/product"}],"replies":[{"embeddable":true,"href":"https:\/\/blankpage.ee\/_ruumist-ruumi\/wp-json\/wp\/v2\/comments?post=183726"}],"wp:featuredmedia":[{"embeddable":true,"href":"https:\/\/blankpage.ee\/_ruumist-ruumi\/wp-json\/wp\/v2\/media\/183844"}],"wp:attachment":[{"href":"https:\/\/blankpage.ee\/_ruumist-ruumi\/wp-json\/wp\/v2\/media?parent=183726"}],"wp:term":[{"taxonomy":"product_brand","embeddable":true,"href":"https:\/\/blankpage.ee\/_ruumist-ruumi\/wp-json\/wp\/v2\/product_brand?post=183726"},{"taxonomy":"product_cat","embeddable":true,"href":"https:\/\/blankpage.ee\/_ruumist-ruumi\/wp-json\/wp\/v2\/product_cat?post=183726"},{"taxonomy":"product_tag","embeddable":true,"href":"https:\/\/blankpage.ee\/_ruumist-ruumi\/wp-json\/wp\/v2\/product_tag?post=183726"}],"curies":[{"name":"wp","href":"https:\/\/api.w.org\/{rel}","templated":true}]}}