{"id":183948,"date":"2025-04-23T10:43:39","date_gmt":"2025-04-23T10:43:39","guid":{"rendered":"https:\/\/ruumistruumi.ee\/pood\/juhtmevaba-madalaprofiililine-mehaaniline-klaviatuur-keychron-k5-max-gateron-brown-led-must\/"},"modified":"2025-08-21T08:17:31","modified_gmt":"2025-08-21T08:17:31","slug":"juhtmevaba-madalaprofiililine-mehaaniline-klaviatuur-keychron-k5-max-gateron-brown-led-must","status":"publish","type":"product","link":"https:\/\/blankpage.ee\/_ruumist-ruumi\/pood\/juhtmevaba-madalaprofiililine-mehaaniline-klaviatuur-keychron-k5-max-gateron-brown-led-must\/","title":{"rendered":"Juhtmevaba madalaprofiililine mehaaniline klaviatuur Keychron K5 Max, Gateron Brown, LED, must"},"content":{"rendered":"<h3>Keychron K5 Max LED juhtmevaba madalaprofiililine mehaaniline klaviatuur, Gateron Brown (must)<\/h3>\n<p>Madalaprofiililine klaviatuur Keychron K5 Max on erakordselt \u00f5huke ja mugav mehaaniline klaviatuur, mis on loodud nii t\u00f5sistele arvutikasutajatele kui ka m\u00e4nguritele. Gateron Brown madalaprofiililised l\u00fclitid pakuvad sujuvat ja meeldivat taktiilset tagasisidet ning kiiret reageerimist. 31% \u00f5hem korpus kui tavap\u00e4rastel mehaanilistel klaviatuuridel teeb sellest madalaprofiililisest klaviatuurist ideaalse valiku nii pikkadeks t\u00f6\u00f6p\u00e4evadeks kui ka m\u00e4ngusessioonideks.<\/p>\n<p><img decoding=\"async\" alt=\"Keychron K5 Max madalaprofiililine klaviatuur pealtvaates\" src=\"https:\/\/blankpage.ee\/_ruumist-ruumi\/wp-content\/uploads\/2025\/04\/1-1023.webp\" \/><\/p>\n<h3>Paindlik \u00fchenduvus \u2013 juhtmevaba ja juhtmega t\u00f6\u00f6<\/h3>\n<p>K5 Max pakub laialdasi \u00fchendusv\u00f5imalusi: kiire 2.4 GHz juhtmevaba \u00fchendus (1000 Hz polling rate), Bluetooth 5.1 (\u00fclene tugi kuni kolmele seadmele korraga) v\u00f5i USB-C kaabel \u00fchenduseks. Nii saad kasutada klaviatuuri mugavalt lauaarvutis, s\u00fclearvutis v\u00f5i muus seadmes.<\/p>\n<p><img decoding=\"async\" alt=\"Keychron K5 Max klaviatuuri detailne k\u00fclgvaade\" src=\"https:\/\/blankpage.ee\/_ruumist-ruumi\/wp-content\/uploads\/2025\/04\/2-955.webp\" \/><\/p>\n<h3>Mugav ja ergonoomiline madalaprofiililine klaviatuur<\/h3>\n<p>Kolmeastmeline kallutusnurk aitab leida just sinu k\u00e4ele sobivaima asendi ja v\u00e4hendada randmete v\u00e4simust. IXPE vaht ja lateksist stabiliseeritud klahvikatted tagavad stabiilsed ja vaiksed klahvivajutused. Tugev alumiiniumraam ning elegantne valge LED-taustvalgus (14 valitavat valgusefekti) tagavad nii vastupidavuse kui ka efektse v\u00e4limuse h\u00e4maras keskkonnas.<\/p>\n<p><img decoding=\"async\" alt=\"Ergonoomiline madalaprofiililine klaviatuur Keychron K5 Max t\u00f6\u00f6s\" src=\"https:\/\/blankpage.ee\/_ruumist-ruumi\/wp-content\/uploads\/2025\/04\/3-918.webp\" \/><\/p>\n<h3>Kohandatavus ja QMK tugi<\/h3>\n<p>QMK tarkvaratugi ja Keychron Launcher veebirakendus annavad sulle t\u00e4ieliku vabaduse klahvide programmeerimisel v\u00f5i makrode seadistamisel \u2013 just nii, nagu sinu t\u00f6\u00f6 v\u00f5i m\u00e4ng seda n\u00f5uab.<\/p>\n<p><img decoding=\"async\" alt=\"Keychron K5 Max klaviatuuri seadistamine QMK tarkvaraga\" src=\"https:\/\/blankpage.ee\/_ruumist-ruumi\/wp-content\/uploads\/2025\/04\/4-846.webp\" \/><\/p>\n<h3>K\u00f5rgkvaliteetne madalaprofiililine klaviatuur<\/h3>\n<p>K5 Max kasutab topeltvalu PBT klahvikatteid, mis on kulumis- ja rasvakindlad. ARM Cortex-M4 protsessor (256 KB Flash-m\u00e4lu) tagab sujuva ja kiire t\u00f6\u00f6 ka k\u00f5ige intensiivsemates oludes. NKRO tugi v\u00f5imaldab paljude klahvide samaaegset kasutust ilma &#8220;ghostinguta&#8221; nii juhtmega kui juhtmevabas re\u017eiimis.<\/p>\n<p><img decoding=\"async\" alt=\"Keychron K5 Max madalaprofiililise klaviatuuri valge LED-taustvalgustus\" src=\"https:\/\/blankpage.ee\/_ruumist-ruumi\/wp-content\/uploads\/2025\/04\/5-747.webp\" \/><\/p>\n<h3>Tehnilised andmed<\/h3>\n<table>\n<tbody>\n<tr>\n<th>Mudel<\/th>\n<td>Keychron K5 Max<\/td>\n<\/tr>\n<tr>\n<th>L\u00fcliti t\u00fc\u00fcp<\/th>\n<td>Madalaprofiililised Gateron Brown<\/td>\n<\/tr>\n<tr>\n<th>Klahvide arv<\/th>\n<td>108<\/td>\n<\/tr>\n<tr>\n<th>\u00dchendus<\/th>\n<td>Bluetooth 5.1 \/ 2.4 GHz \/ USB-C<\/td>\n<\/tr>\n<tr>\n<th>Taustvalgus<\/th>\n<td>Valge, 14 efekti<\/td>\n<\/tr>\n<tr>\n<th>Aku<\/th>\n<td>2000 mAh, kuni 95 tundi (taustvalgus v\u00e4lja l\u00fclitatud)<\/td>\n<\/tr>\n<tr>\n<th>Materjal<\/th>\n<td>Alumiinium + ABS<\/td>\n<\/tr>\n<tr>\n<th>\u00dchilduvus<\/th>\n<td>Windows \/ macOS \/ Linux<\/td>\n<\/tr>\n<tr>\n<th>M\u00f5\u00f5dud<\/th>\n<td>424 \u00d7 119 mm; ees 18,2 mm, taga 23,5 mm<\/td>\n<\/tr>\n<tr>\n<th>Kaal<\/th>\n<td>720 g<\/td>\n<\/tr>\n<\/tbody>\n<\/table>\n<p>Komplektis: klaviatuur, USB-A\u2013USB-C kaabel, USB-A 2.4 GHz adapter, vastuv\u00f5tjaadapter, klahvikatte eemaldaja ning lisaklahvikorgid Windowsi ja Maci jaoks. Madalaprofiililine klaviatuur Keychron K5 Max pakub kompromissitut kvaliteeti ja mugavust igap\u00e4evaseks t\u00f6\u00f6ks ning m\u00e4ngimiseks.<\/p>\n","protected":false},"excerpt":{"rendered":"<p>Keychron K5 Max LED juhtmevaba madalaprofiililine mehaaniline klaviatuur, Gateron Brown (must) Madalaprofiililine klaviatuur Keychron K5 Max on erakordselt \u00f5huke ja mugav mehaaniline klaviatuur, mis on loodud nii t\u00f5sistele arvutikasutajatele kui ka m\u00e4nguritele. Gateron Brown madalaprofiililised l\u00fclitid pakuvad sujuvat ja meeldivat taktiilset tagasisidet ning kiiret reageerimist. 31% \u00f5hem korpus kui tavap\u00e4rastel mehaanilistel klaviatuuridel teeb sellest madalaprofiililisest [&hellip;]<\/p>\n","protected":false},"featured_media":184060,"comment_status":"open","ping_status":"open","template":"","meta":[],"product_brand":[3192],"product_cat":[3139],"product_tag":[],"class_list":{"0":"post-183948","1":"product","2":"type-product","3":"status-publish","4":"has-post-thumbnail","6":"product_brand-keychron","7":"product_cat-juhtmevabad-klaviatuurid","8":"product_shipping_class-innpro","10":"first","11":"instock","12":"sale","13":"taxable","14":"shipping-taxable","15":"purchasable","16":"product-type-simple"},"_links":{"self":[{"href":"https:\/\/blankpage.ee\/_ruumist-ruumi\/wp-json\/wp\/v2\/product\/183948","targetHints":{"allow":["GET"]}}],"collection":[{"href":"https:\/\/blankpage.ee\/_ruumist-ruumi\/wp-json\/wp\/v2\/product"}],"about":[{"href":"https:\/\/blankpage.ee\/_ruumist-ruumi\/wp-json\/wp\/v2\/types\/product"}],"replies":[{"embeddable":true,"href":"https:\/\/blankpage.ee\/_ruumist-ruumi\/wp-json\/wp\/v2\/comments?post=183948"}],"wp:featuredmedia":[{"embeddable":true,"href":"https:\/\/blankpage.ee\/_ruumist-ruumi\/wp-json\/wp\/v2\/media\/184060"}],"wp:attachment":[{"href":"https:\/\/blankpage.ee\/_ruumist-ruumi\/wp-json\/wp\/v2\/media?parent=183948"}],"wp:term":[{"taxonomy":"product_brand","embeddable":true,"href":"https:\/\/blankpage.ee\/_ruumist-ruumi\/wp-json\/wp\/v2\/product_brand?post=183948"},{"taxonomy":"product_cat","embeddable":true,"href":"https:\/\/blankpage.ee\/_ruumist-ruumi\/wp-json\/wp\/v2\/product_cat?post=183948"},{"taxonomy":"product_tag","embeddable":true,"href":"https:\/\/blankpage.ee\/_ruumist-ruumi\/wp-json\/wp\/v2\/product_tag?post=183948"}],"curies":[{"name":"wp","href":"https:\/\/api.w.org\/{rel}","templated":true}]}}