{"id":184198,"date":"2025-04-23T10:53:55","date_gmt":"2025-04-23T10:53:55","guid":{"rendered":"https:\/\/ruumistruumi.ee\/pood\/keychron-k3-max-juhtmevaba-madalaprofiilne-rgb-mehaaniline-klaviatuur-punased-lulitid\/"},"modified":"2025-08-21T08:17:31","modified_gmt":"2025-08-21T08:17:31","slug":"keychron-k3-max-juhtmevaba-madalaprofiilne-rgb-mehaaniline-klaviatuur-punased-lulitid","status":"publish","type":"product","link":"https:\/\/blankpage.ee\/_ruumist-ruumi\/pood\/keychron-k3-max-juhtmevaba-madalaprofiilne-rgb-mehaaniline-klaviatuur-punased-lulitid\/","title":{"rendered":"Keychron K3 Max juhtmevaba madalaprofiilne RGB mehaaniline klaviatuur, punased l\u00fclitid"},"content":{"rendered":"<h3>Keychron mehaaniline klaviatuur K3 Max \u2013 ultra\u00f5huke RGB-taustvalgustusega mudel punaste l\u00fclititega<\/h3>\n<p>Keychron mehaaniline klaviatuur K3 Max on loodud m\u00e4nguritele ja neile, kes hindavad mugavat, kompaktset ning t\u00e4nap\u00e4evast lahendust. 75% paigutus koos 84 madalaprofiilse klahviga ja eriti \u00f5huke korpus sobib nii intensiivseks m\u00e4ngimiseks kui ka t\u00f6\u00f6ks kontoris v\u00f5i kodus. Kvaliteetne ABS- ja alumiiniumraam tagab vastupidavuse, p\u00fcsides samas kerge. Gateron Red madalaprofiilsed l\u00fclitid v\u00f5imaldavad sujuvaid ning vaikseid klahvivajutusi, olles ideaalne valik kiiret reageeringut n\u00f5udvates olukordades.<\/p>\n<p><img decoding=\"async\" src=\"https:\/\/blankpage.ee\/_ruumist-ruumi\/wp-content\/uploads\/2025\/04\/8-360.webp\" alt=\"Keychron mehaaniline klaviatuur \u00fclaltvaates \u2013 elegantne tume korpus ja madalad klahvid\" \/><\/p>\n<h3>Mitmekesised \u00fchendusv\u00f5imalused ja \u00fclikiire reageerimine<\/h3>\n<p>Keychron K3 Max toetab nii Bluetooth 5.1 kui 2.4 GHz USB vastuv\u00f5tjaga juhtmevaba \u00fchendust ning USB-C juhtmega kasutust. 2.4 GHz re\u017eiimis tagab 1000 Hz andmekogumissagedus peaaegu olematu latentsuse. Bluetoothis saab h\u00f5lpsalt \u00fchendada kuni kolm seadet ja nende vahel vahetada \u2013 ideaalne n\u00e4iteks t\u00f6\u00f6, m\u00e4ngimise ja voogedastuse kombineerimiseks erinevatel seadmetel.<\/p>\n<p><img decoding=\"async\" src=\"https:\/\/blankpage.ee\/_ruumist-ruumi\/wp-content\/uploads\/2025\/04\/7-581.webp\" alt=\"Keychron K3 Max juhtmevaba klaviatuur \u00fchendusv\u00f5imalustega \u2013 seade arvuti, tahvli ja nutitelefoniga\" \/><\/p>\n<h3>Madal profiil ja efektne RGB-taustvalgustus<\/h3>\n<p>K3 Max on tavalistest mehaanilistest klaviatuuridest ligi kolmandiku v\u00f5rra \u00f5hem, tagades mugava kirjutamise ja m\u00e4ngimise. 22 RGB valgustusefekti annavad v\u00f5imaluse luua personaalse ja p\u00f5neva t\u00f6\u00f6keskkonna \u2013 reguleerida saab nii v\u00e4rvi, eredust kui ka kiirust, et taustvalgus sobituks sinu m\u00e4ngulaua v\u00f5i t\u00f6\u00f6pinnaga.<\/p>\n<p><img decoding=\"async\" src=\"https:\/\/blankpage.ee\/_ruumist-ruumi\/wp-content\/uploads\/2025\/04\/5-748.webp\" alt=\"Madalaprofiilne RGB klaviatuur v\u00e4rvilise taustvalgusega \u2013 Keychron K3 Max\" \/><\/p>\n<h3>Isikup\u00e4rane seadistamine QMK ja Keychron Launcheriga<\/h3>\n<p>Kogu klaviatuur on t\u00e4ielikult seadistatav: programmeeri iga klahvi funktsiooni, makrot v\u00f5i RGB mustrit t\u00e4nu laiendatud QMK toele. Lisaks v\u00f5imaldab veebip\u00f5hine Keychron Launcher klaviatuuri kiiret seadistamist ilma t\u00e4iendava tarkvara installimata.<\/p>\n<p><img decoding=\"async\" src=\"https:\/\/blankpage.ee\/_ruumist-ruumi\/wp-content\/uploads\/2025\/04\/4-848.webp\" alt=\"Keychron mehaanilise klaviatuuri seadistamine \u2013 makrode ja RGB valguse programmeerimine\" \/><\/p>\n<h3>Ergonoomiline disain ja vaikne t\u00f6\u00f6<\/h3>\n<p>Kolmekordne kaldenurga reguleerimine aitab igal kasutajal leida endale sobivaima t\u00f6\u00f6asendi. Madalaprofiilsed PBT-klahvikatted on vastupidavad ja p\u00fcsivad puhtana. IXPE vaht ja lateksist aluspadjad summutavad klahvivajutused, et t\u00f6\u00f6 v\u00f5i m\u00e4ng oleks sujuv ja vaikne ka pikematel perioodidel.<\/p>\n<p><img decoding=\"async\" src=\"https:\/\/blankpage.ee\/_ruumist-ruumi\/wp-content\/uploads\/2025\/04\/3-920.webp\" alt=\"Mitme kaldenurgaga ergonoomiline mehaaniline klaviatuur, madalaprofiilne mudel\" \/><\/p>\n<h3>Lai \u00fchilduvus ja vastupidav aku<\/h3>\n<p>Keychron K3 Max t\u00f6\u00f6tab Windowsi, macOS-i ja Linuxi operatsioonis\u00fcsteemidega. Aku kestab ilma valgustuseta kuni 73 tundi, minimaalse valgustusega kuni 42 tundi. Klaviatuurile saab korraga salvestada ja kasutada kahte erinevat paigutust.<\/p>\n<p><img decoding=\"async\" src=\"https:\/\/blankpage.ee\/_ruumist-ruumi\/wp-content\/uploads\/2025\/04\/2-956.webp\" alt=\"Vahetatavate klahvikatte ja mitme seadistusega Keychron K3 Max mehaaniline klaviatuur\" \/><\/p>\n<h3>Tehnilised andmed<\/h3>\n<table>\n<tbody>\n<tr>\n<th>Mudel<\/th>\n<td>Keychron K3 Max<\/td>\n<\/tr>\n<tr>\n<th>T\u00fc\u00fcp<\/th>\n<td>Madalaprofiilne mehaaniline klaviatuur<\/td>\n<\/tr>\n<tr>\n<th>Klahvide arv<\/th>\n<td>84<\/td>\n<\/tr>\n<tr>\n<th>L\u00fclitid<\/th>\n<td>Gateron Red (madal profiil)<\/td>\n<\/tr>\n<tr>\n<th>Taustvalgustus<\/th>\n<td>RGB, 22 efekti<\/td>\n<\/tr>\n<tr>\n<th>Raami materjal<\/th>\n<td>ABS + alumiinium<\/td>\n<\/tr>\n<tr>\n<th>Klahvikatted<\/th>\n<td>Kahes\u00fcstitud PBT<\/td>\n<\/tr>\n<tr>\n<th>Akumaht<\/th>\n<td>1550 mAh (Li-po)<\/td>\n<\/tr>\n<tr>\n<th>M\u00f5\u00f5dud<\/th>\n<td>306 \u00d7 116 mm<\/td>\n<\/tr>\n<tr>\n<th>K\u00f5rgus eest\/taga<\/th>\n<td>17 mm \/ 22 mm<\/td>\n<\/tr>\n<tr>\n<th>Kaal<\/th>\n<td>525 g<\/td>\n<\/tr>\n<\/tbody>\n<\/table>\n<p>Komplektis on: Keychron K3 Max klaviatuur, USB-A\u2013USB-C kaabel, USB-A vastuv\u00f5tja, adapter ning klahvi- ja l\u00fclitite eemaldust\u00f6\u00f6riistad.<\/p>\n","protected":false},"excerpt":{"rendered":"<p>Keychron mehaaniline klaviatuur K3 Max \u2013 ultra\u00f5huke RGB-taustvalgustusega mudel punaste l\u00fclititega Keychron mehaaniline klaviatuur K3 Max on loodud m\u00e4nguritele ja neile, kes hindavad mugavat, kompaktset ning t\u00e4nap\u00e4evast lahendust. 75% paigutus koos 84 madalaprofiilse klahviga ja eriti \u00f5huke korpus sobib nii intensiivseks m\u00e4ngimiseks kui ka t\u00f6\u00f6ks kontoris v\u00f5i kodus. Kvaliteetne ABS- ja alumiiniumraam tagab vastupidavuse, p\u00fcsides [&hellip;]<\/p>\n","protected":false},"featured_media":184309,"comment_status":"open","ping_status":"open","template":"","meta":[],"product_brand":[3192],"product_cat":[3139],"product_tag":[],"class_list":{"0":"post-184198","1":"product","2":"type-product","3":"status-publish","4":"has-post-thumbnail","6":"product_brand-keychron","7":"product_cat-juhtmevabad-klaviatuurid","8":"product_shipping_class-innpro","10":"first","11":"instock","12":"sale","13":"taxable","14":"shipping-taxable","15":"purchasable","16":"product-type-simple"},"_links":{"self":[{"href":"https:\/\/blankpage.ee\/_ruumist-ruumi\/wp-json\/wp\/v2\/product\/184198","targetHints":{"allow":["GET"]}}],"collection":[{"href":"https:\/\/blankpage.ee\/_ruumist-ruumi\/wp-json\/wp\/v2\/product"}],"about":[{"href":"https:\/\/blankpage.ee\/_ruumist-ruumi\/wp-json\/wp\/v2\/types\/product"}],"replies":[{"embeddable":true,"href":"https:\/\/blankpage.ee\/_ruumist-ruumi\/wp-json\/wp\/v2\/comments?post=184198"}],"wp:featuredmedia":[{"embeddable":true,"href":"https:\/\/blankpage.ee\/_ruumist-ruumi\/wp-json\/wp\/v2\/media\/184309"}],"wp:attachment":[{"href":"https:\/\/blankpage.ee\/_ruumist-ruumi\/wp-json\/wp\/v2\/media?parent=184198"}],"wp:term":[{"taxonomy":"product_brand","embeddable":true,"href":"https:\/\/blankpage.ee\/_ruumist-ruumi\/wp-json\/wp\/v2\/product_brand?post=184198"},{"taxonomy":"product_cat","embeddable":true,"href":"https:\/\/blankpage.ee\/_ruumist-ruumi\/wp-json\/wp\/v2\/product_cat?post=184198"},{"taxonomy":"product_tag","embeddable":true,"href":"https:\/\/blankpage.ee\/_ruumist-ruumi\/wp-json\/wp\/v2\/product_tag?post=184198"}],"curies":[{"name":"wp","href":"https:\/\/api.w.org\/{rel}","templated":true}]}}