{"id":184311,"date":"2025-04-23T10:53:55","date_gmt":"2025-04-23T10:53:55","guid":{"rendered":"https:\/\/ruumistruumi.ee\/pood\/juhtmevaba-klaviatuur-keychron-b1-pro-2-4g-bluetooth-ultraohuke-hall\/"},"modified":"2025-08-21T08:17:31","modified_gmt":"2025-08-21T08:17:31","slug":"juhtmevaba-klaviatuur-keychron-b1-pro-2-4g-bluetooth-ultraohuke-hall","status":"publish","type":"product","link":"https:\/\/blankpage.ee\/_ruumist-ruumi\/pood\/juhtmevaba-klaviatuur-keychron-b1-pro-2-4g-bluetooth-ultraohuke-hall\/","title":{"rendered":"Juhtmevaba klaviatuur Keychron B1 Pro, 2.4G\/Bluetooth, ultra\u00f5huke, hall"},"content":{"rendered":"<h3>Juhtmevaba klaviatuur Keychron B1 Pro \u2013 2.4G\/Bluetooth, ultra\u00f5huke, hall<\/h3>\n<p><strong>Juhtmevaba klaviatuur<\/strong> Keychron B1 Pro on kerge ja \u00f5huke seade, mis sobib suurep\u00e4raselt nii t\u00f6\u00f6ks kui ka m\u00e4ngimiseks. Selle minimalistlik 75% paigutus ja kergelt n\u00f5gusad klahvikorgid muudavad tr\u00fckkimise eriti mugavaks ja sujuvaks. Halli v\u00e4rvi ABS-korpus on lihtsalt hooldatav ning komplektis olev silikoonist kaitsekate aitab hoida klaviatuuri puhtana nii tolmu kui ka vedelike eest.<\/p>\n<p>\n<img decoding=\"async\" src=\"https:\/\/blankpage.ee\/_ruumist-ruumi\/wp-content\/uploads\/2025\/04\/1-1026.webp\" alt=\"Juhtmevaba klaviatuur Keychron B1 Pro hall, vaade \u00fclalt\" \/>\n<\/p>\n<h3>Kauakestev aku \u2013 kuni 1200 tundi t\u00f6\u00f6aega<\/h3>\n<p>T\u00e4nu 800 mAh akule saad seda <strong>juhtmevaba klaviatuuri<\/strong> kasutada kuni 1200 tundi, mis t\u00e4hendab umbes 8 kuud kasutust (keskmiselt 5 tundi p\u00e4evas). Klaviatuuri on v\u00f5imalik kasutada ka laadimise ajal, mist\u00f5ttu saad j\u00e4tkata t\u00f6\u00f6d katkestusteta igas olukorras.<\/p>\n<p>\n<img decoding=\"async\" src=\"https:\/\/blankpage.ee\/_ruumist-ruumi\/wp-content\/uploads\/2025\/04\/2-957.webp\" alt=\"Keychron B1 Pro aku kestvus graafik\" \/>\n<\/p>\n<h3>Kaks \u00fchendusv\u00f5imalust: 2.4 GHz ja Bluetooth<\/h3>\n<p>Seade toetab kiiret 2,4 GHz \u00fchendust, mis tagab madala latentsuse (1000 Hz), ning Bluetooth 5.2 v\u00f5imaldab \u00fchendada kuni kolm seadet ja nende vahel lihtsalt \u00fcmber l\u00fclituda.<\/p>\n<p>\n<img decoding=\"async\" src=\"https:\/\/blankpage.ee\/_ruumist-ruumi\/wp-content\/uploads\/2025\/04\/3-921.webp\" alt=\"Klaviatuur \u00fchendatuna kolme erineva seadmega\" \/>\n<\/p>\n<h3>T\u00e4ielikult kohandatav kasutajale<\/h3>\n<p>B1 Pro \u00fchilduvus Keychron Launcheri rakendusega v\u00f5imaldab seadistada klahve, luua makrosid ja m\u00e4\u00e4rata otseteid vastavalt oma vajadustele. Muudetavus on kiire ja mugav.<\/p>\n<p>\n<img decoding=\"async\" src=\"https:\/\/blankpage.ee\/_ruumist-ruumi\/wp-content\/uploads\/2025\/04\/4-849.webp\" alt=\"Keychron Launcheri rakenduse seadete vaade\" \/>\n<\/p>\n<h3>Lai \u00fchilduvus erinevate s\u00fcsteemidega<\/h3>\n<p>Juhtmevaba klaviatuur on m\u00f5eldud eesk\u00e4tt macOS kasutajatele, kuid \u00fchildub probleemideta ka Windowsi ja Linuxi seadmetega. Klahvivastete muutmine Keychron Launcheris on lihtne ja praktiline.<\/p>\n<p>\n<img decoding=\"async\" src=\"https:\/\/blankpage.ee\/_ruumist-ruumi\/wp-content\/uploads\/2025\/04\/5-749.webp\" alt=\"Klaviatuur t\u00f6\u00f6laua arvuti ja s\u00fclearvuti kasutuses\" \/>\n<\/p>\n<h3>L\u00e4bim\u00f5eldud disain ning kasutusmugavus<\/h3>\n<p>N\u00f5gusad klahvikorgid toetavad mugavat tr\u00fckkimist, emoji-klahvi otsetee muudab suhtluse lihtsamaks. Ultra\u00f5huke disain ja 3,2\u00b0 kaldenurk aitavad v\u00e4hendada randme v\u00e4simust. Silikoonist kaitsekork kaitseb klaviatuuri mustuse ja vedelike eest.<\/p>\n<p>\n<img decoding=\"async\" src=\"https:\/\/blankpage.ee\/_ruumist-ruumi\/wp-content\/uploads\/2025\/04\/6-668.webp\" alt=\"Silikoonkattega juhtmevaba klaviatuur Keychron B1 Pro\" \/>\n<\/p>\n<h3>Komplekti kuulub<\/h3>\n<ul class=\"list-disc pl-5\">\n<li>Klaviatuur<\/li>\n<li>USB-C kaabel<\/li>\n<li>USB-A \u2013 USB-C adapter<\/li>\n<li>Silikoonist kaitsekate<\/li>\n<\/ul>\n<div class=\"table-wrapper\">\n<table>\n<tbody>\n<tr>\n<th>Tootja<\/th>\n<td>Keychron<\/td>\n<\/tr>\n<tr>\n<th>Mudel<\/th>\n<td>B1 Pro<\/td>\n<\/tr>\n<tr>\n<th>V\u00e4rv<\/th>\n<td>Hall<\/td>\n<\/tr>\n<tr>\n<th>Klahvit\u00fc\u00fcp<\/th>\n<td>K\u00e4\u00e4rmehhanism (scissors)<\/td>\n<\/tr>\n<tr>\n<th>Klahve<\/th>\n<td>77<\/td>\n<\/tr>\n<tr>\n<th>Paigutus<\/th>\n<td>ANSI, 75%<\/td>\n<\/tr>\n<tr>\n<th>Multimeedia klahve<\/th>\n<td>12<\/td>\n<\/tr>\n<tr>\n<th>Materjal<\/th>\n<td>ABS<\/td>\n<\/tr>\n<tr>\n<th>Tagavalgustus<\/th>\n<td>Puudub<\/td>\n<\/tr>\n<tr>\n<th>\u00dchendused<\/th>\n<td>2.4GHz \/ Bluetooth 5.2 \/ USB-C<\/td>\n<\/tr>\n<tr>\n<th>\u00dchildub<\/th>\n<td>macOS, Windows, Linux<\/td>\n<\/tr>\n<tr>\n<th>M\u00f5\u00f5tmed<\/th>\n<td>296 \u00d7 130 mm<\/td>\n<\/tr>\n<tr>\n<th>Kaal<\/th>\n<td>425 g<\/td>\n<\/tr>\n<\/tbody>\n<\/table>\n<\/div>\n<p><strong>Juhtmevaba klaviatuur<\/strong> Keychron B1 Pro sobib suurep\u00e4raselt kasutajale, kes hindab funktsionaalsust, mitmek\u00fclgseid \u00fchendusv\u00f5imalusi ja t\u00e4nap\u00e4evast disaini.<\/p>\n","protected":false},"excerpt":{"rendered":"<p>Juhtmevaba klaviatuur Keychron B1 Pro \u2013 2.4G\/Bluetooth, ultra\u00f5huke, hall Juhtmevaba klaviatuur Keychron B1 Pro on kerge ja \u00f5huke seade, mis sobib suurep\u00e4raselt nii t\u00f6\u00f6ks kui ka m\u00e4ngimiseks. Selle minimalistlik 75% paigutus ja kergelt n\u00f5gusad klahvikorgid muudavad tr\u00fckkimise eriti mugavaks ja sujuvaks. Halli v\u00e4rvi ABS-korpus on lihtsalt hooldatav ning komplektis olev silikoonist kaitsekate aitab hoida klaviatuuri [&hellip;]<\/p>\n","protected":false},"featured_media":184318,"comment_status":"open","ping_status":"open","template":"","meta":[],"product_brand":[3192],"product_cat":[3139],"product_tag":[],"class_list":{"0":"post-184311","1":"product","2":"type-product","3":"status-publish","4":"has-post-thumbnail","6":"product_brand-keychron","7":"product_cat-juhtmevabad-klaviatuurid","8":"product_shipping_class-innpro","10":"first","11":"instock","12":"sale","13":"taxable","14":"shipping-taxable","15":"purchasable","16":"product-type-simple"},"_links":{"self":[{"href":"https:\/\/blankpage.ee\/_ruumist-ruumi\/wp-json\/wp\/v2\/product\/184311","targetHints":{"allow":["GET"]}}],"collection":[{"href":"https:\/\/blankpage.ee\/_ruumist-ruumi\/wp-json\/wp\/v2\/product"}],"about":[{"href":"https:\/\/blankpage.ee\/_ruumist-ruumi\/wp-json\/wp\/v2\/types\/product"}],"replies":[{"embeddable":true,"href":"https:\/\/blankpage.ee\/_ruumist-ruumi\/wp-json\/wp\/v2\/comments?post=184311"}],"wp:featuredmedia":[{"embeddable":true,"href":"https:\/\/blankpage.ee\/_ruumist-ruumi\/wp-json\/wp\/v2\/media\/184318"}],"wp:attachment":[{"href":"https:\/\/blankpage.ee\/_ruumist-ruumi\/wp-json\/wp\/v2\/media?parent=184311"}],"wp:term":[{"taxonomy":"product_brand","embeddable":true,"href":"https:\/\/blankpage.ee\/_ruumist-ruumi\/wp-json\/wp\/v2\/product_brand?post=184311"},{"taxonomy":"product_cat","embeddable":true,"href":"https:\/\/blankpage.ee\/_ruumist-ruumi\/wp-json\/wp\/v2\/product_cat?post=184311"},{"taxonomy":"product_tag","embeddable":true,"href":"https:\/\/blankpage.ee\/_ruumist-ruumi\/wp-json\/wp\/v2\/product_tag?post=184311"}],"curies":[{"name":"wp","href":"https:\/\/api.w.org\/{rel}","templated":true}]}}