{"id":184393,"date":"2025-04-23T11:40:03","date_gmt":"2025-04-23T11:40:03","guid":{"rendered":"https:\/\/ruumistruumi.ee\/pood\/simulatsioonimangu-rool-moza-racing-ks-rs047-pc-led-300-mm-hall-andur-gt-stiil\/"},"modified":"2025-08-21T08:17:29","modified_gmt":"2025-08-21T08:17:29","slug":"simulatsioonimangu-rool-moza-racing-ks-rs047-pc-led-300-mm-hall-andur-gt-stiil","status":"publish","type":"product","link":"https:\/\/blankpage.ee\/_ruumist-ruumi\/pood\/simulatsioonimangu-rool-moza-racing-ks-rs047-pc-led-300-mm-hall-andur-gt-stiil\/","title":{"rendered":"Simulatsioonim\u00e4ngu rool Moza Racing KS RS047 (PC, LED, 300 mm, Hall-andur, GT-stiil)"},"content":{"rendered":"<h3>Simulatsioonim\u00e4ngu rool Moza Racing KS RS047 (PC)<\/h3>\n<p>Simulatsioonim\u00e4ngu rool Moza Racing KS RS047 on loodud n\u00f5udlikule simulaators\u00f5itjale, kes hindab t\u00f5elist GT-stiilis v\u00f5idus\u00f5iduemotsiooni. 300 mm &#8220;butterfly&#8221;-t\u00fc\u00fcpi rool tagab loomuliku ja ergonoomilise haaratavuse ning aitab Sul saavutada eelise virtuaalsetel v\u00f5istlusradadel. Kvaliteetsed s\u00fcsinikkiust tugevdatud materjalid tagavad vastupidavuse ka k\u00f5ige intensiivsemates s\u00f5iduts\u00fcklites.<\/p>\n<p><img decoding=\"async\" src=\"https:\/\/blankpage.ee\/_ruumist-ruumi\/wp-content\/uploads\/2025\/04\/2-964.webp\" alt=\"Simulatsioonim\u00e4ngu rool Moza Racing KS RS047 - eestvaade roolile simulaatoris\" \/><\/p>\n<h3>T\u00e4ielikult kohandatav v\u00f5idus\u00f5idurool<\/h3>\n<p>Roolil on 10 programmeeritavat RGB-klahvi, mis reageerivad eriti kiiresti t\u00e4nu l\u00fchikesele liikumisteekonnale (vaid 0,25 mm) ja tugevatele 600 gf survetundlikkusega nuppudele. Kaasas olevad l\u00e4bipaistvad kleebised v\u00f5imaldavad Sul k\u00f5ik nupud isikup\u00e4rastada. 10 eredat LED-tuld pakuvad 8 erinevat v\u00e4rvi ja miljoneid v\u00e4rvikombinatsioone. Kohandatav p\u00f6\u00f6rdearvu (RPM) LED-indikaator v\u00f5imaldab Sul s\u00e4ttida m\u00e4nguj\u00e4rgsed n\u00e4idud vastavalt enda eelistustele.<\/p>\n<p><img decoding=\"async\" src=\"https:\/\/blankpage.ee\/_ruumist-ruumi\/wp-content\/uploads\/2025\/04\/3-929.webp\" alt=\"LED-tulukestega nupud ja valgustatud ribad Moza simulatsioonim\u00e4ngu roolil\" \/><\/p>\n<h3>Magnetilised l\u00fclitid ja \u00fclit\u00e4pne juhitavus<\/h3>\n<p>Anodeeritud alumiiniumist magnetlabad on vastupidavad ja varustatud kontaktivabade Hall-anduritega (t\u00e4psus kuni 0,03 mm), mis v\u00f5imaldavad stabiilset juhtimist ka v\u00f5istluspinge all. Alumised sidurilabad toetavad kolme t\u00f6\u00f6re\u017eiimi: \u00fchine telg, iseseisev telg v\u00f5i nupure\u017eiim. Summutuspadjad muudavad k\u00e4iguvahetused vaikseks ja sujuvaks, mis teeb simulatsioonim\u00e4ngu roolist suurep\u00e4rase valiku ka \u00f6isteks s\u00f5itudeks.<\/p>\n<p><img decoding=\"async\" src=\"https:\/\/blankpage.ee\/_ruumist-ruumi\/wp-content\/uploads\/2025\/04\/9-264.webp\" alt=\"L\u00e4hivaade magnetilistele labadele Moza simulatsioonim\u00e4ngu roolil\" \/><\/p>\n<h3>Maksimaalne mugavus kestvateks sessioonideks<\/h3>\n<p>Simulatsioonim\u00e4ngu rool kaalub vaid 1220 grammi ning selle TPE-kattega k\u00e4epidemed pakuvad kindlat ja mugavat haaret ka pikkadel m\u00e4ngusessioonidel. Ergonomiline juhtimisskeem v\u00f5imaldab Sul vajaliku nupu v\u00f5i kangi kiiresti \u00fcles leida \u2013 isegi k\u00f5ige kiiremas kurvis.<\/p>\n<p><img decoding=\"async\" src=\"https:\/\/blankpage.ee\/_ruumist-ruumi\/wp-content\/uploads\/2025\/04\/7-584.webp\" alt=\"Simulatsioonim\u00e4ngu rooli ergonoomilised k\u00e4epidemed ja juhtnupud\" \/><\/p>\n<h3>Lai \u00fchilduvus ja intuitiivne seadistamine<\/h3>\n<p>Moza Racing KS RS047 simulatsioonim\u00e4ngu rool \u00fchildub k\u00f5igi MOZA roolialustega ning t\u00f6\u00f6tab ka kolmandate tootjate alustega PC-s. Kiir\u00fchenduse (Quick Release) s\u00fcsteem v\u00f5imaldab Sul rooli kiiresti vahetada. K\u00f5iki seadeid \u2013 LED-tulede v\u00e4rve kuni sidurilabade funktsioonideni \u2013 saad mugavalt kohandada MOZA Pit House tarkvaras.<\/p>\n<p><img decoding=\"async\" src=\"https:\/\/blankpage.ee\/_ruumist-ruumi\/wp-content\/uploads\/2025\/04\/1-1035.webp\" alt=\"MOZA Pit House tarkvara kasutajaliidese vaade simulatsioonim\u00e4ngu roolile\" \/><\/p>\n<h3>Komplektis<\/h3>\n<ul>\n<li>Moza Racing KS m\u00e4ngurool<\/li>\n<li>MOZA nupukleebised<\/li>\n<li>Kaitsev hoiukott<\/li>\n<li>Kasutusjuhend<\/li>\n<\/ul>\n<div class=\"table-wrapper\">\n<table>\n<tbody>\n<tr>\n<th>Tootja<\/th>\n<td>MOZA<\/td>\n<\/tr>\n<tr>\n<th>Mudel<\/th>\n<td>RS047<\/td>\n<\/tr>\n<tr>\n<th>T\u00fc\u00fcp<\/th>\n<td>GT-stiilis m\u00e4ngurool, 300 mm<\/td>\n<\/tr>\n<tr>\n<th>Labade materjal<\/th>\n<td>Alumiiniumisulamist<\/td>\n<\/tr>\n<tr>\n<th>Magnetl\u00fcliteid<\/th>\n<td>2<\/td>\n<\/tr>\n<tr>\n<th>Sidurilabasid<\/th>\n<td>2<\/td>\n<\/tr>\n<tr>\n<th>Valgustatud mehaanilisi nuppe<\/th>\n<td>10<\/td>\n<\/tr>\n<tr>\n<th>Juhtkangid (vajutusfunktsiooniga)<\/th>\n<td>2<\/td>\n<\/tr>\n<tr>\n<th>&#8220;Thumb&#8221; enkoodrid<\/th>\n<td>2<\/td>\n<\/tr>\n<tr>\n<th>P\u00f6\u00f6rdenupud<\/th>\n<td>3<\/td>\n<\/tr>\n<tr>\n<th>K\u00f5rge eredusega LED<\/th>\n<td>10<\/td>\n<\/tr>\n<tr>\n<th>LED v\u00e4rvid<\/th>\n<td>8<\/td>\n<\/tr>\n<tr>\n<th>Tark telemeetria<\/th>\n<td>Toetatud<\/td>\n<\/tr>\n<tr>\n<th>Kohandatavad RPM LED-id<\/th>\n<td>Toetatud (MOZA Pit House)<\/td>\n<\/tr>\n<tr>\n<th>Kinnitusviis<\/th>\n<td>MOZA Quick Release<\/td>\n<\/tr>\n<tr>\n<th>Sides\u00fcsteem rool\/alus<\/th>\n<td>Juhtmevaba<\/td>\n<\/tr>\n<tr>\n<th>Labaandur<\/th>\n<td>Kontaktivaba Hall-andur<\/td>\n<\/tr>\n<tr>\n<th>Sidurilabade t\u00f6\u00f6re\u017eiimid<\/th>\n<td>\u00dchine telg \/ iseseisev telg \/ nupure\u017eiim<\/td>\n<\/tr>\n<tr>\n<th>\u00dchilduvus<\/th>\n<td>K\u00f5ik MOZA alused ja kolmandate tootjate alused<\/td>\n<\/tr>\n<tr>\n<th>Laiendusport kolmandatele alustele<\/th>\n<td>Toetatud<\/td>\n<\/tr>\n<\/tbody>\n<\/table>\n<\/div>\n","protected":false},"excerpt":{"rendered":"<p>Simulatsioonim\u00e4ngu rool Moza Racing KS RS047 (PC) Simulatsioonim\u00e4ngu rool Moza Racing KS RS047 on loodud n\u00f5udlikule simulaators\u00f5itjale, kes hindab t\u00f5elist GT-stiilis v\u00f5idus\u00f5iduemotsiooni. 300 mm &#8220;butterfly&#8221;-t\u00fc\u00fcpi rool tagab loomuliku ja ergonoomilise haaratavuse ning aitab Sul saavutada eelise virtuaalsetel v\u00f5istlusradadel. Kvaliteetsed s\u00fcsinikkiust tugevdatud materjalid tagavad vastupidavuse ka k\u00f5ige intensiivsemates s\u00f5iduts\u00fcklites. T\u00e4ielikult kohandatav v\u00f5idus\u00f5idurool Roolil on 10 programmeeritavat [&hellip;]<\/p>\n","protected":false},"featured_media":184399,"comment_status":"open","ping_status":"open","template":"","meta":[],"product_brand":[3199],"product_cat":[3143],"product_tag":[],"class_list":{"0":"post-184393","1":"product","2":"type-product","3":"status-publish","4":"has-post-thumbnail","6":"product_brand-moza-racing","7":"product_cat-tarvikud-mangukonsoolid-ja-roolisusteemid","8":"product_shipping_class-innpro","10":"first","11":"outofstock","12":"sale","13":"taxable","14":"shipping-taxable","15":"purchasable","16":"product-type-simple"},"_links":{"self":[{"href":"https:\/\/blankpage.ee\/_ruumist-ruumi\/wp-json\/wp\/v2\/product\/184393","targetHints":{"allow":["GET"]}}],"collection":[{"href":"https:\/\/blankpage.ee\/_ruumist-ruumi\/wp-json\/wp\/v2\/product"}],"about":[{"href":"https:\/\/blankpage.ee\/_ruumist-ruumi\/wp-json\/wp\/v2\/types\/product"}],"replies":[{"embeddable":true,"href":"https:\/\/blankpage.ee\/_ruumist-ruumi\/wp-json\/wp\/v2\/comments?post=184393"}],"wp:featuredmedia":[{"embeddable":true,"href":"https:\/\/blankpage.ee\/_ruumist-ruumi\/wp-json\/wp\/v2\/media\/184399"}],"wp:attachment":[{"href":"https:\/\/blankpage.ee\/_ruumist-ruumi\/wp-json\/wp\/v2\/media?parent=184393"}],"wp:term":[{"taxonomy":"product_brand","embeddable":true,"href":"https:\/\/blankpage.ee\/_ruumist-ruumi\/wp-json\/wp\/v2\/product_brand?post=184393"},{"taxonomy":"product_cat","embeddable":true,"href":"https:\/\/blankpage.ee\/_ruumist-ruumi\/wp-json\/wp\/v2\/product_cat?post=184393"},{"taxonomy":"product_tag","embeddable":true,"href":"https:\/\/blankpage.ee\/_ruumist-ruumi\/wp-json\/wp\/v2\/product_tag?post=184393"}],"curies":[{"name":"wp","href":"https:\/\/api.w.org\/{rel}","templated":true}]}}