{"id":184405,"date":"2025-04-23T11:40:03","date_gmt":"2025-04-23T11:40:03","guid":{"rendered":"https:\/\/ruumistruumi.ee\/pood\/simulaatori-voidusoidu-rool-moza-racing-gs-v2p-rs056-pc-300-mm-susinikkiud-led-nupud\/"},"modified":"2025-08-21T08:17:30","modified_gmt":"2025-08-21T08:17:30","slug":"simulaatori-voidusoidu-rool-moza-racing-gs-v2p-rs056-pc-300-mm-susinikkiud-led-nupud","status":"publish","type":"product","link":"https:\/\/blankpage.ee\/_ruumist-ruumi\/pood\/simulaatori-voidusoidu-rool-moza-racing-gs-v2p-rs056-pc-300-mm-susinikkiud-led-nupud\/","title":{"rendered":"Simulaatori v\u00f5idus\u00f5idu rool MOZA Racing GS V2P RS056 (PC, 300 mm, s\u00fcsinikkiud, LED-nupud)"},"content":{"rendered":"<h3>Simulaatori v\u00f5idus\u00f5idu rool MOZA Racing GS V2P RS056 (PC)<\/h3>\n<p>Simulaatori v\u00f5idus\u00f5idu rool MOZA Racing GS V2P on loodud n\u00f5udlikele simulaatorim\u00e4ngijatele, kes hindavad autentset juhtimiskogemust ning detailset seadistatavust. 300 mm diameetriga GT-t\u00fc\u00fcpi rool paistab silma ergonoomilise kujunduse ja tippklassi materjalide poolest, pakkudes pikaaegsel kasutamisel nii mugavust kui ka vastupidavust. Rool \u00fchildub k\u00f5igi MOZA alusbaasidega, pakkudes paindlikke lahendusi erinevate simulaatoriseadmete jaoks.<\/p>\n<p><img decoding=\"async\" alt=\"MOZA Racing GS V2P simulaatori v\u00f5idus\u00f5idu rool eestvaates\" src=\"https:\/\/blankpage.ee\/_ruumist-ruumi\/wp-content\/uploads\/2025\/04\/1-1036.webp\"\/><\/p>\n<h3>Mugavus, vastupidavus ja esmaklassilised materjalid<\/h3>\n<p>K\u00e4epide on kaetud perforeeritud mikrokiuga, mis on oluliselt vastupidavam kui tavaline kumm ning tagab kindla haarde ka intensiivsete s\u00f5itude ajal. Rooli raam ja k\u00e4iguvahetuslabad on valmistatud 5 mm sepistatud s\u00fcsinikkiust, mis lisab tugevust ja kindlust. Tagapaneel on toodetud vastupidavast s\u00fcsinikkiudkomposiidist.<\/p>\n<p><img decoding=\"async\" alt=\"Detailne vaade MOZA Racing GS V2P perforeeritud k\u00e4epidemele\" src=\"https:\/\/blankpage.ee\/_ruumist-ruumi\/wp-content\/uploads\/2025\/04\/6-673.webp\"\/><\/p>\n<h3>Kahe siduriga s\u00fcsteem ja magnetilised k\u00e4iguvahetuslabad<\/h3>\n<p>Simulaatori roolil MOZA GS V2P on magnetilised k\u00e4iguvahetuslabad ning topeltsidur, mille abil saab valida \u00fche- v\u00f5i kahesiduri t\u00f6\u00f6re\u017eiimi. See v\u00f5imaldab juhtida eriti t\u00e4pselt n\u00e4iteks iRacingu v\u00f5i F1 simulatsioonide korral, kus on oluline autentne tunnetus ja kiire reageerimine.<\/p>\n<p><img decoding=\"async\" alt=\"MOZA GS V2P magnetilised labad ja detailid\" src=\"https:\/\/blankpage.ee\/_ruumist-ruumi\/wp-content\/uploads\/2025\/04\/2-965.webp\"\/><\/p>\n<h3>Kiire alumiiniumist kinnitus ja intuitiivne juhtimine<\/h3>\n<p>Rooli alumiiniumist kiirkinnitusmehhanism v\u00f5imaldab kiiret ning turvalist \u00fchendamist MOZA baasidega. K\u00f5ik funktsiooninupud, p\u00f6\u00f6rdnupud ja kangid on paigutatud loogiliselt, et saaksite s\u00f5idu ajal piduribalanssi, veoj\u00f5udu v\u00f5i mootori seadeid kohandada, ilma et k\u00e4tt roolilt t\u00f5stma peaks.<\/p>\n<p><img decoding=\"async\" alt=\"Simulaatori rooli juhtnuppude ja seadistusnuppude ligip\u00e4\u00e4setav paigutus\" src=\"https:\/\/blankpage.ee\/_ruumist-ruumi\/wp-content\/uploads\/2025\/04\/3-930.webp\"\/><\/p>\n<h3>Personaalne valgus ja t\u00e4ielik kontroll<\/h3>\n<p>Simulaatori v\u00f5idus\u00f5idu roolil on 10 programmeeritavat LED-valgustusega mehaanilist nuppu (8 v\u00e4rvi), viis p\u00f6\u00f6rdnuppu ning RPM-LED indikaator, millel on kuni 100 miljonit v\u00e4rvikombinatsiooni. Roole saab t\u00e4ielikult seadistada ning kasutada MOZA Pit House rakendust visuaali ja funktsioonide isikup\u00e4rastamiseks.<\/p>\n<p><img decoding=\"async\" alt=\"Valgustusega juhtnupud MOZA simulaatori roolil l\u00e4hedalt\" src=\"https:\/\/blankpage.ee\/_ruumist-ruumi\/wp-content\/uploads\/2025\/04\/7-585.webp\"\/><\/p>\n<h3>Tehnilised andmed<\/h3>\n<table>\n<tbody>\n<tr>\n<th>Tootja<\/th>\n<td>MOZA<\/td>\n<\/tr>\n<tr>\n<th>Tootekood<\/th>\n<td>RS056<\/td>\n<\/tr>\n<tr>\n<th>K\u00e4epideme materjal<\/th>\n<td>Perforeeritud mikrokiud<\/td>\n<\/tr>\n<tr>\n<th>Esipaneel ja velg<\/th>\n<td>5 mm sepistatud s\u00fcsinikkiud<\/td>\n<\/tr>\n<tr>\n<th>Tagapaneel<\/th>\n<td>Tugevdatud s\u00fcsinikkiudkomposiit<\/td>\n<\/tr>\n<tr>\n<th>K\u00e4iguvahetuslabad<\/th>\n<td>3 mm sepistatud s\u00fcsinikkiud, 2 tk<\/td>\n<\/tr>\n<tr>\n<th>Siduri labad<\/th>\n<td>2 tk<\/td>\n<\/tr>\n<tr>\n<th>P\u00f6\u00f6rdnupud<\/th>\n<td>5 tk<\/td>\n<\/tr>\n<tr>\n<th>Programmeeritavad mehaanilised nupud<\/th>\n<td>10 tk, valgustusega (8 v\u00e4rvi)<\/td>\n<\/tr>\n<tr>\n<th>Thumbwheels<\/th>\n<td>2 tk<\/td>\n<\/tr>\n<tr>\n<th>Joysticks<\/th>\n<td>2 tk<\/td>\n<\/tr>\n<tr>\n<th>RGB LEDid<\/th>\n<td>10 tk<\/td>\n<\/tr>\n<tr>\n<th>Tark teleteleetria<\/th>\n<td>Jah<\/td>\n<\/tr>\n<tr>\n<th>RPM LEDi juhtimine<\/th>\n<td>Toetatud MOZA Pit House rakendusega<\/td>\n<\/tr>\n<tr>\n<th>Kinnitus<\/th>\n<td>MOZA t\u00e4ielikult alumiiniumist kiirkinnitus<\/td>\n<\/tr>\n<tr>\n<th>Labade sensor<\/th>\n<td>Kokkupuutevaba Halli andur<\/td>\n<\/tr>\n<tr>\n<th>Kahe siduri re\u017eiimid<\/th>\n<td>Kombinatsioonitelg \/ S\u00f5ltumatu telg \/ Nupufunktsioon<\/td>\n<\/tr>\n<tr>\n<th>\u00dchilduvus<\/th>\n<td>K\u00f5ik MOZA baasid<\/td>\n<\/tr>\n<\/tbody>\n<\/table>\n<h3>Komplektis<\/h3>\n<ul>\n<li>MOZA Racing GS V2P simulaatori rool<\/li>\n<li>MOZA logokleebised<\/li>\n<li>T\u00f6\u00f6riistakomplekt<\/li>\n<li>Kaitsekott<\/li>\n<li>Kasutusjuhend<\/li>\n<\/ul>\n<p>Simulaatori v\u00f5idus\u00f5idu rool MOZA Racing GS V2P on kompromissitu valik igale simulatsioonihuvilisele, pakkudes laialdasi seadistamisv\u00f5imalusi ja vastupidavust ka k\u00f5ige pikematel v\u00f5idus\u00f5iduseanssidel.<\/p>\n","protected":false},"excerpt":{"rendered":"<p>Simulaatori v\u00f5idus\u00f5idu rool MOZA Racing GS V2P RS056 (PC) Simulaatori v\u00f5idus\u00f5idu rool MOZA Racing GS V2P on loodud n\u00f5udlikele simulaatorim\u00e4ngijatele, kes hindavad autentset juhtimiskogemust ning detailset seadistatavust. 300 mm diameetriga GT-t\u00fc\u00fcpi rool paistab silma ergonoomilise kujunduse ja tippklassi materjalide poolest, pakkudes pikaaegsel kasutamisel nii mugavust kui ka vastupidavust. Rool \u00fchildub k\u00f5igi MOZA alusbaasidega, pakkudes paindlikke [&hellip;]<\/p>\n","protected":false},"featured_media":184411,"comment_status":"open","ping_status":"open","template":"","meta":[],"product_brand":[3199],"product_cat":[3143],"product_tag":[],"class_list":{"0":"post-184405","1":"product","2":"type-product","3":"status-publish","4":"has-post-thumbnail","6":"product_brand-moza-racing","7":"product_cat-tarvikud-mangukonsoolid-ja-roolisusteemid","8":"product_shipping_class-innpro","10":"first","11":"outofstock","12":"sale","13":"taxable","14":"shipping-taxable","15":"purchasable","16":"product-type-simple"},"_links":{"self":[{"href":"https:\/\/blankpage.ee\/_ruumist-ruumi\/wp-json\/wp\/v2\/product\/184405","targetHints":{"allow":["GET"]}}],"collection":[{"href":"https:\/\/blankpage.ee\/_ruumist-ruumi\/wp-json\/wp\/v2\/product"}],"about":[{"href":"https:\/\/blankpage.ee\/_ruumist-ruumi\/wp-json\/wp\/v2\/types\/product"}],"replies":[{"embeddable":true,"href":"https:\/\/blankpage.ee\/_ruumist-ruumi\/wp-json\/wp\/v2\/comments?post=184405"}],"wp:featuredmedia":[{"embeddable":true,"href":"https:\/\/blankpage.ee\/_ruumist-ruumi\/wp-json\/wp\/v2\/media\/184411"}],"wp:attachment":[{"href":"https:\/\/blankpage.ee\/_ruumist-ruumi\/wp-json\/wp\/v2\/media?parent=184405"}],"wp:term":[{"taxonomy":"product_brand","embeddable":true,"href":"https:\/\/blankpage.ee\/_ruumist-ruumi\/wp-json\/wp\/v2\/product_brand?post=184405"},{"taxonomy":"product_cat","embeddable":true,"href":"https:\/\/blankpage.ee\/_ruumist-ruumi\/wp-json\/wp\/v2\/product_cat?post=184405"},{"taxonomy":"product_tag","embeddable":true,"href":"https:\/\/blankpage.ee\/_ruumist-ruumi\/wp-json\/wp\/v2\/product_tag?post=184405"}],"curies":[{"name":"wp","href":"https:\/\/api.w.org\/{rel}","templated":true}]}}