{"id":184416,"date":"2025-04-23T11:54:10","date_gmt":"2025-04-23T11:54:10","guid":{"rendered":"https:\/\/ruumistruumi.ee\/pood\/veoauto-simulaatorirool-moza-racing-tsw-rs060-400-mm-pc-rgb-nupud\/"},"modified":"2025-08-21T08:17:29","modified_gmt":"2025-08-21T08:17:29","slug":"veoauto-simulaatorirool-moza-racing-tsw-rs060-400-mm-pc-rgb-nupud","status":"publish","type":"product","link":"https:\/\/blankpage.ee\/_ruumist-ruumi\/pood\/veoauto-simulaatorirool-moza-racing-tsw-rs060-400-mm-pc-rgb-nupud\/","title":{"rendered":"Veoauto simulaatorirool MOZA Racing TSW RS060, 400 mm (PC, RGB nupud)"},"content":{"rendered":"<h3>Veoauto simulaatorirool MOZA Racing TSW RS060, 400 mm (PC, RGB nupud)<\/h3>\n<p><img decoding=\"async\" src=\"https:\/\/blankpage.ee\/_ruumist-ruumi\/wp-content\/uploads\/2025\/04\/1-1037.webp\" alt=\"Veoauto simulaatorirool MOZA Racing TSW RS060 eestvaates\" \/><\/p>\n<p>MOZA Racing TSW RS060 on spetsiaalselt veoautode simulaatorite jaoks loodud tippklassi rool, mis on suunatud n\u00f5udlikule m\u00e4ngijale, kes ootab maksimaalset realismi ja vastupidavust. Klassikaline nelja kodaraga disain ja 400 mm l\u00e4bim\u00f5\u00f5t loovad autentse veoautorooli tunnetuse, mida t\u00e4iustavad elegantsed kroomitud detailid ja kaasaegne viimistlus. Tugev lennunduskvaliteediga alumiiniumraam ning kvaliteetne k\u00e4sitsi viimistletud nahk tagavad pika kasutusea ja mugava haarde ka k\u00f5ige pikemate simulaatoriseansside jooksul.<\/p>\n<h3>Mugavus ja vastupidav disain<\/h3>\n<p>Rooli velg on kaetud perforeeritud mikrokiudmaterjaliga, mis tagab kindla haarde ka intensiivsete m\u00e4ngude ajal. 4 mm paksune alumiiniumist siseraam ja 4\u20136 mm terasest konstruktsiooniosad teevad rooli eriliselt vastupidavaks. Vastupidavust on testitud miljonite ts\u00fcklitega, et t\u00e4ita ka kogenud simulaatorikasutaja ootusi.<\/p>\n<p><img decoding=\"async\" src=\"https:\/\/blankpage.ee\/_ruumist-ruumi\/wp-content\/uploads\/2025\/04\/7-586.webp\" alt=\"MOZA Racing TSW RS060 rooli detailvaade\" \/><\/p>\n<h3>Kohanda veoautosimulaatorirooli t\u00e4pselt oma vajadustele<\/h3>\n<p>RS060 simulaatorirool pakub laialdasi seadistusv\u00f5imalusi: 14 RGB-taustvalgustusega nuppu (16,7 miljonit v\u00e4rvitooni) v\u00f5imaldavad iga nupu t\u00e4histust ja valgustust individuaalselt kohandada. Spetsiaalsed veoautosimulaatori ikoonid annavad juhtpaneelile realistliku v\u00e4limuse. 10 LED-tulukest annavad silmapilkselt infot mootori p\u00f6\u00f6rdetaseme kohta ning k\u00f5ik seadistused on mugavalt hallatavad MOZA Pit House tarkvara kaudu.<\/p>\n<p><img decoding=\"async\" src=\"https:\/\/blankpage.ee\/_ruumist-ruumi\/wp-content\/uploads\/2025\/04\/4-854.webp\" alt=\"MOZA TSW RS060 rool RGB nupud tegevuses veoautosimulaatoris\" \/><\/p>\n<h3>Paindlikkus ja \u00fchilduvus<\/h3>\n<p>MOZA Racing TSW RS060 sobib k\u00f5igile MOZA simulaatoribaasidele ning kinnitub kiire lennundusklassi alumiiniumist kiirkinnituse abil. Avatud \u00f6kos\u00fcsteem lubab rooli kasutada ka personaalarvutiga ning juhtmevaba andmeside v\u00f5imaldab senisest puhtamat t\u00f6\u00f6ala. Reguleeritavad kaldenurk ja k\u00f5rgus (0\u201375 kraadi) ning mitmed kinnitamisv\u00f5imalused teevad selle sobivaks nii laual kui ka simulaatoriraamil kasutamiseks.<\/p>\n<p><img decoding=\"async\" src=\"https:\/\/blankpage.ee\/_ruumist-ruumi\/wp-content\/uploads\/2025\/04\/9-265.webp\" alt=\"Simulaatorirooli erinevad paigaldusviisid\" \/><\/p>\n<h3>Lai juhtimisulatus igale m\u00e4ngurile<\/h3>\n<p>Alumiiniumist nupud ja kaks D-pad funktsiooniga joysticket t\u00e4iendavad t\u00e4psust ning teevad juhtimise lihtsaks ja kiireks. MOZA Pit House tarkvara annab t\u00e4pse kontrolli nii nuppude valguse, sidurilabade seadistuse kui kogu roolitunnetuse \u00fcle.<\/p>\n<p><img decoding=\"async\" src=\"https:\/\/blankpage.ee\/_ruumist-ruumi\/wp-content\/uploads\/2025\/04\/5-755.webp\" alt=\"TSW RS060 simulaatorirooli erinevad juhtnupud\" \/><\/p>\n<h3>Komplekt sisaldab:<\/h3>\n<ul>\n<li>MOZA Racing TSW RS060 simulaatorirool<\/li>\n<li>MOZA kleebiste komplekt<\/li>\n<li>Kasutusjuhend<\/li>\n<\/ul>\n<table>\n<tr>\n<th>Tootja<\/th>\n<td>MOZA<\/td>\n<\/tr>\n<tr>\n<th>Mudel<\/th>\n<td>RS060<\/td>\n<\/tr>\n<tr>\n<th>L\u00e4bim\u00f5\u00f5t<\/th>\n<td>400 mm<\/td>\n<\/tr>\n<tr>\n<th>Velje materjal<\/th>\n<td>Lennunduskvaliteediga alumiinium<\/td>\n<\/tr>\n<tr>\n<th>Korpuse materjal<\/th>\n<td>Pol\u00fcmeerkomposiit<\/td>\n<\/tr>\n<tr>\n<th>Valgustatud klahve<\/th>\n<td>14<\/td>\n<\/tr>\n<tr>\n<th>Alumiiniumist nuppe<\/th>\n<td>2<\/td>\n<\/tr>\n<tr>\n<th>Joysticket<\/th>\n<td>2 (\u00fclip\u00f5hjad)<\/td>\n<\/tr>\n<tr>\n<th>RGB LED-e<\/th>\n<td>10<\/td>\n<\/tr>\n<tr>\n<th>LED v\u00e4rvitoone<\/th>\n<td>16,7 miljonit<\/td>\n<\/tr>\n<tr>\n<th>Tarkvara tugi<\/th>\n<td>MOZA Pit House, intelligentne telemeetria<\/td>\n<\/tr>\n<tr>\n<th>\u00dchilduvus<\/th>\n<td>Sobib k\u00f5ikidele MOZA baasidele, toetab ka kolmanda osapoole baase MOZA adapteri kaudu<\/td>\n<\/tr>\n<tr>\n<th>Paigaldus simulaatorile<\/th>\n<td>Valikuline<\/td>\n<\/tr>\n<\/table>\n","protected":false},"excerpt":{"rendered":"<p>Veoauto simulaatorirool MOZA Racing TSW RS060, 400 mm (PC, RGB nupud) MOZA Racing TSW RS060 on spetsiaalselt veoautode simulaatorite jaoks loodud tippklassi rool, mis on suunatud n\u00f5udlikule m\u00e4ngijale, kes ootab maksimaalset realismi ja vastupidavust. Klassikaline nelja kodaraga disain ja 400 mm l\u00e4bim\u00f5\u00f5t loovad autentse veoautorooli tunnetuse, mida t\u00e4iustavad elegantsed kroomitud detailid ja kaasaegne viimistlus. Tugev [&hellip;]<\/p>\n","protected":false},"featured_media":184422,"comment_status":"open","ping_status":"open","template":"","meta":[],"product_brand":[3199],"product_cat":[3143],"product_tag":[],"class_list":{"0":"post-184416","1":"product","2":"type-product","3":"status-publish","4":"has-post-thumbnail","6":"product_brand-moza-racing","7":"product_cat-tarvikud-mangukonsoolid-ja-roolisusteemid","8":"product_shipping_class-innpro","10":"first","11":"instock","12":"sale","13":"taxable","14":"shipping-taxable","15":"purchasable","16":"product-type-simple"},"_links":{"self":[{"href":"https:\/\/blankpage.ee\/_ruumist-ruumi\/wp-json\/wp\/v2\/product\/184416","targetHints":{"allow":["GET"]}}],"collection":[{"href":"https:\/\/blankpage.ee\/_ruumist-ruumi\/wp-json\/wp\/v2\/product"}],"about":[{"href":"https:\/\/blankpage.ee\/_ruumist-ruumi\/wp-json\/wp\/v2\/types\/product"}],"replies":[{"embeddable":true,"href":"https:\/\/blankpage.ee\/_ruumist-ruumi\/wp-json\/wp\/v2\/comments?post=184416"}],"wp:featuredmedia":[{"embeddable":true,"href":"https:\/\/blankpage.ee\/_ruumist-ruumi\/wp-json\/wp\/v2\/media\/184422"}],"wp:attachment":[{"href":"https:\/\/blankpage.ee\/_ruumist-ruumi\/wp-json\/wp\/v2\/media?parent=184416"}],"wp:term":[{"taxonomy":"product_brand","embeddable":true,"href":"https:\/\/blankpage.ee\/_ruumist-ruumi\/wp-json\/wp\/v2\/product_brand?post=184416"},{"taxonomy":"product_cat","embeddable":true,"href":"https:\/\/blankpage.ee\/_ruumist-ruumi\/wp-json\/wp\/v2\/product_cat?post=184416"},{"taxonomy":"product_tag","embeddable":true,"href":"https:\/\/blankpage.ee\/_ruumist-ruumi\/wp-json\/wp\/v2\/product_tag?post=184416"}],"curies":[{"name":"wp","href":"https:\/\/api.w.org\/{rel}","templated":true}]}}