{"id":184460,"date":"2025-04-23T15:02:03","date_gmt":"2025-04-23T15:02:03","guid":{"rendered":"https:\/\/ruumistruumi.ee\/pood\/juhtmevaba-mangurihiir-keychron-m6-1000hz-must-pixart-3395-800mah\/"},"modified":"2025-08-21T08:17:29","modified_gmt":"2025-08-21T08:17:29","slug":"juhtmevaba-mangurihiir-keychron-m6-1000hz-must-pixart-3395-800mah","status":"publish","type":"product","link":"https:\/\/blankpage.ee\/_ruumist-ruumi\/pood\/juhtmevaba-mangurihiir-keychron-m6-1000hz-must-pixart-3395-800mah\/","title":{"rendered":"Juhtmevaba m\u00e4ngurihiir Keychron M6 (1000Hz, must, PixArt 3395, 800mAh)"},"content":{"rendered":"<h3>Juhtmevaba m\u00e4ngurihiir Keychron M6 (1000Hz, must, PixArt 3395, 800mAh)<\/h3>\n<p>Keychron M6 on m\u00e4nguritele loodud juhtmevaba m\u00e4ngurihiir, mis paistab silma suurep\u00e4rase t\u00e4psuse, mitmek\u00fclgsete kasutusv\u00f5imaluste ja mugava ergonoomilise disainiga. T\u00e4nu PixArt 3395 sensorile pakub see hiir \u00fclit\u00e4pset juhtimist: DPI ulatub 100\u201326 000, kiirus kuni 650 IPS ning kiirendus kuni 50g. See teeb Keychron M6 sobivaks nii kiireteks FPS-m\u00e4ngudeks kui ka t\u00e4psust n\u00f5udvateks \u00fclesanneteks, n\u00e4iteks graafikat\u00f6\u00f6deks v\u00f5i tabelitega t\u00f6\u00f6tamiseks.<\/p>\n<p><img decoding=\"async\" src=\"https:\/\/blankpage.ee\/_ruumist-ruumi\/wp-content\/uploads\/2025\/04\/1-1039.webp\" alt=\"Keychron M6 must juhtmevaba m\u00e4ngurihiir\" \/><\/p>\n<h3>Mitmek\u00fclgsed \u00fchendusv\u00f5imalused \u2013 vabadus m\u00e4ngija k\u00e4es<\/h3>\n<p>Saad valida kolme \u00fchendusviisi vahel: \u00fclikiire 2.4GHz, Bluetooth 5.1 (\u00fchenda kuni kolme seadmega korraga) ja USB-C kaabel. 2.4GHz \u00fchendus tagab madala latentsuse intensiivseks m\u00e4ngimiseks, samas kui USB-C v\u00f5imaldab stabiilset \u00fchendust ning aku laadimist korraga.<\/p>\n<p><img decoding=\"async\" src=\"https:\/\/blankpage.ee\/_ruumist-ruumi\/wp-content\/uploads\/2025\/04\/3-934.webp\" alt=\"Keychron M6 erinevad \u00fchendusv\u00f5imalused (2.4GHz, Bluetooth, USB-C)\" \/><\/p>\n<h3>T\u00e4psus ja funktsionaalsus kerimisel<\/h3>\n<p>Keychron M6 pakub kahte erinevat kerimisre\u017eiimi: tavaline sammhaaval kerimine sobib t\u00e4pseks t\u00f6\u00f6ks, n\u00e4iteks arvutustabelite v\u00f5i m\u00e4ngu liideste navigeerimiseks, l\u00f5putu (infinite) re\u017eiim v\u00f5imaldab kiiret ja sujuvat sirvimist veebilehtedel v\u00f5i dokumentides. Horisontaalne k\u00fclgnupp muudab andmetabelite v\u00f5i videote ajajoonte navigeerimise lihtsaks.<\/p>\n<p><img decoding=\"async\" src=\"https:\/\/blankpage.ee\/_ruumist-ruumi\/wp-content\/uploads\/2025\/04\/5-759.webp\" alt=\"Keychron M6 k\u00fclgnupp ja kerimisfunktsioonid\" \/><\/p>\n<h3>Isikup\u00e4rastatav juhtmevaba m\u00e4ngurihiir tarkvara abil<\/h3>\n<p>Keychron Engine tarkvara v\u00f5imaldab seadistada iga nupu vastavalt sinu vajadustele, m\u00e4\u00e4rata makrosid, muuta DPI, Polling Rate\u2019i v\u00f5i t\u00f5stekaugust (Lift-Off Distance). Lisaks saad kiireid muudatusi teha spetsiaalse nupuga otse hiirel, ilma lisatarkvara avamata.<\/p>\n<h3>Mugav, kerge ja vastupidav<\/h3>\n<p>Ergonoomiline kuju koos k\u00e4etoega p\u00f6idla jaoks tagab mugavuse ka pikkade m\u00e4ngu\u00f5htute jooksul. Juhtmevaba m\u00e4ngurihiire kaal on vaid 78 g ning Huano mikrol\u00fclitid tagavad kuni 80 miljonit kl\u00f5psu. 800 mAh aku v\u00f5imaldab kuni 80 tundi m\u00e4nguaega (1000Hz re\u017eiimis). Hiir on valmistatud kvaliteetsest ABS-plastikust ja sellel on PTFE &#8220;jalad&#8221; kiireks ning sujuvaks liikumiseks.<\/p>\n<h3>Komplektis<\/h3>\n<ul>\n<li>Keychron M6 m\u00e4ngurihiir<\/li>\n<li>USB-C \u2013 USB-C kaabel<\/li>\n<li>USB-A \u2013 USB-C adapter<\/li>\n<li>Adapter-vastuv\u00f5tjale<\/li>\n<li>2.4 GHz USB-C vastuv\u00f5tja<\/li>\n<li>2.4 GHz USB-A vastuv\u00f5tja<\/li>\n<\/ul>\n<h3>Tehnilised andmed<\/h3>\n<table>\n<tr>\n<th>Tootja<\/th>\n<td>Keychron<\/td>\n<\/tr>\n<tr>\n<th>Mudel<\/th>\n<td>M6<\/td>\n<\/tr>\n<tr>\n<th>V\u00e4rvus<\/th>\n<td>Must<\/td>\n<\/tr>\n<tr>\n<th>Sensor<\/th>\n<td>PixArt 3395<\/td>\n<\/tr>\n<tr>\n<th>DPI vahemik<\/th>\n<td>100\u201326 000<\/td>\n<\/tr>\n<tr>\n<th>IPS<\/th>\n<td>650<\/td>\n<\/tr>\n<tr>\n<th>L\u00fclitid<\/th>\n<td>Huano Micro Switch<\/td>\n<\/tr>\n<tr>\n<th>Eluiga<\/th>\n<td>Kuni 80 miljonit kl\u00f5psu<\/td>\n<\/tr>\n<tr>\n<th>Lift-Off Distance<\/th>\n<td>1,0 mm \/ 2,0 mm<\/td>\n<\/tr>\n<tr>\n<th>Kiirendus<\/th>\n<td>50 g<\/td>\n<\/tr>\n<tr>\n<th>Polling Rate<\/th>\n<td>1000 Hz (2.4 GHz, kaabliga) \/ 125 Hz (Bluetooth)<\/td>\n<\/tr>\n<tr>\n<th>Kaal<\/th>\n<td>Umbes 78 g<\/td>\n<\/tr>\n<tr>\n<th>Akumaht<\/th>\n<td>800 mAh<\/td>\n<\/tr>\n<tr>\n<th>T\u00f6\u00f6aeg<\/th>\n<td>Kuni 80 h<\/td>\n<\/tr>\n<tr>\n<th>\u00dchendused<\/th>\n<td>Bluetooth 5.1 \/ 2.4 GHz \/ USB-C<\/td>\n<\/tr>\n<tr>\n<th>\u00dchilduvus<\/th>\n<td>macOS, Windows 11\/10<\/td>\n<\/tr>\n<tr>\n<th>Materjal<\/th>\n<td>ABS<\/td>\n<\/tr>\n<tr>\n<th>Hiire jalad<\/th>\n<td>PTFE (Teflon)<\/td>\n<\/tr>\n<\/table>\n<p>Kui soovid t\u00f6\u00f6kindlat, kiiret ja mugavat hiirt nii m\u00e4ngimiseks kui ka igap\u00e4evat\u00f6\u00f6ks, siis on juhtmevaba m\u00e4ngurihiir Keychron M6 suurep\u00e4rane valik.<\/p>\n","protected":false},"excerpt":{"rendered":"<p>Juhtmevaba m\u00e4ngurihiir Keychron M6 (1000Hz, must, PixArt 3395, 800mAh) Keychron M6 on m\u00e4nguritele loodud juhtmevaba m\u00e4ngurihiir, mis paistab silma suurep\u00e4rase t\u00e4psuse, mitmek\u00fclgsete kasutusv\u00f5imaluste ja mugava ergonoomilise disainiga. T\u00e4nu PixArt 3395 sensorile pakub see hiir \u00fclit\u00e4pset juhtimist: DPI ulatub 100\u201326 000, kiirus kuni 650 IPS ning kiirendus kuni 50g. See teeb Keychron M6 sobivaks nii kiireteks [&hellip;]<\/p>\n","protected":false},"featured_media":184464,"comment_status":"open","ping_status":"open","template":"","meta":[],"product_brand":[3192],"product_cat":[3130],"product_tag":[],"class_list":{"0":"post-184460","1":"product","2":"type-product","3":"status-publish","4":"has-post-thumbnail","6":"product_brand-keychron","7":"product_cat-juhtmevabad-hiired","8":"product_shipping_class-innpro","10":"first","11":"outofstock","12":"sale","13":"taxable","14":"shipping-taxable","15":"purchasable","16":"product-type-simple"},"_links":{"self":[{"href":"https:\/\/blankpage.ee\/_ruumist-ruumi\/wp-json\/wp\/v2\/product\/184460","targetHints":{"allow":["GET"]}}],"collection":[{"href":"https:\/\/blankpage.ee\/_ruumist-ruumi\/wp-json\/wp\/v2\/product"}],"about":[{"href":"https:\/\/blankpage.ee\/_ruumist-ruumi\/wp-json\/wp\/v2\/types\/product"}],"replies":[{"embeddable":true,"href":"https:\/\/blankpage.ee\/_ruumist-ruumi\/wp-json\/wp\/v2\/comments?post=184460"}],"wp:featuredmedia":[{"embeddable":true,"href":"https:\/\/blankpage.ee\/_ruumist-ruumi\/wp-json\/wp\/v2\/media\/184464"}],"wp:attachment":[{"href":"https:\/\/blankpage.ee\/_ruumist-ruumi\/wp-json\/wp\/v2\/media?parent=184460"}],"wp:term":[{"taxonomy":"product_brand","embeddable":true,"href":"https:\/\/blankpage.ee\/_ruumist-ruumi\/wp-json\/wp\/v2\/product_brand?post=184460"},{"taxonomy":"product_cat","embeddable":true,"href":"https:\/\/blankpage.ee\/_ruumist-ruumi\/wp-json\/wp\/v2\/product_cat?post=184460"},{"taxonomy":"product_tag","embeddable":true,"href":"https:\/\/blankpage.ee\/_ruumist-ruumi\/wp-json\/wp\/v2\/product_tag?post=184460"}],"curies":[{"name":"wp","href":"https:\/\/api.w.org\/{rel}","templated":true}]}}