{"id":184516,"date":"2025-04-23T15:14:59","date_gmt":"2025-04-23T15:14:59","guid":{"rendered":"https:\/\/ruumistruumi.ee\/pood\/sim-racing-kaigukang-moza-racing-hgp-rs039-7r-usb-alumiinium\/"},"modified":"2025-08-21T08:17:29","modified_gmt":"2025-08-21T08:17:29","slug":"sim-racing-kaigukang-moza-racing-hgp-rs039-7r-usb-alumiinium","status":"publish","type":"product","link":"https:\/\/blankpage.ee\/_ruumist-ruumi\/pood\/sim-racing-kaigukang-moza-racing-hgp-rs039-7r-usb-alumiinium\/","title":{"rendered":"Sim racing k\u00e4igukang MOZA Racing HGP RS039 (7+R, USB, alumiinium)"},"content":{"rendered":"<h3>Sim racing k\u00e4igukang MOZA Racing HGP RS039 (7+R, USB, alumiinium)<\/h3>\n<p>Sim racing k\u00e4igukang MOZA Racing HGP RS039 sobib neile, kes hindavad realistlikku juhitunnetust v\u00f5idus\u00f5idu simulaatorites. See H-mustriga k\u00e4igukang \u00fchildu PC-ga ja pakub t\u00f5elisi s\u00f5iduelamusi k\u00f5ikidele t\u00f5sistele virtuaalsele v\u00f5idus\u00f5idu entusiastidele, kes tahavad oma sim racing\u2019u kogemust j\u00e4rgmisele tasemele viia.<\/p>\n<p><img decoding=\"async\" src=\"https:\/\/blankpage.ee\/_ruumist-ruumi\/wp-content\/uploads\/2025\/04\/6-679.webp\" alt=\"Sim racing k\u00e4igukang MOZA Racing HGP RS039 laual kasutusvalmis\"><\/p>\n","protected":false},"excerpt":{"rendered":"<p>Sim racing k\u00e4igukang MOZA Racing HGP RS039 (7+R, USB, alumiinium) Sim racing k\u00e4igukang MOZA Racing HGP RS039 sobib neile, kes hindavad realistlikku juhitunnetust v\u00f5idus\u00f5idu simulaatorites. See H-mustriga k\u00e4igukang \u00fchildu PC-ga ja pakub t\u00f5elisi s\u00f5iduelamusi k\u00f5ikidele t\u00f5sistele virtuaalsele v\u00f5idus\u00f5idu entusiastidele, kes tahavad oma sim racing\u2019u kogemust j\u00e4rgmisele tasemele viia.<\/p>\n","protected":false},"featured_media":184518,"comment_status":"open","ping_status":"open","template":"","meta":[],"product_brand":[3199],"product_cat":[3143],"product_tag":[],"class_list":{"0":"post-184516","1":"product","2":"type-product","3":"status-publish","4":"has-post-thumbnail","6":"product_brand-moza-racing","7":"product_cat-tarvikud-mangukonsoolid-ja-roolisusteemid","8":"product_shipping_class-innpro","10":"first","11":"instock","12":"sale","13":"taxable","14":"shipping-taxable","15":"purchasable","16":"product-type-simple"},"_links":{"self":[{"href":"https:\/\/blankpage.ee\/_ruumist-ruumi\/wp-json\/wp\/v2\/product\/184516","targetHints":{"allow":["GET"]}}],"collection":[{"href":"https:\/\/blankpage.ee\/_ruumist-ruumi\/wp-json\/wp\/v2\/product"}],"about":[{"href":"https:\/\/blankpage.ee\/_ruumist-ruumi\/wp-json\/wp\/v2\/types\/product"}],"replies":[{"embeddable":true,"href":"https:\/\/blankpage.ee\/_ruumist-ruumi\/wp-json\/wp\/v2\/comments?post=184516"}],"wp:featuredmedia":[{"embeddable":true,"href":"https:\/\/blankpage.ee\/_ruumist-ruumi\/wp-json\/wp\/v2\/media\/184518"}],"wp:attachment":[{"href":"https:\/\/blankpage.ee\/_ruumist-ruumi\/wp-json\/wp\/v2\/media?parent=184516"}],"wp:term":[{"taxonomy":"product_brand","embeddable":true,"href":"https:\/\/blankpage.ee\/_ruumist-ruumi\/wp-json\/wp\/v2\/product_brand?post=184516"},{"taxonomy":"product_cat","embeddable":true,"href":"https:\/\/blankpage.ee\/_ruumist-ruumi\/wp-json\/wp\/v2\/product_cat?post=184516"},{"taxonomy":"product_tag","embeddable":true,"href":"https:\/\/blankpage.ee\/_ruumist-ruumi\/wp-json\/wp\/v2\/product_tag?post=184516"}],"curies":[{"name":"wp","href":"https:\/\/api.w.org\/{rel}","templated":true}]}}