{"id":184524,"date":"2025-04-23T15:30:09","date_gmt":"2025-04-23T15:30:09","guid":{"rendered":"https:\/\/ruumistruumi.ee\/pood\/ar-nutiprillid-rayneo-air-2s-micro-oled-120-hz-usb-c\/"},"modified":"2025-08-21T08:17:28","modified_gmt":"2025-08-21T08:17:28","slug":"ar-nutiprillid-rayneo-air-2s-micro-oled-120-hz-usb-c","status":"publish","type":"product","link":"https:\/\/blankpage.ee\/_ruumist-ruumi\/pood\/ar-nutiprillid-rayneo-air-2s-micro-oled-120-hz-usb-c\/","title":{"rendered":"AR nutiprillid RayNeo Air 2s (Micro OLED, 120 Hz, USB-C)"},"content":{"rendered":"<h3>AR nutiprillid RayNeo Air 2s \u2013 j\u00e4rgmise p\u00f5lvkonna m\u00e4nguprillid<\/h3>\n<p>AR nutiprillid RayNeo Air 2s on tipptasemel nutiprillid, mis \u00fchendavad kaasaegse visuaal- ja helitehnoloogia kerge ning mugava disainiga. Need prillid pakuvad kaasahaaravat elamust nii meelelahutuseks kui ka t\u00f6\u00f6ks, sobides eriti h\u00e4sti m\u00e4nguritele ja tehnoloogiahuvilistele, kelle jaoks on oluline silmapaistev pildi- ning helikvaliteet.<\/p>\n<p><img decoding=\"async\" src=\"https:\/\/blankpage.ee\/_ruumist-ruumi\/wp-content\/uploads\/2025\/04\/1-1045.webp\" alt=\"AR nutiprillid RayNeo Air 2s eestvaates musta raamiga\"\/><\/p>\n<h3>Kaasahaarav kinoelamus igal ajal ja igal pool<\/h3>\n<p>RayNeo Air 2s nutiprillidega saad nautida 201-tollist virtuaalekraani elamust, mis tundub nagu vaataksid suurt ekraani 6 meetri kauguselt. Micro OLED-ekraanid pakuvad 2D-re\u017eiimis 1920 \u00d7 1080 ja 3D-re\u017eiimis 3840 \u00d7 1080 eraldusv\u00f5imet, tagades terava ja detailse pildikvaliteedi nii m\u00e4ngude, filmide kui ka t\u00f6\u00f6vahendite jaoks. Maksimaalne heledus kuni 600 niti v\u00f5imaldab kasutada prille nii siseruumides kui ka \u00f5ues.<\/p>\n<p><img decoding=\"async\" src=\"https:\/\/blankpage.ee\/_ruumist-ruumi\/wp-content\/uploads\/2025\/04\/2-971.webp\" alt=\"Virtuaalekraani kasutamine RayNeo Air 2s AR nutiprillidega\"\/><\/p>\n<h3>Sujuv pildiliikumine ja personaalne seadistamine<\/h3>\n<p>120 Hz v\u00e4rskendussagedus tagab erakordselt sujuva m\u00e4nguelamuse ning v\u00f5imaldab nautida kiireid stseene ilma viivituseta. Mobiili\u00e4pi kaudu saad kiiresti seadistada heleduse ja v\u00e4rvitooni vastavalt enda eelistustele.<\/p>\n<p><img decoding=\"async\" src=\"https:\/\/blankpage.ee\/_ruumist-ruumi\/wp-content\/uploads\/2025\/04\/3-938.webp\" alt=\"RayNeo Air 2s nutiprillide mobiili\u00e4piga seadistamine\"\/><\/p>\n<h3>V\u00f5imas ruumiline helis\u00fcsteem<\/h3>\n<p>Neli s\u00fcmmeetrilist k\u00f5larit loovad \u00fcmbritseva helipildi, eriti sobiva nii m\u00e4ngudele kui videote vaatamiseks. Whisper Mode 2.0 tehnoloogia tagab privaatse kuulamise ka rahvarohketes kohtades ning tugev bass r\u00f5hutab efekti veelgi. Sarnased XR nutiprillid ei pruugi pakkuda nii head helikvaliteeti.<\/p>\n<p><img decoding=\"async\" src=\"https:\/\/blankpage.ee\/_ruumist-ruumi\/wp-content\/uploads\/2025\/04\/4-861.webp\" alt=\"RayNeo Air 2s nutiprillide sisseehitatud ruumilised k\u00f5larid\"\/><\/p>\n<h3>Kerge ja mugav kandmisel<\/h3>\n<p>RayNeo Air 2s kaalub ainult 78 grammi, v\u00f5imaldades nutiprille kanda muretult terve p\u00e4eva. Reguleeritavad ninapadjakesed ja sangaotsad muudavad prillid iga n\u00e4okujuga mugavaks ning pikaajaline kandmine ei p\u00f5hjusta ebamugavust.<\/p>\n<p><img decoding=\"async\" src=\"https:\/\/blankpage.ee\/_ruumist-ruumi\/wp-content\/uploads\/2025\/04\/5-763.webp\" alt=\"Mustad \u00fclikerged RayNeo Air 2s AR nutiprillid\"\/><\/p>\n<h3>Silmas\u00f5bralik tehnoloogia igale kasutajale<\/h3>\n<p>Kolmekordse T\u00dcV Rheinland sertifikaadiga XR-prillid tagavad madala sinise valguse taseme, virvendusvaba ekraani ja silmas\u00f5bralikkuse isegi mitmetunnisel kasutamisel. Soovi korral saab lisada ka korrektuuriklaasid, sobides nii prillikandjatele kui \u2013mittekandjatele.<\/p>\n<p><img decoding=\"async\" src=\"https:\/\/blankpage.ee\/_ruumist-ruumi\/wp-content\/uploads\/2025\/04\/6-680.webp\" alt=\"Silmas\u00f5bralik tehnoloogia RayNeo Air 2s nutiprillides\"\/><\/p>\n<h3>Mugav \u00fchenduvus ja \u00fchilduvus<\/h3>\n<p>RayNeo Air 2s \u00fchilduvad USB-C DisplayPort&#8217;iga seadmetega, olgu selleks s\u00fclearvuti, nutitelefon v\u00f5i m\u00e4ngukonsool. See muudab AR nutiprillid paindlikuks t\u00f6\u00f6- ja meelelahutusvahendiks iga p\u00e4ev.<\/p>\n<p><img decoding=\"async\" src=\"https:\/\/blankpage.ee\/_ruumist-ruumi\/wp-content\/uploads\/2025\/04\/8-366.webp\" alt=\"AR nutiprillid RayNeo Air 2s \u00fchendatud arvutiga USB-C kaabli abil\"\/><\/p>\n<h3>Meelelahutus, m\u00e4ngimine ja t\u00f6\u00f6 \u00fches seadmes<\/h3>\n<p>RayNeo Pocket TV v\u00f5imaldab ligi p\u00e4\u00e4seda enam kui 400 000 videole ja ligi 1000 erinevale rakendusele \u2013 nii saad mugavalt vaadata filme, m\u00e4ngida m\u00e4nge v\u00f5i t\u00f6\u00f6tada dokumentidega. Reaalsed visuaalid ja sujuv voogedastus muudavad need AR nutiprillid ideaalseks nii meelelahutuseks kui produktiivseks t\u00f6\u00f6ks.<\/p>\n<p><img decoding=\"async\" src=\"https:\/\/blankpage.ee\/_ruumist-ruumi\/wp-content\/uploads\/2025\/04\/7-590.webp\" alt=\"Meelelahutusv\u00f5imalused RayNeo Air 2s nutiprillidega\"\/><\/p>\n<h3>Tehnilised andmed<\/h3>\n<table>\n<tr>\n<th>Tootja<\/th>\n<td>RayNeo<\/td>\n<\/tr>\n<tr>\n<th>Mudel<\/th>\n<td>XRGF25-2A4FEU1<\/td>\n<\/tr>\n<tr>\n<th>M\u00f5\u00f5tmed<\/th>\n<td>176,5 \u00d7 154,3 \u00d7 47,4 mm (avatult), 57,8 \u00d7 154,3 \u00d7 47,4 mm (kokkupandult)<\/td>\n<\/tr>\n<tr>\n<th>Kaal<\/th>\n<td>78 g<\/td>\n<\/tr>\n<tr>\n<th>Ekraan<\/th>\n<td>0,55&#8243; Micro OLED<\/td>\n<\/tr>\n<tr>\n<th>Resolutsioon<\/th>\n<td>2D: 1920 \u00d7 1080, 3D: 3840 \u00d7 1080<\/td>\n<\/tr>\n<tr>\n<th>Vaatev\u00e4li<\/th>\n<td>46\u00b0<\/td>\n<\/tr>\n<tr>\n<th>Heledus<\/th>\n<td>Kuni 600 niti<\/td>\n<\/tr>\n<tr>\n<th>V\u00e4rskendussagedus<\/th>\n<td>120 Hz<\/td>\n<\/tr>\n<tr>\n<th>\u00dchendus<\/th>\n<td>USB-C DisplayPort<\/td>\n<\/tr>\n<tr>\n<th>Heli<\/th>\n<td>4 k\u00f5larit, Whisper Mode, HIFI<\/td>\n<\/tr>\n<tr>\n<th>Silmade kaitse<\/th>\n<td>T\u00dcV Rheinland sertifikaat<\/td>\n<\/tr>\n<\/table>\n<h3>Komplektis:<\/h3>\n<ul>\n<li>RayNeo Air 2s AR nutiprillid<\/li>\n<li>Korrektiivklaaside raam (proov)<\/li>\n<li>Andmekaabel<\/li>\n<li>Ninapadjad<\/li>\n<li>Kaitse\u00fcmbris<\/li>\n<li>Puhastuslapp<\/li>\n<li>Kasutusjuhend<\/li>\n<\/ul>\n","protected":false},"excerpt":{"rendered":"<p>AR nutiprillid RayNeo Air 2s \u2013 j\u00e4rgmise p\u00f5lvkonna m\u00e4nguprillid AR nutiprillid RayNeo Air 2s on tipptasemel nutiprillid, mis \u00fchendavad kaasaegse visuaal- ja helitehnoloogia kerge ning mugava disainiga. Need prillid pakuvad kaasahaaravat elamust nii meelelahutuseks kui ka t\u00f6\u00f6ks, sobides eriti h\u00e4sti m\u00e4nguritele ja tehnoloogiahuvilistele, kelle jaoks on oluline silmapaistev pildi- ning helikvaliteet. Kaasahaarav kinoelamus igal ajal [&hellip;]<\/p>\n","protected":false},"featured_media":184533,"comment_status":"open","ping_status":"open","template":"","meta":[],"product_brand":[3200],"product_cat":[3185],"product_tag":[],"class_list":{"0":"post-184524","1":"product","2":"type-product","3":"status-publish","4":"has-post-thumbnail","6":"product_brand-rayneo","7":"product_cat-ar-prillid","8":"product_shipping_class-innpro","10":"first","11":"instock","12":"sale","13":"taxable","14":"shipping-taxable","15":"purchasable","16":"product-type-simple"},"_links":{"self":[{"href":"https:\/\/blankpage.ee\/_ruumist-ruumi\/wp-json\/wp\/v2\/product\/184524","targetHints":{"allow":["GET"]}}],"collection":[{"href":"https:\/\/blankpage.ee\/_ruumist-ruumi\/wp-json\/wp\/v2\/product"}],"about":[{"href":"https:\/\/blankpage.ee\/_ruumist-ruumi\/wp-json\/wp\/v2\/types\/product"}],"replies":[{"embeddable":true,"href":"https:\/\/blankpage.ee\/_ruumist-ruumi\/wp-json\/wp\/v2\/comments?post=184524"}],"wp:featuredmedia":[{"embeddable":true,"href":"https:\/\/blankpage.ee\/_ruumist-ruumi\/wp-json\/wp\/v2\/media\/184533"}],"wp:attachment":[{"href":"https:\/\/blankpage.ee\/_ruumist-ruumi\/wp-json\/wp\/v2\/media?parent=184524"}],"wp:term":[{"taxonomy":"product_brand","embeddable":true,"href":"https:\/\/blankpage.ee\/_ruumist-ruumi\/wp-json\/wp\/v2\/product_brand?post=184524"},{"taxonomy":"product_cat","embeddable":true,"href":"https:\/\/blankpage.ee\/_ruumist-ruumi\/wp-json\/wp\/v2\/product_cat?post=184524"},{"taxonomy":"product_tag","embeddable":true,"href":"https:\/\/blankpage.ee\/_ruumist-ruumi\/wp-json\/wp\/v2\/product_tag?post=184524"}],"curies":[{"name":"wp","href":"https:\/\/api.w.org\/{rel}","templated":true}]}}