{"id":184535,"date":"2025-04-23T15:30:09","date_gmt":"2025-04-23T15:30:09","guid":{"rendered":"https:\/\/ruumistruumi.ee\/pood\/rayneo-nutipult-sei700ghm-google-tv-bluetooth-5-2-usb-c-6500-mah\/"},"modified":"2025-04-23T15:43:28","modified_gmt":"2025-04-23T15:43:28","slug":"rayneo-nutipult-sei700ghm-google-tv-bluetooth-5-2-usb-c-6500-mah","status":"publish","type":"product","link":"https:\/\/blankpage.ee\/_ruumist-ruumi\/pood\/rayneo-nutipult-sei700ghm-google-tv-bluetooth-5-2-usb-c-6500-mah\/","title":{"rendered":"RayNeo nutipult SEI700GHM (Google TV, Bluetooth 5.2, USB-C, 6500 mAh)"},"content":{"rendered":"<h3>RayNeo nutipult \u2013 t\u00e4ielik juhtimine sinu k\u00e4es<\/h3>\n<p>RayNeo nutipult sobib neile, kes soovivad oma meelelahutust ja m\u00e4ngukogemust viia j\u00e4rgmisele tasemele. See intuitiivne kaugjuhtimispult t\u00f6\u00f6tab laitmatult koos Pocket TV seadmete ja RayNeo Air 2 prillidega ning sobib suurep\u00e4raselt kasutamiseks nii kodus kui teel olles.<\/p>\n<p><img decoding=\"async\" src=\"https:\/\/blankpage.ee\/_ruumist-ruumi\/wp-content\/uploads\/2025\/04\/1-1046.webp\" alt=\"RayNeo nutipult eestvaates\" \/><\/p>\n<h3>Lihtne ja kiire navigeerimine RayNeo nutipuldiga<\/h3>\n<p>Ergonoomiline juhtkang ja selged nupud v\u00f5imaldavad mugavat liikumist Google TV rakendustes ja m\u00e4ngumen\u00fc\u00fcdes. Olenemata sellest, kas juhid Google TV-d, lemmikrakendusi v\u00f5i otsid meediasisu, on k\u00f5ik vajalik kiiresti k\u00e4ttesaadav t\u00e4nu pultidele. Eraldi nupud YouTube&#8217;i ja Prime Video jaoks v\u00f5imaldavad kiiret juurdep\u00e4\u00e4su olulistele rakendustele.<\/p>\n<p><img decoding=\"async\" src=\"https:\/\/blankpage.ee\/_ruumist-ruumi\/wp-content\/uploads\/2025\/04\/2-972.webp\" alt=\"\u00dclevaade RayNeo nutipuldi nuppudest ja juhtkangi funktsioonidest\" \/><\/p>\n<h3>H\u00e4\u00e4ljuhtimine ja Google TV toetus kaugjuhtimispuldil<\/h3>\n<p>Google Assistanti tuge kasutades saad kasutada h\u00e4\u00e4lk\u00e4sklusi \u2013 \u00fctle lihtsalt, mida vajad, ning sisu ja funktsioonid muutuvad kohe k\u00e4ttesaadavaks. Rohkem kui 400 000 filmi, seriaali ja rakendust l\u00e4bi Google TV teeb sellest t\u00f5eliselt mitmek\u00fclgse meelelahutuslahenduse.<\/p>\n<p><img decoding=\"async\" src=\"https:\/\/blankpage.ee\/_ruumist-ruumi\/wp-content\/uploads\/2025\/04\/3-939.webp\" alt=\"RayNeo nutipult koos RayNeo Air 2 prillidega\" \/><\/p>\n<h3>Kerge, kaasaskantav ja vastupidav RayNeo puldilahendus<\/h3>\n<p>Kaugjuhtimispuldi kompaktsed m\u00f5\u00f5dud (130\u00d761\u00d723 mm) ja vaid 190-grammine kaal v\u00f5imaldavad seda h\u00f5lpsalt iga p\u00e4ev kaasas kanda. V\u00f5imas 6500 mAh aku pakub kuni 5,5 tundi t\u00f6\u00f6aega \u00fche laadimisega \u2013 sobib h\u00e4sti nii pikemateks meelelahutussessioonideks kui ka reisidel kasutamiseks.<\/p>\n<p><img decoding=\"async\" src=\"https:\/\/blankpage.ee\/_ruumist-ruumi\/wp-content\/uploads\/2025\/04\/4-862.webp\" alt=\"Must ja kompaktne RayNeo nutipult laual\" \/><\/p>\n<h3>Paindlikud \u00fchendusv\u00f5imalused meelelahutusele<\/h3>\n<p>Kaks USB-C-porti ja MicroSD-pesa (toetus kuni 2 TB) loovad v\u00f5imalusi k\u00f5rvaklappide v\u00f5i lisaseadmete \u00fchendamiseks, pakkudes suuremat mugavust ning vabadust m\u00e4ngimiseks ja meediatarbimiseks.<\/p>\n<p><img decoding=\"async\" src=\"https:\/\/blankpage.ee\/_ruumist-ruumi\/wp-content\/uploads\/2025\/04\/5-764.webp\" alt=\"RayNeo kaugjuhtimispult USB-C portide ja MicroSD pesaga\" \/><\/p>\n<h3>Stabiilne \u00fchendus ja vajalik j\u00f5udlus igale kasutajale<\/h3>\n<p>Bluetooth 5.2 ja Wi-Fi 6 tugi tagavad alati sujuva, viivitusteta juhtimise, olenemata sellest, kas m\u00e4ngid diivanilt v\u00f5i r\u00f5dult. Puldi 3 GB LPDDR4 muutm\u00e4lu ja 64 GB sisem\u00e4lu aitavad kaasa kiirele reageerimisele ning tagavad, et k\u00f5ik vajalik on alati kaasas.<\/p>\n<p><img decoding=\"async\" src=\"https:\/\/blankpage.ee\/_ruumist-ruumi\/wp-content\/uploads\/2025\/04\/6-681.webp\" alt=\"RayNeo nutipult laadimas USB-C kaudu\" \/><\/p>\n<h3>Modernne ja stiilne disain igale ruumile sobivaks<\/h3>\n<p>Tume ja minimalistlik disain sobitub igasse interj\u00f6\u00f6ri ning RayNeo nutipult t\u00e4iustab esteetiliselt nii Pocket TV kui ka Air 2 prillide v\u00e4limust.<\/p>\n<p><img decoding=\"async\" src=\"https:\/\/blankpage.ee\/_ruumist-ruumi\/wp-content\/uploads\/2025\/04\/7-591.webp\" alt=\"Minimalistliku disainiga must RayNeo kaugjuhtimispult\" \/><\/p>\n<h3>Kasutamiseks nii kodus kui \u00f5ues<\/h3>\n<p>Bluetooth 5.2 v\u00f5imaldab kasutada pulti ka kaugemalt, seega sobib RayNeo nutipult h\u00e4sti nii toa- kui v\u00e4litingimustesse. Multifunktsionaalsus teeb sellest vajaliku abilise igale meelelahutuse austajale.<\/p>\n<p><img decoding=\"async\" src=\"https:\/\/blankpage.ee\/_ruumist-ruumi\/wp-content\/uploads\/2025\/04\/8-367.webp\" alt=\"RayNeo nutipult kasutamisel erinevates olukordades\" \/><\/p>\n<h3>Usaldusv\u00e4\u00e4rne kaaslane igale meelelahutushuvilisele<\/h3>\n<p>Filmid, sarjad v\u00f5i m\u00e4ngud \u2013 RayNeo nutipult aitab mugavalt hallata kogu sisu ja seadmeid. Naudi vabadust, t\u00e4ielikku kontrolli ning avasta uusi v\u00f5imalusi RayNeo kaugjuhtimispuldiga!<\/p>\n<p><img decoding=\"async\" src=\"https:\/\/blankpage.ee\/_ruumist-ruumi\/wp-content\/uploads\/2025\/04\/9-267.webp\" alt=\"Meelelahutuse nautija kasutab RayNeo nutipulti kodus\" \/><\/p>\n<h3>Komplektis:<\/h3>\n<ul>\n<li>RayNeo Pocket TV nutipult<\/li>\n<li>Kasutusjuhend<\/li>\n<li>USB-kaabel<\/li>\n<\/ul>\n<table>\n<tbody>\n<tr>\n<th>Tootja<\/th>\n<td>RayNeo<\/td>\n<\/tr>\n<tr>\n<th>Mudel<\/th>\n<td>SEI700GHM<\/td>\n<\/tr>\n<tr>\n<th>Kaal<\/th>\n<td>190 g<\/td>\n<\/tr>\n<tr>\n<th>M\u00f5\u00f5dud<\/th>\n<td>130\u00d761\u00d723 mm<\/td>\n<\/tr>\n<tr>\n<th>\u00dchenduvus<\/th>\n<td>Bluetooth 5.2, Wi-Fi 6, USB-C \u00d72, MicroSD (kuni 2 TB)<\/td>\n<\/tr>\n<tr>\n<th>Akumaht<\/th>\n<td>6500 mAh, kuni 5,5 tundi kasutust<\/td>\n<\/tr>\n<tr>\n<th>M\u00e4lu<\/th>\n<td>3 GB RAM \/ 64 GB ROM<\/td>\n<\/tr>\n<\/tbody>\n<\/table>\n","protected":false},"excerpt":{"rendered":"<p>RayNeo nutipult \u2013 t\u00e4ielik juhtimine sinu k\u00e4es RayNeo nutipult sobib neile, kes soovivad oma meelelahutust ja m\u00e4ngukogemust viia j\u00e4rgmisele tasemele. See intuitiivne kaugjuhtimispult t\u00f6\u00f6tab laitmatult koos Pocket TV seadmete ja RayNeo Air 2 prillidega ning sobib suurep\u00e4raselt kasutamiseks nii kodus kui teel olles. Lihtne ja kiire navigeerimine RayNeo nutipuldiga Ergonoomiline juhtkang ja selged nupud v\u00f5imaldavad [&hellip;]<\/p>\n","protected":false},"featured_media":184545,"comment_status":"open","ping_status":"open","template":"","meta":[],"product_brand":[3200],"product_cat":[3185],"product_tag":[],"class_list":{"0":"post-184535","1":"product","2":"type-product","3":"status-publish","4":"has-post-thumbnail","6":"product_brand-rayneo","7":"product_cat-ar-prillid","8":"product_shipping_class-innpro","10":"first","11":"outofstock","12":"taxable","13":"shipping-taxable","14":"purchasable","15":"product-type-simple"},"_links":{"self":[{"href":"https:\/\/blankpage.ee\/_ruumist-ruumi\/wp-json\/wp\/v2\/product\/184535","targetHints":{"allow":["GET"]}}],"collection":[{"href":"https:\/\/blankpage.ee\/_ruumist-ruumi\/wp-json\/wp\/v2\/product"}],"about":[{"href":"https:\/\/blankpage.ee\/_ruumist-ruumi\/wp-json\/wp\/v2\/types\/product"}],"replies":[{"embeddable":true,"href":"https:\/\/blankpage.ee\/_ruumist-ruumi\/wp-json\/wp\/v2\/comments?post=184535"}],"wp:featuredmedia":[{"embeddable":true,"href":"https:\/\/blankpage.ee\/_ruumist-ruumi\/wp-json\/wp\/v2\/media\/184545"}],"wp:attachment":[{"href":"https:\/\/blankpage.ee\/_ruumist-ruumi\/wp-json\/wp\/v2\/media?parent=184535"}],"wp:term":[{"taxonomy":"product_brand","embeddable":true,"href":"https:\/\/blankpage.ee\/_ruumist-ruumi\/wp-json\/wp\/v2\/product_brand?post=184535"},{"taxonomy":"product_cat","embeddable":true,"href":"https:\/\/blankpage.ee\/_ruumist-ruumi\/wp-json\/wp\/v2\/product_cat?post=184535"},{"taxonomy":"product_tag","embeddable":true,"href":"https:\/\/blankpage.ee\/_ruumist-ruumi\/wp-json\/wp\/v2\/product_tag?post=184535"}],"curies":[{"name":"wp","href":"https:\/\/api.w.org\/{rel}","templated":true}]}}