{"id":184560,"date":"2025-04-23T15:45:20","date_gmt":"2025-04-23T15:45:20","guid":{"rendered":"https:\/\/ruumistruumi.ee\/pood\/xreal-one-liitreaalsusprillid-oled-120-hz-3-dof-must\/"},"modified":"2025-08-21T08:17:28","modified_gmt":"2025-08-21T08:17:28","slug":"xreal-one-liitreaalsusprillid-oled-120-hz-3-dof-must","status":"publish","type":"product","link":"https:\/\/blankpage.ee\/_ruumist-ruumi\/pood\/xreal-one-liitreaalsusprillid-oled-120-hz-3-dof-must\/","title":{"rendered":"XREAL One liitreaalsusprillid (OLED, 120 Hz, 3 DoF, must)"},"content":{"rendered":"<h3>XREAL One prillid \u2013 uus tasand m\u00e4ngudele ja t\u00f6\u00f6le<\/h3>\n<p>Astu liitreaalsuse maailma <b>XREAL One prillidega<\/b>, mis on loodud neile, kes v\u00e4\u00e4rtustavad selget pilti, kvaliteetset heli ning tipptasemel kasutusmugavust. 3 DoF (Degrees of Freedom) v\u00f5imaldab sujuvat liikumist ja realistlikku kogemust nii virtuaalsel t\u00f6\u00f6laual, m\u00e4ngudes kui ka interaktiivsete rakenduste kasutamisel.<\/p>\n<p><img decoding=\"async\" src=\"https:\/\/blankpage.ee\/_ruumist-ruumi\/wp-content\/uploads\/2025\/04\/7-593.webp\" alt=\"Mustad XREAL One prillid detailvaates\"\/><\/p>\n<h3>V\u00f5imas XREAL X1 protsessor ja sujuv t\u00f6\u00f6<\/h3>\n<p>XREAL One prillide s\u00fcdames t\u00f6\u00f6tab X1 protsessor, mis pakub vaid 3 ms viivitust ja v\u00f5imaldab kuni 120 Hz v\u00e4rskendussagedust. Nii saad nautida eriti teravat ja kiiret pilti ilma viivitusteta, isegi kiiretes stseenides ning n\u00f5udlike m\u00e4ngude puhul.<\/p>\n<p><img decoding=\"async\" src=\"https:\/\/blankpage.ee\/_ruumist-ruumi\/wp-content\/uploads\/2025\/04\/10-75.webp\" alt=\"Liitreaalsusprillidega virtuaalse kogemuse nautimine\"\/><\/p>\n<h3>OLED-ekraan \u2013 terav ja silmas\u00f5bralik pilt<\/h3>\n<p>Sony 0,68-tolline micro OLED-ekraan tagab 4 miljonit pikslit, 1080p lahutusv\u00f5ime ning 50\u00b0 laia vaatenurga. Virtuaalekraan ulatub kuni 147 tollini ning madal sinise valguse emissioon ja 100% UV-kaitse teevad kasutamise turvaliseks ka pikema aja v\u00e4ltel.<\/p>\n<p><img decoding=\"async\" src=\"https:\/\/blankpage.ee\/_ruumist-ruumi\/wp-content\/uploads\/2025\/04\/8-368.webp\" alt=\"AR prillide micro OLED-ekraani detailid\"\/><\/p>\n<h3>Ruumiline heli \u2013 ideaalne m\u00e4ngimiseks ja filmide vaatamiseks<\/h3>\n<p>T\u00e4nu 3.0 ruumilisele helile ja t\u00e4iustatud p\u00f6\u00f6rdheliv\u00e4lja tehnoloogiale saad t\u00f5eliselt kaasahaarava helikogemuse. XREAL One prillid sobivad ideaalselt nii m\u00e4ngude, videote kui ka muusika nautimiseks.<\/p>\n<p><img decoding=\"async\" src=\"https:\/\/blankpage.ee\/_ruumist-ruumi\/wp-content\/uploads\/2025\/04\/5-766.webp\" alt=\"Ruumilise heliga XREAL One prillid\"\/><\/p>\n<h3>Mugavus ja individuaalne seadistamine<\/h3>\n<p>Kohanda vaadet vastavalt vajadusele \u2013 kolme l\u00e4bipaistvusastme, 5000-niidise ereduse ning reguleeritava vahekaugusega l\u00e4\u00e4tsed pakuvad alati teravat pilti. Peegeldusvastane ja kriimustuskindel kate muudab kasutamise veelgi mugavamaks, samas kui T\u00dcV Rheinland sertifikaat tagab silmadele ohutu kasutuskogemuse.<\/p>\n<p><img decoding=\"async\" src=\"https:\/\/blankpage.ee\/_ruumist-ruumi\/wp-content\/uploads\/2025\/04\/12-29.webp\" alt=\"XREAL One prillide UV-kaitse ja kriimustuskindlad l\u00e4\u00e4tsed\"\/><\/p>\n<h3>Ultra-lai ekraan ja multitegumt\u00f6\u00f6 v\u00f5imalused<\/h3>\n<p>32:9 ekraanisuhte ning kuni 310-tollise virtuaalekraaniga saad korraga avada mitu rakendust ja akent \u2013 ideaalne multitaskinguks. &#8220;Side view&#8221; funktsioon v\u00f5imaldab visuaali paigutada just sinna, kuhu soovid, suurendades oluliselt t\u00f6\u00f6- ja meelelahutusv\u00f5imalusi.<\/p>\n<p><img decoding=\"async\" src=\"https:\/\/blankpage.ee\/_ruumist-ruumi\/wp-content\/uploads\/2025\/04\/9-268.webp\" alt=\"Ultra-laia ekraaniga XREAL One AR prillid multitegumt\u00f6\u00f6ks\"\/><\/p>\n<h3>Intuitiivne juhtimine ja lai \u00fchilduvus<\/h3>\n<p>Juhtnupud ning 3 DoF kaablivaba tugi v\u00f5imaldavad h\u00f5lpsasti reguleerida heleduse, l\u00e4\u00e4tsede v\u00e4rvi, re\u017eiimide ja ekraanim\u00f5\u00f5tude seadeid. XREAL One prillid \u00fchilduvad laialdaselt: iPhone 15\/16, Android-seadmed, m\u00e4ngukonsoolid (nt Nintendo Switch), Mac, PC ja XREAL Beam Pro.<\/p>\n<p><img decoding=\"async\" src=\"https:\/\/blankpage.ee\/_ruumist-ruumi\/wp-content\/uploads\/2025\/04\/3-941.webp\" alt=\"Juhtnuppudega mustad XREAL One prillid\"\/><\/p>\n<h3>Komplektis:<\/h3>\n<ul>\n<li>XREAL One AR-prillid<\/li>\n<li>USB-C\u2013USB-C kaabel<\/li>\n<li>Kolmes suuruses ninapadjad<\/li>\n<li>Puhastuslapp<\/li>\n<li>Kaitse\u00fcmbris<\/li>\n<li>Kasutusjuhend<\/li>\n<\/ul>\n<h3>P\u00f5hiandmed<\/h3>\n<table>\n<tr>\n<th>Tootja<\/th>\n<td>XREAL<\/td>\n<\/tr>\n<tr>\n<th>Mudel<\/th>\n<td>AR XREAL One<\/td>\n<\/tr>\n<tr>\n<th>Protsessor<\/th>\n<td>XREAL X1<\/td>\n<\/tr>\n<tr>\n<th>Viivitus<\/th>\n<td>3 ms<\/td>\n<\/tr>\n<tr>\n<th>Ekraan<\/th>\n<td>Sony 0,68&#8243; micro OLED, 1080p, 4 MP<\/td>\n<\/tr>\n<tr>\n<th>V\u00e4rskendussagedus<\/th>\n<td>kuni 120 Hz<\/td>\n<\/tr>\n<tr>\n<th>Heli<\/th>\n<td>3.0 ruumiline heli<\/td>\n<\/tr>\n<tr>\n<th>\u00dchilduvus<\/th>\n<td>iPhone 15\/16, Android, konsoolid, Mac, PC, XREAL Beam Pro<\/td>\n<\/tr>\n<tr>\n<th>Kaal<\/th>\n<td>84 g<\/td>\n<\/tr>\n<tr>\n<th>V\u00e4rv<\/th>\n<td>must<\/td>\n<\/tr>\n<\/table>\n","protected":false},"excerpt":{"rendered":"<p>XREAL One prillid \u2013 uus tasand m\u00e4ngudele ja t\u00f6\u00f6le Astu liitreaalsuse maailma XREAL One prillidega, mis on loodud neile, kes v\u00e4\u00e4rtustavad selget pilti, kvaliteetset heli ning tipptasemel kasutusmugavust. 3 DoF (Degrees of Freedom) v\u00f5imaldab sujuvat liikumist ja realistlikku kogemust nii virtuaalsel t\u00f6\u00f6laual, m\u00e4ngudes kui ka interaktiivsete rakenduste kasutamisel. V\u00f5imas XREAL X1 protsessor ja sujuv t\u00f6\u00f6 [&hellip;]<\/p>\n","protected":false},"featured_media":184568,"comment_status":"open","ping_status":"open","template":"","meta":[],"product_brand":[3184],"product_cat":[3185],"product_tag":[],"class_list":{"0":"post-184560","1":"product","2":"type-product","3":"status-publish","4":"has-post-thumbnail","6":"product_brand-xreal","7":"product_cat-ar-prillid","8":"product_shipping_class-innpro","10":"first","11":"instock","12":"sale","13":"taxable","14":"shipping-taxable","15":"purchasable","16":"product-type-simple"},"_links":{"self":[{"href":"https:\/\/blankpage.ee\/_ruumist-ruumi\/wp-json\/wp\/v2\/product\/184560","targetHints":{"allow":["GET"]}}],"collection":[{"href":"https:\/\/blankpage.ee\/_ruumist-ruumi\/wp-json\/wp\/v2\/product"}],"about":[{"href":"https:\/\/blankpage.ee\/_ruumist-ruumi\/wp-json\/wp\/v2\/types\/product"}],"replies":[{"embeddable":true,"href":"https:\/\/blankpage.ee\/_ruumist-ruumi\/wp-json\/wp\/v2\/comments?post=184560"}],"wp:featuredmedia":[{"embeddable":true,"href":"https:\/\/blankpage.ee\/_ruumist-ruumi\/wp-json\/wp\/v2\/media\/184568"}],"wp:attachment":[{"href":"https:\/\/blankpage.ee\/_ruumist-ruumi\/wp-json\/wp\/v2\/media?parent=184560"}],"wp:term":[{"taxonomy":"product_brand","embeddable":true,"href":"https:\/\/blankpage.ee\/_ruumist-ruumi\/wp-json\/wp\/v2\/product_brand?post=184560"},{"taxonomy":"product_cat","embeddable":true,"href":"https:\/\/blankpage.ee\/_ruumist-ruumi\/wp-json\/wp\/v2\/product_cat?post=184560"},{"taxonomy":"product_tag","embeddable":true,"href":"https:\/\/blankpage.ee\/_ruumist-ruumi\/wp-json\/wp\/v2\/product_tag?post=184560"}],"curies":[{"name":"wp","href":"https:\/\/api.w.org\/{rel}","templated":true}]}}