{"id":184639,"date":"2025-04-23T16:24:06","date_gmt":"2025-04-23T16:24:06","guid":{"rendered":"https:\/\/ruumistruumi.ee\/pood\/ar-prillide-kleebis-xreal-pale-dogwood-air-2-2-pro-roosa\/"},"modified":"2025-08-21T08:17:28","modified_gmt":"2025-08-21T08:17:28","slug":"ar-prillide-kleebis-xreal-pale-dogwood-air-2-2-pro-roosa","status":"publish","type":"product","link":"https:\/\/blankpage.ee\/_ruumist-ruumi\/pood\/ar-prillide-kleebis-xreal-pale-dogwood-air-2-2-pro-roosa\/","title":{"rendered":"AR-prillide kleebis Xreal Pale Dogwood (Air 2\/2 Pro, roosa)"},"content":{"rendered":"<h3>AR-prillide kleebis Xreal Pale Dogwood \u2013 stiilne lisand Sinu seadmele<\/h3>\n<p>Kui soovid oma Xreal Air 2 v\u00f5i Air 2 Pro AR-prillidele anda ainulaadse v\u00e4limuse, on Pale Dogwood roosa toonis AR-prillide kleebis ideaalne valik. See t\u00e4pselt m\u00f5\u00f5detud kleebis sobitub ideaalselt prillide pinnale ning seda on lihtne ise paigaldada. Uuenda prillide v\u00e4limust kiiresti ja too igap\u00e4evastesse virtuaalkogemustesse rohkem v\u00e4rvi ja isikup\u00e4ra.<\/p>\n<p>AR-prillide kleebis pole mitte ainult dekoratiivne, vaid v\u00f5imaldab Sul rahvahulgast silma paista \u2013 sobides h\u00e4sti nii m\u00e4ngu\u00f5htule, e-spordi v\u00f5istlustele kui virtuaalreaalsuse esitlusele. Elegantne, kuid silmatorkav Pale Dogwood roosa toon aitab r\u00f5hutada Sinu unikaalset stiili ja j\u00e4tab s\u00f5pradele ning kaasm\u00e4ngijatele meeldej\u00e4\u00e4va mulje.<\/p>\n<h3>Tehnilised andmed \u2013 AR-prillide kleebis sobivus ja omadused<\/h3>\n<table>\n<tr>\n<th>Tootja<\/th>\n<td>Xreal<\/td>\n<\/tr>\n<tr>\n<th>V\u00e4rvus<\/th>\n<td>Roosa (Pale Dogwood)<\/td>\n<\/tr>\n<tr>\n<th>\u00dchilduvus<\/th>\n<td>Xreal Air 2, Xreal Air 2 Pro<\/td>\n<\/tr>\n<\/table>\n<p><img decoding=\"async\" src=\"https:\/\/blankpage.ee\/_ruumist-ruumi\/wp-content\/uploads\/2025\/04\/3-949.webp\" alt=\"Pale Dogwood toonis AR-prillide kleebis Xreal Air 2 ja Air 2 Pro AR-prillide jaoks\"\/><\/p>\n","protected":false},"excerpt":{"rendered":"<p>AR-prillide kleebis Xreal Pale Dogwood \u2013 stiilne lisand Sinu seadmele Kui soovid oma Xreal Air 2 v\u00f5i Air 2 Pro AR-prillidele anda ainulaadse v\u00e4limuse, on Pale Dogwood roosa toonis AR-prillide kleebis ideaalne valik. See t\u00e4pselt m\u00f5\u00f5detud kleebis sobitub ideaalselt prillide pinnale ning seda on lihtne ise paigaldada. Uuenda prillide v\u00e4limust kiiresti ja too igap\u00e4evastesse virtuaalkogemustesse [&hellip;]<\/p>\n","protected":false},"featured_media":184641,"comment_status":"open","ping_status":"open","template":"","meta":[],"product_brand":[3184],"product_cat":[3185],"product_tag":[],"class_list":{"0":"post-184639","1":"product","2":"type-product","3":"status-publish","4":"has-post-thumbnail","6":"product_brand-xreal","7":"product_cat-ar-prillid","8":"product_shipping_class-innpro","10":"first","11":"instock","12":"sale","13":"taxable","14":"shipping-taxable","15":"purchasable","16":"product-type-simple"},"_links":{"self":[{"href":"https:\/\/blankpage.ee\/_ruumist-ruumi\/wp-json\/wp\/v2\/product\/184639","targetHints":{"allow":["GET"]}}],"collection":[{"href":"https:\/\/blankpage.ee\/_ruumist-ruumi\/wp-json\/wp\/v2\/product"}],"about":[{"href":"https:\/\/blankpage.ee\/_ruumist-ruumi\/wp-json\/wp\/v2\/types\/product"}],"replies":[{"embeddable":true,"href":"https:\/\/blankpage.ee\/_ruumist-ruumi\/wp-json\/wp\/v2\/comments?post=184639"}],"wp:featuredmedia":[{"embeddable":true,"href":"https:\/\/blankpage.ee\/_ruumist-ruumi\/wp-json\/wp\/v2\/media\/184641"}],"wp:attachment":[{"href":"https:\/\/blankpage.ee\/_ruumist-ruumi\/wp-json\/wp\/v2\/media?parent=184639"}],"wp:term":[{"taxonomy":"product_brand","embeddable":true,"href":"https:\/\/blankpage.ee\/_ruumist-ruumi\/wp-json\/wp\/v2\/product_brand?post=184639"},{"taxonomy":"product_cat","embeddable":true,"href":"https:\/\/blankpage.ee\/_ruumist-ruumi\/wp-json\/wp\/v2\/product_cat?post=184639"},{"taxonomy":"product_tag","embeddable":true,"href":"https:\/\/blankpage.ee\/_ruumist-ruumi\/wp-json\/wp\/v2\/product_tag?post=184639"}],"curies":[{"name":"wp","href":"https:\/\/api.w.org\/{rel}","templated":true}]}}