{"id":184647,"date":"2025-04-23T16:26:20","date_gmt":"2025-04-23T16:26:20","guid":{"rendered":"https:\/\/ruumistruumi.ee\/pood\/xreal-prillikleeps-air-2-2-pro-dartmouth-green\/"},"modified":"2025-08-21T08:17:28","modified_gmt":"2025-08-21T08:17:28","slug":"xreal-prillikleeps-air-2-2-pro-dartmouth-green","status":"publish","type":"product","link":"https:\/\/blankpage.ee\/_ruumist-ruumi\/pood\/xreal-prillikleeps-air-2-2-pro-dartmouth-green\/","title":{"rendered":"XREAL prillikleeps Air 2\/2 Pro, Dartmouth Green"},"content":{"rendered":"<h3>XREAL prillikleeps Air 2\/2 Pro \u2013 too isikup\u00e4ra oma nutiprillidesse<\/h3>\n<p>XREAL prillikleeps Air 2\/2 Pro, Dartmouth Green, on loodud spetsiaalselt sellele mudelile sobimiseks. Tumeroheline kleebis v\u00f5imaldab lihtsalt ja kiirelt muuta sinu prillide v\u00e4limust ning lisab neile oman\u00e4olise aktsendi. See on ideaalne valik, kui soovid r\u00f5hutada enda isikup\u00e4rast stiili ja tuua oma tehnoloogiaseadmed rohkem esile. XREAL prillikleeps aitab su nutiprillidel teiste seast silma paista.<\/p>\n<p><img decoding=\"async\" alt=\"XREAL prillikleeps Air 2 ja Air 2 Pro mudelile, tumeroheline Dartmouth Green\" src=\"https:\/\/blankpage.ee\/_ruumist-ruumi\/wp-content\/uploads\/2025\/04\/3-951.webp\"\/><\/p>\n<h3>T\u00e4pselt l\u00f5igatud, lihtsalt paigaldatav<\/h3>\n<p>Kleebise kandmine prillidele on mugav ja kiire \u2013 see on t\u00e4pselt l\u00f5igatud, mist\u00f5ttu sobitub ideaalselt XREAL Air 2 ja Air 2 Pro mudelitele. T\u00e4nu kvaliteetsele materjalile puuduvad muret mullide v\u00f5i kortsude p\u00e4rast ja sinu prillid n\u00e4evad v\u00e4lja nagu uued.<\/p>\n<h3>Miks just XREAL prillikleeps Dartmouth Green?<\/h3>\n<ul>\n<li><b>Stiilne v\u00e4limus<\/b> \u2013 tumeroheline v\u00e4limus muudab prillid pilkup\u00fc\u00fcdvaks.<\/li>\n<li><b>Lihtne kasutada<\/b> \u2013 muudab prillide v\u00e4limust kiirelt ja ilma lisaatribuutideta.<\/li>\n<li><b>Unikaalsus<\/b> \u2013 sobib neile, kes hindavad tehnoloogias isikup\u00e4ra.<\/li>\n<li><b>Kvaliteetne materjal<\/b> \u2013 vastupidav ja t\u00e4pselt disainitud kleebis.<\/li>\n<\/ul>\n<h3>Tehnilised andmed<\/h3>\n<table>\n<tbody>\n<tr>\n<th>Tootja<\/th>\n<td>XREAL<\/td>\n<\/tr>\n<tr>\n<th>V\u00e4rv<\/th>\n<td>Tumeroheline (Dartmouth Green)<\/td>\n<\/tr>\n<tr>\n<th>Sobivus<\/th>\n<td>Air 2, Air 2 Pro<\/td>\n<\/tr>\n<\/tbody>\n<\/table>\n<p>Muuda oma XREAL prillikleepsuga Air 2\/2 Pro nutiprillide v\u00e4limust lihtsalt ning lase oma tehnoloogiamaailmal peegeldada sinu unikaalset stiili!<\/p>\n","protected":false},"excerpt":{"rendered":"<p>XREAL prillikleeps Air 2\/2 Pro \u2013 too isikup\u00e4ra oma nutiprillidesse XREAL prillikleeps Air 2\/2 Pro, Dartmouth Green, on loodud spetsiaalselt sellele mudelile sobimiseks. Tumeroheline kleebis v\u00f5imaldab lihtsalt ja kiirelt muuta sinu prillide v\u00e4limust ning lisab neile oman\u00e4olise aktsendi. See on ideaalne valik, kui soovid r\u00f5hutada enda isikup\u00e4rast stiili ja tuua oma tehnoloogiaseadmed rohkem esile. XREAL [&hellip;]<\/p>\n","protected":false},"featured_media":184649,"comment_status":"open","ping_status":"open","template":"","meta":[],"product_brand":[3184],"product_cat":[3185],"product_tag":[],"class_list":{"0":"post-184647","1":"product","2":"type-product","3":"status-publish","4":"has-post-thumbnail","6":"product_brand-xreal","7":"product_cat-ar-prillid","8":"product_shipping_class-innpro","10":"first","11":"instock","12":"sale","13":"taxable","14":"shipping-taxable","15":"purchasable","16":"product-type-simple"},"_links":{"self":[{"href":"https:\/\/blankpage.ee\/_ruumist-ruumi\/wp-json\/wp\/v2\/product\/184647","targetHints":{"allow":["GET"]}}],"collection":[{"href":"https:\/\/blankpage.ee\/_ruumist-ruumi\/wp-json\/wp\/v2\/product"}],"about":[{"href":"https:\/\/blankpage.ee\/_ruumist-ruumi\/wp-json\/wp\/v2\/types\/product"}],"replies":[{"embeddable":true,"href":"https:\/\/blankpage.ee\/_ruumist-ruumi\/wp-json\/wp\/v2\/comments?post=184647"}],"wp:featuredmedia":[{"embeddable":true,"href":"https:\/\/blankpage.ee\/_ruumist-ruumi\/wp-json\/wp\/v2\/media\/184649"}],"wp:attachment":[{"href":"https:\/\/blankpage.ee\/_ruumist-ruumi\/wp-json\/wp\/v2\/media?parent=184647"}],"wp:term":[{"taxonomy":"product_brand","embeddable":true,"href":"https:\/\/blankpage.ee\/_ruumist-ruumi\/wp-json\/wp\/v2\/product_brand?post=184647"},{"taxonomy":"product_cat","embeddable":true,"href":"https:\/\/blankpage.ee\/_ruumist-ruumi\/wp-json\/wp\/v2\/product_cat?post=184647"},{"taxonomy":"product_tag","embeddable":true,"href":"https:\/\/blankpage.ee\/_ruumist-ruumi\/wp-json\/wp\/v2\/product_tag?post=184647"}],"curies":[{"name":"wp","href":"https:\/\/api.w.org\/{rel}","templated":true}]}}