{"id":184716,"date":"2025-04-23T17:06:30","date_gmt":"2025-04-23T17:06:30","guid":{"rendered":"https:\/\/ruumistruumi.ee\/pood\/juhtmevaba-klaviatuur-keychron-b6-pro-ultraohuke-2-4g-bluetooth-usb-c-valge\/"},"modified":"2025-08-21T08:17:27","modified_gmt":"2025-08-21T08:17:27","slug":"juhtmevaba-klaviatuur-keychron-b6-pro-ultraohuke-2-4g-bluetooth-usb-c-valge","status":"publish","type":"product","link":"https:\/\/blankpage.ee\/_ruumist-ruumi\/pood\/juhtmevaba-klaviatuur-keychron-b6-pro-ultraohuke-2-4g-bluetooth-usb-c-valge\/","title":{"rendered":"Juhtmevaba klaviatuur Keychron B6 Pro, ultra\u00f5huke, 2.4G\/Bluetooth\/USB-C, valge"},"content":{"rendered":"<h3>Juhtmevaba klaviatuur Keychron B6 Pro \u2013 ultra\u00f5huke, 2.4G\/Bluetooth\/USB-C, valge<\/h3>\n<p>Juhtmevaba klaviatuur Keychron B6 Pro on ideaalne valik nii m\u00e4nguritele kui ka kontorit\u00f6\u00f6ks, pakkudes kerget ja \u00f5hukest disaini, mitmek\u00fclgseid \u00fchendusv\u00f5imalusi ning meeldivat kasutuskogemust. T\u00e4nu 2.4 GHz, Bluetooth 5.2 ja USB-C \u00fchendustele \u00fchildub klaviatuur arvutite, tahvlite ja nutiseadmetega olenemata operatsioonis\u00fcsteemist \u2013 olgu selleks macOS, Windows v\u00f5i Linux.<\/p>\n<p><img decoding=\"async\" src=\"https:\/\/blankpage.ee\/_ruumist-ruumi\/wp-content\/uploads\/2025\/04\/2-985.webp\" alt=\"Juhtmevaba klaviatuur Keychron B6 Pro valge disainiga t\u00f6\u00f6laual\" \/><\/p>\n<h3>Pikaajaline aku kestvus \u2013 kuni 1200 tundi \u00fche laadimisega<\/h3>\n<p>Keychron B6 Pro 800 mAh mahutavusega aku v\u00f5imaldab klaviatuuri kasutada kuni 1200 tundi j\u00e4rjest (ehk kuni 8 kuud, kui kasutada p\u00e4evas 5 tundi). Klaviatuuri saab laadida kasutamise ajal, mis tagab katkestusteta t\u00f6\u00f6 \u2013 ideaalne nii pikkadeks m\u00e4ngusessioonideks kui t\u00f6\u00f6p\u00e4evadeks.<\/p>\n<p><img decoding=\"async\" src=\"https:\/\/blankpage.ee\/_ruumist-ruumi\/wp-content\/uploads\/2025\/04\/1-1060.webp\" alt=\"Keychron B6 Pro juhtmevaba klaviatuuri aku graafiline kuva\" \/><\/p>\n<h3>T\u00e4pne reaktsioonikiirus ja usaldusv\u00e4\u00e4rne \u00fchendus<\/h3>\n<p>M\u00e4nguritele ja n\u00f5udlikele kasutajatele m\u00f5eldud klaviatuur pakub kiiret reageerimist: pollingufrekvents 1000 Hz (kasutades 2.4 GHz v\u00f5i juhtmega \u00fchendust) v\u00f5imaldab viivitustevaba sisestust. Bluetooth 5.2 muudab seadmete vahel vahetamise lihtsaks \u2013 nii saab sujuvalt t\u00f6\u00f6tada nii s\u00fclearvutiga, m\u00e4ngukonsooliga kui telefoniga.<\/p>\n<p><img decoding=\"async\" src=\"https:\/\/blankpage.ee\/_ruumist-ruumi\/wp-content\/uploads\/2025\/04\/5-773.webp\" alt=\"Juhtmevaba klaviatuur \u00fchildub mitmete seadmetega\" \/><\/p>\n<h3>Kohandatavus ja funktsionaalsus<\/h3>\n<p>Keychron Launcher rakendusega saab seadistada iga klahvi funktsiooni, luua makrosid ning m\u00e4\u00e4rata otseteid. Klaviatuuril on 17 multimeedia klahvi ning Maci ja Windowsi tugi, mis annab suurep\u00e4rased v\u00f5imalused t\u00f6\u00f6voogude kohandamiseks.<\/p>\n<p><img decoding=\"async\" src=\"https:\/\/blankpage.ee\/_ruumist-ruumi\/wp-content\/uploads\/2025\/04\/3-957.webp\" alt=\"Keychron B6 Pro juhtmevaba klaviatuuri seadistus tarkvaras\" \/><\/p>\n<h3>Ergonoomika ja vastupidavus<\/h3>\n<p>Kumera profiiliga klahvikorgid parandavad kirjutamismugavust ja t\u00e4psust ka pikemal kasutusel. Klaviatuuri kaitseb kaasas olev silikoonist kate, mis hoiab tolmu ja vedelikke eemal. Korpus on vaid 5,2 mm \u00f5huke ja 3,2\u00b0 kallet nurga all, toetades mugavat k\u00e4easendit igas olukorras.<\/p>\n<p><img decoding=\"async\" src=\"https:\/\/blankpage.ee\/_ruumist-ruumi\/wp-content\/uploads\/2025\/04\/7-601.webp\" alt=\"Juhtmevaba klaviatuur ergonoomilise kumerusega\" \/><\/p>\n<h3>Stiil ja komplekt<\/h3>\n<p>Minimalistlik valge v\u00e4limus, kerge kaal (623 g) ja t\u00e4issuuruses paigutus muudavad juhtmevaba klaviatuuri Keychron B6 Pro sobivaks nii t\u00f6\u00f6le kui m\u00e4ngimiseks. Kaasas on k\u00f5ik vajalik: klaviatuur ise, USB-C\u2013USB-C kaabel, USB-A adapter, 2.4 GHz vastuv\u00f5tja ning tolmukaitse.<\/p>\n<p><img decoding=\"async\" src=\"https:\/\/blankpage.ee\/_ruumist-ruumi\/wp-content\/uploads\/2025\/04\/6-692.webp\" alt=\"Keychron B6 Pro juhtmevaba klaviatuuri k\u00f5ik tarvikud\" \/><\/p>\n<h3>Tehnilised andmed<\/h3>\n<table>\n<tr>\n<th>Tootja<\/th>\n<td>Keychron<\/td>\n<\/tr>\n<tr>\n<th>Mudel<\/th>\n<td>B6 Pro<\/td>\n<\/tr>\n<tr>\n<th>Klahve<\/th>\n<td>109<\/td>\n<\/tr>\n<tr>\n<th>Paigutus<\/th>\n<td>100% (t\u00e4isklaviatuur, ISO ja ANSI valikud)<\/td>\n<\/tr>\n<tr>\n<th>Klahvimehhanism<\/th>\n<td>K\u00e4\u00e4ridega mehhanism<\/td>\n<\/tr>\n<tr>\n<th>V\u00e4rv<\/th>\n<td>Valge<\/td>\n<\/tr>\n<tr>\n<th>Materjal<\/th>\n<td>ABS (UV-kattega klahvid)<\/td>\n<\/tr>\n<tr>\n<th>Polling rate<\/th>\n<td>1000 Hz (2.4 GHz, juhtmega) \/ 90 Hz (Bluetooth)<\/td>\n<\/tr>\n<tr>\n<th>Valgustus<\/th>\n<td>Puudub<\/td>\n<\/tr>\n<tr>\n<th>Akumaht<\/th>\n<td>800 mAh, laetav<\/td>\n<\/tr>\n<tr>\n<th>Kaal<\/th>\n<td>623 g<\/td>\n<\/tr>\n<tr>\n<th>M\u00f5\u00f5dud<\/th>\n<td>429 x 130 mm<\/td>\n<\/tr>\n<tr>\n<th>Kalde nurk<\/th>\n<td>3,2\u00b0<\/td>\n<\/tr>\n<tr>\n<th>T\u00f6\u00f6temperatuur<\/th>\n<td>-10\u00b0C &#8230; +50\u00b0C<\/td>\n<\/tr>\n<\/table>\n","protected":false},"excerpt":{"rendered":"<p>Juhtmevaba klaviatuur Keychron B6 Pro \u2013 ultra\u00f5huke, 2.4G\/Bluetooth\/USB-C, valge Juhtmevaba klaviatuur Keychron B6 Pro on ideaalne valik nii m\u00e4nguritele kui ka kontorit\u00f6\u00f6ks, pakkudes kerget ja \u00f5hukest disaini, mitmek\u00fclgseid \u00fchendusv\u00f5imalusi ning meeldivat kasutuskogemust. T\u00e4nu 2.4 GHz, Bluetooth 5.2 ja USB-C \u00fchendustele \u00fchildub klaviatuur arvutite, tahvlite ja nutiseadmetega olenemata operatsioonis\u00fcsteemist \u2013 olgu selleks macOS, Windows v\u00f5i Linux. [&hellip;]<\/p>\n","protected":false},"featured_media":184723,"comment_status":"open","ping_status":"open","template":"","meta":[],"product_brand":[3192],"product_cat":[3139],"product_tag":[],"class_list":{"0":"post-184716","1":"product","2":"type-product","3":"status-publish","4":"has-post-thumbnail","6":"product_brand-keychron","7":"product_cat-juhtmevabad-klaviatuurid","8":"product_shipping_class-innpro","10":"first","11":"instock","12":"sale","13":"taxable","14":"shipping-taxable","15":"purchasable","16":"product-type-simple"},"_links":{"self":[{"href":"https:\/\/blankpage.ee\/_ruumist-ruumi\/wp-json\/wp\/v2\/product\/184716","targetHints":{"allow":["GET"]}}],"collection":[{"href":"https:\/\/blankpage.ee\/_ruumist-ruumi\/wp-json\/wp\/v2\/product"}],"about":[{"href":"https:\/\/blankpage.ee\/_ruumist-ruumi\/wp-json\/wp\/v2\/types\/product"}],"replies":[{"embeddable":true,"href":"https:\/\/blankpage.ee\/_ruumist-ruumi\/wp-json\/wp\/v2\/comments?post=184716"}],"wp:featuredmedia":[{"embeddable":true,"href":"https:\/\/blankpage.ee\/_ruumist-ruumi\/wp-json\/wp\/v2\/media\/184723"}],"wp:attachment":[{"href":"https:\/\/blankpage.ee\/_ruumist-ruumi\/wp-json\/wp\/v2\/media?parent=184716"}],"wp:term":[{"taxonomy":"product_brand","embeddable":true,"href":"https:\/\/blankpage.ee\/_ruumist-ruumi\/wp-json\/wp\/v2\/product_brand?post=184716"},{"taxonomy":"product_cat","embeddable":true,"href":"https:\/\/blankpage.ee\/_ruumist-ruumi\/wp-json\/wp\/v2\/product_cat?post=184716"},{"taxonomy":"product_tag","embeddable":true,"href":"https:\/\/blankpage.ee\/_ruumist-ruumi\/wp-json\/wp\/v2\/product_tag?post=184716"}],"curies":[{"name":"wp","href":"https:\/\/api.w.org\/{rel}","templated":true}]}}