{"id":184775,"date":"2025-04-23T17:43:41","date_gmt":"2025-04-23T17:43:41","guid":{"rendered":"https:\/\/ruumistruumi.ee\/pood\/juhtmevaba-magnetlulititega-manguriklaviatuur-keychron-q1-he-rgb-valge-75\/"},"modified":"2025-08-07T18:23:23","modified_gmt":"2025-08-07T18:23:23","slug":"juhtmevaba-magnetlulititega-manguriklaviatuur-keychron-q1-he-rgb-valge-75","status":"publish","type":"product","link":"https:\/\/blankpage.ee\/_ruumist-ruumi\/pood\/juhtmevaba-magnetlulititega-manguriklaviatuur-keychron-q1-he-rgb-valge-75\/","title":{"rendered":"Juhtmevaba magnetl\u00fclititega m\u00e4nguriklaviatuur Keychron Q1 HE RGB, valge (75%)"},"content":{"rendered":"<h3>Magnetl\u00fclititega klaviatuur Keychron Q1 HE \u2013 juhtmevaba m\u00e4ngurite lemmik<\/h3>\n<p>Keychron Q1 HE \u00fchendab tipptasemel tehnoloogia ja mugava juhtmevabaduse. See 75% QMK \u00fchilduv m\u00e4nguriklaviatuur kasutab Gateron Nebula magnetl\u00fcliteid ning erksat l\u00f5unapoolset RGB-taustvalgustust. T\u00e4nu suurep\u00e4rasele ehituskvaliteedile ning paindlikule seadistusele sobib see klaviatuur n\u00f5udlikule m\u00e4ngurile v\u00f5i professionaalile.<\/p>\n<p><img decoding=\"async\" src=\"https:\/\/blankpage.ee\/_ruumist-ruumi\/wp-content\/uploads\/2025\/04\/2-991.webp\" alt=\"Valge magnetl\u00fclititega klaviatuur Keychron Q1 HE \u00fclapildil\" \/><\/p>\n<h3>Kiirus, t\u00e4psus ja individuaalne seadistus magnetl\u00fclititega<\/h3>\n<p>Q1 HE on varustatud Gateroni Hall Effect topeltr\u00e4\u00e4lis magnetl\u00fclititega, mis tagavad sujuva, vaikse ja tundliku klahvivajutuse. Iga l\u00fcliti on tehasem\u00e4\u00e4rdega, mis muudab kasutamise eriti meeldivaks. Magnetandurid lubavad seadistada iga nupu aktiveerimispunkti vahemikus 0,2\u20133,8 mm t\u00e4psusega kuni 0,1 mm. Rapid Trigger tehnoloogia toob klaviatuurile kiire reageerimisv\u00f5ime, v\u00f5imaldades nupuvajutusi ja -vabastusi registreerida ainult v\u00e4ikese liikumise pealt \u2013 just see, mida kiiretes m\u00e4ngudes on vaja.<\/p>\n<p><img decoding=\"async\" src=\"https:\/\/blankpage.ee\/_ruumist-ruumi\/wp-content\/uploads\/2025\/04\/10-77.webp\" alt=\"Gateron magnetl\u00fclitid Keychron Q1 HE klaviatuuril\" \/><\/p>\n<h3>Arukad funktsioonid ja t\u00e4ielik kohandatavus<\/h3>\n<p>Iga nupuga saab siduda kuni neli erinevat tegevust, s\u00f5ltuvalt vajutuse s\u00fcgavusest, mis annab m\u00e4nguritele selge eelise. QMK tarkvara ja Keychron Launcher v\u00f5imaldavad igat klahvi ja makrot individuaalselt seadistada, samuti m\u00e4\u00e4rata t\u00e4psed aktiveerimispunktid vastavalt vajadusele.<\/p>\n<p><img decoding=\"async\" src=\"https:\/\/blankpage.ee\/_ruumist-ruumi\/wp-content\/uploads\/2025\/04\/8-376.webp\" alt=\"Klaviatuuri programmeerimistarkvara Keychron Q1 HE seadistamisel\" \/><\/p>\n<h3>Stabiilne ja kiire \u00fchenduvus paljude seadmetega<\/h3>\n<p>Magnetl\u00fclititega klaviatuur toetab nii 2,4 GHz juhtmevaba \u00fchendust 1000 Hz v\u00e4rskendussagedusega kui ka Bluetooth 5.1 sidumist kuni kolme seadmega. Samuti on saab kasutada USB-C kaablit kiireks ja turvaliseks \u00fchenduseks arvutiga.<\/p>\n<p><img decoding=\"async\" src=\"https:\/\/blankpage.ee\/_ruumist-ruumi\/wp-content\/uploads\/2025\/04\/5-780.webp\" alt=\"Keychron Q1 HE \u00fchendusv\u00f5imalused, juhtmevaba ja Bluetooth klaviatuur\" \/><\/p>\n<h3>Kvaliteetne ja vastupidav konstruktsioon<\/h3>\n<p>Korpus ja kinnitusplaat on valmistatud vastupidavast 6063 alumiiniumist. Double-Gasket disain ja silikoonpadjad v\u00e4hendavad vibratsiooni ning loovad pehme ja vaikse tippimiskogemuse. PCB-le kinnitatud stabiilaatorid muudavad laiemate klahvide (nt t\u00fchik, shift, enter) kasutamise veel stabiilsemaks. Topeltkihilised OSA (OEM Spherical Angled) PBT klahvikorgid tagavad pika kasutusea ning vastupidavuse.<\/p>\n<p><img decoding=\"async\" src=\"https:\/\/blankpage.ee\/_ruumist-ruumi\/wp-content\/uploads\/2025\/04\/3-962.webp\" alt=\"Double-shot OSA PBT klahvikorgid magnetl\u00fclititega klaviatuuril\" \/><\/p>\n<h3>Tehnilised andmed ja komplekti sisu<\/h3>\n<table>\n<tr>\n<th>Tootja<\/th>\n<td>Keychron<\/td>\n<\/tr>\n<tr>\n<th>Mudel<\/th>\n<td>Q1 HE<\/td>\n<\/tr>\n<tr>\n<th>Klahvide arv<\/th>\n<td>82<\/td>\n<\/tr>\n<tr>\n<th>Paigutus<\/th>\n<td>75%, ANSI<\/td>\n<\/tr>\n<tr>\n<th>L\u00fclitid<\/th>\n<td>Gateron 2.0 magnetl\u00fclitid (Nebula)<\/td>\n<\/tr>\n<tr>\n<th>Korpuse materjal<\/th>\n<td>Alumiinium<\/td>\n<\/tr>\n<tr>\n<th>M\u00f5\u00f5dud<\/th>\n<td>145 \u00d7 327,5 mm<\/td>\n<\/tr>\n<tr>\n<th>Kaal<\/th>\n<td>1735 g (koos klahvikorgiga)<\/td>\n<\/tr>\n<tr>\n<th>Taustvalgustus<\/th>\n<td>L\u00f5unapoolne RGB LED<\/td>\n<\/tr>\n<tr>\n<th>\u00dchendused<\/th>\n<td>2.4 GHz \/ Bluetooth 5.1 \/ USB-C<\/td>\n<\/tr>\n<tr>\n<th>Akumaht<\/th>\n<td>4000 mAh<\/td>\n<\/tr>\n<tr>\n<th>T\u00f6\u00f6aeg (ilma taustvalgustuseta)<\/th>\n<td>Kuni 100 tundi<\/td>\n<\/tr>\n<\/table>\n<p>Komplektis: kokkupandud klaviatuur, Double-shot OSA PBT klahvikorgid, Gateron Nebula l\u00fclitid, USB-C \u2013 USB-C kaabel, USB-A \u2013 USB-A adapter, vastuv\u00f5tja pikenduskaabel, 2.4 GHz USB-A vastuv\u00f5tja, klahvikorgi- ja l\u00fclitiv\u00f5ti, kruvikeeraja, kuuskantv\u00f5ti.<\/p>\n","protected":false},"excerpt":{"rendered":"<p>Magnetl\u00fclititega klaviatuur Keychron Q1 HE \u2013 juhtmevaba m\u00e4ngurite lemmik Keychron Q1 HE \u00fchendab tipptasemel tehnoloogia ja mugava juhtmevabaduse. See 75% QMK \u00fchilduv m\u00e4nguriklaviatuur kasutab Gateron Nebula magnetl\u00fcliteid ning erksat l\u00f5unapoolset RGB-taustvalgustust. T\u00e4nu suurep\u00e4rasele ehituskvaliteedile ning paindlikule seadistusele sobib see klaviatuur n\u00f5udlikule m\u00e4ngurile v\u00f5i professionaalile. Kiirus, t\u00e4psus ja individuaalne seadistus magnetl\u00fclititega Q1 HE on varustatud Gateroni [&hellip;]<\/p>\n","protected":false},"featured_media":184781,"comment_status":"open","ping_status":"open","template":"","meta":[],"product_brand":[3192],"product_cat":[3139],"product_tag":[],"class_list":{"0":"post-184775","1":"product","2":"type-product","3":"status-publish","4":"has-post-thumbnail","6":"product_brand-keychron","7":"product_cat-juhtmevabad-klaviatuurid","8":"product_shipping_class-innpro","10":"first","11":"outofstock","12":"sale","13":"taxable","14":"shipping-taxable","15":"purchasable","16":"product-type-simple"},"_links":{"self":[{"href":"https:\/\/blankpage.ee\/_ruumist-ruumi\/wp-json\/wp\/v2\/product\/184775","targetHints":{"allow":["GET"]}}],"collection":[{"href":"https:\/\/blankpage.ee\/_ruumist-ruumi\/wp-json\/wp\/v2\/product"}],"about":[{"href":"https:\/\/blankpage.ee\/_ruumist-ruumi\/wp-json\/wp\/v2\/types\/product"}],"replies":[{"embeddable":true,"href":"https:\/\/blankpage.ee\/_ruumist-ruumi\/wp-json\/wp\/v2\/comments?post=184775"}],"wp:featuredmedia":[{"embeddable":true,"href":"https:\/\/blankpage.ee\/_ruumist-ruumi\/wp-json\/wp\/v2\/media\/184781"}],"wp:attachment":[{"href":"https:\/\/blankpage.ee\/_ruumist-ruumi\/wp-json\/wp\/v2\/media?parent=184775"}],"wp:term":[{"taxonomy":"product_brand","embeddable":true,"href":"https:\/\/blankpage.ee\/_ruumist-ruumi\/wp-json\/wp\/v2\/product_brand?post=184775"},{"taxonomy":"product_cat","embeddable":true,"href":"https:\/\/blankpage.ee\/_ruumist-ruumi\/wp-json\/wp\/v2\/product_cat?post=184775"},{"taxonomy":"product_tag","embeddable":true,"href":"https:\/\/blankpage.ee\/_ruumist-ruumi\/wp-json\/wp\/v2\/product_tag?post=184775"}],"curies":[{"name":"wp","href":"https:\/\/api.w.org\/{rel}","templated":true}]}}