{"id":184782,"date":"2025-04-23T17:47:17","date_gmt":"2025-04-23T17:47:17","guid":{"rendered":"https:\/\/ruumistruumi.ee\/pood\/keychron-juhtmevaba-madalprofiilne-rgb-klaviatuur-k3-max-brown-lulitid-75\/"},"modified":"2025-08-21T08:17:27","modified_gmt":"2025-08-21T08:17:27","slug":"keychron-juhtmevaba-madalprofiilne-rgb-klaviatuur-k3-max-brown-lulitid-75","status":"publish","type":"product","link":"https:\/\/blankpage.ee\/_ruumist-ruumi\/pood\/keychron-juhtmevaba-madalprofiilne-rgb-klaviatuur-k3-max-brown-lulitid-75\/","title":{"rendered":"Keychron juhtmevaba madalprofiilne RGB klaviatuur K3 Max (Brown l\u00fclitid, 75%)"},"content":{"rendered":"<h3>Keychron juhtmevaba klaviatuur K3 Max \u2013 madalprofiilne RGB-taustvalgustusega mudel Brown-l\u00fclititega<\/h3>\n<p>\nKeychron K3 Max on \u00fcli\u00f5huke, 75%-paigutusega juhtmevaba mehaaniline klaviatuur, mis sobib suurep\u00e4raselt nii m\u00e4ngimiseks kui ka t\u00f6\u00f6ks. Mudel \u00fchendab kiiruse, t\u00f6\u00f6kindluse ja moodsa disaini. T\u00e4nu kolmele \u00fchendusv\u00f5imalusele \u2013 2,4 GHz, Bluetooth 5.1 v\u00f5i USB-C kaabel \u2013 saab kiiresti ja mugavalt seadmete vahel vahetada ning kasutada klaviatuuri mitmel seadmel. Keychron juhtmevaba klaviatuur pakub usaldusv\u00e4\u00e4rset j\u00f5udlust igas olukorras.<\/p>\n<p><img decoding=\"async\" alt=\"Keychron juhtmevaba klaviatuur \u00fcli\u00f5hukese disainiga\" src=\"https:\/\/blankpage.ee\/_ruumist-ruumi\/wp-content\/uploads\/2025\/04\/5-781.webp\" \/><\/p>\n<h3>K\u00f5rgtasemel j\u00f5udlus ja kiirus<\/h3>\n<p>\n1000 Hz p\u00e4ringusagedus juhtme- ja 2,4 GHz re\u017eiimis tagab peaaegu olematu sisendviivituse \u2013 sobib suurep\u00e4raselt nii tempokateks m\u00e4ngudeks kui t\u00e4pseks igap\u00e4evat\u00f6\u00f6ks. Bluetooth 5.1 v\u00f5imaldab \u00fchendada kuni kolm seadet, n\u00e4iteks arvuti, tahvelarvuti ja nutitelefoni.<\/p>\n<p><img decoding=\"async\" alt=\"Juhtmevaba klaviatuuri mitmek\u00fclgsed \u00fchendusv\u00f5imalused\" src=\"https:\/\/blankpage.ee\/_ruumist-ruumi\/wp-content\/uploads\/2025\/04\/6-698.webp\" \/><\/p>\n<h3>Saledaim mehhaaniline klaviatuur ja vastupidavus<\/h3>\n<p>\nK3 Max on kuni 31% \u00f5hem kui traditsioonilised mehaanilised klaviatuurid. Gateron Low Profile Brown-l\u00fclitid tagavad taktiilse, kuid vaikse klahvivajutuse. Topeltvalatud PBT-klahvikatted on kulumiskindlad, rasvat\u00f5rjuvad ja p\u00fcsivad ka intensiivse kasutuse korral hea v\u00e4limusega. Alumiiniumraam lisab tugevust ja stabiilsust.<\/p>\n<p><img decoding=\"async\" alt=\"Madalprofiilne must klaviatuur PBT klahvikatetega\" src=\"https:\/\/blankpage.ee\/_ruumist-ruumi\/wp-content\/uploads\/2025\/04\/10-78.webp\" \/><\/p>\n<h3>Paindlikkus ja vabadus seadistamisel<\/h3>\n<p>\nKogu klaviatuuri saab h\u00f5lpsasti isikup\u00e4rastada QMK\/VIA tarkvara abil \u2013 programmeeri makrod, klahvikombinatsioonid v\u00f5i m\u00e4\u00e4ra igale klahvile eraldi funktsioon. T\u00e4nu hot-swap s\u00fcsteemile v\u00f5ib Gateroni low-profile l\u00fcliteid vahetada ilma jootmiseta. Klaviatuur \u00fchildub Windowsi, macOS-i ja Linuxiga ning sisaldab kahte erinevat klahvikatte komplekti nii Maci kui ka PC kasutajatele.<\/p>\n<p><img decoding=\"async\" alt=\"Keychron juhtmevaba klaviatuuri QMK\/VIA tarkvaraline seadistamise tugi\" src=\"https:\/\/blankpage.ee\/_ruumist-ruumi\/wp-content\/uploads\/2025\/04\/9-271.webp\" \/><\/p>\n<h3>Turvalisus ja tippklassi riistvara<\/h3>\n<p>\nAvatud l\u00e4htekoodiga QMK tagab l\u00e4bipaistva tarkvara ning v\u00f5imaldab kogukonnal selle turvalisust kontrollida. Klaviatuuri s\u00fcdames t\u00f6\u00f6tab ARM Cortex-M4 mikrokontroller (256KB flash-m\u00e4lu), mis pakub stabiilsust ka intensiivsel kasutamisel.<\/p>\n<p><img decoding=\"async\" alt=\"Keychron juhtmevaba klaviatuur kiire ARM protsessoriga\" src=\"https:\/\/blankpage.ee\/_ruumist-ruumi\/wp-content\/uploads\/2025\/04\/1-1064.webp\" \/><\/p>\n<h3>Maksimaalne kirjutamismugavus<\/h3>\n<p>\nGateron MX 2.0 Brown low-profile l\u00fclitid annavad sujuva ja meeldiva taktiilse tagasiside \u2013 ideaalne kombinatsioon t\u00f6\u00f6tamiseks ja m\u00e4ngimiseks. Klaviatuuril on stabiilsed suured klahvid, efektiivne IXPE-helisummutusvaht ning 22 RGB valgusre\u017eiimi, mida saab vastavalt eelistusele seadistada v\u00f5i valida lihtne valge taustvalgustus.<\/p>\n<p><img decoding=\"async\" alt=\"Madalprofiilne juhtmevaba klaviatuur\" src=\"https:\/\/blankpage.ee\/_ruumist-ruumi\/wp-content\/uploads\/2025\/04\/2-992.webp\" \/><\/p>\n<h3>L\u00e4bim\u00f5eldud ning stiilne valik<\/h3>\n<p>\nKeychron K3 Max on loodud mugavust ja j\u00f5udlust silmas pidades. IXPE vaht v\u00e4hendab klahvivajutuse heli, lateksvaht suurendab l\u00fclitite stabiilsust ning \u00fcle 22 RGB taustvalgustuse re\u017eiimi v\u00f5imaldab klaviatuuri v\u00e4limust t\u00e4ielikult isikup\u00e4rastada.<\/p>\n<p><img decoding=\"async\" alt=\"Must juhtmevaba klaviatuur RGB valgustusega\" src=\"https:\/\/blankpage.ee\/_ruumist-ruumi\/wp-content\/uploads\/2025\/04\/3-963.webp\" \/><\/p>\n<h3>Tehnilised andmed<\/h3>\n<table>\n<tr>\n<th>Tootja<\/th>\n<td>Keychron<\/td>\n<\/tr>\n<tr>\n<th>Mudel<\/th>\n<td>K3 Max<\/td>\n<\/tr>\n<tr>\n<th>Klahvide arv<\/th>\n<td>84<\/td>\n<\/tr>\n<tr>\n<th>Paigutus<\/th>\n<td>75%, ANSI<\/td>\n<\/tr>\n<tr>\n<th>L\u00fclitid<\/th>\n<td>Gateron Brown Low Profile<\/td>\n<\/tr>\n<tr>\n<th>Valgustus<\/th>\n<td>22 RGB re\u017eiimi<\/td>\n<\/tr>\n<tr>\n<th>\u00dchenduvus<\/th>\n<td>2.4 GHz \/ Bluetooth 5.1 \/ USB-C<\/td>\n<\/tr>\n<tr>\n<th>Akumaht<\/th>\n<td>1550 mAh<\/td>\n<\/tr>\n<tr>\n<th>Kaal<\/th>\n<td>525 g<\/td>\n<\/tr>\n<tr>\n<th>Sobivus OS<\/th>\n<td>Windows \/ macOS \/ Linux<\/td>\n<\/tr>\n<\/table>\n<h3>Komplektis<\/h3>\n<ul>\n<li>Koostatud klaviatuur<\/li>\n<li>Type-A to Type-C kaabel<\/li>\n<li>Vastuv\u00f5tja pikenduskaabel<\/li>\n<li>2.4 GHz Type-A vastuv\u00f5tja<\/li>\n<li>L\u00fclitite eemaldust\u00f6\u00f6riist<\/li>\n<li>Klahvide eemaldust\u00f6\u00f6riist<\/li>\n<\/ul>\n<p>Vali kvaliteetne Keychron juhtmevaba klaviatuur, kui soovid kombinatsiooni tipptasemel tootlikkusest ja m\u00e4ngulustist.<\/p>\n","protected":false},"excerpt":{"rendered":"<p>Keychron juhtmevaba klaviatuur K3 Max \u2013 madalprofiilne RGB-taustvalgustusega mudel Brown-l\u00fclititega Keychron K3 Max on \u00fcli\u00f5huke, 75%-paigutusega juhtmevaba mehaaniline klaviatuur, mis sobib suurep\u00e4raselt nii m\u00e4ngimiseks kui ka t\u00f6\u00f6ks. Mudel \u00fchendab kiiruse, t\u00f6\u00f6kindluse ja moodsa disaini. T\u00e4nu kolmele \u00fchendusv\u00f5imalusele \u2013 2,4 GHz, Bluetooth 5.1 v\u00f5i USB-C kaabel \u2013 saab kiiresti ja mugavalt seadmete vahel vahetada ning kasutada [&hellip;]<\/p>\n","protected":false},"featured_media":184790,"comment_status":"open","ping_status":"open","template":"","meta":[],"product_brand":[3192],"product_cat":[3139],"product_tag":[],"class_list":{"0":"post-184782","1":"product","2":"type-product","3":"status-publish","4":"has-post-thumbnail","6":"product_brand-keychron","7":"product_cat-juhtmevabad-klaviatuurid","8":"product_shipping_class-innpro","10":"first","11":"instock","12":"sale","13":"taxable","14":"shipping-taxable","15":"purchasable","16":"product-type-simple"},"_links":{"self":[{"href":"https:\/\/blankpage.ee\/_ruumist-ruumi\/wp-json\/wp\/v2\/product\/184782","targetHints":{"allow":["GET"]}}],"collection":[{"href":"https:\/\/blankpage.ee\/_ruumist-ruumi\/wp-json\/wp\/v2\/product"}],"about":[{"href":"https:\/\/blankpage.ee\/_ruumist-ruumi\/wp-json\/wp\/v2\/types\/product"}],"replies":[{"embeddable":true,"href":"https:\/\/blankpage.ee\/_ruumist-ruumi\/wp-json\/wp\/v2\/comments?post=184782"}],"wp:featuredmedia":[{"embeddable":true,"href":"https:\/\/blankpage.ee\/_ruumist-ruumi\/wp-json\/wp\/v2\/media\/184790"}],"wp:attachment":[{"href":"https:\/\/blankpage.ee\/_ruumist-ruumi\/wp-json\/wp\/v2\/media?parent=184782"}],"wp:term":[{"taxonomy":"product_brand","embeddable":true,"href":"https:\/\/blankpage.ee\/_ruumist-ruumi\/wp-json\/wp\/v2\/product_brand?post=184782"},{"taxonomy":"product_cat","embeddable":true,"href":"https:\/\/blankpage.ee\/_ruumist-ruumi\/wp-json\/wp\/v2\/product_cat?post=184782"},{"taxonomy":"product_tag","embeddable":true,"href":"https:\/\/blankpage.ee\/_ruumist-ruumi\/wp-json\/wp\/v2\/product_tag?post=184782"}],"curies":[{"name":"wp","href":"https:\/\/api.w.org\/{rel}","templated":true}]}}