{"id":184791,"date":"2025-04-23T17:52:49","date_gmt":"2025-04-23T17:52:49","guid":{"rendered":"https:\/\/ruumistruumi.ee\/pood\/keychron-k8-max-juhtmevaba-mehaaniline-klaviatuur-rgb-brown-switch-must\/"},"modified":"2025-08-21T08:17:27","modified_gmt":"2025-08-21T08:17:27","slug":"keychron-k8-max-juhtmevaba-mehaaniline-klaviatuur-rgb-brown-switch-must","status":"publish","type":"product","link":"https:\/\/blankpage.ee\/_ruumist-ruumi\/pood\/keychron-k8-max-juhtmevaba-mehaaniline-klaviatuur-rgb-brown-switch-must\/","title":{"rendered":"Keychron K8 Max juhtmevaba mehaaniline klaviatuur RGB, Brown Switch, must"},"content":{"rendered":"<h3>Juhtmevaba mehaaniline klaviatuur Keychron K8 Max m\u00e4nguritele ja kontorit\u00f6\u00f6ks<\/h3>\n<p>Keychron K8 Max on 80% ehk TKL-paigutusega kompaktne juhtmevaba mehaaniline klaviatuur, mis sobib suurep\u00e4raselt nii m\u00e4ngimiseks kui ka igap\u00e4evat\u00f6\u00f6ks. Tugev must korpus ja vastupidavad double-shot PBT-klahvikatted tagavad mugava kasutuskogemuse ning pika eluea.<\/p>\n<p><img decoding=\"async\" src=\"https:\/\/blankpage.ee\/_ruumist-ruumi\/wp-content\/uploads\/2025\/04\/2-993.webp\" alt=\"Keychron K8 Max juhtmevaba mehaaniline klaviatuur mustana, otsevaates\"><\/p>\n<h3>Mitmek\u00fclgsed \u00fchendusv\u00f5imalused \u2013 Keychron K8 Max paindlik kasutus<\/h3>\n<p>Klaviatuur t\u00f6\u00f6tab kolmel erineval \u00fchendusel: 2,4 GHz traadita re\u017eiim (1000 Hz polling rate kiireks reageerimiseks), Bluetooth 5.1 (kuni kolme seadmega korraga) ja USB-C kaabel stabiilseks kasutuseks ning laadimiseks. See v\u00f5imaldab kiiret \u00fcleminekut t\u00f6\u00f6 ja m\u00e4ngu vahel.<\/p>\n<p><img decoding=\"async\" src=\"https:\/\/blankpage.ee\/_ruumist-ruumi\/wp-content\/uploads\/2025\/04\/9-272.webp\" alt=\"Keychron K8 Max \u00fchendusv\u00f5imalused: 2.4 GHz, Bluetooth ja USB-C\"><\/p>\n<h3>Pruunid mehaanilised l\u00fclitid \u2013 vaikne ja taktiilne kirjutamine<\/h3>\n<p>Keychron Super Brown Switch l\u00fclitid tagavad vaikse, ent t\u00e4pselt tajutava vajutuspunktiga tippimiskogemuse, sobides ideaalselt nii m\u00e4ngimiseks kui t\u00f6\u00f6tamiseks. IXPE, PET ja EPDM vahukiht summutab heli ning metallist alusplaat lisab stabiilsust iga klahvivajutusega.<\/p>\n<p><img decoding=\"async\" src=\"https:\/\/blankpage.ee\/_ruumist-ruumi\/wp-content\/uploads\/2025\/04\/6-699.webp\" alt=\"Vaikset tippimist pakkuv Keychron K8 Max mehaaniline klaviatuur t\u00f6\u00f6laual\"><\/p>\n<h3>T\u00e4ielikult kohandatav QMK\/VIA tarkvaraga ja hot-swap tugi<\/h3>\n<p>Klaviatuur toetab QMK\/VIA tarkvara abil iga klahvi \u00fcmberseadistamist ja programmeerimist. T\u00e4nu hot-swap toele saab l\u00fcliteid \u2013 nii Brown Switch kui ka teisi 3- ja 5-pin variante \u2013 vahetada ilma jootmiseta, v\u00f5imaldades klaviatuuri lihtsalt kohandada oma eelistustele.<\/p>\n<p><img decoding=\"async\" src=\"https:\/\/blankpage.ee\/_ruumist-ruumi\/wp-content\/uploads\/2025\/04\/3-964.webp\" alt=\"Keychron K8 Max hot-swap mehaaniline klaviatuur eemaldatud l\u00fclitiga\"><\/p>\n<h3>Ergonoomiline disain ja RGB valgus<\/h3>\n<p>Jalga saab seadistada kolme erinevasse nurka (3,4\u00b0, 7,7\u00b0, 10,7\u00b0), OSA profiiliga PBT-klahvikatted tagavad mugavuse ja p\u00fcsiva kirjapinna. L\u00f5unapoolne RGB-LED taustvalgustus pakub 22 erinevat valgusre\u017eiimi, et saaksid valida just endale sobiva meeleolu.<\/p>\n<p><img decoding=\"async\" src=\"https:\/\/blankpage.ee\/_ruumist-ruumi\/wp-content\/uploads\/2025\/04\/8-377.webp\" alt=\"Keychron K8 Max RGB taustvalgustusega mehaaniline klaviatuur t\u00f6\u00f6tamas laual\"><\/p>\n<h3>Lai \u00fchilduvus ja v\u00f5imas j\u00f5udlus \u2013 Keychron K8 Max igaks vajaduseks<\/h3>\n<p>Klaviatuuri sees t\u00f6\u00f6tab ARM Cortex-M4 protsessor (256 KB Flash), mis tagab sujuva ja kiire t\u00f6\u00f6. Keychron K8 Maxi saab kasutada Maci (funktsiooniklahvide tugi ja klahvipaigutus), Windowsi ja Linuxi s\u00fcsteemidega. Juhtmevabalt kestab aku RGB-ta kuni 190 tundi, v\u00e4rvilise valgusega kuni 100 tundi \u00fche laadimisega.<\/p>\n<h3>Tehnilised andmed<\/h3>\n<table>\n<tr>\n<th>Mudeli nimi<\/th>\n<td>Keychron K8 Max<\/td>\n<\/tr>\n<tr>\n<th>Klahvide arv<\/th>\n<td>87<\/td>\n<\/tr>\n<tr>\n<th>L\u00fclitid<\/th>\n<td>Keychron Super Brown Switch mehaanilised<\/td>\n<\/tr>\n<tr>\n<th>\u00dchendusv\u00f5imalused<\/th>\n<td>2.4 GHz \/ Bluetooth 5.1 \/ USB-C<\/td>\n<\/tr>\n<tr>\n<th>Aku<\/th>\n<td>4000 mAh liitiumpol\u00fcmeer<\/td>\n<\/tr>\n<tr>\n<th>Korpuse materjal<\/th>\n<td>ABS \/ ABS + alumiinium<\/td>\n<\/tr>\n<tr>\n<th>Klahvikatted<\/th>\n<td>Double-shot PBT<\/td>\n<\/tr>\n<tr>\n<th>RGB-taustvalgustus<\/th>\n<td>22 re\u017eiimi<\/td>\n<\/tr>\n<tr>\n<th>P\u00f5hin\u00f5uded<\/th>\n<td>macOS, Windows, Linux<\/td>\n<\/tr>\n<tr>\n<th>M\u00f5\u00f5dud<\/th>\n<td>359,2 x 129,2 mm, kaal 1308 g<\/td>\n<\/tr>\n<\/table>\n<p>Komplekt sisaldab klaviatuuri, vahetatavaid l\u00fcliteid ja t\u00f6\u00f6riistu, USB\u2011C kaablit ja traadita adapterit. Keychron K8 Max sobib suurep\u00e4raselt igap\u00e4evaseks arvutit\u00f6\u00f6ks ning kiireks m\u00e4ngimiseks \u2013 ideaalne valik otsivale kasutajale, kes hindab kvaliteeti ja v\u00f5imalusterohkust.<\/p>\n","protected":false},"excerpt":{"rendered":"<p>Juhtmevaba mehaaniline klaviatuur Keychron K8 Max m\u00e4nguritele ja kontorit\u00f6\u00f6ks Keychron K8 Max on 80% ehk TKL-paigutusega kompaktne juhtmevaba mehaaniline klaviatuur, mis sobib suurep\u00e4raselt nii m\u00e4ngimiseks kui ka igap\u00e4evat\u00f6\u00f6ks. Tugev must korpus ja vastupidavad double-shot PBT-klahvikatted tagavad mugava kasutuskogemuse ning pika eluea. Mitmek\u00fclgsed \u00fchendusv\u00f5imalused \u2013 Keychron K8 Max paindlik kasutus Klaviatuur t\u00f6\u00f6tab kolmel erineval \u00fchendusel: 2,4 [&hellip;]<\/p>\n","protected":false},"featured_media":184797,"comment_status":"open","ping_status":"open","template":"","meta":[],"product_brand":[3192],"product_cat":[3139],"product_tag":[],"class_list":{"0":"post-184791","1":"product","2":"type-product","3":"status-publish","4":"has-post-thumbnail","6":"product_brand-keychron","7":"product_cat-juhtmevabad-klaviatuurid","8":"product_shipping_class-innpro","10":"first","11":"instock","12":"sale","13":"taxable","14":"shipping-taxable","15":"purchasable","16":"product-type-simple"},"_links":{"self":[{"href":"https:\/\/blankpage.ee\/_ruumist-ruumi\/wp-json\/wp\/v2\/product\/184791","targetHints":{"allow":["GET"]}}],"collection":[{"href":"https:\/\/blankpage.ee\/_ruumist-ruumi\/wp-json\/wp\/v2\/product"}],"about":[{"href":"https:\/\/blankpage.ee\/_ruumist-ruumi\/wp-json\/wp\/v2\/types\/product"}],"replies":[{"embeddable":true,"href":"https:\/\/blankpage.ee\/_ruumist-ruumi\/wp-json\/wp\/v2\/comments?post=184791"}],"wp:featuredmedia":[{"embeddable":true,"href":"https:\/\/blankpage.ee\/_ruumist-ruumi\/wp-json\/wp\/v2\/media\/184797"}],"wp:attachment":[{"href":"https:\/\/blankpage.ee\/_ruumist-ruumi\/wp-json\/wp\/v2\/media?parent=184791"}],"wp:term":[{"taxonomy":"product_brand","embeddable":true,"href":"https:\/\/blankpage.ee\/_ruumist-ruumi\/wp-json\/wp\/v2\/product_brand?post=184791"},{"taxonomy":"product_cat","embeddable":true,"href":"https:\/\/blankpage.ee\/_ruumist-ruumi\/wp-json\/wp\/v2\/product_cat?post=184791"},{"taxonomy":"product_tag","embeddable":true,"href":"https:\/\/blankpage.ee\/_ruumist-ruumi\/wp-json\/wp\/v2\/product_tag?post=184791"}],"curies":[{"name":"wp","href":"https:\/\/api.w.org\/{rel}","templated":true}]}}