{"id":187055,"date":"2025-05-07T19:06:06","date_gmt":"2025-05-07T19:06:06","guid":{"rendered":"https:\/\/ruumistruumi.ee\/pood\/ummargune-klaasplaadiga-laud-ja-2-tume-pahkli-tooni-rotangist-tooli-valgete-patjadega-wera-aiamoobli-komplekt-2573-6011\/"},"modified":"2025-08-17T16:32:41","modified_gmt":"2025-08-17T16:32:41","slug":"ummargune-klaasplaadiga-laud-ja-2-tumeda-pahkli-tooni-rotangist-tooli-valgete-patjadega-wera-aiamoobli-komplekt-2573-6011","status":"publish","type":"product","link":"https:\/\/blankpage.ee\/_ruumist-ruumi\/pood\/ummargune-klaasplaadiga-laud-ja-2-tumeda-pahkli-tooni-rotangist-tooli-valgete-patjadega-wera-aiamoobli-komplekt-2573-6011\/","title":{"rendered":"\u00dcmmargune klaasplaadiga laud ja 2 tumeda p\u00e4hkli tooni rotangist tooli valgete patjadega (Wera) \u2013 aiam\u00f6\u00f6bli komplekt, 2573-6011"},"content":{"rendered":"<h3>Wera rotangist aiam\u00f6\u00f6bli komplekt: klassika Sinu terrassile v\u00f5i r\u00f5dule<\/h3>\n<p>Wera rotangist aiam\u00f6\u00f6bli komplekt loob hubase ja ajatult elegantse \u00f5hkkonna klaasitud terrassil, v\u00e4ikesel r\u00f5dul v\u00f5i verandale. Komplekti kuuluvad kaks kvaliteetse korvpunutisega tooli ning \u00fcmmargune klaasplaadiga laud. Rotangist raamid, klaasist lauaplaat ja valged pol\u00fcesterist istmepadjad loovad p\u00f5hjamaisele maitsele sobiva, mugava ja stiilse istumisnurga ka v\u00e4iksematesse ruumidesse.<\/p>\n<ul>\n<li><strong>Rotangraamistus<\/strong> \u2013 looduslik, vastupidav ja isikup\u00e4rane materjal, mis tagab kestvuse ning oman\u00e4olise v\u00e4limuse.<\/li>\n<li><strong>\u00dcmmargune klaasplaadiga laud<\/strong> \u2013 l\u00e4bipaistev klaaspind on kerge hooldada ja r\u00f5hutab rotangi \u00f5hulist disaini. Alumisel riiulil saab hoiustada v\u00e4ikeseid esemeid.<\/li>\n<li><strong>Valged pol\u00fcesterist istme- ja seljatoepadjad<\/strong> \u2013 pehmed ning eemaldatavad, tagavad mugavuse ning annavad aiam\u00f6\u00f6bli komplektile v\u00e4rske v\u00e4ljan\u00e4gemise. Padjakatted on kergesti hooldatavad.<\/li>\n<li><strong>Tume p\u00e4hkli toon<\/strong> \u2013 m\u00f6\u00f6bli raamidel olev naturaalse rotangi tume p\u00e4hklitoon lisab soojust ja loodusl\u00e4hedust mistahes interj\u00f6\u00f6ri.<\/li>\n<li><strong>Dekoratiivsed sidumiskohad<\/strong> \u2013 erinevates toonides sidumisdetailid annavad k\u00e4sit\u00f6\u00f6liku ning eksklusiivse mulje.<\/li>\n<li><strong>Iga toode on unikaalne<\/strong> \u2013 looduse materjalide t\u00f5ttu on iga m\u00f6\u00f6bliese erilise struktuuri ja karakteriga.<\/li>\n<\/ul>\n<h3>Tehnilised andmed<\/h3>\n<ul>\n<li><strong>Komplekt sisaldab:<\/strong> 2 tooli ja 1 lauda<\/li>\n<li><strong>Laua m\u00f5\u00f5dud:<\/strong> k\u00f5rgus 55 cm, l\u00e4bim\u00f5\u00f5t 55 cm, lauaplaadi paksus 4 mm<\/li>\n<li><strong>Tooli m\u00f5\u00f5dud:<\/strong> k\u00f5rgus 71 cm, laius 70 cm, s\u00fcgavus 68 cm<\/li>\n<li><strong>Materjalid:<\/strong> rotang, klaas, pol\u00fcester<\/li>\n<li><strong>Istmepadjad:<\/strong> valge kattega padjad kaasas<\/li>\n<li><strong>V\u00e4rvus:<\/strong> tume p\u00e4hkel (toolid ja laud), l\u00e4bipaistev klaas<\/li>\n<\/ul>\n<h3>Rotangist aiam\u00f6\u00f6bli komplekt v\u00e4iksematesse ruumidesse<\/h3>\n<p>See rotangist aiam\u00f6\u00f6bli komplekt sobib ideaalselt klaasitud terrassile, r\u00f5dule v\u00f5i verandale, kus see pakub mugavat istumiskohta ning toob Sinu koju loodusl\u00e4hedase ja elegantse atmosf\u00e4\u00e4ri. Kasutage komplekti siseruumides v\u00f5i ilmastikukaitstud kohtades.<\/p>\n<h3>Hooldusjuhised rotangist aiam\u00f6\u00f6bli komplektile<\/h3>\n<ul>\n<li><strong>Klaas:<\/strong> Puhasta \u00f5rna seebiveega ja pehme lapiga; keerukate plekkide korral kasuta \u00e4\u00e4dikaga klaasipuhastit. Klaasi hoiustamisel v\u00e4ldi temperatuure alla nulli.<\/li>\n<li><strong>Rotang:<\/strong> Puhasta regulaarselt tolmust kuiva v\u00f5i veidi niiske lapiga. Kaks korda aastas soovitame hooldada \u00f5rna seebiveega. Kaitse tugeva niiskuse ja j\u00e4rskude temperatuuride eest.<\/li>\n<li><strong>Pol\u00fcesterpadjad:<\/strong> Hoia padjad valguse ja niiskuse eest kaitstud. Plekkide korral eemalda mustus koheselt ning v\u00e4ldi tugevat h\u00f5\u00f5rumist. Padjad sobib hoiustada siseruumides v\u00f5i veekindlas kastis, kui komplekt pole kasutusel.<\/li>\n<\/ul>\n<p>Rotangist aiam\u00f6\u00f6bli komplekt Wera on praktiline, vastupidav ja sobib suurep\u00e4raselt p\u00f5hjamaise stiiliga kodudesse. Looduslikud materjalid, kvaliteetne teostus ja ajatu disain teevad sellest kauakestva valiku Sinu terrassile v\u00f5i r\u00f5dule.<\/p>\n","protected":false},"excerpt":{"rendered":"<p>Wera rotangist aiam\u00f6\u00f6bli komplekt: klassika Sinu terrassile v\u00f5i r\u00f5dule Wera rotangist aiam\u00f6\u00f6bli komplekt loob hubase ja ajatult elegantse \u00f5hkkonna klaasitud terrassil, v\u00e4ikesel r\u00f5dul v\u00f5i verandale. Komplekti kuuluvad kaks kvaliteetse korvpunutisega tooli ning \u00fcmmargune klaasplaadiga laud. Rotangist raamid, klaasist lauaplaat ja valged pol\u00fcesterist istmepadjad loovad p\u00f5hjamaisele maitsele sobiva, mugava ja stiilse istumisnurga ka v\u00e4iksematesse ruumidesse. Rotangraamistus [&hellip;]<\/p>\n","protected":false},"featured_media":187054,"comment_status":"open","ping_status":"closed","template":"","meta":[],"product_brand":[1818],"product_cat":[1773],"product_tag":[],"class_list":{"0":"post-187055","1":"product","2":"type-product","3":"status-publish","4":"has-post-thumbnail","6":"product_brand-venture-design","7":"product_cat-aiamoobli-komplektid-kohvinurka","8":"product_shipping_class-venture-design","9":"pa_kangas-poluester","10":"pa_kollektsioon-wera","11":"pa_laua-diameeter-3329","12":"pa_laua-korgus-3328","13":"pa_laua-materjal-klaas","14":"pa_laua-materjal-rotang","15":"pa_laua-tasapinna-materjal-klaas","16":"pa_laua-tasapinna-varvus-tume-pahkel","17":"pa_laua-varv-labipaistev","18":"pa_laua-varv-naturaalne","19":"pa_mootmed-laud-60-tool-sugavus-69-korgus-72-laius-71","20":"pa_tooli-materjal-rotang","21":"pa_tooli-varv-tume-pahkel","23":"first","24":"instock","25":"sale","26":"taxable","27":"shipping-taxable","28":"purchasable","29":"product-type-simple"},"_links":{"self":[{"href":"https:\/\/blankpage.ee\/_ruumist-ruumi\/wp-json\/wp\/v2\/product\/187055","targetHints":{"allow":["GET"]}}],"collection":[{"href":"https:\/\/blankpage.ee\/_ruumist-ruumi\/wp-json\/wp\/v2\/product"}],"about":[{"href":"https:\/\/blankpage.ee\/_ruumist-ruumi\/wp-json\/wp\/v2\/types\/product"}],"replies":[{"embeddable":true,"href":"https:\/\/blankpage.ee\/_ruumist-ruumi\/wp-json\/wp\/v2\/comments?post=187055"}],"wp:featuredmedia":[{"embeddable":true,"href":"https:\/\/blankpage.ee\/_ruumist-ruumi\/wp-json\/wp\/v2\/media\/187054"}],"wp:attachment":[{"href":"https:\/\/blankpage.ee\/_ruumist-ruumi\/wp-json\/wp\/v2\/media?parent=187055"}],"wp:term":[{"taxonomy":"product_brand","embeddable":true,"href":"https:\/\/blankpage.ee\/_ruumist-ruumi\/wp-json\/wp\/v2\/product_brand?post=187055"},{"taxonomy":"product_cat","embeddable":true,"href":"https:\/\/blankpage.ee\/_ruumist-ruumi\/wp-json\/wp\/v2\/product_cat?post=187055"},{"taxonomy":"product_tag","embeddable":true,"href":"https:\/\/blankpage.ee\/_ruumist-ruumi\/wp-json\/wp\/v2\/product_tag?post=187055"}],"curies":[{"name":"wp","href":"https:\/\/api.w.org\/{rel}","templated":true}]}}