{"id":196669,"date":"2025-05-10T00:54:47","date_gmt":"2025-05-10T00:54:47","guid":{"rendered":"https:\/\/ruumistruumi.ee\/pood\/ovaalne-soogilauakomplekt-stone-mokka-vineeriga-mustad-metalljalad-ja-beezid-velvet-stitches-toolid-gr22818\/"},"modified":"2025-08-17T03:14:12","modified_gmt":"2025-08-17T03:14:12","slug":"ovaalne-soogilauakomplekt-stone-mokka-vineeriga-mustad-metalljalad-ja-beezid-velvet-stitches-toolid-gr22818","status":"publish","type":"product","link":"https:\/\/blankpage.ee\/_ruumist-ruumi\/pood\/ovaalne-soogilauakomplekt-stone-mokka-vineeriga-mustad-metalljalad-ja-beezid-velvet-stitches-toolid-gr22818\/","title":{"rendered":"Ovaalne s\u00f6\u00f6gilauakomplekt Stone mokka vineeriga, mustad metalljalad ja bee\u017eid Velvet Stitches toolid, GR22818"},"content":{"rendered":"<h3>Ovaalne s\u00f6\u00f6gilauakomplekt mokka vineerist \u2013 Stone Velvet toolidega<\/h3>\n<p>Lisa oma koju kaasaegset stiili ja mugavust Stone s\u00f6\u00f6gilauakomplekti abil, kus on \u00fchendatud kvaliteetsed materjalid ning l\u00e4bim\u00f5eldud p\u00f5hjamaine disain. See ovaalne s\u00f6\u00f6gilauakomplekt mokka vineerist sobib eriti h\u00e4sti neile, kes hindavad nii funktsionaalsust kui elegantsi modernses kodus.<\/p>\n<h3>Laua disain ja kvaliteet<\/h3>\n<ul>\n<li><strong>Lauaplaat:<\/strong> Ovaalne, m\u00f5\u00f5tudega 220 x 100 cm, valmistatud vastupidavast MDF-ist, kaetud kauni mokka tooni vineeriga. Viimistlus toob esile puidumustri n\u00fcansid ja sobitub suurep\u00e4raselt p\u00f5hjamaise sisekujundusega.<\/li>\n<li><strong>Lauajalad:<\/strong> Kaks efektselt silindrilist mustast metallist jalga annavad lauale karakteri ja tagavad stabiilsuse ka igap\u00e4evases kasutuses.<\/li>\n<\/ul>\n<p>Lauaplaadi hooldus on lihtne \u2013 MDF ja vineer tagavad vastupidavuse ning kergesti puhastatava pinna.<\/p>\n<h3>Mugavad Velvet Stitches toolid<\/h3>\n<ul>\n<li><strong>Iste ja seljatugi:<\/strong> Pehme polsterdus, kvaliteetne bee\u017e pol\u00fcester-linane kangas. Toolidel on \u00fcmardatud seljatugi ning dekoratiivselt t\u00f6\u00f6deldud vertikaalsete ja ruudumustriga \u00f5mblustega t\u00f6\u00f6deldud kangas, mis lisab modernset ning trendikat h\u00f5ngu.<\/li>\n<li><strong>Jalad:<\/strong> Kergelt koonusjad mustast metallist jalad toovad toolidele \u00f5hulisust ning annavad vastupidavuse.<\/li>\n<li><strong>Iga tool m\u00fc\u00fcakse eraldi<\/strong>, nii saad valida t\u00e4pselt vajaliku arvu.<\/li>\n<\/ul>\n<h3>Olulised m\u00f5\u00f5dud<\/h3>\n<ul>\n<li><strong>Laua m\u00f5\u00f5dud:<\/strong> k\u00f5rgus 74 cm, pikkus 220 cm, laius 100 cm, jalgade vahe 81,8 cm<\/li>\n<li><strong>Tooli m\u00f5\u00f5dud:<\/strong> k\u00f5rgus 76,5 cm, laius 50 cm, s\u00fcgavus 57 cm<\/li>\n<\/ul>\n<h3>Materjalid<\/h3>\n<ul>\n<li><strong>Lauaplaat:<\/strong> MDF, mokka tooni vineer<\/li>\n<li><strong>Lauajalad:<\/strong> must metall<\/li>\n<li><strong>Tooli raam:<\/strong> vineer ja metall<\/li>\n<li><strong>Kangas:<\/strong> 100% pol\u00fcester linane kangas<\/li>\n<li><strong>Polsterdus:<\/strong> vahtmaterjal<\/li>\n<\/ul>\n<h3>Kuidas hooldada ovaalset s\u00f6\u00f6gilauakomplekti mokka vineerist?<\/h3>\n<p>Lakitud v\u00f5i v\u00e4rvitud MDF-pinnad v\u00f5ivad olla tundlikud kriimustustele ja plekkidele. Igap\u00e4evaseks hoolduseks kasuta pehmet ja kuiva mikrokiudlappi. Plekkide korral sobib leige seebivesi, mille j\u00e4rel kuivata pind. V\u00e4ldi lahusteid (ammoniaak, atsetoon, t-sprit), mis kahjustavad viimistlust. \u00c4ra j\u00e4ta vedelikke pinnale seisma, vaid eemalda need koheselt.<\/p>\n<h3>Miks valida just see ovaalne s\u00f6\u00f6gilauakomplekt mokka vineerist?<\/h3>\n<ul>\n<li>Kaasaegne disain ja kvaliteetsed materjalid<\/li>\n<li>Sobib ideaalselt p\u00f5hjamaise ja modernse interj\u00f6\u00f6ri t\u00e4iustamiseks<\/li>\n<li>Mugav istumiskogemus ja pilkup\u00fc\u00fcdev v\u00e4limus<\/li>\n<li>Lihtne hooldada ning sobib igap\u00e4evaseks kasutamiseks<\/li>\n<\/ul>\n<p>See ovaalne s\u00f6\u00f6gilauakomplekt mokka vineerist koos Velvet Stitches toolidega loob hubase, kutsuva ja ajatu atmosf\u00e4\u00e4ri Sinu s\u00f6\u00f6gituppa \u2013 praktiline ning elegantne valik, mis peab ajaproovile vastu!<\/p>\n","protected":false},"excerpt":{"rendered":"<p>Ovaalne s\u00f6\u00f6gilauakomplekt mokka vineerist \u2013 Stone Velvet toolidega Lisa oma koju kaasaegset stiili ja mugavust Stone s\u00f6\u00f6gilauakomplekti abil, kus on \u00fchendatud kvaliteetsed materjalid ning l\u00e4bim\u00f5eldud p\u00f5hjamaine disain. See ovaalne s\u00f6\u00f6gilauakomplekt mokka vineerist sobib eriti h\u00e4sti neile, kes hindavad nii funktsionaalsust kui elegantsi modernses kodus. Laua disain ja kvaliteet Lauaplaat: Ovaalne, m\u00f5\u00f5tudega 220 x 100 cm, [&hellip;]<\/p>\n","protected":false},"featured_media":196662,"comment_status":"open","ping_status":"closed","template":"","meta":[],"product_brand":[1818],"product_cat":[3228],"product_tag":[],"class_list":{"0":"post-196669","1":"product","2":"type-product","3":"status-publish","4":"has-post-thumbnail","6":"product_brand-venture-design","7":"product_cat-kandilised-soogilauakomplektid","8":"product_shipping_class-venture-design","9":"pa_kangas-poluester-linane","10":"pa_kollektsioon-stone-oval","11":"pa_kollektsioon-velvet","12":"pa_laua-korgus-1193","13":"pa_laua-materjal-mdf","14":"pa_laua-materjal-metall","15":"pa_laua-materjal-spoon","16":"pa_laua-pikkus-3764","17":"pa_laua-sugavus-3380","18":"pa_laua-tasapinna-materjal-mdf","19":"pa_laua-tasapinna-materjal-spoon","20":"pa_laua-tasapinna-varvus-must","21":"pa_laua-varv-must","22":"pa_laua-varv-pruun","23":"pa_mootmed-laud-74x220x100-tool-57x765x50","24":"pa_tooli-materjal-poluester-linane","25":"pa_tooli-materjal-vineer","26":"pa_tooli-materjal-metall","27":"pa_tooli-materjal-vaht","28":"pa_tooli-varv-beez","29":"pa_tooli-varv-must","31":"first","32":"instock","33":"sale","34":"taxable","35":"shipping-taxable","36":"purchasable","37":"product-type-simple"},"_links":{"self":[{"href":"https:\/\/blankpage.ee\/_ruumist-ruumi\/wp-json\/wp\/v2\/product\/196669","targetHints":{"allow":["GET"]}}],"collection":[{"href":"https:\/\/blankpage.ee\/_ruumist-ruumi\/wp-json\/wp\/v2\/product"}],"about":[{"href":"https:\/\/blankpage.ee\/_ruumist-ruumi\/wp-json\/wp\/v2\/types\/product"}],"replies":[{"embeddable":true,"href":"https:\/\/blankpage.ee\/_ruumist-ruumi\/wp-json\/wp\/v2\/comments?post=196669"}],"wp:featuredmedia":[{"embeddable":true,"href":"https:\/\/blankpage.ee\/_ruumist-ruumi\/wp-json\/wp\/v2\/media\/196662"}],"wp:attachment":[{"href":"https:\/\/blankpage.ee\/_ruumist-ruumi\/wp-json\/wp\/v2\/media?parent=196669"}],"wp:term":[{"taxonomy":"product_brand","embeddable":true,"href":"https:\/\/blankpage.ee\/_ruumist-ruumi\/wp-json\/wp\/v2\/product_brand?post=196669"},{"taxonomy":"product_cat","embeddable":true,"href":"https:\/\/blankpage.ee\/_ruumist-ruumi\/wp-json\/wp\/v2\/product_cat?post=196669"},{"taxonomy":"product_tag","embeddable":true,"href":"https:\/\/blankpage.ee\/_ruumist-ruumi\/wp-json\/wp\/v2\/product_tag?post=196669"}],"curies":[{"name":"wp","href":"https:\/\/api.w.org\/{rel}","templated":true}]}}