{"id":20004,"date":"2024-12-05T12:19:56","date_gmt":"2024-12-05T12:19:56","guid":{"rendered":"https:\/\/ruumistruumi.ee\/pood\/pimendavad-kardinad-2-tk-konksud-samet-antratsiit-140x245-cm\/"},"modified":"2025-08-21T02:17:19","modified_gmt":"2025-08-21T02:17:19","slug":"pimendavad-kardinad-2-tk-konksud-samet-antratsiit-140x245-cm","status":"publish","type":"product","link":"https:\/\/blankpage.ee\/_ruumist-ruumi\/pood\/pimendavad-kardinad-2-tk-konksud-samet-antratsiit-140x245-cm\/","title":{"rendered":"Pimendavad kardinad 2 tk konksud, samet, antratsiit, 140&#215;245 cm"},"content":{"rendered":"<p>Elegantsed sametkardinad n\u00e4evad suurep\u00e4rased v\u00e4lja nii elutoas, magamistoas, kontoris kui mujal. Need pakuvad vajalikku privaatsust ja blokeeerivad sissetuleva valguse. Sametkangas lisab sisustusele sooja \u00f5hustikku. T\u00e4nu metallist konksudele saab kardinaid h\u00f5lpsalt kardinapuule riputada. Kardinad on masinpestavad. Komplekti kuulub kaks kardinat. Pange t\u00e4hele, et kardinapuu ei kuulu komplekti.<\/p>\n<ul>\n<li>V\u00e4rvus: antratsiithall<\/li>\n<li>Suurus: 140 x 245 cm (L x K)<\/li>\n<li>Materjal: 100% pol\u00fcestersamet<\/li>\n<li>Metallist konksudega<\/li>\n<li>Komplekti kuulub 2 kardinat<\/li>\n<\/ul>\n","protected":false},"excerpt":{"rendered":"<p>Elegantsed sametkardinad n\u00e4evad suurep\u00e4rased v\u00e4lja nii elutoas, magamistoas, kontoris kui mujal. Need pakuvad vajalikku privaatsust ja blokeeerivad sissetuleva valguse. Sametkangas lisab sisustusele sooja \u00f5hustikku. T\u00e4nu metallist konksudele saab kardinaid h\u00f5lpsalt kardinapuule riputada. Kardinad on masinpestavad. Komplekti kuulub kaks kardinat. Pange t\u00e4hele, et kardinapuu ei kuulu komplekti. V\u00e4rvus: antratsiithall Suurus: 140 x 245 cm (L x [&hellip;]<\/p>\n","protected":false},"featured_media":20005,"comment_status":"open","ping_status":"open","template":"","meta":[],"product_brand":[],"product_cat":[842],"product_tag":[],"class_list":{"0":"post-20004","1":"product","2":"type-product","3":"status-publish","4":"has-post-thumbnail","6":"product_cat-kardinad","7":"product_shipping_class-vidaxl","8":"pa_varv-antratsiithall","10":"first","11":"outofstock","12":"sale","13":"taxable","14":"shipping-taxable","15":"purchasable","16":"product-type-simple"},"_links":{"self":[{"href":"https:\/\/blankpage.ee\/_ruumist-ruumi\/wp-json\/wp\/v2\/product\/20004","targetHints":{"allow":["GET"]}}],"collection":[{"href":"https:\/\/blankpage.ee\/_ruumist-ruumi\/wp-json\/wp\/v2\/product"}],"about":[{"href":"https:\/\/blankpage.ee\/_ruumist-ruumi\/wp-json\/wp\/v2\/types\/product"}],"replies":[{"embeddable":true,"href":"https:\/\/blankpage.ee\/_ruumist-ruumi\/wp-json\/wp\/v2\/comments?post=20004"}],"wp:featuredmedia":[{"embeddable":true,"href":"https:\/\/blankpage.ee\/_ruumist-ruumi\/wp-json\/wp\/v2\/media\/20005"}],"wp:attachment":[{"href":"https:\/\/blankpage.ee\/_ruumist-ruumi\/wp-json\/wp\/v2\/media?parent=20004"}],"wp:term":[{"taxonomy":"product_brand","embeddable":true,"href":"https:\/\/blankpage.ee\/_ruumist-ruumi\/wp-json\/wp\/v2\/product_brand?post=20004"},{"taxonomy":"product_cat","embeddable":true,"href":"https:\/\/blankpage.ee\/_ruumist-ruumi\/wp-json\/wp\/v2\/product_cat?post=20004"},{"taxonomy":"product_tag","embeddable":true,"href":"https:\/\/blankpage.ee\/_ruumist-ruumi\/wp-json\/wp\/v2\/product_tag?post=20004"}],"curies":[{"name":"wp","href":"https:\/\/api.w.org\/{rel}","templated":true}]}}