{"id":200320,"date":"2025-05-12T11:44:50","date_gmt":"2025-05-12T11:44:50","guid":{"rendered":"https:\/\/ruumistruumi.ee\/pood\/pikendatav-tiigipuust-soogilaud-panama-ja-latte-toonis-lindos-toolid-ouemoobel-alumiiniumraam-gr21761\/"},"modified":"2025-08-17T16:27:45","modified_gmt":"2025-08-17T16:27:45","slug":"pikendatav-tiigipuust-soogilaud-panama-ja-latte-toonis-lindos-toolid-ouemoobel-alumiiniumraam-gr21761","status":"publish","type":"product","link":"https:\/\/blankpage.ee\/_ruumist-ruumi\/pood\/pikendatav-tiigipuust-soogilaud-panama-ja-latte-toonis-lindos-toolid-ouemoobel-alumiiniumraam-gr21761\/","title":{"rendered":"Pikendatav tiigipuust s\u00f6\u00f6gilaud Panama ja latte-toonis Lindos toolid (\u00f5uem\u00f6\u00f6bel, alumiiniumraam), GR21761"},"content":{"rendered":"<h3>Tiigipuust aiam\u00f6\u00f6bli komplekt Panama laua ja Lindos toolidega \u2013 kaasaegne valik terrassile<\/h3>\n<p>Too oma terrassile v\u00f5i aeda p\u00f5hjamaist elegantsi ja vastupidavust tiigipuust aiam\u00f6\u00f6bli komplektiga. See moodsate joontega lahendus sobib suurep\u00e4raselt nii suuremateks n\u00e4dalavahetuse pidudeks kui ka igap\u00e4evasteks \u00fchisteks \u00f5htus\u00f6\u00f6kideks pere ja s\u00f5pradega. Moodsad latte-toonides toolid ja naturaalsest tiigipuust lauaplaat toovad suvisesse \u00f5uealasse modernsust ja hubasust.<\/p>\n<ul>\n<li><strong>Lauaplaat tiigipuust<\/strong> \u2013 naturaalsest tiigipuust valmistatud lauaplaat on erakordselt vastupidav ja ilmastikukindel. Tiigipuit sisaldab looduslikke \u00f5lisid, pakkudes m\u00f6\u00f6blile pika iga ka muutuvas kliimas.<\/li>\n<li><strong>Pikendatav laud<\/strong> \u2013 vajadusel saab lauda pikendada ning luua ruumi suuremale seltskonnale. Tavam\u00f5\u00f5dud: 220 \u00d7 100 cm, maksimaalne pikkus 324 cm, k\u00f5rgus 74 cm.<\/li>\n<li><strong>Kerge ja stabiilne alumiiniumraam<\/strong> \u2013 musta viimistlusega alumiiniumraam annab komplektile n\u00fc\u00fcdisaegse v\u00e4limuse ja muudab aiam\u00f6\u00f6bli h\u00e4sti sobivaks ka meie ilmastikuoludes.<\/li>\n<li><strong>Lindos sari \u2013 mugavad latte-toonides toolid<\/strong> \u2013 ergonoomilise kujuga toolid on p\u00f5hjamaiselt minimalistlikud. Tugev terasraam ja vastupidav pol\u00fcesterk\u00f6is (latte-pruun) tagavad mugava istumise ka pikematel suve\u00f5htutel. Iga tooli m\u00f5\u00f5dud: 59 \u00d7 57 \u00d7 86 cm (K \u00d7 S \u00d7 L).<\/li>\n<li><strong>Praktiline ja lihtsalt hooldatav<\/strong> \u2013 k\u00f5ik kasutatud materjalid on valitud silmas pidades vastupidavust ning lihtsat hooldust.<\/li>\n<\/ul>\n<h3>Olulised tehnilised andmed \u2013 tiigipuust aiam\u00f6\u00f6bli komplekt<\/h3>\n<ul>\n<li><strong>Laua m\u00f5\u00f5dud:<\/strong> pikkus 220\u2013324 cm, laius 100 cm, k\u00f5rgus 74 cm<\/li>\n<li><strong>Lauaplaadi paksus:<\/strong> 2,5 cm<\/li>\n<li><strong>Tooli m\u00f5\u00f5dud:<\/strong> laius 57 cm, s\u00fcgavus 59 cm, k\u00f5rgus 86 cm<\/li>\n<li><strong>Kandev\u00f5ime:<\/strong> kuni 150 kg tooli kohta<\/li>\n<li><strong>Komplekti kuulub:<\/strong> \u00fcks suur s\u00f6\u00f6gilaud ja 8 tooli (soovi korral saab toole tellida ka eraldi, t\u00e4psustades koguse)<\/li>\n<li><strong>V\u00e4rvid:<\/strong> laud \u2013 naturaalne tiigipuit ja must alumiinium; toolid \u2013 must metallraam ja latte-pruun pol\u00fcesterk\u00f6is<\/li>\n<li><strong>Kokku monteerimine on vajalik<\/strong><\/li>\n<\/ul>\n<h3>Kuidas hooldada tiigipuust aiam\u00f6\u00f6bli komplekti?<\/h3>\n<p>\nTiigipuust aiam\u00f6\u00f6bli pika eluea tagab regulaarne hooldus. Tiigipuit sisaldab looduslikke \u00f5lisid, kuid ilma t\u00f6\u00f6tlemiseta muutub pind ajapikku halliks. Soovitame kasutada spetsiaalset tiigi\u00f5li ning j\u00e4rgida neid hooldusjuhiseid:\n<\/p>\n<ul>\n<li>Enne \u00f5litamist lihvi pind peene liivapaberiga puidus\u00fc\u00fc suunas ning eemalda tolm kuiva lapiga.<\/li>\n<li>Pese pind pehme harja ja sooja seebiveega; vajadusel kasuta spetsiaalset tiigipuidupuhastusvahendit.<\/li>\n<li>Oota, kuni m\u00f6\u00f6bel on t\u00e4ielikult kuivanud, alles siis alusta \u00f5litamisega.<\/li>\n<li>Kanna \u00f5li pintsliga puhtale ja kuivale pinnale, j\u00e4rgides tootja juhiseid. Esmakordsel hooldamisel \u00f5lita ka lauaplaadi alumine k\u00fclg, et v\u00e4hendada pragunemise riski.<\/li>\n<li>Puhasta regulaarselt pehme seebi ja leige veega.<\/li>\n<li>\u00c4ra kata m\u00f6\u00f6blit tihedalt pikaks ajaks, et v\u00e4ltida hallitusplekkide teket.<\/li>\n<li>Talvel hoiusta m\u00f6\u00f6blit v\u00f5imalusel ruumis, kus temperatuur ei lange alla 0 \u00b0C.<\/li>\n<\/ul>\n<p>\nTiigipuust aiam\u00f6\u00f6bli komplekt Panama laua ja Lindos toolidega toob sinu \u00f5uealale p\u00f5hjamaist vastupidavust, ajatut ilu ja t\u00f5elist mugavust k\u00f5ikideks suvisteks hetkeks!<\/p>\n","protected":false},"excerpt":{"rendered":"<p>Tiigipuust aiam\u00f6\u00f6bli komplekt Panama laua ja Lindos toolidega \u2013 kaasaegne valik terrassile Too oma terrassile v\u00f5i aeda p\u00f5hjamaist elegantsi ja vastupidavust tiigipuust aiam\u00f6\u00f6bli komplektiga. See moodsate joontega lahendus sobib suurep\u00e4raselt nii suuremateks n\u00e4dalavahetuse pidudeks kui ka igap\u00e4evasteks \u00fchisteks \u00f5htus\u00f6\u00f6kideks pere ja s\u00f5pradega. Moodsad latte-toonides toolid ja naturaalsest tiigipuust lauaplaat toovad suvisesse \u00f5uealasse modernsust ja hubasust. [&hellip;]<\/p>\n","protected":false},"featured_media":200311,"comment_status":"open","ping_status":"closed","template":"","meta":[],"product_brand":[1818],"product_cat":[1781],"product_tag":[],"class_list":{"0":"post-200320","1":"product","2":"type-product","3":"status-publish","4":"has-post-thumbnail","6":"product_brand-venture-design","7":"product_cat-aia-soogilaua-komplektid","8":"product_shipping_class-venture-design","9":"pa_kollektsioon-lindos","10":"pa_kollektsioon-panama","11":"pa_laua-korgus-1193","12":"pa_laua-materjal-alumiinium","13":"pa_laua-materjal-tiigipuu","14":"pa_laua-pikkus-3764","15":"pa_laua-sugavus-3380","16":"pa_laua-tasapinna-materjal-tiigipuu","17":"pa_laua-tasapinna-varvus-kuldne","18":"pa_laua-varv-must","19":"pa_laua-varv-naturaalne","20":"pa_mootmed-laud-74x220x100-tool-59x86x57","21":"pa_tooli-materjal-metall","22":"pa_tooli-materjal-poluesterkois","23":"pa_tooli-varv-must","24":"pa_tooli-varv-pruun","26":"first","27":"instock","28":"sale","29":"taxable","30":"shipping-taxable","31":"purchasable","32":"product-type-simple"},"_links":{"self":[{"href":"https:\/\/blankpage.ee\/_ruumist-ruumi\/wp-json\/wp\/v2\/product\/200320","targetHints":{"allow":["GET"]}}],"collection":[{"href":"https:\/\/blankpage.ee\/_ruumist-ruumi\/wp-json\/wp\/v2\/product"}],"about":[{"href":"https:\/\/blankpage.ee\/_ruumist-ruumi\/wp-json\/wp\/v2\/types\/product"}],"replies":[{"embeddable":true,"href":"https:\/\/blankpage.ee\/_ruumist-ruumi\/wp-json\/wp\/v2\/comments?post=200320"}],"wp:featuredmedia":[{"embeddable":true,"href":"https:\/\/blankpage.ee\/_ruumist-ruumi\/wp-json\/wp\/v2\/media\/200311"}],"wp:attachment":[{"href":"https:\/\/blankpage.ee\/_ruumist-ruumi\/wp-json\/wp\/v2\/media?parent=200320"}],"wp:term":[{"taxonomy":"product_brand","embeddable":true,"href":"https:\/\/blankpage.ee\/_ruumist-ruumi\/wp-json\/wp\/v2\/product_brand?post=200320"},{"taxonomy":"product_cat","embeddable":true,"href":"https:\/\/blankpage.ee\/_ruumist-ruumi\/wp-json\/wp\/v2\/product_cat?post=200320"},{"taxonomy":"product_tag","embeddable":true,"href":"https:\/\/blankpage.ee\/_ruumist-ruumi\/wp-json\/wp\/v2\/product_tag?post=200320"}],"curies":[{"name":"wp","href":"https:\/\/api.w.org\/{rel}","templated":true}]}}