{"id":200688,"date":"2025-05-12T20:14:40","date_gmt":"2025-05-12T20:14:40","guid":{"rendered":"https:\/\/ruumistruumi.ee\/pood\/khung-ristkulikukujuline-aiamooblikomplekt-akaatsiapuit-must-teras-200x100-cm-laud-ja-reguleeritav-little-john-tool-gr21480\/"},"modified":"2025-08-14T10:48:36","modified_gmt":"2025-08-14T10:48:36","slug":"khung-ristkulikukujuline-aiamooblikomplekt-akaatsiapuit-must-teras-200x100-cm-laud-ja-reguleeritav-little-john-tool-gr21480","status":"publish","type":"product","link":"https:\/\/blankpage.ee\/_ruumist-ruumi\/pood\/khung-ristkulikukujuline-aiamooblikomplekt-akaatsiapuit-must-teras-200x100-cm-laud-ja-reguleeritav-little-john-tool-gr21480\/","title":{"rendered":"Khung ristk\u00fclikukujuline aiam\u00f6\u00f6blikomplekt \u2013 akaatsiapuit, must teras, 200\u00d7100 cm laud ja reguleeritav Little John tool, GR21480"},"content":{"rendered":"<h3>Khung ristk\u00fclikukujuline akaatsiapuidust aiam\u00f6\u00f6blikomplekt \u2013 p\u00f5hjamaise terrassi v\u00e4\u00e4rikas keskpunkt<\/h3>\n<p>Naudi p\u00f5hjamaise stiili ja k\u00f5rge kvaliteediga lahendust \u2013 <strong>akaatsiapuidust aiam\u00f6\u00f6blikomplekt Khung<\/strong> \u00fchendab naturaalse ilu, kestva vastupidavuse ja t\u00f5elise mugavuse. Ristk\u00fclikukujuline laud ning reguleeritavad ja kokkupandavad <strong>Little John<\/strong> toolid loovad \u00fchiseks aega veetmiseks kauni ning praktilise keskuse sinu aeda v\u00f5i terrassile.<\/p>\n<ul>\n<li><strong>Materjalid:<\/strong> Vastupidav, naturaalset tooni \u00f5litatud akaatsiapuit annab m\u00f6\u00f6blile pika eluea ka v\u00e4listingimustes. Musta viimistlusega terasraam lisab nii stabiilsust kui ka modernset kontrasti. Toolide raam on samuti akaatsiapuidust, seljatugi ja iste vastupidavast UV-kindlast pol\u00fcesterk\u00f6iest, pakkudes mugavust ja kaitset ilmastikuolude eest.<\/li>\n<li><strong>Praktilisus:<\/strong> Little John toolide seljatugi on reguleeritava kallakuga ja toolid on lihtsalt kokkupandavad \u2013 see teeb ladustamise ja hoolduse muretuks ning loob \u00fclimalt mugava istumiskogemuse igale k\u00fclalisele.<\/li>\n<li><strong>Stiil:<\/strong> Moderne, puhaste joontega disain sulandub laitmatult p\u00f5hjamaise elukeskkonnaga. Akaatsiapuidu ja mustade detailide kombinatsioon loob ajatult elegantse v\u00e4ljan\u00e4gemise ning toob \u00f5uealale soojuse ja hubasuse.<\/li>\n<\/ul>\n<h3>Olulised m\u00f5\u00f5dud ja detailid akaatsiapuidust aiam\u00f6\u00f6blikomplektist<\/h3>\n<ul>\n<li><strong>Laud:<\/strong> pikkus 200 cm \u00d7 laius 100 cm \u00d7 k\u00f5rgus 75 cm<\/li>\n<li><strong>Lauaplaat:<\/strong> 4 cm paksune akaatsiapuit<\/li>\n<li><strong>Tugiraam:<\/strong> must teras<\/li>\n<li><strong>Toolid:<\/strong> k\u00f5rgus 106 cm, laius 56,8 cm, s\u00fcgavus 74 cm<\/li>\n<li><strong>Iste:<\/strong> must UV-kindel pol\u00fcesterk\u00f6is<\/li>\n<li><strong>Kogus:<\/strong> Komplekti kuulub 1 laud ja 6 s\u00f6\u00f6gitooli<\/li>\n<li><strong>Komplekt tarnitakse osaliselt kokkupanduna; kokkupanek vajalik<\/strong><\/li>\n<\/ul>\n<h3>Miks valida just see akaatsiapuidust aiam\u00f6\u00f6blikomplekt?<\/h3>\n<p>See kaasaegse disainiga ja vastupidav aiam\u00f6\u00f6blikomplekt on ideaalne, kui hindad looduslikku materjali, p\u00f5hjamaist stiili ja praktilisust. Komplekt mahutab mugavalt suurema seltskonna ning sobib nii pere\u00f5htuteks kui pidulikumateks s\u00fcndmusteks. Akaatsiapuidust lauaplaat ning UV-kindlast k\u00f6iest toolid on loodud kestma nii p\u00e4ikese kui vihma k\u00e4es, pakkudes sulle muretut r\u00f5\u00f5mu aastaid.<\/p>\n<h3>Hooldusjuhised \u2013 pikaealise ilu saladus<\/h3>\n<ul>\n<li>Puit on tehasest \u00f5litatud \u2013 enne kasutust p\u00fchi puhtaks kuiva lapiga.<\/li>\n<li>Uut m\u00f6\u00f6blit \u00e4ra kohe \u00f5lita, pigem tee seda hooaja l\u00f5pus sobiva vahendiga.<\/li>\n<li>Enne hooldust veendu, et pind oleks puhas. Vajadusel kasuta \u00f5rna liivapaberit.<\/li>\n<li>Kaitsekatte kasutamine aitab v\u00e4ltida liigset kulumist ja ilmastikukahjustusi.<\/li>\n<li>Talvel hoiusta m\u00f6\u00f6blit ventileeritud jahedas ruumis; v\u00e4ldi kile all hoidmist ja keskk\u00fctteruume.<\/li>\n<li>Vajadusel pinguta aja jooksul kruvid.<\/li>\n<\/ul>\n<p><strong>Khung akaatsiapuidust aiam\u00f6\u00f6blikomplekt<\/strong> toob sinu v\u00e4liruumi ajatuse, mugavuse ja loomuliku p\u00f5hjamaise elegantsi aastateks.<\/p>\n","protected":false},"excerpt":{"rendered":"<p>Khung ristk\u00fclikukujuline akaatsiapuidust aiam\u00f6\u00f6blikomplekt \u2013 p\u00f5hjamaise terrassi v\u00e4\u00e4rikas keskpunkt Naudi p\u00f5hjamaise stiili ja k\u00f5rge kvaliteediga lahendust \u2013 akaatsiapuidust aiam\u00f6\u00f6blikomplekt Khung \u00fchendab naturaalse ilu, kestva vastupidavuse ja t\u00f5elise mugavuse. Ristk\u00fclikukujuline laud ning reguleeritavad ja kokkupandavad Little John toolid loovad \u00fchiseks aega veetmiseks kauni ning praktilise keskuse sinu aeda v\u00f5i terrassile. Materjalid: Vastupidav, naturaalset tooni \u00f5litatud akaatsiapuit [&hellip;]<\/p>\n","protected":false},"featured_media":200679,"comment_status":"open","ping_status":"closed","template":"","meta":[],"product_brand":[1818],"product_cat":[1781],"product_tag":[],"class_list":{"0":"post-200688","1":"product","2":"type-product","3":"status-publish","4":"has-post-thumbnail","6":"product_brand-venture-design","7":"product_cat-aia-soogilaua-komplektid","8":"product_shipping_class-venture-design","9":"pa_kollektsioon-khung","10":"pa_kollektsioon-little-john","11":"pa_laua-korgus-1190","12":"pa_laua-materjal-metall","13":"pa_laua-materjal-akaatsia","14":"pa_laua-pikkus-3499","15":"pa_laua-sugavus-3380","16":"pa_laua-tasapinna-materjal-akaatsia","17":"pa_laua-tasapinna-varvus-naturaalne","18":"pa_laua-varv-must","19":"pa_laua-varv-naturaalne","20":"pa_materjal-akaatsia","21":"pa_materjal-poluesterkois","22":"pa_materjal-metall","23":"pa_mootmed-laud-75x200x100-tool-74x106x568","24":"pa_tooli-materjal-akaatsia","25":"pa_tooli-materjal-poluesterkois","26":"pa_tooli-varv-must","27":"pa_tooli-varv-naturaalne","29":"first","30":"instock","31":"sale","32":"taxable","33":"shipping-taxable","34":"purchasable","35":"product-type-simple"},"_links":{"self":[{"href":"https:\/\/blankpage.ee\/_ruumist-ruumi\/wp-json\/wp\/v2\/product\/200688","targetHints":{"allow":["GET"]}}],"collection":[{"href":"https:\/\/blankpage.ee\/_ruumist-ruumi\/wp-json\/wp\/v2\/product"}],"about":[{"href":"https:\/\/blankpage.ee\/_ruumist-ruumi\/wp-json\/wp\/v2\/types\/product"}],"replies":[{"embeddable":true,"href":"https:\/\/blankpage.ee\/_ruumist-ruumi\/wp-json\/wp\/v2\/comments?post=200688"}],"wp:featuredmedia":[{"embeddable":true,"href":"https:\/\/blankpage.ee\/_ruumist-ruumi\/wp-json\/wp\/v2\/media\/200679"}],"wp:attachment":[{"href":"https:\/\/blankpage.ee\/_ruumist-ruumi\/wp-json\/wp\/v2\/media?parent=200688"}],"wp:term":[{"taxonomy":"product_brand","embeddable":true,"href":"https:\/\/blankpage.ee\/_ruumist-ruumi\/wp-json\/wp\/v2\/product_brand?post=200688"},{"taxonomy":"product_cat","embeddable":true,"href":"https:\/\/blankpage.ee\/_ruumist-ruumi\/wp-json\/wp\/v2\/product_cat?post=200688"},{"taxonomy":"product_tag","embeddable":true,"href":"https:\/\/blankpage.ee\/_ruumist-ruumi\/wp-json\/wp\/v2\/product_tag?post=200688"}],"curies":[{"name":"wp","href":"https:\/\/api.w.org\/{rel}","templated":true}]}}