{"id":200698,"date":"2025-05-12T20:17:12","date_gmt":"2025-05-12T20:17:12","guid":{"rendered":"https:\/\/ruumistruumi.ee\/pood\/laiendatav-tiigipuust-soogilaud-panama-ja-lindos-poluesterkoiega-toolid-aiakomplekt-must-alumiinium-6-tooli-gr21760\/"},"modified":"2025-08-17T16:27:44","modified_gmt":"2025-08-17T16:27:44","slug":"laiendatav-tiigipuust-soogilaud-panama-ja-lindos-poluesterkoiega-toolid-aiakomplekt-must-alumiinium-6-tooli-gr21760","status":"publish","type":"product","link":"https:\/\/blankpage.ee\/_ruumist-ruumi\/pood\/laiendatav-tiigipuust-soogilaud-panama-ja-lindos-poluesterkoiega-toolid-aiakomplekt-must-alumiinium-6-tooli-gr21760\/","title":{"rendered":"Laiendatav tiigipuust s\u00f6\u00f6gilaud Panama ja Lindos pol\u00fcesterk\u00f6iega toolid (aiakomplekt, must\/alumiinium, 6 tooli), GR21760"},"content":{"rendered":"<h3>Panama ristk\u00fclikukujuline tiigipuust aiakomplekt \u2013 ajatu valik aeda v\u00f5i terrassile<\/h3>\n<p>Tee oma \u00f5ueala t\u00f5eliseks hubaseks kohtumispaigaks Panama tiigipuust aiakomplektiga, mis \u00fchendab p\u00f5hjamaise disaini, haruldase vastupidavuse ja praktilise kasutusmugavuse nii suurteks kui v\u00e4ikesteks koosviibimisteks. Tiigipuust aiakomplekt sobib ideaalselt pere kogunemisteks v\u00f5i suve\u00f5htute nautimiseks s\u00f5pradega, lisades igale v\u00e4liruumile maal\u00e4hedast ja ajatult elegantset h\u00f5ngu.<\/p>\n<ul>\n<li><strong>Laiendatav tiigipuust laud<\/strong> \u2013 Panama s\u00f6\u00f6gi- ja aiakomplekti keskmes on naturaalsest tiigipuidust lauaplaat, mis peab h\u00e4sti vastu Eesti muutlikes ilmastikutingimustes. Tiigipuu v\u00e4\u00e4rikas soojus muutub ajas h\u00f5behalliks, kuid tiigipuu n\u00f5uetekohase hoolduse korral p\u00fcsib puidul kaunis toon veelgi kauem (hooldussoovitused allpool).<\/li>\n<li><strong>Stabiilne konstruktsioon<\/strong> \u2013 Musta tooniga alumiiniumraam muudab laua kergelt teisaldatavaks, kuid samas tugevaks ja roostevabaks. See tagab kasutusmugavuse ja lihtne liigutamine on alati v\u00f5imalik.<\/li>\n<li><strong>Mahutavus ja m\u00f5\u00f5dud<\/strong> \u2013 Laud m\u00f5\u00f5tmetega 220 \u00d7 100 cm (k\u00f5rgus 74 cm), vajadusel pikendatav kuni 324 cm \u2013 see annab rohkelt ruumi nii pere- kui ka k\u00fclaliste\u00f5htuteks.<\/li>\n<li><strong>Lindos toolid \u2013 mugavus ja \u00f5hulisus<\/strong> \u2013 Komplekti kuuluvad pruunid Lindos s\u00f6\u00f6gitoolid, mille iste ja seljatugi on valmistatud tugevast pol\u00fcesterk\u00f6iest ning musta metallraamiga. Need toolid pakuvad mugavat tuge ja head \u00f5huvahetust ka soojadel suvep\u00e4evadel. Tooli m\u00f5\u00f5dud: laius 57 cm, k\u00f5rgus 86 cm, s\u00fcgavus 59 cm, maksimaalne kandev\u00f5ime 150 kg.<\/li>\n<li><strong>P\u00f5hjamaine disain<\/strong> \u2013 Mustad ja naturaalsed v\u00e4rvitoonid loovad klassikalise ning ajatu koosluse, mis harmoneerub iga terrassi v\u00f5i aiaga.<\/li>\n<li><strong>Kergesti hooldatav ja ladustatav<\/strong> \u2013 Lindos toolid on virnastatavad, mis teeb nende hoiustamise eriti mugavaks, kui toolid ei ole parasjagu kasutusel.<\/li>\n<li><strong>Usaldusv\u00e4\u00e4rne br\u00e4nd<\/strong> \u2013 Venture Home\u2019i kogemus kvaliteetse aiam\u00f6\u00f6bli tootmisel annab kindluse, et valid endale vastupidava ja silmapaistva tiigipuust aiakomplekti aastateks.<\/li>\n<\/ul>\n<h3>Tehnilised andmed<\/h3>\n<ul>\n<li><strong>Laud:<\/strong> Tiigipuidust lauaplaat, must alumiiniumraam. M\u00f5\u00f5dud: 220\u2013324 \u00d7 100 \u00d7 74 cm<\/li>\n<li><strong>Toolid:<\/strong> Must metallraam, pruun pol\u00fcesterk\u00f6is. M\u00f5\u00f5dud: 57 \u00d7 59 \u00d7 86 cm. Maksimaalne kandev\u00f5ime 150 kg<\/li>\n<li><strong>Komplekti kuulub:<\/strong> 1 laiendatav laud, 6 s\u00f6\u00f6gitooli (toole saab soetada ka eraldi)<\/li>\n<li><strong>Kokku panemine vajalik<\/strong><\/li>\n<\/ul>\n<h3>Tiigipuu hooldusjuhised<\/h3>\n<ul>\n<li>Puhasta tiigipuidust pinda regulaarselt pehme seebi ja sooja veega.<\/li>\n<li>Kasutades aeg-ajalt tiigi\u00f5li, s\u00e4ilitad loodusliku v\u00e4rvi ja pikendad puidu eluiga (enne \u00f5litamist lihvi \u00f5rnalt liivapaberiga puus\u00fc\u00fc suunas, eemalda tolm ning veendu, et laud on kuiv).<\/li>\n<li>V\u00e4ldi m\u00f6\u00f6bli pikaajalist katmist kattega, et v\u00e4ltida hallitust.<\/li>\n<li>Soovitame aiam\u00f6\u00f6blit talveks siseruumis hoida, kus temperatuur p\u00fcsib \u00fcle nulli.<\/li>\n<li>Enne esmakasutust soovitame \u00f5litada lauaplaadi m\u00f5lemad pooled v\u00e4hendamaks pragunemisohtu.<\/li>\n<\/ul>\n<p><strong>Panama ristk\u00fclikukujuline tiigipuust aiakomplekt on nutikas ja vastupidav investeering, mis pakub sulle aastaid r\u00f5\u00f5mu ja silmailu sinu aeda!<\/strong><\/p>\n","protected":false},"excerpt":{"rendered":"<p>Panama ristk\u00fclikukujuline tiigipuust aiakomplekt \u2013 ajatu valik aeda v\u00f5i terrassile Tee oma \u00f5ueala t\u00f5eliseks hubaseks kohtumispaigaks Panama tiigipuust aiakomplektiga, mis \u00fchendab p\u00f5hjamaise disaini, haruldase vastupidavuse ja praktilise kasutusmugavuse nii suurteks kui v\u00e4ikesteks koosviibimisteks. Tiigipuust aiakomplekt sobib ideaalselt pere kogunemisteks v\u00f5i suve\u00f5htute nautimiseks s\u00f5pradega, lisades igale v\u00e4liruumile maal\u00e4hedast ja ajatult elegantset h\u00f5ngu. Laiendatav tiigipuust laud \u2013 [&hellip;]<\/p>\n","protected":false},"featured_media":200690,"comment_status":"open","ping_status":"closed","template":"","meta":[],"product_brand":[1818],"product_cat":[1781],"product_tag":[],"class_list":{"0":"post-200698","1":"product","2":"type-product","3":"status-publish","4":"has-post-thumbnail","6":"product_brand-venture-design","7":"product_cat-aia-soogilaua-komplektid","8":"product_shipping_class-venture-design","9":"pa_kollektsioon-lindos","10":"pa_kollektsioon-panama","11":"pa_laua-korgus-1193","12":"pa_laua-materjal-alumiinium","13":"pa_laua-materjal-tiigipuu","14":"pa_laua-pikkus-3764","15":"pa_laua-sugavus-3380","16":"pa_laua-tasapinna-materjal-tiigipuu","17":"pa_laua-tasapinna-varvus-must","18":"pa_laua-varv-must","19":"pa_laua-varv-naturaalne","20":"pa_mootmed-laud-74x220x100-tool-59x86x57","21":"pa_tooli-materjal-metall","22":"pa_tooli-materjal-poluesterkois","23":"pa_tooli-varv-must","24":"pa_tooli-varv-pruun","26":"first","27":"instock","28":"sale","29":"taxable","30":"shipping-taxable","31":"purchasable","32":"product-type-simple"},"_links":{"self":[{"href":"https:\/\/blankpage.ee\/_ruumist-ruumi\/wp-json\/wp\/v2\/product\/200698","targetHints":{"allow":["GET"]}}],"collection":[{"href":"https:\/\/blankpage.ee\/_ruumist-ruumi\/wp-json\/wp\/v2\/product"}],"about":[{"href":"https:\/\/blankpage.ee\/_ruumist-ruumi\/wp-json\/wp\/v2\/types\/product"}],"replies":[{"embeddable":true,"href":"https:\/\/blankpage.ee\/_ruumist-ruumi\/wp-json\/wp\/v2\/comments?post=200698"}],"wp:featuredmedia":[{"embeddable":true,"href":"https:\/\/blankpage.ee\/_ruumist-ruumi\/wp-json\/wp\/v2\/media\/200690"}],"wp:attachment":[{"href":"https:\/\/blankpage.ee\/_ruumist-ruumi\/wp-json\/wp\/v2\/media?parent=200698"}],"wp:term":[{"taxonomy":"product_brand","embeddable":true,"href":"https:\/\/blankpage.ee\/_ruumist-ruumi\/wp-json\/wp\/v2\/product_brand?post=200698"},{"taxonomy":"product_cat","embeddable":true,"href":"https:\/\/blankpage.ee\/_ruumist-ruumi\/wp-json\/wp\/v2\/product_cat?post=200698"},{"taxonomy":"product_tag","embeddable":true,"href":"https:\/\/blankpage.ee\/_ruumist-ruumi\/wp-json\/wp\/v2\/product_tag?post=200698"}],"curies":[{"name":"wp","href":"https:\/\/api.w.org\/{rel}","templated":true}]}}