{"id":201699,"date":"2025-05-13T14:17:45","date_gmt":"2025-05-13T14:17:45","guid":{"rendered":"https:\/\/ruumistruumi.ee\/pood\/tammepuidust-pikendatav-soogilaud-slider-ning-musta-sametkattega-toolide-komplekt-gr20738\/"},"modified":"2025-08-20T11:19:32","modified_gmt":"2025-08-20T11:19:32","slug":"tammepuidust-pikendatav-soogilaud-slider-ning-musta-sametkattega-toolide-komplekt-gr20738","status":"publish","type":"product","link":"https:\/\/blankpage.ee\/_ruumist-ruumi\/pood\/tammepuidust-pikendatav-soogilaud-slider-ning-musta-sametkattega-toolide-komplekt-gr20738\/","title":{"rendered":"Tammepuidust pikendatav s\u00f6\u00f6gilaud Slider ning musta sametkattega toolide komplekt, GR20738"},"content":{"rendered":"<h3>Tammepuidust pikendatav s\u00f6\u00f6gilaud Slider ja sametkattega toolide komplekt \u2013 p\u00f5hjamaise stiili ja funktsionaalsuse tipp<\/h3>\n<p>Slideri s\u00f6\u00f6gilauakomplekt \u00fchendab endas ajatult modernse disaini, funktsionaalsuse ning \u00fclimugavad istmed, sobides ideaalselt igap\u00e4evaseks kasutuseks ja pidulikeks hetkedeks. Tammepuidust pikendatav s\u00f6\u00f6gilaud ja musta sametkattega toolid loovad Sinu kodule hubase ja elegantse atmosf\u00e4\u00e4ri.<\/p>\n<ul>\n<li><b>Lauaplaat:<\/b> Vastupidavast ja naturaalselt viimistletud tammepuidust lauaplaat, mis peab h\u00e4sti vastu igap\u00e4evasele kasutusele ning sobib suurep\u00e4raselt suuremate koosviibimiste korraldamiseks.<\/li>\n<li><b>Laua m\u00f5\u00f5dud:<\/b> 75 cm (k\u00f5rgus) \u00d7 170 cm (pikkus, pikendatav kuni 250 cm) \u00d7 95 cm (laius). Nutika liugpikenduss\u00fcsteemi abil reguleerid laua pikkust vastavalt vajadusele \u2013 mugavalt mahub nii v\u00e4iksem pere kui ka suurem seltskond.<\/li>\n<li><b>Toolid:<\/b> Komplektis on musta sametkattega elegantsed s\u00f6\u00f6gitoolid, mille kumer iste ja seljatugi pakuvad m\u00f5nusat istumiskogemust ka pikematel \u00f5htus\u00f6\u00f6kidel.<\/li>\n<li><b>Toolide materjal:<\/b> Toolide raam on kvaliteetsest vineerist, t\u00e4idis m\u00f5nusalt pehmest vahust; kaetud luksusliku 100% pol\u00fcestersist sametkangaga. Metallist jalad muudavad toolid v\u00e4ga stabiilseks ja kergesti hooldatavaks.<\/li>\n<li><b>Toolide m\u00f5\u00f5dud:<\/b> 76,5 cm (k\u00f5rgus), 50 cm (laius), 57 cm (s\u00fcgavus).<\/li>\n<li><b>V\u00e4rvitoonid:<\/b> Laud on naturaalselt tammepuu toonis, toolid elegantses mustas sametis.<\/li>\n<\/ul>\n<h3>Miks valida Slider tammepuidust pikendatav s\u00f6\u00f6gilaud?<\/h3>\n<ul>\n<li><b>Paindlikkus ja mugavus:<\/b> Tammepuidust pikendatav s\u00f6\u00f6gilaud v\u00f5imaldab istumiskohti h\u00f5lpsasti suurendada v\u00f5i v\u00e4hendada vastavalt vajadusele.<\/li>\n<li><b>Vastupidavad materjalid:<\/b> Kvaliteetne tammepuitlauaplaat ja tugev metalljalgadega toolid kindlustavad pika kasutusaja.<\/li>\n<li><b>Kaasaegne p\u00f5hjamaine disain:<\/b> Minimalistlik ja valgusk\u00fcllane lahendus sobib suurep\u00e4raselt Eesti kodudele iseloomulikku modernsesse interj\u00f6\u00f6ri.<\/li>\n<\/ul>\n<h3>Tehnilised andmed \u2013 tammepuidust pikendatav s\u00f6\u00f6gilaud Slider<\/h3>\n<ul>\n<li><b>Laua materjal:<\/b> Tammepuit<\/li>\n<li><b>Tooli materjal:<\/b> Vineer, vaht, pol\u00fcestersamet, teras<\/li>\n<li><b>Laua m\u00f5\u00f5dud:<\/b> 75 \u00d7 170(250) \u00d7 95 cm<\/li>\n<li><b>Tooli m\u00f5\u00f5dud:<\/b> 76,5 \u00d7 50 \u00d7 57 cm<\/li>\n<li><b>Komplekti koostamine:<\/b> Vajalik on monteerimine<\/li>\n<\/ul>\n<h3>Kuidas hooldada Slider s\u00f6\u00f6gilauakomplekti?<\/h3>\n<p>Tammepuidust pikendatav s\u00f6\u00f6gilaud s\u00e4ilitab oma kauni v\u00e4limuse, kui puhastad lauapinda pehme niiske lapiga ning v\u00e4ldid liigset vett ja abrasiivseid puhastusvahendeid. Sametkattega toole puhasta \u00f5rna tolmuimeja v\u00f5i harjaga, plekke eemalda vajadusel pehme mikrofiiberlapiga ja n\u00f5rga puhastusvahendiga. V\u00e4ldi pikaajalist kokkupuudet otsese p\u00e4ikesevalgusega, et s\u00e4ilitada puiduilme ja kangaste v\u00e4rskus.<\/p>\n<p>Tammepuidust pikendatav s\u00f6\u00f6gilaud Slider koos luksuslike toolidega on investeering, mis \u00fchendab p\u00f5hjamaise stiili, praktilisuse ja pikaajalise kvaliteedi \u2013 ideaalne valik Sinu kodu s\u00f6\u00f6gituppa!<\/p>\n","protected":false},"excerpt":{"rendered":"<p>Tammepuidust pikendatav s\u00f6\u00f6gilaud Slider ja sametkattega toolide komplekt \u2013 p\u00f5hjamaise stiili ja funktsionaalsuse tipp Slideri s\u00f6\u00f6gilauakomplekt \u00fchendab endas ajatult modernse disaini, funktsionaalsuse ning \u00fclimugavad istmed, sobides ideaalselt igap\u00e4evaseks kasutuseks ja pidulikeks hetkedeks. Tammepuidust pikendatav s\u00f6\u00f6gilaud ja musta sametkattega toolid loovad Sinu kodule hubase ja elegantse atmosf\u00e4\u00e4ri. Lauaplaat: Vastupidavast ja naturaalselt viimistletud tammepuidust lauaplaat, mis peab [&hellip;]<\/p>\n","protected":false},"featured_media":201691,"comment_status":"open","ping_status":"closed","template":"","meta":[],"product_brand":[1818],"product_cat":[3228],"product_tag":[],"class_list":{"0":"post-201699","1":"product","2":"type-product","3":"status-publish","4":"has-post-thumbnail","6":"product_brand-venture-design","7":"product_cat-kandilised-soogilauakomplektid","8":"product_shipping_class-venture-design","9":"pa_kangas-poluester-samet","10":"pa_kollektsioon-slider","11":"pa_kollektsioon-velvet","12":"pa_laua-korgus-1190","13":"pa_laua-materjal-tamm","14":"pa_laua-pikkus-3568","15":"pa_laua-sugavus-3567","16":"pa_laua-tasapinna-materjal-tamm","17":"pa_laua-tasapinna-varvus-naturaalne","18":"pa_laua-varv-naturaalne","19":"pa_mootmed-laud-75x170x95-tool-57x765x50","20":"pa_tooli-materjal-painutatud-puit","21":"pa_tooli-materjal-poluester-samet","22":"pa_tooli-materjal-kiud","23":"pa_tooli-materjal-metall","24":"pa_tooli-materjal-vaht","25":"pa_tooli-varv-must","27":"first","28":"instock","29":"sale","30":"taxable","31":"shipping-taxable","32":"purchasable","33":"product-type-simple"},"_links":{"self":[{"href":"https:\/\/blankpage.ee\/_ruumist-ruumi\/wp-json\/wp\/v2\/product\/201699","targetHints":{"allow":["GET"]}}],"collection":[{"href":"https:\/\/blankpage.ee\/_ruumist-ruumi\/wp-json\/wp\/v2\/product"}],"about":[{"href":"https:\/\/blankpage.ee\/_ruumist-ruumi\/wp-json\/wp\/v2\/types\/product"}],"replies":[{"embeddable":true,"href":"https:\/\/blankpage.ee\/_ruumist-ruumi\/wp-json\/wp\/v2\/comments?post=201699"}],"wp:featuredmedia":[{"embeddable":true,"href":"https:\/\/blankpage.ee\/_ruumist-ruumi\/wp-json\/wp\/v2\/media\/201691"}],"wp:attachment":[{"href":"https:\/\/blankpage.ee\/_ruumist-ruumi\/wp-json\/wp\/v2\/media?parent=201699"}],"wp:term":[{"taxonomy":"product_brand","embeddable":true,"href":"https:\/\/blankpage.ee\/_ruumist-ruumi\/wp-json\/wp\/v2\/product_brand?post=201699"},{"taxonomy":"product_cat","embeddable":true,"href":"https:\/\/blankpage.ee\/_ruumist-ruumi\/wp-json\/wp\/v2\/product_cat?post=201699"},{"taxonomy":"product_tag","embeddable":true,"href":"https:\/\/blankpage.ee\/_ruumist-ruumi\/wp-json\/wp\/v2\/product_tag?post=201699"}],"curies":[{"name":"wp","href":"https:\/\/api.w.org\/{rel}","templated":true}]}}