{"id":202442,"date":"2025-05-13T17:39:50","date_gmt":"2025-05-13T17:39:50","guid":{"rendered":"https:\/\/ruumistruumi.ee\/pood\/dipp-must-soogilaua-komplekt-vineerist-laud-180x90-cm-ja-6-musta-sametise-valimusega-tooli-kuldsete-detailidega-gr19974\/"},"modified":"2025-08-14T10:45:53","modified_gmt":"2025-08-14T10:45:53","slug":"dipp-must-soogilaua-komplekt-vineerist-laud-180x90-cm-ja-6-musta-sametise-valimusega-tooli-kuldsete-detailidega-gr19974","status":"publish","type":"product","link":"https:\/\/blankpage.ee\/_ruumist-ruumi\/pood\/dipp-must-soogilaua-komplekt-vineerist-laud-180x90-cm-ja-6-musta-sametise-valimusega-tooli-kuldsete-detailidega-gr19974\/","title":{"rendered":"Dipp must s\u00f6\u00f6gilaua komplekt: vineerist laud 180\u00d790 cm ja 6 musta sametise v\u00e4limusega tooli kuldsete detailidega, GR19974"},"content":{"rendered":"<h3>Dipp must s\u00f6\u00f6gilaua komplekt \u2013 stiilne ja praktiline valik kaasaegsesse koju<\/h3>\n<p>Must s\u00f6\u00f6gilaua komplekt Dipp on nutikas lahendus igale kaasaegsele elu- v\u00f5i s\u00f6\u00f6gitoale, kus v\u00e4\u00e4rtustatakse nii esteetikat kui ka mugavust. Elegantses komplektis on suur ristk\u00fclikukujuline musta viimistlusega s\u00f6\u00f6gilaud ja kuus mugavat, sametise v\u00e4limusega tooli kuldsete detailidega. Komplekt on t\u00f5eline pilgup\u00fc\u00fcdja, mis sobib suurep\u00e4raselt p\u00f5hjamaise stiiliga interj\u00f6\u00f6ri ning loob inspireeriva keskpunkti pere ja s\u00f5pradega koosviibimisteks.<\/p>\n<h3>Materjalid ja disain \u2013 must s\u00f6\u00f6gilaua komplekt \u00fchendab vastupidavuse ning ajatu elegantsi<\/h3>\n<ul>\n<li><strong>Lauaplaat:<\/strong> Vastupidavast MDF-ist ja kvaliteetse musta vineeriga kaetud \u2013 stabiilne, lihtsalt hooldatav ja luksusliku v\u00e4limusega.<\/li>\n<li><strong>Lauajalad:<\/strong> Tugevast terasest, musta viimistlusega, tagades lauale kaasaegse v\u00e4limuse ja aastatepikkuse vastupidavuse.<\/li>\n<li><strong>Toolide kate:<\/strong> Kvaliteetne 100% PU (pol\u00fcuretaan), mis n\u00e4eb v\u00e4lja nagu samet, on luksuslik ja samal ajal lihtsalt puhastatav. Vertikaalsete \u00f5mblustega polster lisab mugavust ning maitsekust.<\/li>\n<li><strong>Toolide konstruktsioon:<\/strong> Painutatud vineerist karkass, pehme polster (fiiber, vaht) ning terasest jalad elegantselt kuldsete detailidega jala otstes.<\/li>\n<\/ul>\n<h3>M\u00f5\u00f5dud ning sobivus<\/h3>\n<ul>\n<li><strong>Laud:<\/strong> 180 \u00d7 90 \u00d7 75,5 cm (pikkus \u00d7 laius \u00d7 k\u00f5rgus)<\/li>\n<li><strong>Tool:<\/strong> 50 \u00d7 57 \u00d7 76,5 cm (laius \u00d7 s\u00fcgavus \u00d7 k\u00f5rgus)<\/li>\n<li><strong>Laua jalgade vahe:<\/strong> 68 cm (laiuses), 177 cm (pikkuses), pakkudes piisavalt jalaruumi ja mugavust istujatele.<\/li>\n<\/ul>\n<h3>Must s\u00f6\u00f6gilaua komplekt \u2013 Sinu eelised<\/h3>\n<ul>\n<li>Elegantne must viimistlus ja kuldsed detailid lisavad igale ruumile luksust.<\/li>\n<li>K\u00f5rgekvaliteedilised materjalid tagavad kestvuse ja lihtsa hoolduse.<\/li>\n<li>Komplekti kuuluvaid toole saab vajadusel juurde tellida.<\/li>\n<li>Sobilik nii suurele perele kui ka k\u00fclaliste v\u00f5\u00f5rustamiseks ning peoks.<\/li>\n<li>Lihtne kokkupanek; selged juhised kaasas.<\/li>\n<\/ul>\n<h3>Tehnilised andmed<\/h3>\n<ul>\n<li>Br\u00e4nd: Venture Home<\/li>\n<li>Mudelinumber: GR19974<\/li>\n<li>Perekond: Dipp, Velvet<\/li>\n<li>Materjalid: MDF, vineer, teras, painutatud vineer, fiiber, vaht, PU<\/li>\n<li>Tooli peamine materjal: PU (pol\u00fcuretaan)<\/li>\n<li>Laua peamine materjal: vineer<\/li>\n<li>V\u00e4rv: must laud, mustad toolid; toolijalgadel kuldsed detailid<\/li>\n<li>Komplektis: 1 laud ja 6 tooli<\/li>\n<li>Isetegemiseks \u2013 toode vajab kokkupanekut<\/li>\n<\/ul>\n<h3>Hooldusjuhised mustale s\u00f6\u00f6gilaua komplektile<\/h3>\n<ul>\n<li>Puhastada pindu pehme niiske lapiga.<\/li>\n<li>V\u00e4ltida abrasiivseid puhastusvahendeid ja liigset vett, et s\u00e4ilitada m\u00f6\u00f6bli v\u00e4ljan\u00e4gemine.<\/li>\n<li>PU-katet puhastada \u00f5rnatoimelise seebi v\u00f5i spetsiaalse m\u00f6\u00f6blipuhastusvahendiga.<\/li>\n<\/ul>\n<p>Dipp must s\u00f6\u00f6gilaua komplekt toob Sinu koju p\u00f5hjamaiselt puhta joone, luksusliku viimistluse ja maksimaalse mugavuse!<\/p>\n","protected":false},"excerpt":{"rendered":"<p>Dipp must s\u00f6\u00f6gilaua komplekt \u2013 stiilne ja praktiline valik kaasaegsesse koju Must s\u00f6\u00f6gilaua komplekt Dipp on nutikas lahendus igale kaasaegsele elu- v\u00f5i s\u00f6\u00f6gitoale, kus v\u00e4\u00e4rtustatakse nii esteetikat kui ka mugavust. Elegantses komplektis on suur ristk\u00fclikukujuline musta viimistlusega s\u00f6\u00f6gilaud ja kuus mugavat, sametise v\u00e4limusega tooli kuldsete detailidega. Komplekt on t\u00f5eline pilgup\u00fc\u00fcdja, mis sobib suurep\u00e4raselt p\u00f5hjamaise stiiliga [&hellip;]<\/p>\n","protected":false},"featured_media":202435,"comment_status":"open","ping_status":"closed","template":"","meta":[],"product_brand":[1818],"product_cat":[3228],"product_tag":[],"class_list":{"0":"post-202442","1":"product","2":"type-product","3":"status-publish","4":"has-post-thumbnail","6":"product_brand-venture-design","7":"product_cat-kandilised-soogilauakomplektid","8":"product_shipping_class-venture-design","9":"pa_kangas-poluuretaan","10":"pa_kollektsioon-dipp","11":"pa_kollektsioon-velvet","12":"pa_laua-korgus-75-5","13":"pa_laua-materjal-mdf","14":"pa_laua-materjal-metall","15":"pa_laua-materjal-spoon","16":"pa_laua-pikkus-3376","17":"pa_laua-sugavus-3375","18":"pa_laua-tasapinna-materjal-mdf","19":"pa_laua-tasapinna-materjal-spoon","20":"pa_laua-tasapinna-varvus-must","21":"pa_laua-varv-must","22":"pa_mootmed-laud-755x180x90-tool-57x765x50","23":"pa_tooli-materjal-painutatud-puit","24":"pa_tooli-materjal-poluuretaan","25":"pa_tooli-materjal-kiud","26":"pa_tooli-materjal-metall","27":"pa_tooli-materjal-vaht","28":"pa_tooli-varv-kuldne","29":"pa_tooli-varv-must","31":"first","32":"instock","33":"sale","34":"taxable","35":"shipping-taxable","36":"purchasable","37":"product-type-simple"},"_links":{"self":[{"href":"https:\/\/blankpage.ee\/_ruumist-ruumi\/wp-json\/wp\/v2\/product\/202442","targetHints":{"allow":["GET"]}}],"collection":[{"href":"https:\/\/blankpage.ee\/_ruumist-ruumi\/wp-json\/wp\/v2\/product"}],"about":[{"href":"https:\/\/blankpage.ee\/_ruumist-ruumi\/wp-json\/wp\/v2\/types\/product"}],"replies":[{"embeddable":true,"href":"https:\/\/blankpage.ee\/_ruumist-ruumi\/wp-json\/wp\/v2\/comments?post=202442"}],"wp:featuredmedia":[{"embeddable":true,"href":"https:\/\/blankpage.ee\/_ruumist-ruumi\/wp-json\/wp\/v2\/media\/202435"}],"wp:attachment":[{"href":"https:\/\/blankpage.ee\/_ruumist-ruumi\/wp-json\/wp\/v2\/media?parent=202442"}],"wp:term":[{"taxonomy":"product_brand","embeddable":true,"href":"https:\/\/blankpage.ee\/_ruumist-ruumi\/wp-json\/wp\/v2\/product_brand?post=202442"},{"taxonomy":"product_cat","embeddable":true,"href":"https:\/\/blankpage.ee\/_ruumist-ruumi\/wp-json\/wp\/v2\/product_cat?post=202442"},{"taxonomy":"product_tag","embeddable":true,"href":"https:\/\/blankpage.ee\/_ruumist-ruumi\/wp-json\/wp\/v2\/product_tag?post=202442"}],"curies":[{"name":"wp","href":"https:\/\/api.w.org\/{rel}","templated":true}]}}