{"id":204419,"date":"2025-05-14T02:31:36","date_gmt":"2025-05-14T02:31:36","guid":{"rendered":"https:\/\/ruumistruumi.ee\/pood\/ummarguse-marmorlauaplaadiga-soogilaud-estelle-ja-hallid-plasttoolid-comfort-4-tk-gr20495\/"},"modified":"2025-08-14T10:42:30","modified_gmt":"2025-08-14T10:42:30","slug":"ummarguse-marmorlauaplaadiga-soogilaud-estelle-ja-hallid-plasttoolid-comfort-4-tk-gr20495","status":"publish","type":"product","link":"https:\/\/blankpage.ee\/_ruumist-ruumi\/pood\/ummarguse-marmorlauaplaadiga-soogilaud-estelle-ja-hallid-plasttoolid-comfort-4-tk-gr20495\/","title":{"rendered":"\u00dcmmarguse marmorlauaplaadiga s\u00f6\u00f6gilaud Estelle ja hallid plasttoolid Comfort (4 tk), GR20495"},"content":{"rendered":"<h3>Estelle \u00fcmmarguse marmorlauaplaadiga s\u00f6\u00f6gilaud Comfort toolidega \u2013 moodne ja praktiline valik Sinu koju<\/h3>\n<p>Avasta p\u00f5hjamaise stiiliga Estelle \u00fcmmargune marmorlauaga s\u00f6\u00f6gilaud koos kaasaegsete Comfort sarja toolidega. See komplekt lisab ruumile minimalistlikku elegantsi ning pakub mugavust nii argi\u00f5htuteks kui pidulikeks koosviibimisteks.<\/p>\n<h3>Disain ja materjalid<\/h3>\n<ul>\n<li><strong>Lauaplaat:<\/strong> Tumehall naturaalne marmor \u2013 ainulaadse pinnamustriga ning vastupidav igap\u00e4evasele kasutusele.<\/li>\n<li><strong>Lauajalg:<\/strong> Vastupidav teras, pulberv\u00e4rvitud mustaks \u2013 tagab kindla stabiilsuse ja pika eluea.<\/li>\n<li><strong>Toolid:<\/strong> Hallist kvaliteetsest plastikust istmed, tugevad mustad terasjalad ning pehme vahut\u00e4idise ja 100% pol\u00fcesterkattega istmepadjad \u2013 mugavad ning kergesti hooldatavad.<\/li>\n<\/ul>\n<h3>Funktsionaalsus ja m\u00f5\u00f5dud<\/h3>\n<ul>\n<li><strong>Laua m\u00f5\u00f5dud:<\/strong> \u2300106 cm, k\u00f5rgus 75 cm \u2013 ideaalne kuni neljale inimesele, pakkudes k\u00f5igile mugavat istumisruumi \u00fcmber laua.<\/li>\n<li><strong>Tooli m\u00f5\u00f5dud:<\/strong> laius 60,5 cm, s\u00fcgavus 52 cm, k\u00f5rgus 79,5 cm \u2013 laiad ja kaasaegsed istmed tagavad tugeva toestuse ning mugavuse ka pikemate s\u00f6\u00f6gikordade ajal.<\/li>\n<\/ul>\n<h3>Stiilne t\u00e4iend sisekujundusse<\/h3>\n<p>Estelle \u00fcmmargune marmorlauaga s\u00f6\u00f6gilaud ja hallid Comfort toolid sobituvad suurep\u00e4raselt p\u00f5hjamaise minimalistliku interj\u00f6\u00f6riga. Ajatu tumehall laud koos hallide toolidega v\u00f5imaldab komplekti lihtsalt kombineerida erinevate sisekujunduslahendustega \u2013 olgu tegu avara k\u00f6\u00f6gi v\u00f5i modernse elutoaga.<\/p>\n<h3>Peamised eelised Sulle<\/h3>\n<ul>\n<li><strong>Kvaliteetsed materjalid<\/strong> \u2013 marmorist lauaplaat ja terasest konstruktsioonid tagavad vastupidavuse ja pika kasutusea.<\/li>\n<li><strong>Lihtne hooldus<\/strong> \u2013 plastiktoolid ja pol\u00fcesterkattega istmepadjad on kergesti puhastatavad, lauaplaat on niiskus- ja plekikindel.<\/li>\n<li><strong>Maksimaalne mugavus<\/strong> \u2013 pehmed padjad ja ergonoomiline disain loovad meeldiva s\u00f6\u00f6gielamuse igaks \u00f5htuks.<\/li>\n<li><strong>Praktilisus<\/strong> \u2013 \u00fcmmargune laud mahutab mugavalt neli inimest ja loob hubase atmosf\u00e4\u00e4ri.<\/li>\n<\/ul>\n<h3>Tehnilised andmed<\/h3>\n<ul>\n<li><strong>M\u00f5\u00f5dud:<\/strong> Laud \u2300106 x 75 cm; tool 60,5 x 52 x 79,5 cm<\/li>\n<li><strong>Lauaplaat:<\/strong> tumehall marmor<\/li>\n<li><strong>Lauajalg:<\/strong> must teras<\/li>\n<li><strong>Tool:<\/strong> plastikust korpus, terasest jalad, vahut\u00e4idis, 100% pol\u00fcesterkattega istmepadi<\/li>\n<li><strong>Br\u00e4nd:<\/strong> Venture Home<\/li>\n<li><strong>Tootekood:<\/strong> GR20495<\/li>\n<li><strong>Komplekt:<\/strong> \u00dcks laud ja neli tooli (toolid on saadaval ka \u00fcksikult, hind kehtib komplektile)<\/li>\n<li><strong>Kogukaal:<\/strong> 49,5 kg<\/li>\n<li><strong>V\u00e4rvus:<\/strong> tumehall, must, hall<\/li>\n<\/ul>\n<h3>Kokkuv\u00f5te<\/h3>\n<p>Estelle \u00fcmmargune marmorlauaga s\u00f6\u00f6gilaud Comfort toolidega on suurep\u00e4rane valik k\u00f5igile, kes hindavad kaasaegset minimalismi, kvaliteetseid materjale ja kasutusmugavust. R\u00f5huta oma kodu hubasust ning loo stiilne s\u00f6\u00f6ginurk, mis muudab iga hetke eriliseks.<\/p>\n<h3>Hooldussoovitused<\/h3>\n<p>Laua marmorpinda puhasta pehme lapi ja \u00f5rna neutraalse puhastusvahendiga. V\u00e4ldi happelisi ja karedaid aineid, mis v\u00f5ivad marmorit kahjustada. Plastiktoolid ja istmepadjad soovitame hooldada regulaarselt tolmuimeja v\u00f5i niiske lapiga, et s\u00e4iliks nende v\u00e4rskus ja kaunis v\u00e4limus.<\/p>\n","protected":false},"excerpt":{"rendered":"<p>Estelle \u00fcmmarguse marmorlauaplaadiga s\u00f6\u00f6gilaud Comfort toolidega \u2013 moodne ja praktiline valik Sinu koju Avasta p\u00f5hjamaise stiiliga Estelle \u00fcmmargune marmorlauaga s\u00f6\u00f6gilaud koos kaasaegsete Comfort sarja toolidega. See komplekt lisab ruumile minimalistlikku elegantsi ning pakub mugavust nii argi\u00f5htuteks kui pidulikeks koosviibimisteks. Disain ja materjalid Lauaplaat: Tumehall naturaalne marmor \u2013 ainulaadse pinnamustriga ning vastupidav igap\u00e4evasele kasutusele. Lauajalg: Vastupidav [&hellip;]<\/p>\n","protected":false},"featured_media":204413,"comment_status":"open","ping_status":"closed","template":"","meta":[],"product_brand":[1818],"product_cat":[3229],"product_tag":[],"class_list":{"0":"post-204419","1":"product","2":"type-product","3":"status-publish","4":"has-post-thumbnail","6":"product_brand-venture-design","7":"product_cat-ummargused-soogilauakomplektid","8":"product_shipping_class-venture-design","9":"pa_kangas-poluester","10":"pa_kollektsioon-comfort","11":"pa_kollektsioon-estelle","12":"pa_laua-diameeter-3543","13":"pa_laua-korgus-1190","14":"pa_laua-materjal-marmor","15":"pa_laua-materjal-metall","16":"pa_laua-tasapinna-materjal-marmor","17":"pa_laua-tasapinna-varvus-tumehall","18":"pa_laua-varv-must","19":"pa_laua-varv-tumehall","20":"pa_mootmed-laud-106-tool-52x795x605","21":"pa_tooli-materjal-plast","22":"pa_tooli-materjal-poluester","23":"pa_tooli-materjal-metall","24":"pa_tooli-materjal-vaht","25":"pa_tooli-varv-hall","26":"pa_tooli-varv-must","28":"first","29":"instock","30":"sale","31":"taxable","32":"shipping-taxable","33":"purchasable","34":"product-type-simple"},"_links":{"self":[{"href":"https:\/\/blankpage.ee\/_ruumist-ruumi\/wp-json\/wp\/v2\/product\/204419","targetHints":{"allow":["GET"]}}],"collection":[{"href":"https:\/\/blankpage.ee\/_ruumist-ruumi\/wp-json\/wp\/v2\/product"}],"about":[{"href":"https:\/\/blankpage.ee\/_ruumist-ruumi\/wp-json\/wp\/v2\/types\/product"}],"replies":[{"embeddable":true,"href":"https:\/\/blankpage.ee\/_ruumist-ruumi\/wp-json\/wp\/v2\/comments?post=204419"}],"wp:featuredmedia":[{"embeddable":true,"href":"https:\/\/blankpage.ee\/_ruumist-ruumi\/wp-json\/wp\/v2\/media\/204413"}],"wp:attachment":[{"href":"https:\/\/blankpage.ee\/_ruumist-ruumi\/wp-json\/wp\/v2\/media?parent=204419"}],"wp:term":[{"taxonomy":"product_brand","embeddable":true,"href":"https:\/\/blankpage.ee\/_ruumist-ruumi\/wp-json\/wp\/v2\/product_brand?post=204419"},{"taxonomy":"product_cat","embeddable":true,"href":"https:\/\/blankpage.ee\/_ruumist-ruumi\/wp-json\/wp\/v2\/product_cat?post=204419"},{"taxonomy":"product_tag","embeddable":true,"href":"https:\/\/blankpage.ee\/_ruumist-ruumi\/wp-json\/wp\/v2\/product_tag?post=204419"}],"curies":[{"name":"wp","href":"https:\/\/api.w.org\/{rel}","templated":true}]}}