{"id":21078,"date":"2024-12-05T12:30:15","date_gmt":"2024-12-05T12:30:15","guid":{"rendered":"https:\/\/ruumistruumi.ee\/pood\/pimendav-kardin-konksudega-samet-kreemjasvalge-290-x-245-cm\/"},"modified":"2025-08-21T02:17:15","modified_gmt":"2025-08-21T02:17:15","slug":"pimendav-kardin-konksudega-samet-kreemjasvalge-290-x-245-cm","status":"publish","type":"product","link":"https:\/\/blankpage.ee\/_ruumist-ruumi\/pood\/pimendav-kardin-konksudega-samet-kreemjasvalge-290-x-245-cm\/","title":{"rendered":"Pimendav kardin konksudega, samet, kreemjasvalge, 290 x 245 cm"},"content":{"rendered":"<p>Elegantne sametkardin n\u00e4eb suurep\u00e4rane v\u00e4lja nii elutoas, magamistoas, kontoris kui mujal. See pakub vajalikku privaatsust ja blokeeerib sissetuleva valguse. Sametkangas lisab sisustusele sooja \u00f5hustikku. T\u00e4nu metallist konksudele saab kardinat h\u00f5lpsalt kardinapuule riputada. Kardin on masinpestav. Pange t\u00e4hele, et kardinapuu ei kuulu komplekti.<\/p>\n<ul>\n<li>V\u00e4rvus: kreemjasvalge<\/li>\n<li>Suurus: 290 x 245 cm (L x K)<\/li>\n<li>Materjal: 100% pol\u00fcestersamet<\/li>\n<li>Metallist konksudega<\/li>\n<\/ul>\n","protected":false},"excerpt":{"rendered":"<p>Elegantne sametkardin n\u00e4eb suurep\u00e4rane v\u00e4lja nii elutoas, magamistoas, kontoris kui mujal. See pakub vajalikku privaatsust ja blokeeerib sissetuleva valguse. Sametkangas lisab sisustusele sooja \u00f5hustikku. T\u00e4nu metallist konksudele saab kardinat h\u00f5lpsalt kardinapuule riputada. Kardin on masinpestav. Pange t\u00e4hele, et kardinapuu ei kuulu komplekti. V\u00e4rvus: kreemjasvalge Suurus: 290 x 245 cm (L x K) Materjal: 100% pol\u00fcestersamet [&hellip;]<\/p>\n","protected":false},"featured_media":21079,"comment_status":"open","ping_status":"open","template":"","meta":[],"product_brand":[],"product_cat":[842],"product_tag":[],"class_list":{"0":"post-21078","1":"product","2":"type-product","3":"status-publish","4":"has-post-thumbnail","6":"product_cat-kardinad","7":"product_shipping_class-vidaxl","8":"pa_varv-kreemjas","10":"first","11":"outofstock","12":"sale","13":"taxable","14":"shipping-taxable","15":"purchasable","16":"product-type-simple"},"_links":{"self":[{"href":"https:\/\/blankpage.ee\/_ruumist-ruumi\/wp-json\/wp\/v2\/product\/21078","targetHints":{"allow":["GET"]}}],"collection":[{"href":"https:\/\/blankpage.ee\/_ruumist-ruumi\/wp-json\/wp\/v2\/product"}],"about":[{"href":"https:\/\/blankpage.ee\/_ruumist-ruumi\/wp-json\/wp\/v2\/types\/product"}],"replies":[{"embeddable":true,"href":"https:\/\/blankpage.ee\/_ruumist-ruumi\/wp-json\/wp\/v2\/comments?post=21078"}],"wp:featuredmedia":[{"embeddable":true,"href":"https:\/\/blankpage.ee\/_ruumist-ruumi\/wp-json\/wp\/v2\/media\/21079"}],"wp:attachment":[{"href":"https:\/\/blankpage.ee\/_ruumist-ruumi\/wp-json\/wp\/v2\/media?parent=21078"}],"wp:term":[{"taxonomy":"product_brand","embeddable":true,"href":"https:\/\/blankpage.ee\/_ruumist-ruumi\/wp-json\/wp\/v2\/product_brand?post=21078"},{"taxonomy":"product_cat","embeddable":true,"href":"https:\/\/blankpage.ee\/_ruumist-ruumi\/wp-json\/wp\/v2\/product_cat?post=21078"},{"taxonomy":"product_tag","embeddable":true,"href":"https:\/\/blankpage.ee\/_ruumist-ruumi\/wp-json\/wp\/v2\/product_tag?post=21078"}],"curies":[{"name":"wp","href":"https:\/\/api.w.org\/{rel}","templated":true}]}}