{"id":217505,"date":"2025-05-17T23:18:05","date_gmt":"2025-05-17T23:18:05","guid":{"rendered":"https:\/\/ruumistruumi.ee\/pood\/looduslikust-rotangist-rippvalgusti-stjarnvik-o45-cm-50054-010\/"},"modified":"2025-08-14T10:18:02","modified_gmt":"2025-08-14T10:18:02","slug":"looduslikust-rotangist-rippvalgusti-stjarnvik-o45-cm-50054-010","status":"publish","type":"product","link":"https:\/\/blankpage.ee\/_ruumist-ruumi\/pood\/looduslikust-rotangist-rippvalgusti-stjarnvik-o45-cm-50054-010\/","title":{"rendered":"Looduslikust rotangist rippvalgusti Stj\u00e4rnvik, \u00f845 cm, 50054-010"},"content":{"rendered":"<h3>Looduslik rotangist rippvalgusti Stj\u00e4rnvik \u2013 p\u00f5hjamaine valgusallikas igasse ruumi<\/h3>\n<p>Looduslik rotangist rippvalgusti Stj\u00e4rnvik on stiilne sisustuselement, mis lisab kodule p\u00f5hjamaist loomulikkust ja hubasust. Selle \u00fcmar, k\u00f5rgema keskosaga varju disain loob m\u00e4ngulise ja elegantse silueti, mis sobib suurep\u00e4raselt nii modernsetesse kui ka boheemlaslikesse interj\u00f6\u00f6ridesse.<\/p>\n<ul>\n<li><strong>M\u00f5\u00f5dud:<\/strong> k\u00f5rgus 18 cm, l\u00e4bim\u00f5\u00f5t 45 cm<\/li>\n<li><strong>Materjal:<\/strong> looduslik rotang, detailides PVC<\/li>\n<li><strong>V\u00e4rvus:<\/strong> naturaalne<\/li>\n<li><strong>Kaal:<\/strong> 0,5 kg<\/li>\n<li><strong>Tootja:<\/strong> Vind<\/li>\n<li><strong>Kategooria:<\/strong> rippvalgusti (siseruumidesse)<\/li>\n<li><strong>Komplektis lambivari:<\/strong> Jah<\/li>\n<\/ul>\n<p>K\u00e4sitsi punutud, looduslikust rotangist vari on vastupidav ja unikaalne. Rotang on kerge ning tugev materjal, mis loob soojalt m\u00f5juva atmosf\u00e4\u00e4ri. Iga looduslik rotangist rippvalgusti on oma mustritelt \u00fcks ja ainus ning pehme valgusega, mis hoolitseb meeldiva ja hubase \u00fcldmulje eest. T\u00e4nu tugevdusele PVC-ga on lamp stabiilne ja lihtne paigaldada.<\/p>\n<p>Looduslik rotangist rippvalgusti sobib ideaalselt s\u00f6\u00f6gilaua kohale, magamistuppa v\u00f5i elutuppa, tuues igasse ruumi isikup\u00e4ra ja loomuliku harmoonia. Neutraalne toon v\u00f5imaldab lambi kergesti kombineerida erinevate v\u00e4rvide ja materjalidega. Oman\u00e4oline kuju muudab selle efektseks pilgup\u00fc\u00fcdjaks igal pool sinu kodus.<\/p>\n<h3>Looduslik rotangist rippvalgusti hooldus<\/h3>\n<ul>\n<li>Hoia lamp kuivas ja puhtas siseruumis, v\u00e4ldi niiskust.<\/li>\n<li>Puhasta regulaarselt pehme ja kuiva lapiga.<\/li>\n<li>Kaks korda aastas soovitame rotangist kupli p\u00f5hjalikumalt puhastada leige seebiveega, seej\u00e4rel kuivata hoolikalt.<\/li>\n<li>Vedelikule sattudes p\u00fchi pind koheselt, et v\u00e4ltida tumedate laikude teket.<\/li>\n<li>Lambi pirni vahetades lase sellel esmalt jahtuda ning eemalda lamp vooluv\u00f5rgust.<\/li>\n<\/ul>\n<p>Looduslik rotangist rippvalgusti Stj\u00e4rnvik \u2013 lihtne ja stiilne v\u00f5imalus tuua oma koju naturaalne valgus ning p\u00f5hjamaine elegants.<\/p>\n","protected":false},"excerpt":{"rendered":"<p>Looduslik rotangist rippvalgusti Stj\u00e4rnvik \u2013 p\u00f5hjamaine valgusallikas igasse ruumi Looduslik rotangist rippvalgusti Stj\u00e4rnvik on stiilne sisustuselement, mis lisab kodule p\u00f5hjamaist loomulikkust ja hubasust. Selle \u00fcmar, k\u00f5rgema keskosaga varju disain loob m\u00e4ngulise ja elegantse silueti, mis sobib suurep\u00e4raselt nii modernsetesse kui ka boheemlaslikesse interj\u00f6\u00f6ridesse. M\u00f5\u00f5dud: k\u00f5rgus 18 cm, l\u00e4bim\u00f5\u00f5t 45 cm Materjal: looduslik rotang, detailides PVC [&hellip;]<\/p>\n","protected":false},"featured_media":217499,"comment_status":"open","ping_status":"closed","template":"","meta":[],"product_brand":[1818],"product_cat":[1630],"product_tag":[],"class_list":{"0":"post-217505","1":"product","2":"type-product","3":"status-publish","4":"has-post-thumbnail","6":"product_brand-venture-design","7":"product_cat-rippvalgustid","8":"product_shipping_class-venture-design","9":"pa_kollektsioon-stjarnvik","10":"pa_materjal-pvc","11":"pa_materjal-rotang","12":"pa_mootmed-45-x-18","13":"pa_varv-naturaalne","14":"pa_varv-valge","16":"first","17":"instock","18":"sale","19":"taxable","20":"shipping-taxable","21":"purchasable","22":"product-type-simple"},"_links":{"self":[{"href":"https:\/\/blankpage.ee\/_ruumist-ruumi\/wp-json\/wp\/v2\/product\/217505","targetHints":{"allow":["GET"]}}],"collection":[{"href":"https:\/\/blankpage.ee\/_ruumist-ruumi\/wp-json\/wp\/v2\/product"}],"about":[{"href":"https:\/\/blankpage.ee\/_ruumist-ruumi\/wp-json\/wp\/v2\/types\/product"}],"replies":[{"embeddable":true,"href":"https:\/\/blankpage.ee\/_ruumist-ruumi\/wp-json\/wp\/v2\/comments?post=217505"}],"wp:featuredmedia":[{"embeddable":true,"href":"https:\/\/blankpage.ee\/_ruumist-ruumi\/wp-json\/wp\/v2\/media\/217499"}],"wp:attachment":[{"href":"https:\/\/blankpage.ee\/_ruumist-ruumi\/wp-json\/wp\/v2\/media?parent=217505"}],"wp:term":[{"taxonomy":"product_brand","embeddable":true,"href":"https:\/\/blankpage.ee\/_ruumist-ruumi\/wp-json\/wp\/v2\/product_brand?post=217505"},{"taxonomy":"product_cat","embeddable":true,"href":"https:\/\/blankpage.ee\/_ruumist-ruumi\/wp-json\/wp\/v2\/product_cat?post=217505"},{"taxonomy":"product_tag","embeddable":true,"href":"https:\/\/blankpage.ee\/_ruumist-ruumi\/wp-json\/wp\/v2\/product_tag?post=217505"}],"curies":[{"name":"wp","href":"https:\/\/api.w.org\/{rel}","templated":true}]}}