{"id":21903,"date":"2024-12-05T13:51:26","date_gmt":"2024-12-05T13:51:26","guid":{"rendered":"https:\/\/ruumistruumi.ee\/pood\/pimendav-ruloo-120-x-230-cm-hall\/"},"modified":"2025-08-21T02:17:14","modified_gmt":"2025-08-21T02:17:14","slug":"pimendav-ruloo-120-x-230-cm-hall","status":"publish","type":"product","link":"https:\/\/blankpage.ee\/_ruumist-ruumi\/pood\/pimendav-ruloo-120-x-230-cm-hall\/","title":{"rendered":"Pimendav ruloo 120 x 230 cm hall"},"content":{"rendered":"<p>Pimendav ruloo on ideaalne lahendus 100% valguse v\u00e4hendamiseks. See muudab selle ideaalseks valikuks sissetuleva valguse blokeerimisel teie kodu v\u00f5i kontori igas toas. Ideaalne magamistoas! Ruloo tagak\u00fclg on kaetud termoplastilise h\u00f5bedase kihiga. See kiht mitte ainult ei blokeeri sissetulevat valgust, vaid selle soojusomadused hoiavad teie toa talvel soojemana ja suvel jahedamana.  T\u00e4nu komplektis olevatele tarvikutele on ruloosid lihtne paigaldada ja kasutada. Kinnitage ruloo seinale v\u00f5i lakke kaasasolevate kruvide ja t\u00fc\u00fcblitega v\u00f5i riputage rulood akna \u00fcla\u00e4\u00e4rest. Keti saab paigaldada kas vasakule v\u00f5i paremale k\u00fcljele. Pange t\u00e4hele, et antud suurus on kanga suurus. \u00dclemise toru laius, k.a. kinnitustarvikud, on 3 cm laiemad kui ruloo. Tarne sisaldab 1 x 120 cm PVC plastist alumist p\u00f5ikpuud, 1 x 120 cm \u00fclemine alumiiniumist toru, h\u00f5bedase peegeldava tagumise kattega 100% pol\u00fcesterruloo, 2 x klambrit, 2 x kinnituskonksu, 1 x plastist pallkett, 4 x kruvi ja 4 x t\u00fc\u00fcblit. HOIATUS: v\u00e4ikesed lapsed v\u00f5ivad ennast toote k\u00fcljes olevate rippn\u00f6\u00f6ri silmuste, kettide, lintide ja sisemiste n\u00f6\u00f6ridega puua. Hoidke n\u00f6\u00f6rid poomise ja sissem\u00e4ssimise v\u00e4ltimiseks lastele k\u00e4ttesaamatus kohas. N\u00f6\u00f6rid v\u00f5ivad haakuda \u00fcmber lapse kaela. Liigutage voodid, turvah\u00e4llid ja m\u00f6\u00f6bel aknakatte n\u00f6\u00f6ridest eemale. \u00c4rge siduge n\u00f6\u00f6re omavahel kokku. Veenduge, et n\u00f6\u00f6rid ei keerduks ega tekitaks silmust.<\/p>\n<ul>\n<li>Keti v\u00e4rvus: valge<\/li>\n<li>Ruloo v\u00e4rvus: hall<\/li>\n<li>Ruloo suurus: 120 x 230 cm (L x K) <\/li>\n<li>Keti pikkus: 180 cm <\/li>\n<li>Kanga materjal: 100% pol\u00fcester <\/li>\n<li>Metalltoru diameeter: 18 mm<\/li>\n<li>Riie: Pol\u00fcster: 100%<\/li>\n<\/ul>\n","protected":false},"excerpt":{"rendered":"<p>Pimendav ruloo on ideaalne lahendus 100% valguse v\u00e4hendamiseks. See muudab selle ideaalseks valikuks sissetuleva valguse blokeerimisel teie kodu v\u00f5i kontori igas toas. Ideaalne magamistoas! Ruloo tagak\u00fclg on kaetud termoplastilise h\u00f5bedase kihiga. See kiht mitte ainult ei blokeeri sissetulevat valgust, vaid selle soojusomadused hoiavad teie toa talvel soojemana ja suvel jahedamana. T\u00e4nu komplektis olevatele tarvikutele on [&hellip;]<\/p>\n","protected":false},"featured_media":21904,"comment_status":"open","ping_status":"open","template":"","meta":[],"product_brand":[],"product_cat":[851],"product_tag":[],"class_list":{"0":"post-21903","1":"product","2":"type-product","3":"status-publish","4":"has-post-thumbnail","6":"product_cat-rulood","7":"product_shipping_class-vidaxl","8":"pa_varv-hall","10":"first","11":"outofstock","12":"taxable","13":"shipping-taxable","14":"purchasable","15":"product-type-simple"},"_links":{"self":[{"href":"https:\/\/blankpage.ee\/_ruumist-ruumi\/wp-json\/wp\/v2\/product\/21903","targetHints":{"allow":["GET"]}}],"collection":[{"href":"https:\/\/blankpage.ee\/_ruumist-ruumi\/wp-json\/wp\/v2\/product"}],"about":[{"href":"https:\/\/blankpage.ee\/_ruumist-ruumi\/wp-json\/wp\/v2\/types\/product"}],"replies":[{"embeddable":true,"href":"https:\/\/blankpage.ee\/_ruumist-ruumi\/wp-json\/wp\/v2\/comments?post=21903"}],"wp:featuredmedia":[{"embeddable":true,"href":"https:\/\/blankpage.ee\/_ruumist-ruumi\/wp-json\/wp\/v2\/media\/21904"}],"wp:attachment":[{"href":"https:\/\/blankpage.ee\/_ruumist-ruumi\/wp-json\/wp\/v2\/media?parent=21903"}],"wp:term":[{"taxonomy":"product_brand","embeddable":true,"href":"https:\/\/blankpage.ee\/_ruumist-ruumi\/wp-json\/wp\/v2\/product_brand?post=21903"},{"taxonomy":"product_cat","embeddable":true,"href":"https:\/\/blankpage.ee\/_ruumist-ruumi\/wp-json\/wp\/v2\/product_cat?post=21903"},{"taxonomy":"product_tag","embeddable":true,"href":"https:\/\/blankpage.ee\/_ruumist-ruumi\/wp-json\/wp\/v2\/product_tag?post=21903"}],"curies":[{"name":"wp","href":"https:\/\/api.w.org\/{rel}","templated":true}]}}