{"id":21923,"date":"2024-12-05T13:51:26","date_gmt":"2024-12-05T13:51:26","guid":{"rendered":"https:\/\/ruumistruumi.ee\/pood\/triibuline-ruloo-120-x-230-cm-must\/"},"modified":"2025-08-21T02:17:14","modified_gmt":"2025-08-21T02:17:14","slug":"triibuline-ruloo-120-x-230-cm-must","status":"publish","type":"product","link":"https:\/\/blankpage.ee\/_ruumist-ruumi\/pood\/triibuline-ruloo-120-x-230-cm-must\/","title":{"rendered":"Triibuline ruloo 120 x 230 cm must"},"content":{"rendered":"<p>Elegantne ruloo on tark valik kaasaegsesse koju ning see on stiilseks alternatiiviks traditsioonilisele riba- v\u00f5i vertikaalsetele ruloodele.   Rulool vahelduvad l\u00e4bipaistmatu ja l\u00e4bipaistva riide triibud. Ruloo asendi muutmisega saate tagumise ja esimese kihi  \u00fchele joonele panna, et tekitada ainulaadset valguse filtreerimise efekti, mis sobib igasse kaasaegsesse kodusse.  Ruloo on 100% pol\u00fcestrist. Sellel on valge t\u00f5mbekett, mida on kerge paigaldada ja kasutada. \u00dclemise toru laius, k.a. kinnitustarvikud, on 3 cm laiemad kui ruloo. Tarne sisaldab 117 x 230 cm triibulise riidega 1 x 120 cm \u00fclemist alumiiniumtoru, 1 x 120 cm \u00fclemist toru, 1 x 120 cm alumist raskustoru, 2 x kinnituskonksu, 2 x kinnitust, 1 x ketihoidjat, 2 x tihendit ja 1 x pallketti.   HOIATUS: v\u00e4ikesed lapsed v\u00f5ivad ennast toote k\u00fcljes olevate rippn\u00f6\u00f6ri silmuste, kettide, lintide ja sisemiste n\u00f6\u00f6ridega puua. Hoidke n\u00f6\u00f6rid poomise ja sissem\u00e4ssimise v\u00e4ltimiseks  lastele k\u00e4ttesaamatus kohas. N\u00f6\u00f6rid v\u00f5ivad haakuda \u00fcmber lapse kaela. Liigutage voodid, turvah\u00e4llid ja m\u00f6\u00f6bel aknakatte n\u00f6\u00f6ridest eemale. \u00c4rge siduge n\u00f6\u00f6re omavahel kokku. Veenduge, et n\u00f6\u00f6rid ei keerduks ega tekitaks silmust.<\/p>\n<ul>\n<li>Ruloo suurus: 120 x 230 cm (t\u00e4helepanu: siin mainitud laiusena on m\u00f5eldud edaspidi \u00fclemise raami laiust, kangas on 3 cm kitsam kui \u00fclemine raam).<\/li>\n<li>Ruloo v\u00e4rvus: must<\/li>\n<li>Riide materjal: 100% pol\u00fcester<\/li>\n<li>Metalltoru diameeter: 18 mm<\/li>\n<li>Keti pikkus: 2 m <\/li>\n<li>Keti v\u00e4rvus: valge\n<\/li>\n<li>Kangas: 100% pol\u00fcester<\/li>\n<li>Riie: Pol\u00fcster: 100%<\/li>\n<\/ul>\n","protected":false},"excerpt":{"rendered":"<p>Elegantne ruloo on tark valik kaasaegsesse koju ning see on stiilseks alternatiiviks traditsioonilisele riba- v\u00f5i vertikaalsetele ruloodele. Rulool vahelduvad l\u00e4bipaistmatu ja l\u00e4bipaistva riide triibud. Ruloo asendi muutmisega saate tagumise ja esimese kihi \u00fchele joonele panna, et tekitada ainulaadset valguse filtreerimise efekti, mis sobib igasse kaasaegsesse kodusse. Ruloo on 100% pol\u00fcestrist. Sellel on valge t\u00f5mbekett, mida [&hellip;]<\/p>\n","protected":false},"featured_media":21924,"comment_status":"open","ping_status":"open","template":"","meta":[],"product_brand":[],"product_cat":[851],"product_tag":[],"class_list":{"0":"post-21923","1":"product","2":"type-product","3":"status-publish","4":"has-post-thumbnail","6":"product_cat-rulood","7":"product_shipping_class-vidaxl","8":"pa_varv-must","10":"first","11":"outofstock","12":"taxable","13":"shipping-taxable","14":"purchasable","15":"product-type-simple"},"_links":{"self":[{"href":"https:\/\/blankpage.ee\/_ruumist-ruumi\/wp-json\/wp\/v2\/product\/21923","targetHints":{"allow":["GET"]}}],"collection":[{"href":"https:\/\/blankpage.ee\/_ruumist-ruumi\/wp-json\/wp\/v2\/product"}],"about":[{"href":"https:\/\/blankpage.ee\/_ruumist-ruumi\/wp-json\/wp\/v2\/types\/product"}],"replies":[{"embeddable":true,"href":"https:\/\/blankpage.ee\/_ruumist-ruumi\/wp-json\/wp\/v2\/comments?post=21923"}],"wp:featuredmedia":[{"embeddable":true,"href":"https:\/\/blankpage.ee\/_ruumist-ruumi\/wp-json\/wp\/v2\/media\/21924"}],"wp:attachment":[{"href":"https:\/\/blankpage.ee\/_ruumist-ruumi\/wp-json\/wp\/v2\/media?parent=21923"}],"wp:term":[{"taxonomy":"product_brand","embeddable":true,"href":"https:\/\/blankpage.ee\/_ruumist-ruumi\/wp-json\/wp\/v2\/product_brand?post=21923"},{"taxonomy":"product_cat","embeddable":true,"href":"https:\/\/blankpage.ee\/_ruumist-ruumi\/wp-json\/wp\/v2\/product_cat?post=21923"},{"taxonomy":"product_tag","embeddable":true,"href":"https:\/\/blankpage.ee\/_ruumist-ruumi\/wp-json\/wp\/v2\/product_tag?post=21923"}],"curies":[{"name":"wp","href":"https:\/\/api.w.org\/{rel}","templated":true}]}}