{"id":222102,"date":"2025-05-18T19:12:28","date_gmt":"2025-05-18T19:12:28","guid":{"rendered":"https:\/\/ruumistruumi.ee\/pood\/beez-tugitool-nua-n31-11-elastne-sile-kangas\/"},"modified":"2025-08-22T10:03:20","modified_gmt":"2025-08-22T10:03:20","slug":"beez-tugitool-nua-n31-11-elastne-sile-kangas","status":"publish","type":"product","link":"https:\/\/blankpage.ee\/_ruumist-ruumi\/pood\/beez-tugitool-nua-n31-11-elastne-sile-kangas\/","title":{"rendered":"Bee\u017e tugitool Nua N31-11, elastne sile kangas"},"content":{"rendered":"<p>Nua N31-11 tugitool elutuppa. See julge ja ikooniline tugitool on inspireeritud orgaanilistest vormidest ja sf\u00e4\u00e4rilistest elementidest, tuues kaasaegse stiili ja ergonoomilise mugavuse teie eluruumi. Tugitooli komplekti kuulub \u00fcmar jalatugi, mille ainulaadsed ja \u00f5rnad kumerused loovad turvalise ja embava tunde.<\/p>\n<p>Tugitool on valmistatud elastsest ja siledast kangast, mis pakub nii vastupidavust kui ka esteetilist naudingut. Bee\u017ei ja punase kombinatsioon lisab ruumile soojust ja isikup\u00e4ra. Tugitooli m\u00f5\u00f5tmed on 76 cm lai, 68 cm s\u00fcgav ja 63 cm k\u00f5rge, kaaludes 40 kg. Jalatoe m\u00f5\u00f5tmed on 32 cm lai, 32 cm s\u00fcgav ja 32 cm k\u00f5rge, kaaludes 5 kg. Kangas on triibuline ja jalatugi on pallikujuline, mis lisab komplektile m\u00e4ngulisust ja d\u00fcnaamilisust.<\/p>\n<p>Omadused:<br \/>\n<strong>Materjal:<\/strong> Elastne ja sile kangas.<br \/>\n<strong>V\u00e4rv:<\/strong> Bee\u017e ja punane.<br \/>\n<strong>M\u00f5\u00f5tmed:<\/strong> Tugitool &#8211; laius 76 cm, s\u00fcgavus 68 cm, k\u00f5rgus 63 cm; Jalatoe &#8211; laius 32 cm, s\u00fcgavus 32 cm, k\u00f5rgus 32 cm.<br \/>\n<strong>T\u00e4iendavad detailid:<\/strong> Tkanina w pasy; Pallikujuline jalatugi.<br \/>\n<strong>Kokkupanek:<\/strong> Kokkupandud, ei vaja paigaldust. S\u00e4\u00e4stab aega ja vaeva.<\/p>\n<p>&nbsp;<\/p>\n","protected":false},"excerpt":{"rendered":"<p>Nua N31-11 tugitool elutuppa. See julge ja ikooniline tugitool on inspireeritud orgaanilistest vormidest ja sf\u00e4\u00e4rilistest elementidest, tuues kaasaegse stiili ja ergonoomilise mugavuse teie eluruumi. Tugitooli komplekti kuulub \u00fcmar jalatugi, mille ainulaadsed ja \u00f5rnad kumerused loovad turvalise ja embava tunde. Tugitool on valmistatud elastsest ja siledast kangast, mis pakub nii vastupidavust kui ka esteetilist naudingut. Bee\u017ei [&hellip;]<\/p>\n","protected":false},"featured_media":222103,"comment_status":"open","ping_status":"closed","template":"","meta":[],"product_brand":[],"product_cat":[424,3207],"product_tag":[],"class_list":{"0":"post-222102","1":"product","2":"type-product","3":"status-publish","4":"has-post-thumbnail","6":"product_cat-tugitoolid-ja-lounge-toolid","7":"product_cat-tugitoolid","8":"product_shipping_class-livin-hill","9":"pa_kollektsioon-nua","10":"pa_materjal-elastne","11":"pa_varv-beez","13":"first","14":"instock","15":"taxable","16":"shipping-taxable","17":"purchasable","18":"product-type-simple"},"_links":{"self":[{"href":"https:\/\/blankpage.ee\/_ruumist-ruumi\/wp-json\/wp\/v2\/product\/222102","targetHints":{"allow":["GET"]}}],"collection":[{"href":"https:\/\/blankpage.ee\/_ruumist-ruumi\/wp-json\/wp\/v2\/product"}],"about":[{"href":"https:\/\/blankpage.ee\/_ruumist-ruumi\/wp-json\/wp\/v2\/types\/product"}],"replies":[{"embeddable":true,"href":"https:\/\/blankpage.ee\/_ruumist-ruumi\/wp-json\/wp\/v2\/comments?post=222102"}],"wp:featuredmedia":[{"embeddable":true,"href":"https:\/\/blankpage.ee\/_ruumist-ruumi\/wp-json\/wp\/v2\/media\/222103"}],"wp:attachment":[{"href":"https:\/\/blankpage.ee\/_ruumist-ruumi\/wp-json\/wp\/v2\/media?parent=222102"}],"wp:term":[{"taxonomy":"product_brand","embeddable":true,"href":"https:\/\/blankpage.ee\/_ruumist-ruumi\/wp-json\/wp\/v2\/product_brand?post=222102"},{"taxonomy":"product_cat","embeddable":true,"href":"https:\/\/blankpage.ee\/_ruumist-ruumi\/wp-json\/wp\/v2\/product_cat?post=222102"},{"taxonomy":"product_tag","embeddable":true,"href":"https:\/\/blankpage.ee\/_ruumist-ruumi\/wp-json\/wp\/v2\/product_tag?post=222102"}],"curies":[{"name":"wp","href":"https:\/\/api.w.org\/{rel}","templated":true}]}}