{"id":222454,"date":"2025-05-18T19:39:39","date_gmt":"2025-05-18T19:39:39","guid":{"rendered":"https:\/\/ruumistruumi.ee\/pood\/kuldsete-jalgadega-kohvilaudade-komplekt-modig-m67-metallist\/"},"modified":"2025-08-22T10:03:13","modified_gmt":"2025-08-22T10:03:13","slug":"kuldsete-jalgadega-kohvilaudade-komplekt-modig-m67-metallist","status":"publish","type":"product","link":"https:\/\/blankpage.ee\/_ruumist-ruumi\/pood\/kuldsete-jalgadega-kohvilaudade-komplekt-modig-m67-metallist\/","title":{"rendered":"Kuldsete jalgadega kohvilaudade komplekt Modig M67, metallist"},"content":{"rendered":"<p>Modig M67 kohvilaudade komplekt elutuppa. See kaasaegne kohvilaudade komplekt koosneb kahest lauast, mille kuldne metallist alus lisab ruumile elegantset s\u00e4ra. Laudade \u00fcmarad pealsed on valmistatud sinters kivist, mille valge ja musta imitatsioonmarmor on kaunistatud unikaalsete soontega, pakkudes visuaalset huvi ja stiili igasse elutuppa.<\/p>\n<p>Omadused:<br \/>\n<strong>Materjal:<\/strong> Alus on valmistatud s\u00fcsinikterasest, pealsed sinters kivist.<br \/>\n<strong>V\u00e4rv:<\/strong> Kuldne alus, pealsed valge ja musta kombinatsiooniga.<br \/>\n<strong>M\u00f5\u00f5tmed:<\/strong> Suurema laua laius 80 cm, s\u00fcgavus 80 cm, k\u00f5rgus 45 cm; v\u00e4iksema laua laius 60 cm, s\u00fcgavus 60 cm, k\u00f5rgus 40 cm.<br \/>\n<strong>T\u00e4iendavad detailid:<\/strong> Suurem laud kaalub 19 kg, v\u00e4iksem laud 15 kg.<br \/>\n<strong>Kokkupanek:<\/strong> Osaliselt kokku pandud, ei vaja paigaldust. S\u00e4\u00e4stab aega ja vaeva.<\/p>\n<p>See Modig kollektsiooni kohvilaudade komplekt on ideaalne valik neile, kes hindavad kvaliteeti ja kaasaegset disaini, pakkudes samal ajal praktilist ja stiilset lahendust igap\u00e4evaseks kasutamiseks.<\/p>\n<p>&nbsp;<\/p>\n","protected":false},"excerpt":{"rendered":"<p>Modig M67 kohvilaudade komplekt elutuppa. See kaasaegne kohvilaudade komplekt koosneb kahest lauast, mille kuldne metallist alus lisab ruumile elegantset s\u00e4ra. Laudade \u00fcmarad pealsed on valmistatud sinters kivist, mille valge ja musta imitatsioonmarmor on kaunistatud unikaalsete soontega, pakkudes visuaalset huvi ja stiili igasse elutuppa. Omadused: Materjal: Alus on valmistatud s\u00fcsinikterasest, pealsed sinters kivist. V\u00e4rv: Kuldne alus, [&hellip;]<\/p>\n","protected":false},"featured_media":222455,"comment_status":"open","ping_status":"closed","template":"","meta":[],"product_brand":[],"product_cat":[118],"product_tag":[],"class_list":{"0":"post-222454","1":"product","2":"type-product","3":"status-publish","4":"has-post-thumbnail","6":"product_cat-diivanilauad","7":"product_shipping_class-livin-hill","8":"pa_kollektsioon-modig","9":"pa_materjal-susinikteras","10":"pa_varv-valge","12":"first","13":"instock","14":"taxable","15":"shipping-taxable","16":"purchasable","17":"product-type-simple"},"_links":{"self":[{"href":"https:\/\/blankpage.ee\/_ruumist-ruumi\/wp-json\/wp\/v2\/product\/222454","targetHints":{"allow":["GET"]}}],"collection":[{"href":"https:\/\/blankpage.ee\/_ruumist-ruumi\/wp-json\/wp\/v2\/product"}],"about":[{"href":"https:\/\/blankpage.ee\/_ruumist-ruumi\/wp-json\/wp\/v2\/types\/product"}],"replies":[{"embeddable":true,"href":"https:\/\/blankpage.ee\/_ruumist-ruumi\/wp-json\/wp\/v2\/comments?post=222454"}],"wp:featuredmedia":[{"embeddable":true,"href":"https:\/\/blankpage.ee\/_ruumist-ruumi\/wp-json\/wp\/v2\/media\/222455"}],"wp:attachment":[{"href":"https:\/\/blankpage.ee\/_ruumist-ruumi\/wp-json\/wp\/v2\/media?parent=222454"}],"wp:term":[{"taxonomy":"product_brand","embeddable":true,"href":"https:\/\/blankpage.ee\/_ruumist-ruumi\/wp-json\/wp\/v2\/product_brand?post=222454"},{"taxonomy":"product_cat","embeddable":true,"href":"https:\/\/blankpage.ee\/_ruumist-ruumi\/wp-json\/wp\/v2\/product_cat?post=222454"},{"taxonomy":"product_tag","embeddable":true,"href":"https:\/\/blankpage.ee\/_ruumist-ruumi\/wp-json\/wp\/v2\/product_tag?post=222454"}],"curies":[{"name":"wp","href":"https:\/\/api.w.org\/{rel}","templated":true}]}}