{"id":222568,"date":"2025-05-18T19:45:57","date_gmt":"2025-05-18T19:45:57","guid":{"rendered":"https:\/\/ruumistruumi.ee\/pood\/must-avola-av2330-26b-lauakomplekt-mangopuidust\/"},"modified":"2025-08-22T10:03:06","modified_gmt":"2025-08-22T10:03:06","slug":"must-avola-av2330-26b-lauakomplekt-mangopuidust","status":"publish","type":"product","link":"https:\/\/blankpage.ee\/_ruumist-ruumi\/pood\/must-avola-av2330-26b-lauakomplekt-mangopuidust\/","title":{"rendered":"Must Avola AV2330-26B lauakomplekt, mangopuidust"},"content":{"rendered":"<p>Avola AV2330-26B laudade komplekt elutuppa. See stiilne laudade komplekt koosneb kahest lauast, millel on kaunis naturaalne puidust pealispind. Mustast metallist ringikujuline alus lisab elegantsi ja vastupidavust, samas kui lauad saab h\u00f5lpsasti kokku panna, peites v\u00e4iksema laua suurema sisse.<\/p>\n<p>Omadused:<br \/>\n<strong>Materjal:<\/strong> Mangopuit ja metall.<br \/>\n<strong>V\u00e4rv:<\/strong> Must ja naturaalselt pleegitatud puidust pealispind.<br \/>\n<strong>M\u00f5\u00f5tmed:<\/strong> Suurema laua laius 76 cm, s\u00fcgavus 76 cm, k\u00f5rgus 48,5 cm. V\u00e4iksema laua laius 66 cm, s\u00fcgavus 66 cm, k\u00f5rgus 40,5 cm.<br \/>\n<strong>T\u00e4iendavad detailid:<\/strong> V\u00e4iksema laua aluse l\u00e4bim\u00f5\u00f5t 33 cm, sisek\u00f5rgus 38 cm; suurema laua aluse l\u00e4bim\u00f5\u00f5t 38 cm, sisek\u00f5rgus 46 cm. Eemaldatavad pealispinnad.<br \/>\n<strong>Kokkupanek:<\/strong> Kokkupandud, ei vaja paigaldust. S\u00e4\u00e4stab aega ja vaeva.<\/p>\n<p>See komplekt on ideaalne lahendus, kui otsid midagi praktilist ja samas stiilset oma elutuppa. Mangopuidust ja metallist kombinatsioon loob ajatu v\u00e4limuse, mis sobib suurep\u00e4raselt erinevatesse interj\u00f6\u00f6ridesse.<\/p>\n<p>&nbsp;<\/p>\n","protected":false},"excerpt":{"rendered":"<p>Avola AV2330-26B laudade komplekt elutuppa. See stiilne laudade komplekt koosneb kahest lauast, millel on kaunis naturaalne puidust pealispind. Mustast metallist ringikujuline alus lisab elegantsi ja vastupidavust, samas kui lauad saab h\u00f5lpsasti kokku panna, peites v\u00e4iksema laua suurema sisse. Omadused: Materjal: Mangopuit ja metall. V\u00e4rv: Must ja naturaalselt pleegitatud puidust pealispind. M\u00f5\u00f5tmed: Suurema laua laius 76 [&hellip;]<\/p>\n","protected":false},"featured_media":222569,"comment_status":"open","ping_status":"closed","template":"","meta":[],"product_brand":[],"product_cat":[145],"product_tag":[],"class_list":{"0":"post-222568","1":"product","2":"type-product","3":"status-publish","4":"has-post-thumbnail","6":"product_cat-lisalauad","7":"product_shipping_class-livin-hill","8":"pa_kollektsioon-avola","9":"pa_materjal-mango","10":"pa_varv-must","12":"first","13":"instock","14":"taxable","15":"shipping-taxable","16":"purchasable","17":"product-type-simple"},"_links":{"self":[{"href":"https:\/\/blankpage.ee\/_ruumist-ruumi\/wp-json\/wp\/v2\/product\/222568","targetHints":{"allow":["GET"]}}],"collection":[{"href":"https:\/\/blankpage.ee\/_ruumist-ruumi\/wp-json\/wp\/v2\/product"}],"about":[{"href":"https:\/\/blankpage.ee\/_ruumist-ruumi\/wp-json\/wp\/v2\/types\/product"}],"replies":[{"embeddable":true,"href":"https:\/\/blankpage.ee\/_ruumist-ruumi\/wp-json\/wp\/v2\/comments?post=222568"}],"wp:featuredmedia":[{"embeddable":true,"href":"https:\/\/blankpage.ee\/_ruumist-ruumi\/wp-json\/wp\/v2\/media\/222569"}],"wp:attachment":[{"href":"https:\/\/blankpage.ee\/_ruumist-ruumi\/wp-json\/wp\/v2\/media?parent=222568"}],"wp:term":[{"taxonomy":"product_brand","embeddable":true,"href":"https:\/\/blankpage.ee\/_ruumist-ruumi\/wp-json\/wp\/v2\/product_brand?post=222568"},{"taxonomy":"product_cat","embeddable":true,"href":"https:\/\/blankpage.ee\/_ruumist-ruumi\/wp-json\/wp\/v2\/product_cat?post=222568"},{"taxonomy":"product_tag","embeddable":true,"href":"https:\/\/blankpage.ee\/_ruumist-ruumi\/wp-json\/wp\/v2\/product_tag?post=222568"}],"curies":[{"name":"wp","href":"https:\/\/api.w.org\/{rel}","templated":true}]}}