{"id":222819,"date":"2025-05-18T20:17:54","date_gmt":"2025-05-18T20:17:54","guid":{"rendered":"https:\/\/ruumistruumi.ee\/pood\/barcelona-nurgadiivanikomplekt-aiakasutuseks-valge-alumiiniumraam-hallid-padjad-spraystone-lauaplaadiga-1029-400\/"},"modified":"2025-08-14T10:08:17","modified_gmt":"2025-08-14T10:08:17","slug":"barcelona-nurgadiivanikomplekt-aiakasutuseks-valge-alumiiniumraam-hallid-padjad-spraystone-lauaplaadiga-1029-400","status":"publish","type":"product","link":"https:\/\/blankpage.ee\/_ruumist-ruumi\/pood\/barcelona-nurgadiivanikomplekt-aiakasutuseks-valge-alumiiniumraam-hallid-padjad-spraystone-lauaplaadiga-1029-400\/","title":{"rendered":"Barcelona nurgadiivanikomplekt aiakasutuseks \u2013 valge alumiiniumraam, hallid padjad, spraystone lauaplaadiga, 1029-400"},"content":{"rendered":"<h3>Barcelona nurgadiivanikomplekt \u2013 kaasaegne valge aiadiivanikomplekt terrassile<\/h3>\n<p>Kaunista oma terrassi v\u00f5i aianurk Barcelona valge aiadiivanikomplektiga ja loo kutsuv ning stiilne kohtumispaik perele ja s\u00f5pradele. See p\u00f5hjamaise disainiga nurgadiivanikomplekt lisab igale \u00f5ueruumile elegantsi ning mugavust, muutes selle suurep\u00e4raseks valikuks meie kliimasse.<\/p>\n<h3>Kvaliteetsed materjalid ja vastupidav viimistlus<\/h3>\n<ul>\n<li><strong>Alumiiniumraam<\/strong> \u2013 kerge ja roostekindel valge raam peab h\u00e4sti vastu Eesti muutlikele ilmadele ning tagab diivanikomplekti pika eluea.<\/li>\n<li><strong>Spraystone-viimistlusega lauaplaat<\/strong> \u2013 kriimustuskindel ja ilmastikukindel pinnakate klaasalusel, mida on lihtne hooldada, p\u00fcsides kaua ilus.<\/li>\n<li><strong>Pehmed pol\u00fcestrist padjad<\/strong> \u2013 hallid, UV-kindlad istme- ja seljatoepadjad s\u00e4ilitavad vormi ning v\u00e4rskuse ka intensiivse kasutuse korral.<\/li>\n<\/ul>\n<h3>Funktsionaalne ja mugav valge aiadiivanikomplekt<\/h3>\n<ul>\n<li><strong>Nurgadiivan<\/strong> \u2013 m\u00f5\u00f5dud 279 x 216 x 65 cm (k\u00f5rgus 77 cm), istmepind 254 x 55 x 31 cm. Pakub rohkelt istekohti nii v\u00e4ikestele kui ka suurematele seltskondadele.<\/li>\n<li><strong>Laud<\/strong> \u2013 m\u00f5\u00f5dud 140 x 75 x 70 cm, lauaplaadi k\u00f5rgus 68 cm. Sobib nii pidup\u00e4eva l\u00f5unateks kui ka argisteks kohvihetkedeks \u00f5ues.<\/li>\n<li><strong>Komplektis paksud padjad<\/strong> \u2013 lisa mugavustund ning naudi hetki v\u00e4rskes \u00f5hus.<\/li>\n<li><strong>Lihtne paigaldada<\/strong> \u2013 komplekt on kiirelt ning h\u00f5lpsasti kokkupandav, et saaksid uue m\u00f6\u00f6bliga otsekohe suve nautida.<\/li>\n<\/ul>\n<h3>Tehnilised andmed<\/h3>\n<ul>\n<li>Diivan: 279 x 216 x 65 cm (k\u00f5rgus 77 cm)<\/li>\n<li>Laud: 140 x 75 x 70 cm, lauaplaadi k\u00f5rgus 68 cm<\/li>\n<li>Lauaplaat: spraystone-viimistlusega klaas<\/li>\n<li>Istmepadjad ja seljatoepadjad: 100% pol\u00fcester<\/li>\n<li>Komplekti v\u00e4rvus: valge raam, hallid padjad<\/li>\n<li>Br\u00e4nd: Venture Home, sari Barcelona<\/li>\n<li>Tootekood: 1029-400<\/li>\n<\/ul>\n<h3>Hooldusjuhised valgele aiadiivanikomplektile<\/h3>\n<ul>\n<li><strong>Alumiinium<\/strong>: Puhastage regulaarselt vee ja leebe seebiga, v\u00e4ltige tugevaid kemikaale. Mere l\u00e4heduses loputage sagedamini, et v\u00e4ltida soolade kogunemist.<\/li>\n<li><strong>Spraystone-lauaplaat<\/strong>: Kasutage puhastamiseks niisket lappi ja kerget pesuvahendit, kuivatage pind alati \u00fcle ning \u00e4rge j\u00e4tke pikaks ajaks m\u00e4rjaks. V\u00e4ltige kuumade esemete asetamist otse pinnale.<\/li>\n<li><strong>Pol\u00fcesterkangas<\/strong>: Kaitske otsese p\u00e4ikesevalguse eest, et v\u00e4hendada pleekimist. Vajadusel kasutage tekstiilikaitsevahendit ning puhastage plekid viivitamatult. Hoiustage padjad siseruumis v\u00f5i veekindlas padjakastis, kui neid ei kasutata.<\/li>\n<li><strong>Talvisel perioodil<\/strong>: Soovitatav hoiustada diivanikomplekt siseruumis v\u00f5i kasutada kvaliteetset kattekilet, et v\u00e4ltida mustust ning niiskust.<\/li>\n<\/ul>\n<p>Barcelona valge aiadiivanikomplekt muudab Sinu aianurga t\u00f5eliselt hubaseks. Investeeri kvaliteeti ja naudi kaunist ning mugavat \u00f5ueruumi kogu suve v\u00e4ltel!<\/p>\n","protected":false},"excerpt":{"rendered":"<p>Barcelona nurgadiivanikomplekt \u2013 kaasaegne valge aiadiivanikomplekt terrassile Kaunista oma terrassi v\u00f5i aianurk Barcelona valge aiadiivanikomplektiga ja loo kutsuv ning stiilne kohtumispaik perele ja s\u00f5pradele. See p\u00f5hjamaise disainiga nurgadiivanikomplekt lisab igale \u00f5ueruumile elegantsi ning mugavust, muutes selle suurep\u00e4raseks valikuks meie kliimasse. Kvaliteetsed materjalid ja vastupidav viimistlus Alumiiniumraam \u2013 kerge ja roostekindel valge raam peab h\u00e4sti vastu [&hellip;]<\/p>\n","protected":false},"featured_media":222809,"comment_status":"open","ping_status":"closed","template":"","meta":[],"product_brand":[1818],"product_cat":[1769],"product_tag":[],"class_list":{"0":"post-222819","1":"product","2":"type-product","3":"status-publish","4":"has-post-thumbnail","6":"product_brand-venture-design","7":"product_cat-nurgadiivani-komplektid-aeda","8":"product_shipping_class-venture-design","9":"pa_diivani-sofa-materjal-alumiinium","10":"pa_diivani-sofa-materjal-poluester","11":"pa_diivani-sofa-materjal-vaht","12":"pa_diivani-varv-hall","13":"pa_diivani-varv-valge","14":"pa_kangas-poluester","15":"pa_kollektsioon-barcelona","16":"pa_laua-korgus-4120","17":"pa_laua-materjal-alumiinium","18":"pa_laua-materjal-kivikate","19":"pa_laua-pikkus-1206","20":"pa_laua-sugavus-5611","21":"pa_laua-tasapinna-materjal-kivikate","22":"pa_laua-varv-hall","23":"pa_laua-varv-valge","24":"pa_mootmed-laud-korgus-69-pikkus-140-laius-75-diivan-sugavus-65-korgus-77-laius-279x216","26":"first","27":"instock","28":"sale","29":"taxable","30":"shipping-taxable","31":"purchasable","32":"product-type-simple"},"_links":{"self":[{"href":"https:\/\/blankpage.ee\/_ruumist-ruumi\/wp-json\/wp\/v2\/product\/222819","targetHints":{"allow":["GET"]}}],"collection":[{"href":"https:\/\/blankpage.ee\/_ruumist-ruumi\/wp-json\/wp\/v2\/product"}],"about":[{"href":"https:\/\/blankpage.ee\/_ruumist-ruumi\/wp-json\/wp\/v2\/types\/product"}],"replies":[{"embeddable":true,"href":"https:\/\/blankpage.ee\/_ruumist-ruumi\/wp-json\/wp\/v2\/comments?post=222819"}],"wp:featuredmedia":[{"embeddable":true,"href":"https:\/\/blankpage.ee\/_ruumist-ruumi\/wp-json\/wp\/v2\/media\/222809"}],"wp:attachment":[{"href":"https:\/\/blankpage.ee\/_ruumist-ruumi\/wp-json\/wp\/v2\/media?parent=222819"}],"wp:term":[{"taxonomy":"product_brand","embeddable":true,"href":"https:\/\/blankpage.ee\/_ruumist-ruumi\/wp-json\/wp\/v2\/product_brand?post=222819"},{"taxonomy":"product_cat","embeddable":true,"href":"https:\/\/blankpage.ee\/_ruumist-ruumi\/wp-json\/wp\/v2\/product_cat?post=222819"},{"taxonomy":"product_tag","embeddable":true,"href":"https:\/\/blankpage.ee\/_ruumist-ruumi\/wp-json\/wp\/v2\/product_tag?post=222819"}],"curies":[{"name":"wp","href":"https:\/\/api.w.org\/{rel}","templated":true}]}}