{"id":22304,"date":"2024-12-05T13:55:24","date_gmt":"2024-12-05T13:55:24","guid":{"rendered":"https:\/\/ruumistruumi.ee\/pood\/pimendav-ruloo-must-mk06\/"},"modified":"2025-08-21T02:17:14","modified_gmt":"2025-08-21T02:17:14","slug":"pimendav-ruloo-must-mk06","status":"publish","type":"product","link":"https:\/\/blankpage.ee\/_ruumist-ruumi\/pood\/pimendav-ruloo-must-mk06\/","title":{"rendered":"Pimendav ruloo, must, MK06"},"content":{"rendered":"<p>Velux aknas\u00fcsteemidele sobiv katuseakna pimendav ruloo sobib teie kodu v\u00f5i kontori igasse ruumi. Keskel asuva t\u00f5mbemehhanismi abil saab rulood reguleerida alt \u00fclespoole, et see vastaks teie vajadustele erinevatel aegadel ja hetkedel. Mustuskindlast pol\u00fcestrist valmistatud rulool on spetsiaalne soojust blokeeriv alumiiniumkate, seega saab see pimendav ruloo hoida talvel ruumis soojust ja peegeldada suvel p\u00e4ikesekuumust tagasi. Seda on lihtne kaasasolevate paigaldustarvikutega paigaldada. Pange t\u00e4hele, et toote suuruse kood peaks sobima sobima Velux akna tootekoodiga. Kust leida Velux tootekoodi? Leiate selle akna \u00fclaosast, vaadake suuruste juhendit piltidelt.<\/p>\n<ul>\n<li>V\u00e4rvus: must<\/li>\n<li>Materjal: pimendav kangas + alumiiniumraam<\/li>\n<li>\u00dchildub Veluxi suuruskoodiga: MK06<\/li>\n<li>Lihtne puhastada ja hooldada<\/li>\n<li>Kaasas paigaldustarvikud<\/li>\n<li>Riie: Pol\u00fcster: 100%<\/li>\n<\/ul>\n","protected":false},"excerpt":{"rendered":"<p>Velux aknas\u00fcsteemidele sobiv katuseakna pimendav ruloo sobib teie kodu v\u00f5i kontori igasse ruumi. Keskel asuva t\u00f5mbemehhanismi abil saab rulood reguleerida alt \u00fclespoole, et see vastaks teie vajadustele erinevatel aegadel ja hetkedel. Mustuskindlast pol\u00fcestrist valmistatud rulool on spetsiaalne soojust blokeeriv alumiiniumkate, seega saab see pimendav ruloo hoida talvel ruumis soojust ja peegeldada suvel p\u00e4ikesekuumust tagasi. Seda [&hellip;]<\/p>\n","protected":false},"featured_media":22305,"comment_status":"open","ping_status":"open","template":"","meta":[],"product_brand":[],"product_cat":[851],"product_tag":[],"class_list":{"0":"post-22304","1":"product","2":"type-product","3":"status-publish","4":"has-post-thumbnail","6":"product_cat-rulood","7":"product_shipping_class-vidaxl","8":"pa_varv-must","10":"first","11":"outofstock","12":"taxable","13":"shipping-taxable","14":"purchasable","15":"product-type-simple"},"_links":{"self":[{"href":"https:\/\/blankpage.ee\/_ruumist-ruumi\/wp-json\/wp\/v2\/product\/22304","targetHints":{"allow":["GET"]}}],"collection":[{"href":"https:\/\/blankpage.ee\/_ruumist-ruumi\/wp-json\/wp\/v2\/product"}],"about":[{"href":"https:\/\/blankpage.ee\/_ruumist-ruumi\/wp-json\/wp\/v2\/types\/product"}],"replies":[{"embeddable":true,"href":"https:\/\/blankpage.ee\/_ruumist-ruumi\/wp-json\/wp\/v2\/comments?post=22304"}],"wp:featuredmedia":[{"embeddable":true,"href":"https:\/\/blankpage.ee\/_ruumist-ruumi\/wp-json\/wp\/v2\/media\/22305"}],"wp:attachment":[{"href":"https:\/\/blankpage.ee\/_ruumist-ruumi\/wp-json\/wp\/v2\/media?parent=22304"}],"wp:term":[{"taxonomy":"product_brand","embeddable":true,"href":"https:\/\/blankpage.ee\/_ruumist-ruumi\/wp-json\/wp\/v2\/product_brand?post=22304"},{"taxonomy":"product_cat","embeddable":true,"href":"https:\/\/blankpage.ee\/_ruumist-ruumi\/wp-json\/wp\/v2\/product_cat?post=22304"},{"taxonomy":"product_tag","embeddable":true,"href":"https:\/\/blankpage.ee\/_ruumist-ruumi\/wp-json\/wp\/v2\/product_tag?post=22304"}],"curies":[{"name":"wp","href":"https:\/\/api.w.org\/{rel}","templated":true}]}}