{"id":225986,"date":"2025-05-19T09:57:32","date_gmt":"2025-05-19T09:57:32","guid":{"rendered":"https:\/\/ruumistruumi.ee\/pood\/helehall-sametist-soogitool-velvet-deluxe-mustade-metalljalgadega-19935-885\/"},"modified":"2025-08-21T00:34:13","modified_gmt":"2025-08-21T00:34:13","slug":"helehall-sametist-soogitool-velvet-deluxe-mustade-metalljalgadega-19935-885","status":"publish","type":"product","link":"https:\/\/blankpage.ee\/_ruumist-ruumi\/pood\/helehall-sametist-soogitool-velvet-deluxe-mustade-metalljalgadega-19935-885\/","title":{"rendered":"Helehall sametist s\u00f6\u00f6gitool Velvet Deluxe mustade metalljalgadega, 19935-885"},"content":{"rendered":"<h3>Helehall sametist s\u00f6\u00f6gitool Velvet Deluxe mustade metalljalgadega \u2013 elegantne valik p\u00f5hjamaise kodu jaoks<\/h3>\n<p>Loo oma s\u00f6\u00f6gituppa v\u00f5i elutuppa muljetavaldav fookuspunkt Velvet Deluxe s\u00f6\u00f6gitooliga. See Venture Home&#8217;i m\u00f6\u00f6blisari \u00fchendab ajatult modernse disaini ja k\u00f5rge kasutusmugavuse, sobitudes suurep\u00e4raselt nii klassikalisse kui ka kaasaegsesse interj\u00f6\u00f6ri. Kvaliteetsed materjalid ning viimistletud detailid teevad sellest toolist v\u00e4\u00e4rt valiku neile, kes hindavad nii esteetikat kui ka vastupidavust.<\/p>\n<ul>\n<li><strong>Disain:<\/strong> T\u00e4ielikult polsterdatud helehall sametist s\u00f6\u00f6gitool, millele lisavad luksuslikku ilmet n\u00f6\u00f6pdetailid ja dekoratiivsed \u00f5mblused seljatoel. Hoolikalt l\u00e4bim\u00f5eldud disain loob hubase atmosf\u00e4\u00e4ri.<\/li>\n<li><strong>M\u00f5\u00f5tmed:<\/strong> K\u00f5rgus 89 cm, laius 50 cm, s\u00fcgavus 66 cm. Istumisk\u00f5rgus 49 cm ja istmes\u00fcgavus 49 cm tagavad mugava ning toetava istumisasendi.<\/li>\n<li><strong>Mugavus:<\/strong> Pehmelt polsterdatud iste ja seljatugi pakuvad suurep\u00e4rast istumismugavust ka pikemate s\u00f6\u00f6gikordade v\u00f5i koosviibimiste ajal.<\/li>\n<li><strong>Materjalid:<\/strong>\n<ul>\n<li><strong>Iste ja seljatugi:<\/strong> Kvaliteetne 100% pol\u00fcestersamet, sile ja meeldiv puudutusele.<\/li>\n<li><strong>Sisestruktuur:<\/strong> Vastupidav vineer ja pehme vahtpolster, mis tagavad stabiilsuse ja pika kasutusea.<\/li>\n<li><strong>Jalad:<\/strong> Mustad pulberv\u00e4rvitud metalljalad, mis toetavad kuni 150 kg ning loovad modernse ja kindla mulje.<\/li>\n<\/ul>\n<\/li>\n<li><strong>V\u00e4rvitoon:<\/strong> Tooli polsterdus on helehall, jalad mustad \u2013 sobitub h\u00f5lpsalt erinevate sisustusstiilidega.<\/li>\n<li><strong>Lihtne hooldus:<\/strong> Tugevate ja kestvate materjalide t\u00f5ttu on tooli lihtne hooldada ning igap\u00e4evaselt puhtana hoida.<\/li>\n<li><strong>Kokku monteeritav:<\/strong> Tool vajab kerget kokkupanekut (kaasas juhised). Paigaldamine on kiire ja lihtne.<\/li>\n<li><strong>Kaal:<\/strong> Netokaal 7,2 kg.<\/li>\n<\/ul>\n<h3>Tehnilised andmed \u2013 helehall sametist s\u00f6\u00f6gitool<\/h3>\n<ul>\n<li>Maksimaalne kandev\u00f5ime: 150 kg<\/li>\n<li>M\u00f5\u00f5dud: 89 \u00d7 50 \u00d7 66 cm (K \u00d7 L \u00d7 S)<\/li>\n<li>Materjal: pol\u00fcestersamet, vineer, teras<\/li>\n<li>V\u00e4rv: helehall (iste ja seljatugi), must (jalad)<\/li>\n<li>Kogukaal: 7,2 kg<\/li>\n<li>Tootekood (SKU): 19935-885<\/li>\n<li>Br\u00e4nd: Venture Home<\/li>\n<\/ul>\n<h3>Hooldussoovitused \u2013 helehall sametist s\u00f6\u00f6gitool<\/h3>\n<ul>\n<li><strong>Metalljalad:<\/strong> Kaitske pulberv\u00e4rvitud jalgu kahjustuste eest \u2013 kate hoiab \u00e4ra rooste tekkimise. Puhastamiseks piisab niiskest seebiveest ja pehmest lapist. V\u00e4ltige lahustite kasutamist.<\/li>\n<li><strong>Sametkangas:<\/strong> V\u00e4ltige otsest p\u00e4ikesevalgust, et kangas ei tuhmuks. Regulaarseks hoolduseks eemaldage tolmu pehme harja v\u00f5i riiderulliga. Survej\u00e4lgede eemaldamiseks kasutage auru (aurutriikraud v\u00f5i auruti). Enne kasutamist soovitatav katta kangas tekstiilikaitsevahendiga, mis muudab mustuse eemaldamise h\u00f5lpsamaks.<\/li>\n<li><strong>Plekkide eemaldamine:<\/strong> Tegutsege kiiresti \u2013 plekki ei tohi h\u00f5\u00f5ruda, vaid tupsutada. Vajadusel kasutada sobilikku kangapuhastusvahendit, proovides esmalt varjatud kohas. Suuremate pindade jaoks soovitatav vahtpesu v\u00e4hemalt kolm korda aastas.<\/li>\n<\/ul>\n<p>Velvet Deluxe helehall sametist s\u00f6\u00f6gitool on suurep\u00e4rane valik, kui soovid oma kodu muuta stiilsemaks ja mugavamaks. Selle mudeli modernne disain, kvaliteetsed materjalid ning funktsionaalsed detailid teevad igast s\u00f6\u00f6maajast erilise elamuse.<\/p>\n","protected":false},"excerpt":{"rendered":"<p>Helehall sametist s\u00f6\u00f6gitool Velvet Deluxe mustade metalljalgadega \u2013 elegantne valik p\u00f5hjamaise kodu jaoks Loo oma s\u00f6\u00f6gituppa v\u00f5i elutuppa muljetavaldav fookuspunkt Velvet Deluxe s\u00f6\u00f6gitooliga. See Venture Home&#8217;i m\u00f6\u00f6blisari \u00fchendab ajatult modernse disaini ja k\u00f5rge kasutusmugavuse, sobitudes suurep\u00e4raselt nii klassikalisse kui ka kaasaegsesse interj\u00f6\u00f6ri. Kvaliteetsed materjalid ning viimistletud detailid teevad sellest toolist v\u00e4\u00e4rt valiku neile, kes hindavad [&hellip;]<\/p>\n","protected":false},"featured_media":225980,"comment_status":"open","ping_status":"closed","template":"","meta":[],"product_brand":[1818],"product_cat":[108],"product_tag":[],"class_list":{"0":"post-225986","1":"product","2":"type-product","3":"status-publish","4":"has-post-thumbnail","6":"product_brand-venture-design","7":"product_cat-soogitoolid","8":"product_shipping_class-venture-design","9":"pa_istme-materjal-poluester-samet","10":"pa_istme-materjal-vineer","11":"pa_istme-materjal-vaht","12":"pa_istme-varvus-helehall","13":"pa_jalgade-materjal-metall","14":"pa_jalgade-varv-must","15":"pa_kangas-poluester-samet","16":"pa_kollektsioon-velvet-deluxe","17":"pa_materjal-poluester-samet","18":"pa_materjal-vaht","19":"pa_materjal-vineer","20":"pa_materjal-metall","21":"pa_mootmed-66-x-50-x-885","22":"pa_varv-must","24":"first","25":"outofstock","26":"sale","27":"taxable","28":"shipping-taxable","29":"purchasable","30":"product-type-simple"},"_links":{"self":[{"href":"https:\/\/blankpage.ee\/_ruumist-ruumi\/wp-json\/wp\/v2\/product\/225986","targetHints":{"allow":["GET"]}}],"collection":[{"href":"https:\/\/blankpage.ee\/_ruumist-ruumi\/wp-json\/wp\/v2\/product"}],"about":[{"href":"https:\/\/blankpage.ee\/_ruumist-ruumi\/wp-json\/wp\/v2\/types\/product"}],"replies":[{"embeddable":true,"href":"https:\/\/blankpage.ee\/_ruumist-ruumi\/wp-json\/wp\/v2\/comments?post=225986"}],"wp:featuredmedia":[{"embeddable":true,"href":"https:\/\/blankpage.ee\/_ruumist-ruumi\/wp-json\/wp\/v2\/media\/225980"}],"wp:attachment":[{"href":"https:\/\/blankpage.ee\/_ruumist-ruumi\/wp-json\/wp\/v2\/media?parent=225986"}],"wp:term":[{"taxonomy":"product_brand","embeddable":true,"href":"https:\/\/blankpage.ee\/_ruumist-ruumi\/wp-json\/wp\/v2\/product_brand?post=225986"},{"taxonomy":"product_cat","embeddable":true,"href":"https:\/\/blankpage.ee\/_ruumist-ruumi\/wp-json\/wp\/v2\/product_cat?post=225986"},{"taxonomy":"product_tag","embeddable":true,"href":"https:\/\/blankpage.ee\/_ruumist-ruumi\/wp-json\/wp\/v2\/product_tag?post=225986"}],"curies":[{"name":"wp","href":"https:\/\/api.w.org\/{rel}","templated":true}]}}