{"id":226266,"date":"2025-05-19T10:44:31","date_gmt":"2025-05-19T10:44:31","guid":{"rendered":"https:\/\/ruumistruumi.ee\/pood\/rohelise-sametkattega-soogitool-velvet-deluxe-kuldsete-terasjalgadega-19935-764\/"},"modified":"2025-08-18T18:57:41","modified_gmt":"2025-08-18T18:57:41","slug":"rohelise-sametkattega-soogitool-velvet-deluxe-kuldsete-terasjalgadega-19935-764","status":"publish","type":"product","link":"https:\/\/blankpage.ee\/_ruumist-ruumi\/pood\/rohelise-sametkattega-soogitool-velvet-deluxe-kuldsete-terasjalgadega-19935-764\/","title":{"rendered":"Rohelise sametkattega s\u00f6\u00f6gitool Velvet Deluxe kuldsete terasjalgadega, 19935-764"},"content":{"rendered":"<h3>Velvet Deluxe s\u00f6\u00f6gitool \u2013 luksuslik mugavus ja p\u00f5hjamaine stiil Teie koju<\/h3>\n<p>Lisage oma koju v\u00e4ljapeetud atmosf\u00e4\u00e4ri Velvet Deluxe sarja metsarohelise sametkattega s\u00f6\u00f6gitooliga. See roheline samet s\u00f6\u00f6gitool \u00fchendab p\u00f5hjamaise elegantsi, pehmuse, vastupidavuse ja eksklusiivse disaini, sobitudes suurep\u00e4raselt nii kaasaegsesse kui ka klassikalisse interj\u00f6\u00f6ri.<\/p>\n<ul>\n<li><strong>Pehme polsterdus istmel ja seljatoel koos dekoratiivn\u00f6\u00f6pidega<\/strong> tagab erakordse istumismugavuse ning silmapaistva v\u00e4limuse.<\/li>\n<li><strong>Kvaliteetne sametkangas (100% pol\u00fcester)<\/strong> annab toolile luksusliku pehmuse ning v\u00f5imaldab kanga toonide m\u00e4ngulisust \u2013 iga roheline samet s\u00f6\u00f6gitool on ainulaadne.<\/li>\n<li><strong>Kuldses toonis, pulberv\u00e4rvitud terasest jalad<\/strong> loovad tugeva ja ajatu raami, lisades samas \u00f5hulist luksust ning tagades suure stabiilsuse (kandev\u00f5ime kuni 150 kg).<\/li>\n<li><strong>Vineerist istep\u00f5hi ja tihe sametkate<\/strong> tagavad tooli vastupidavuse igap\u00e4evases kasutuses.<\/li>\n<\/ul>\n<h3>Roheline samet s\u00f6\u00f6gitool \u2013 pilkup\u00fc\u00fcdev disainelement<\/h3>\n<p>Velvet Deluxe s\u00f6\u00f6gitool sobib suurep\u00e4raselt s\u00f6\u00f6gi- v\u00f5i elutuppa, olles h\u00f5lpsasti kombineeritav erinevate laudade ja sisustusstiilidega. Roheline samet ja kuldsed jalad loovad trendika v\u00e4ljenduse, mis toob Teie koju stiilset aktsenti. Mugavalt \u00fcmar seljatugi ja avar iste pakuvad nii ergonoomilist tuge kui ka nauditavat istumiskogemust.<\/p>\n<ul>\n<li>M\u00f5\u00f5tmed: laius 50 cm, s\u00fcgavus 66 cm, k\u00f5rgus 89 cm<\/li>\n<li>Istme laius 50 cm, istme s\u00fcgavus 49 cm, istme k\u00f5rgus 49 cm<\/li>\n<li>Kaal: 7,2 kg<\/li>\n<li>Kandev\u00f5ime: kuni 150 kg<\/li>\n<li>Tootja: Venture Home<\/li>\n<\/ul>\n<p>Roheline samet s\u00f6\u00f6gitool tarnitakse detailidena, kokkupanek on lihtne ja juhendiga kaasas.<\/p>\n<h3>Materjalid ja hooldusjuhised<\/h3>\n<ul>\n<li><strong>Kangas:<\/strong> 100% pol\u00fcester samet \u2013 pehme, vastupidav ning valguse k\u00e4es toonides muutuv. Kaitske kangast otsese p\u00e4ikese valguse eest, v\u00e4ltimaks pleekimist. Tolmu eemaldamiseks kasutage pehmet harja v\u00f5i riiderulli. Survej\u00e4lgede silumiseks sobib auru kasutamine (triikraua aurufunktsioon v\u00f5i r\u00f5ivaste auruti).<\/li>\n<li><strong>Jalad:<\/strong> Pulberv\u00e4rvitud teras \u2013 puhastage pehme lapi ja leige seebiveega, seej\u00e4rel kuivatage. V\u00e4ltige liigset vett ja kemikaale, mis v\u00f5ivad kahjustada pinda v\u00f5i p\u00f5hjustada roostetamist.<\/li>\n<\/ul>\n<h3>Kuidas s\u00e4ilitada rohelise samet s\u00f6\u00f6gitooli laitmatu v\u00e4limus?<\/h3>\n<ul>\n<li>Kaitske tooli liigse niiskuse, tugeva p\u00e4ikesevalguse ja agressiivsete puhastusvahendite eest.<\/li>\n<li>Enne kasutusele v\u00f5ttu soovitame samet- ja veluurkangaid t\u00f6\u00f6delda spetsiaalse tekstiilikaitsevahendiga, mis muudab plekkide eemaldamise lihtsamaks ja pikendab kanga eluiga.<\/li>\n<li>Eemaldage plekid viivitamata \u2013 tupsutage \u00f5rnalt, \u00e4rge h\u00f5\u00f5ruge. Vajadusel katsetage puhastusvahendit k\u00f5igepealt varjatud alal.<\/li>\n<li>Suurte pindade hoolduseks on soovitatav kasutada vahu- v\u00f5i tekstiilipesu v\u00e4hemalt kolm korda aastas.<\/li>\n<\/ul>\n<p>Velvet Deluxe roheline samet s\u00f6\u00f6gitool \u2013 ideaalne valik iga s\u00f6\u00f6gitoa v\u00f5i elutoa sisustamiseks, tuues interj\u00f6\u00f6ri luksust, hubasust ja praktilist mugavust.<\/p>\n","protected":false},"excerpt":{"rendered":"<p>Velvet Deluxe s\u00f6\u00f6gitool \u2013 luksuslik mugavus ja p\u00f5hjamaine stiil Teie koju Lisage oma koju v\u00e4ljapeetud atmosf\u00e4\u00e4ri Velvet Deluxe sarja metsarohelise sametkattega s\u00f6\u00f6gitooliga. See roheline samet s\u00f6\u00f6gitool \u00fchendab p\u00f5hjamaise elegantsi, pehmuse, vastupidavuse ja eksklusiivse disaini, sobitudes suurep\u00e4raselt nii kaasaegsesse kui ka klassikalisse interj\u00f6\u00f6ri. Pehme polsterdus istmel ja seljatoel koos dekoratiivn\u00f6\u00f6pidega tagab erakordse istumismugavuse ning silmapaistva v\u00e4limuse. [&hellip;]<\/p>\n","protected":false},"featured_media":226260,"comment_status":"open","ping_status":"closed","template":"","meta":[],"product_brand":[1818],"product_cat":[108],"product_tag":[],"class_list":{"0":"post-226266","1":"product","2":"type-product","3":"status-publish","4":"has-post-thumbnail","6":"product_brand-venture-design","7":"product_cat-soogitoolid","8":"product_shipping_class-venture-design","9":"pa_istme-materjal-poluester-samet","10":"pa_istme-materjal-vineer","11":"pa_istme-materjal-vaht","12":"pa_istme-varvus-roheline","13":"pa_jalgade-materjal-metall","14":"pa_jalgade-varv-kuldne","15":"pa_kangas-poluester-samet","16":"pa_kollektsioon-velvet-deluxe","17":"pa_materjal-poluester-samet","18":"pa_materjal-vaht","19":"pa_materjal-vineer","20":"pa_materjal-metall","21":"pa_mootmed-66-x-50-x-885","22":"pa_varv-kuldne","23":"pa_varv-roheline","25":"first","26":"instock","27":"sale","28":"taxable","29":"shipping-taxable","30":"purchasable","31":"product-type-simple"},"_links":{"self":[{"href":"https:\/\/blankpage.ee\/_ruumist-ruumi\/wp-json\/wp\/v2\/product\/226266","targetHints":{"allow":["GET"]}}],"collection":[{"href":"https:\/\/blankpage.ee\/_ruumist-ruumi\/wp-json\/wp\/v2\/product"}],"about":[{"href":"https:\/\/blankpage.ee\/_ruumist-ruumi\/wp-json\/wp\/v2\/types\/product"}],"replies":[{"embeddable":true,"href":"https:\/\/blankpage.ee\/_ruumist-ruumi\/wp-json\/wp\/v2\/comments?post=226266"}],"wp:featuredmedia":[{"embeddable":true,"href":"https:\/\/blankpage.ee\/_ruumist-ruumi\/wp-json\/wp\/v2\/media\/226260"}],"wp:attachment":[{"href":"https:\/\/blankpage.ee\/_ruumist-ruumi\/wp-json\/wp\/v2\/media?parent=226266"}],"wp:term":[{"taxonomy":"product_brand","embeddable":true,"href":"https:\/\/blankpage.ee\/_ruumist-ruumi\/wp-json\/wp\/v2\/product_brand?post=226266"},{"taxonomy":"product_cat","embeddable":true,"href":"https:\/\/blankpage.ee\/_ruumist-ruumi\/wp-json\/wp\/v2\/product_cat?post=226266"},{"taxonomy":"product_tag","embeddable":true,"href":"https:\/\/blankpage.ee\/_ruumist-ruumi\/wp-json\/wp\/v2\/product_tag?post=226266"}],"curies":[{"name":"wp","href":"https:\/\/api.w.org\/{rel}","templated":true}]}}