{"id":228829,"date":"2025-05-19T23:06:04","date_gmt":"2025-05-19T23:06:04","guid":{"rendered":"https:\/\/ruumistruumi.ee\/pood\/beezist-sametist-chesterfield-stiilis-3-kohaline-diivan-tumedate-puidust-jalgadega-19936-980\/"},"modified":"2025-08-14T09:57:21","modified_gmt":"2025-08-14T09:57:21","slug":"beezist-sametist-chesterfield-stiilis-3-kohaline-diivan-tumedate-puidust-jalgadega-19936-980","status":"publish","type":"product","link":"https:\/\/blankpage.ee\/_ruumist-ruumi\/pood\/beezist-sametist-chesterfield-stiilis-3-kohaline-diivan-tumedate-puidust-jalgadega-19936-980\/","title":{"rendered":"Bee\u017eist sametist Chesterfield-stiilis 3-kohaline diivan tumedate puidust jalgadega, 19936-980"},"content":{"rendered":"<h3>Bee\u017eist sametist Chesterfieldi-stiilis 3-kohaline diivan<\/h3>\n<p>\nToo oma elutuppa ajatult elegantne ja luksuslik meeleolu selle 3-kohalise bee\u017eist sametist Chesterfield diivaniga. Klassikalise Chesterfieldi stiili ja modernsete, puhaste joontega diivan \u00fchendab ajatu v\u00e4limuse ning suurep\u00e4rase istumismugavuse. Pehme 100% pol\u00fcester-sametkate, s\u00fcgavad dekoratiivn\u00f6\u00f6bid ja metalldetailidega kaunistatud \u00fcmarad k\u00e4etoed loovad t\u00f5eliselt \u0161iki \u00fcldmulje. Tumedad puidust jalad r\u00f5hutavad m\u00f6\u00f6bli p\u00f5hjamaist elegantsi ning vastupidavus lubab diivanil aastaid laitmatult teenida.<\/p>\n<ul>\n<li><strong>Materjalid:<\/strong> Vastupidav m\u00e4nnipuidust raam, kvaliteetne bee\u017e pol\u00fcester-samet, eemaldatavad pehmed seljatoepadjad.<\/li>\n<li><strong>Disain:<\/strong> T\u00fc\u00fcpilised Chesterfieldi detailid \u2013 s\u00fcgavad tepingu\u00f5mblused, robustsed tumedast puidust jalad ning eksklusiivne v\u00e4ljapeetud siluett.<\/li>\n<li><strong>Kandev\u00f5ime:<\/strong> Maksimaalselt 360 kg \u2013 ideaalselt sobilik perele v\u00f5i k\u00fclaliste v\u00f5\u00f5rustamiseks.<\/li>\n<li><strong>M\u00f5\u00f5dud:<\/strong> Laius 217 cm, s\u00fcgavus 88 cm, k\u00f5rgus 80 cm. Istme k\u00f5rgus 43 cm, istme s\u00fcgavus 64,5 cm.<\/li>\n<li><strong>Komplekt:<\/strong> Kaasas eemaldatavad ja pestavad seljatoepadjad maksimaalseks mugavuseks.<\/li>\n<li><strong>Tarne ja kokkupanek:<\/strong> Diivan tarnitakse detailidena, monteerimine on vajalik.<\/li>\n<\/ul>\n<h3>Miks valida just see bee\u017e sametist Chesterfield diivan?<\/h3>\n<ul>\n<li><strong>P\u00f5hjamaine stiil:<\/strong> Modernne, kuid klassikalise joonega diivan toonib interj\u00f6\u00f6rile valgust ja hubasust ning sobitub h\u00f5lpsasti nii moodsasse kui traditsioonilisse ruumi.<\/li>\n<li><strong>Bee\u017e sametkangas:<\/strong> Neutraalne toon muudab diivani lihtsalt kombineeritavaks teiste m\u00f6\u00f6bli ja tekstiilidega, luues valgusk\u00fcllase ning sooja \u00f5hustiku.<\/li>\n<li><strong>Kvaliteetsed materjalid:<\/strong> Tugev m\u00e4nnipuidust raam ja vastupidav pol\u00fcester-samet kangas toetavad pikaealisust ja lihtsat hooldust.<\/li>\n<\/ul>\n<h3>Bee\u017e sametist chesterfield diivan \u2013 hooldusn\u00f5uanded<\/h3>\n<ul>\n<li>Sametkangale v\u00f5ivad tekkida surve- ja l\u00e4ikelaigud, mis kuuluvad materjali erip\u00e4rade hulka. Kangas v\u00f5ib valguse langemisel m\u00f5juda erinevates toonides.<\/li>\n<li>V\u00e4ldi diivani asetamist otsese p\u00e4ikesevalguse k\u00e4tte \u2013 pol\u00fcester-samet v\u00f5ib aja jooksul pleekida.<\/li>\n<li>Puhasta regulaarselt \u00f5rna harjaga, vajadusel kasuta rullharja v\u00f5i tekstiiliharja.<\/li>\n<li>Survej\u00e4lgede eemaldamiseks kasuta aurutit v\u00f5i aurutriikrauda (auruta \u00f5rnalt, mitte otse kangale).<\/li>\n<li>Kaitse kangast enne esmast kasutust spetsiaalse tekstiilikaitsevahendiga \u2013 nii on mustust ja plekke hiljem lihtsam eemaldada.<\/li>\n<li>Plekkide korral tupsuta kohe kuivaks, v\u00e4ldi h\u00f5\u00f5rumist. Vajadusel katseta puhastusvahendit varjatud pinnal.<\/li>\n<li>Soovitame suuremad kangaspinnad puhastada vahtpesuga v\u00e4hemalt kolm korda aastas.<\/li>\n<li>Terasdetailide puhastamisel kasuta ainult niisutatud lappi ning kuivata pind p\u00f5hjalikult, et ennetada rooste teket.<\/li>\n<\/ul>\n<p>\nBee\u017e sametist Chesterfield diivan loob Sinu kodus suursuguse ja kutsuva atmosf\u00e4\u00e4ri \u2013 kvaliteet, esteetika ja funktsionaalsus on siin alati \u00fcheskoos.<\/p>\n","protected":false},"excerpt":{"rendered":"<p>Bee\u017eist sametist Chesterfieldi-stiilis 3-kohaline diivan Too oma elutuppa ajatult elegantne ja luksuslik meeleolu selle 3-kohalise bee\u017eist sametist Chesterfield diivaniga. Klassikalise Chesterfieldi stiili ja modernsete, puhaste joontega diivan \u00fchendab ajatu v\u00e4limuse ning suurep\u00e4rase istumismugavuse. Pehme 100% pol\u00fcester-sametkate, s\u00fcgavad dekoratiivn\u00f6\u00f6bid ja metalldetailidega kaunistatud \u00fcmarad k\u00e4etoed loovad t\u00f5eliselt \u0161iki \u00fcldmulje. Tumedad puidust jalad r\u00f5hutavad m\u00f6\u00f6bli p\u00f5hjamaist elegantsi ning [&hellip;]<\/p>\n","protected":false},"featured_media":228828,"comment_status":"open","ping_status":"closed","template":"","meta":[],"product_brand":[1818],"product_cat":[1588],"product_tag":[],"class_list":{"0":"post-228829","1":"product","2":"type-product","3":"status-publish","4":"has-post-thumbnail","6":"product_brand-venture-design","7":"product_cat-3-kohalised-diivanid","8":"product_shipping_class-venture-design","9":"pa_istme-materjal-mand","10":"pa_istme-materjal-poluester-samet","11":"pa_istme-materjal-metall","12":"pa_istme-varvus-beez","13":"pa_jalgade-varv-pruun","14":"pa_kangas-poluester-samet","15":"pa_kollektsioon-velvet","16":"pa_materjal-kiud","17":"pa_materjal-poluester-samet","18":"pa_materjal-mand","19":"pa_materjal-metall","20":"pa_mootmed-217-x-88","21":"pa_varv-naturaalne","22":"pa_varv-beez","24":"first","25":"instock","26":"sale","27":"taxable","28":"shipping-taxable","29":"purchasable","30":"product-type-simple"},"_links":{"self":[{"href":"https:\/\/blankpage.ee\/_ruumist-ruumi\/wp-json\/wp\/v2\/product\/228829","targetHints":{"allow":["GET"]}}],"collection":[{"href":"https:\/\/blankpage.ee\/_ruumist-ruumi\/wp-json\/wp\/v2\/product"}],"about":[{"href":"https:\/\/blankpage.ee\/_ruumist-ruumi\/wp-json\/wp\/v2\/types\/product"}],"replies":[{"embeddable":true,"href":"https:\/\/blankpage.ee\/_ruumist-ruumi\/wp-json\/wp\/v2\/comments?post=228829"}],"wp:featuredmedia":[{"embeddable":true,"href":"https:\/\/blankpage.ee\/_ruumist-ruumi\/wp-json\/wp\/v2\/media\/228828"}],"wp:attachment":[{"href":"https:\/\/blankpage.ee\/_ruumist-ruumi\/wp-json\/wp\/v2\/media?parent=228829"}],"wp:term":[{"taxonomy":"product_brand","embeddable":true,"href":"https:\/\/blankpage.ee\/_ruumist-ruumi\/wp-json\/wp\/v2\/product_brand?post=228829"},{"taxonomy":"product_cat","embeddable":true,"href":"https:\/\/blankpage.ee\/_ruumist-ruumi\/wp-json\/wp\/v2\/product_cat?post=228829"},{"taxonomy":"product_tag","embeddable":true,"href":"https:\/\/blankpage.ee\/_ruumist-ruumi\/wp-json\/wp\/v2\/product_tag?post=228829"}],"curies":[{"name":"wp","href":"https:\/\/api.w.org\/{rel}","templated":true}]}}