{"id":244215,"date":"2025-06-26T10:17:09","date_gmt":"2025-06-26T10:17:09","guid":{"rendered":"https:\/\/ruumistruumi.ee\/pood\/akaatsiapuidust-terrassilaud-chan-mustad-terasjalad-200x100-cm-1453-408\/"},"modified":"2025-08-14T21:52:10","modified_gmt":"2025-08-14T21:52:10","slug":"akaatsiapuidust-terrassilaud-chan-mustad-terasjalad-200x100-cm-1453-408","status":"publish","type":"product","link":"https:\/\/blankpage.ee\/_ruumist-ruumi\/pood\/akaatsiapuidust-terrassilaud-chan-mustad-terasjalad-200x100-cm-1453-408\/","title":{"rendered":"Akaatsiapuidust terrassilaud Chan (mustad terasjalad, 200\u00d7100 cm), 1453-408"},"content":{"rendered":"<h3>Chan akaatsiapuidust terrassilaud \u2013 kaasaegne disain ja vastupidavus Sinu v\u00e4lialale<\/h3>\n<p>Chan akaatsiapuidust terrassilaud \u00fchendab p\u00f5hjamaise disaini ning funktsionaalsed materjalid, pakkudes stiilset ja praktilist lahendust nii igap\u00e4evaseks kasutuseks kui pidulikumateks hetkedeks. See vastupidav ning pilkup\u00fc\u00fcdev terrassilaud sobib suurep\u00e4raselt Sinu aeda, terrassile v\u00f5i avarasse s\u00f6\u00f6gi- ja elutuppa.<\/p>\n<ul>\n<li><strong>Lauaplaat akaatsiapuidust:<\/strong> Naturaalne, pruuni tooniga akaatsiapuit annab lauaplaadile sooja ning robustse v\u00e4limuse. Akaatsiapuit on tuntud oma vastupidavuse ja ilmastikukindluse poolest, t\u00e4nu millele sobib see terrassilaud ideaalselt ka v\u00e4listingimustesse.<\/li>\n<li><strong>Mustad terasjalad:<\/strong> Stabiilne mustast terasest alus tagab laua pikaajalise kestvuse ja kindluse. Kergelt v\u00e4ljapoole kalduvad jalad lisavad modernset isikup\u00e4ra ning muudavad terrassilaua t\u00f5eliselt pilkup\u00fc\u00fcdvaks sisustuselemendiks.<\/li>\n<li><strong>P\u00f5hjamaine minimalistlik disain:<\/strong> Selge joone ja minimalistliku vormiga akaatsiapuidust terrassilaud sobitub h\u00f5lpsasti erinevatesse interj\u00f6\u00f6ridesse \u2013 nii v\u00e4li- kui siseruumidesse.<\/li>\n<li><strong>Sobib suurematele seltskondadele:<\/strong> Ristk\u00fclikukujulise, \u00fcmarate nurkadega laua m\u00f5\u00f5dud (200 \u00d7 100 cm) v\u00f5imaldavad mugavat einestamist kuni 6\u20138 inimesele \u2013 ideaalne suviste \u00f5htus\u00f6\u00f6kide v\u00f5i pidulike koosviibimiste jaoks.<\/li>\n<li><strong>Kerge hooldada ja kokku panna:<\/strong> Vajalik monteerimine on lihtne ning selge juhendi abil saad laua kiiresti kasutusele v\u00f5tta.<\/li>\n<\/ul>\n<h3>Tehniline info akaatsiapuidust terrassilaua kohta<\/h3>\n<ul>\n<li><strong>M\u00f5\u00f5dud:<\/strong> pikkus 200 cm, laius 100 cm, k\u00f5rgus 74 cm<\/li>\n<li><strong>Kandev\u00f5ime:<\/strong> kuni 40 kg<\/li>\n<li><strong>Kaal:<\/strong> 38 kg (neto), 44 kg (bruto)<\/li>\n<li><strong>Materjalid:<\/strong> lauaplaat \u2013 naturaalne akaatsiapuit, jalad \u2013 pulberv\u00e4rvitud teras<\/li>\n<li><strong>V\u00e4rvus:<\/strong> lauaplaat pruuni tooniga, jalad mustad<\/li>\n<\/ul>\n<h3>Akaatsiapuidust terrassilaua hooldusjuhised<\/h3>\n<ul>\n<li><strong>Akaatsiapuit:<\/strong> Tootel on tehasest tulles eelnevalt \u00f5litatud pind. Enne kasutusele v\u00f5tmist p\u00fchi \u00fcleliigne \u00f5li ja tolm kuiva lapiga. Uut terrassilauda pole vaja kohe uuesti \u00f5litada, kuid v\u00e4rske v\u00e4limuse s\u00e4ilitamiseks soovitame seda \u00f5litada aiah\u00f6\u00f6aja l\u00f5pus ja igal aastal enne suvehooaja algust. Enne \u00f5litamist puhasta pind, vajadusel lihvi peene liivapaberiga (nr 240), ning kanna \u00f5huke \u00f5likiht \u00fchtlaselt peale. V\u00e4ldi tolmu v\u00f5i mustuse sattumist \u00f5li alla, sest see v\u00f5ib p\u00f5hjustada hallitust.<\/li>\n<li><strong>Hoiustamine:<\/strong> V\u00e4ldi terrassim\u00f6\u00f6bli hoiustamist niiskes keskkonnas. Ideaalne on jahe, h\u00e4sti ventileeritud ruum, n\u00e4iteks aiakuur. V\u00e4ldi mittehingavaid katteid, mis v\u00f5ivad p\u00f5hjustada hallitust.<\/li>\n<li><strong>Terasosad:<\/strong> Hoolitse, et terasosad oleksid kuivad \u2013 vajadusel kasuta katet. Pikemaajalisel kokkupuutel niiskusega v\u00f5ib teras roostetada, mist\u00f5ttu on kaitsev viimistlus oluline. \u00c4ra kasuta terasosade puhastamisel lahusteid.<\/li>\n<li><strong>Puhastamine:<\/strong> Igap\u00e4evaseks hoolduseks piisab pehmest lapist ja leigest seebiveest. V\u00e4ldi liigset vett ning kuivata pind alati hoolikalt. Tugevamate plekkide korral kasuta puhast alkoholi ja pehmet lappi.<\/li>\n<\/ul>\n<p>Chan akaatsiapuidust terrassilaud on usaldusv\u00e4\u00e4rne ja vastupidav valik p\u00f5hjamaise stiiliga terrassile v\u00f5i aeda, pakkudes kasutusmugavust ja pilkup\u00fc\u00fcdvat disaini aastateks.<\/p>\n","protected":false},"excerpt":{"rendered":"<p>Chan akaatsiapuidust terrassilaud \u2013 kaasaegne disain ja vastupidavus Sinu v\u00e4lialale Chan akaatsiapuidust terrassilaud \u00fchendab p\u00f5hjamaise disaini ning funktsionaalsed materjalid, pakkudes stiilset ja praktilist lahendust nii igap\u00e4evaseks kasutuseks kui pidulikumateks hetkedeks. See vastupidav ning pilkup\u00fc\u00fcdev terrassilaud sobib suurep\u00e4raselt Sinu aeda, terrassile v\u00f5i avarasse s\u00f6\u00f6gi- ja elutuppa. Lauaplaat akaatsiapuidust: Naturaalne, pruuni tooniga akaatsiapuit annab lauaplaadile sooja ning [&hellip;]<\/p>\n","protected":false},"featured_media":244205,"comment_status":"open","ping_status":"closed","template":"","meta":[],"product_brand":[1818],"product_cat":[1805],"product_tag":[],"class_list":{"0":"post-244215","1":"product","2":"type-product","3":"status-publish","4":"has-post-thumbnail","6":"product_brand-venture-design","7":"product_cat-kandilised-aia-soogilauad","8":"product_shipping_class-venture-design","9":"pa_jalgade-materjal-metall","10":"pa_jalgade-varv-must","11":"pa_kollektsioon-chan","12":"pa_laua-tasapinna-materjal-akaatsia","13":"pa_laua-tasapinna-varvus-naturaalne","14":"pa_materjal-akaatsia","15":"pa_materjal-metall","16":"pa_mootmed-200-x-100","17":"pa_varv-naturaalne","18":"pa_varv-must","20":"first","21":"instock","22":"sale","23":"taxable","24":"shipping-taxable","25":"purchasable","26":"product-type-simple"},"_links":{"self":[{"href":"https:\/\/blankpage.ee\/_ruumist-ruumi\/wp-json\/wp\/v2\/product\/244215","targetHints":{"allow":["GET"]}}],"collection":[{"href":"https:\/\/blankpage.ee\/_ruumist-ruumi\/wp-json\/wp\/v2\/product"}],"about":[{"href":"https:\/\/blankpage.ee\/_ruumist-ruumi\/wp-json\/wp\/v2\/types\/product"}],"replies":[{"embeddable":true,"href":"https:\/\/blankpage.ee\/_ruumist-ruumi\/wp-json\/wp\/v2\/comments?post=244215"}],"wp:featuredmedia":[{"embeddable":true,"href":"https:\/\/blankpage.ee\/_ruumist-ruumi\/wp-json\/wp\/v2\/media\/244205"}],"wp:attachment":[{"href":"https:\/\/blankpage.ee\/_ruumist-ruumi\/wp-json\/wp\/v2\/media?parent=244215"}],"wp:term":[{"taxonomy":"product_brand","embeddable":true,"href":"https:\/\/blankpage.ee\/_ruumist-ruumi\/wp-json\/wp\/v2\/product_brand?post=244215"},{"taxonomy":"product_cat","embeddable":true,"href":"https:\/\/blankpage.ee\/_ruumist-ruumi\/wp-json\/wp\/v2\/product_cat?post=244215"},{"taxonomy":"product_tag","embeddable":true,"href":"https:\/\/blankpage.ee\/_ruumist-ruumi\/wp-json\/wp\/v2\/product_tag?post=244215"}],"curies":[{"name":"wp","href":"https:\/\/api.w.org\/{rel}","templated":true}]}}